{"id":450,"date":"2020-04-07T15:34:35","date_gmt":"2020-04-07T13:34:35","guid":{"rendered":"https:\/\/www.whiskey-and-more.de\/Shop\/?post_type=product&#038;p=450"},"modified":"2025-09-03T12:05:40","modified_gmt":"2025-09-03T10:05:40","slug":"veritas-foursquare-hampden-white-rum","status":"publish","type":"product","link":"https:\/\/www.whiskey-and-more.de\/Shop\/produkt\/veritas-foursquare-hampden-white-rum\/","title":{"rendered":"VERITAS &#8211; Foursquare &#038; Hampden White Rum"},"content":{"rendered":"<div class=\"wrapper_left\">\n<div class=\"wrapper_left\">\n<div class=\"wrapper_left\">\n<div class=\"wrapper_left\">Wei\u00dfer Rum? Aber der Veritas hat doch eine leichte F\u00e4rbung?! &#8211; Und hier kommt die Wahrheit ins Spiel: Der Veritas zeigt, wie wei\u00dfer Rum eigentlich aussieht! Beim Veritas verzichtet man auf die Filtrierung durch Aktivkohle, die daf\u00fcr sorgt, dass wei\u00dfer Rum vollst\u00e4ndig klar wird. Neben dem Verzicht auf Filtrierung wird beim Veritas auch auf die tr\u00fcgerische Zugabe von Zucker verzichtet.<br \/>\nDer Veritas ist ein Blend aus gelagerten und ungelagerten wei\u00dfen Rums aus der Foursquare und Hampden Destillery. Bei Foursquare werden traditionelle Coffey Column Stills verwendet, w\u00e4hrend man bei Hampden auf Double Retort Pot Stills zur\u00fcckgreift. Die Auswahl der Destillerien zeigt schon das man beim Veritas keine Kompromisse eingehen m\u00f6chte, nur hochqualitativer Rum findet seinen Weg in die Flasche. Ein wei\u00dfer Rum den man durchaus auch pur genie\u00dfen kann.<br \/>\nEin tadellos destillierter und blended Rum aus dem Hause Velier f\u00fcr alle aufstrebenden Cocktail-Virtuosen und Rumgenie\u00dfer.<\/div>\n<div>&#8211; nicht k\u00fchlfiltriert<\/div>\n<div>&#8211; ohne Farbstoff<\/div>\n<div>&#8211; abgef\u00fcllt in Trinkst\u00e4rke mit 47 % vol.<\/div>\n<\/div>\n<\/div>\n<\/div>\n","protected":false},"excerpt":{"rendered":"<p>Wei\u00dfer Rum? Aber der Veritas hat doch eine leichte F\u00e4rbung?! &#8211; Und hier kommt die Wahrheit ins Spiel: Der Veritas zeigt, wie wei\u00dfer Rum eigentlich aussieht! Beim Veritas verzichtet man auf die Filtrierung durch Aktivkohle, die daf\u00fcr sorgt, dass wei\u00dfer Rum vollst\u00e4ndig klar wird. Neben dem Verzicht auf Filtrierung wird beim Veritas auch auf die [&hellip;]<\/p>\n","protected":false},"featured_media":451,"comment_status":"open","ping_status":"closed","template":"","meta":[],"product_brand":[],"product_cat":[18],"product_tag":[939],"class_list":{"0":"post-450","1":"product","2":"type-product","3":"status-publish","4":"has-post-thumbnail","6":"product_cat-rum-und-rumspirituosen","7":"product_tag-veritas-foursquare-hampden-white-rum","9":"first","10":"instock","11":"taxable","12":"shipping-taxable","13":"purchasable","14":"product-type-simple"},"yoast_head":"<!-- This site is optimized with the Yoast SEO plugin v27.4 - https:\/\/yoast.com\/product\/yoast-seo-wordpress\/ -->\n<title>VERITAS - Foursquare &amp; Hampden White Rum - W&amp;M Shop<\/title>\n<meta name=\"description\" content=\"VERITAS - Foursquare &amp; Hampden White Rum bei whisk(e)y and more.de Ihr Onlineshop und Marktplatz f\u00fcr Whisky, Whiskey, Rum, Rhum, Gin und mehr. Sie finden auf whiskey-and-more.de Irish, Schottisch, American, Single Malts, Blended Whiskys bekannter und unbekannter Marken. Wir haben stets Whisky aus Schottland, Irland und der Welt, dauerhaft auf Lager.\" \/>\n<meta name=\"robots\" content=\"index, follow, max-snippet:-1, max-image-preview:large, max-video-preview:-1\" \/>\n<link rel=\"canonical\" href=\"https:\/\/www.whiskey-and-more.de\/Shop\/produkt\/veritas-foursquare-hampden-white-rum\/\" \/>\n<meta property=\"og:locale\" content=\"de_DE\" \/>\n<meta property=\"og:type\" content=\"article\" \/>\n<meta property=\"og:title\" content=\"VERITAS - Foursquare &amp; Hampden White Rum - W&amp;M Shop\" \/>\n<meta property=\"og:description\" content=\"VERITAS - Foursquare &amp; Hampden White Rum bei whisk(e)y and more.de Ihr Onlineshop und Marktplatz f\u00fcr Whisky, Whiskey, Rum, Rhum, Gin und mehr. Sie finden auf whiskey-and-more.de Irish, Schottisch, American, Single Malts, Blended Whiskys bekannter und unbekannter Marken. Wir haben stets Whisky aus Schottland, Irland und der Welt, dauerhaft auf Lager.\" \/>\n<meta property=\"og:url\" content=\"https:\/\/www.whiskey-and-more.de\/Shop\/produkt\/veritas-foursquare-hampden-white-rum\/\" \/>\n<meta property=\"og:site_name\" content=\"W&amp;M Shop\" \/>\n<meta property=\"article:publisher\" content=\"https:\/\/de-de.facebook.com\/Whiskey-and-More-Spaden-1072860722859564\/about\" \/>\n<meta property=\"article:modified_time\" content=\"2025-09-03T10:05:40+00:00\" \/>\n<meta property=\"og:image\" content=\"https:\/\/www.whiskey-and-more.de\/Shop\/wp-content\/uploads\/2020\/04\/704251_10.jpg\" \/>\n\t<meta property=\"og:image:width\" content=\"2000\" \/>\n\t<meta property=\"og:image:height\" content=\"2000\" \/>\n\t<meta property=\"og:image:type\" content=\"image\/jpeg\" \/>\n<meta name=\"twitter:card\" content=\"summary_large_image\" \/>\n<meta name=\"twitter:label1\" content=\"Gesch\u00e4tzte Lesezeit\" \/>\n\t<meta name=\"twitter:data1\" content=\"1\u00a0Minute\" \/>\n<script type=\"application\/ld+json\" class=\"yoast-schema-graph\">{\"@context\":\"https:\\\/\\\/schema.org\",\"@graph\":[{\"@type\":\"WebPage\",\"@id\":\"https:\\\/\\\/www.whiskey-and-more.de\\\/Shop\\\/produkt\\\/veritas-foursquare-hampden-white-rum\\\/\",\"url\":\"https:\\\/\\\/www.whiskey-and-more.de\\\/Shop\\\/produkt\\\/veritas-foursquare-hampden-white-rum\\\/\",\"name\":\"VERITAS - Foursquare & Hampden White Rum - W&amp;M Shop\",\"isPartOf\":{\"@id\":\"https:\\\/\\\/www.whiskey-and-more.de\\\/Shop\\\/#website\"},\"primaryImageOfPage\":{\"@id\":\"https:\\\/\\\/www.whiskey-and-more.de\\\/Shop\\\/produkt\\\/veritas-foursquare-hampden-white-rum\\\/#primaryimage\"},\"image\":{\"@id\":\"https:\\\/\\\/www.whiskey-and-more.de\\\/Shop\\\/produkt\\\/veritas-foursquare-hampden-white-rum\\\/#primaryimage\"},\"thumbnailUrl\":\"https:\\\/\\\/www.whiskey-and-more.de\\\/Shop\\\/wp-content\\\/uploads\\\/2020\\\/04\\\/704251_10.jpg\",\"datePublished\":\"2020-04-07T13:34:35+00:00\",\"dateModified\":\"2025-09-03T10:05:40+00:00\",\"description\":\"VERITAS - Foursquare & Hampden White Rum bei whisk(e)y and more.de Ihr Onlineshop und Marktplatz f\u00fcr Whisky, Whiskey, Rum, Rhum, Gin und mehr. Sie finden auf whiskey-and-more.de Irish, Schottisch, American, Single Malts, Blended Whiskys bekannter und unbekannter Marken. Wir haben stets Whisky aus Schottland, Irland und der Welt, dauerhaft auf Lager.\",\"breadcrumb\":{\"@id\":\"https:\\\/\\\/www.whiskey-and-more.de\\\/Shop\\\/produkt\\\/veritas-foursquare-hampden-white-rum\\\/#breadcrumb\"},\"inLanguage\":\"de\",\"potentialAction\":[{\"@type\":\"ReadAction\",\"target\":[\"https:\\\/\\\/www.whiskey-and-more.de\\\/Shop\\\/produkt\\\/veritas-foursquare-hampden-white-rum\\\/\"]}]},{\"@type\":\"ImageObject\",\"inLanguage\":\"de\",\"@id\":\"https:\\\/\\\/www.whiskey-and-more.de\\\/Shop\\\/produkt\\\/veritas-foursquare-hampden-white-rum\\\/#primaryimage\",\"url\":\"https:\\\/\\\/www.whiskey-and-more.de\\\/Shop\\\/wp-content\\\/uploads\\\/2020\\\/04\\\/704251_10.jpg\",\"contentUrl\":\"https:\\\/\\\/www.whiskey-and-more.de\\\/Shop\\\/wp-content\\\/uploads\\\/2020\\\/04\\\/704251_10.jpg\",\"width\":2000,\"height\":2000},{\"@type\":\"BreadcrumbList\",\"@id\":\"https:\\\/\\\/www.whiskey-and-more.de\\\/Shop\\\/produkt\\\/veritas-foursquare-hampden-white-rum\\\/#breadcrumb\",\"itemListElement\":[{\"@type\":\"ListItem\",\"position\":1,\"name\":\"Startseite\",\"item\":\"https:\\\/\\\/www.whiskey-and-more.de\\\/Shop\\\/\"},{\"@type\":\"ListItem\",\"position\":2,\"name\":\"Home\",\"item\":\"https:\\\/\\\/www.whiskey-and-more.de\\\/Shop\\\/shop\\\/\"},{\"@type\":\"ListItem\",\"position\":3,\"name\":\"Rum\\\/Rumspirituosen\",\"item\":\"https:\\\/\\\/www.whiskey-and-more.de\\\/Shop\\\/produkt-kategorie\\\/rum-und-rumspirituosen\\\/\"},{\"@type\":\"ListItem\",\"position\":4,\"name\":\"VERITAS &#8211; Foursquare &#038; Hampden White Rum\"}]},{\"@type\":\"WebSite\",\"@id\":\"https:\\\/\\\/www.whiskey-and-more.de\\\/Shop\\\/#website\",\"url\":\"https:\\\/\\\/www.whiskey-and-more.de\\\/Shop\\\/\",\"name\":\"W&amp;M Shop\",\"description\":\"Der Online Shop von Whisk(e)y and More. Online Marktplatz f\u00fcr Whiskey, Whisky und mehr.\",\"publisher\":{\"@id\":\"https:\\\/\\\/www.whiskey-and-more.de\\\/Shop\\\/#organization\"},\"potentialAction\":[{\"@type\":\"SearchAction\",\"target\":{\"@type\":\"EntryPoint\",\"urlTemplate\":\"https:\\\/\\\/www.whiskey-and-more.de\\\/Shop\\\/?s={search_term_string}\"},\"query-input\":{\"@type\":\"PropertyValueSpecification\",\"valueRequired\":true,\"valueName\":\"search_term_string\"}}],\"inLanguage\":\"de\"},{\"@type\":\"Organization\",\"@id\":\"https:\\\/\\\/www.whiskey-and-more.de\\\/Shop\\\/#organization\",\"name\":\"Whisk(e)y and More\",\"url\":\"https:\\\/\\\/www.whiskey-and-more.de\\\/Shop\\\/\",\"logo\":{\"@type\":\"ImageObject\",\"inLanguage\":\"de\",\"@id\":\"https:\\\/\\\/www.whiskey-and-more.de\\\/Shop\\\/#\\\/schema\\\/logo\\\/image\\\/\",\"url\":\"https:\\\/\\\/www.whiskey-and-more.de\\\/Shop\\\/wp-content\\\/uploads\\\/2020\\\/03\\\/Logo2.jpg\",\"contentUrl\":\"https:\\\/\\\/www.whiskey-and-more.de\\\/Shop\\\/wp-content\\\/uploads\\\/2020\\\/03\\\/Logo2.jpg\",\"width\":470,\"height\":110,\"caption\":\"Whisk(e)y and More\"},\"image\":{\"@id\":\"https:\\\/\\\/www.whiskey-and-more.de\\\/Shop\\\/#\\\/schema\\\/logo\\\/image\\\/\"},\"sameAs\":[\"https:\\\/\\\/de-de.facebook.com\\\/Whiskey-and-More-Spaden-1072860722859564\\\/about\"]}]}<\/script>\n<!-- \/ Yoast SEO plugin. -->","yoast_head_json":{"title":"VERITAS - Foursquare & Hampden White Rum - W&amp;M Shop","description":"VERITAS - Foursquare & Hampden White Rum bei whisk(e)y and more.de Ihr Onlineshop und Marktplatz f\u00fcr Whisky, Whiskey, Rum, Rhum, Gin und mehr. Sie finden auf whiskey-and-more.de Irish, Schottisch, American, Single Malts, Blended Whiskys bekannter und unbekannter Marken. Wir haben stets Whisky aus Schottland, Irland und der Welt, dauerhaft auf Lager.","robots":{"index":"index","follow":"follow","max-snippet":"max-snippet:-1","max-image-preview":"max-image-preview:large","max-video-preview":"max-video-preview:-1"},"canonical":"https:\/\/www.whiskey-and-more.de\/Shop\/produkt\/veritas-foursquare-hampden-white-rum\/","og_locale":"de_DE","og_type":"article","og_title":"VERITAS - Foursquare & Hampden White Rum - W&amp;M Shop","og_description":"VERITAS - Foursquare & Hampden White Rum bei whisk(e)y and more.de Ihr Onlineshop und Marktplatz f\u00fcr Whisky, Whiskey, Rum, Rhum, Gin und mehr. Sie finden auf whiskey-and-more.de Irish, Schottisch, American, Single Malts, Blended Whiskys bekannter und unbekannter Marken. Wir haben stets Whisky aus Schottland, Irland und der Welt, dauerhaft auf Lager.","og_url":"https:\/\/www.whiskey-and-more.de\/Shop\/produkt\/veritas-foursquare-hampden-white-rum\/","og_site_name":"W&amp;M Shop","article_publisher":"https:\/\/de-de.facebook.com\/Whiskey-and-More-Spaden-1072860722859564\/about","article_modified_time":"2025-09-03T10:05:40+00:00","og_image":[{"width":2000,"height":2000,"url":"https:\/\/www.whiskey-and-more.de\/Shop\/wp-content\/uploads\/2020\/04\/704251_10.jpg","type":"image\/jpeg"}],"twitter_card":"summary_large_image","twitter_misc":{"Gesch\u00e4tzte Lesezeit":"1\u00a0Minute"},"schema":{"@context":"https:\/\/schema.org","@graph":[{"@type":"WebPage","@id":"https:\/\/www.whiskey-and-more.de\/Shop\/produkt\/veritas-foursquare-hampden-white-rum\/","url":"https:\/\/www.whiskey-and-more.de\/Shop\/produkt\/veritas-foursquare-hampden-white-rum\/","name":"VERITAS - Foursquare & Hampden White Rum - W&amp;M Shop","isPartOf":{"@id":"https:\/\/www.whiskey-and-more.de\/Shop\/#website"},"primaryImageOfPage":{"@id":"https:\/\/www.whiskey-and-more.de\/Shop\/produkt\/veritas-foursquare-hampden-white-rum\/#primaryimage"},"image":{"@id":"https:\/\/www.whiskey-and-more.de\/Shop\/produkt\/veritas-foursquare-hampden-white-rum\/#primaryimage"},"thumbnailUrl":"https:\/\/www.whiskey-and-more.de\/Shop\/wp-content\/uploads\/2020\/04\/704251_10.jpg","datePublished":"2020-04-07T13:34:35+00:00","dateModified":"2025-09-03T10:05:40+00:00","description":"VERITAS - Foursquare & Hampden White Rum bei whisk(e)y and more.de Ihr Onlineshop und Marktplatz f\u00fcr Whisky, Whiskey, Rum, Rhum, Gin und mehr. Sie finden auf whiskey-and-more.de Irish, Schottisch, American, Single Malts, Blended Whiskys bekannter und unbekannter Marken. Wir haben stets Whisky aus Schottland, Irland und der Welt, dauerhaft auf Lager.","breadcrumb":{"@id":"https:\/\/www.whiskey-and-more.de\/Shop\/produkt\/veritas-foursquare-hampden-white-rum\/#breadcrumb"},"inLanguage":"de","potentialAction":[{"@type":"ReadAction","target":["https:\/\/www.whiskey-and-more.de\/Shop\/produkt\/veritas-foursquare-hampden-white-rum\/"]}]},{"@type":"ImageObject","inLanguage":"de","@id":"https:\/\/www.whiskey-and-more.de\/Shop\/produkt\/veritas-foursquare-hampden-white-rum\/#primaryimage","url":"https:\/\/www.whiskey-and-more.de\/Shop\/wp-content\/uploads\/2020\/04\/704251_10.jpg","contentUrl":"https:\/\/www.whiskey-and-more.de\/Shop\/wp-content\/uploads\/2020\/04\/704251_10.jpg","width":2000,"height":2000},{"@type":"BreadcrumbList","@id":"https:\/\/www.whiskey-and-more.de\/Shop\/produkt\/veritas-foursquare-hampden-white-rum\/#breadcrumb","itemListElement":[{"@type":"ListItem","position":1,"name":"Startseite","item":"https:\/\/www.whiskey-and-more.de\/Shop\/"},{"@type":"ListItem","position":2,"name":"Home","item":"https:\/\/www.whiskey-and-more.de\/Shop\/shop\/"},{"@type":"ListItem","position":3,"name":"Rum\/Rumspirituosen","item":"https:\/\/www.whiskey-and-more.de\/Shop\/produkt-kategorie\/rum-und-rumspirituosen\/"},{"@type":"ListItem","position":4,"name":"VERITAS &#8211; Foursquare &#038; Hampden White Rum"}]},{"@type":"WebSite","@id":"https:\/\/www.whiskey-and-more.de\/Shop\/#website","url":"https:\/\/www.whiskey-and-more.de\/Shop\/","name":"W&amp;M Shop","description":"Der Online Shop von Whisk(e)y and More. Online Marktplatz f\u00fcr Whiskey, Whisky und mehr.","publisher":{"@id":"https:\/\/www.whiskey-and-more.de\/Shop\/#organization"},"potentialAction":[{"@type":"SearchAction","target":{"@type":"EntryPoint","urlTemplate":"https:\/\/www.whiskey-and-more.de\/Shop\/?s={search_term_string}"},"query-input":{"@type":"PropertyValueSpecification","valueRequired":true,"valueName":"search_term_string"}}],"inLanguage":"de"},{"@type":"Organization","@id":"https:\/\/www.whiskey-and-more.de\/Shop\/#organization","name":"Whisk(e)y and More","url":"https:\/\/www.whiskey-and-more.de\/Shop\/","logo":{"@type":"ImageObject","inLanguage":"de","@id":"https:\/\/www.whiskey-and-more.de\/Shop\/#\/schema\/logo\/image\/","url":"https:\/\/www.whiskey-and-more.de\/Shop\/wp-content\/uploads\/2020\/03\/Logo2.jpg","contentUrl":"https:\/\/www.whiskey-and-more.de\/Shop\/wp-content\/uploads\/2020\/03\/Logo2.jpg","width":470,"height":110,"caption":"Whisk(e)y and More"},"image":{"@id":"https:\/\/www.whiskey-and-more.de\/Shop\/#\/schema\/logo\/image\/"},"sameAs":["https:\/\/de-de.facebook.com\/Whiskey-and-More-Spaden-1072860722859564\/about"]}]}},"jetpack_sharing_enabled":true,"_links":{"self":[{"href":"https:\/\/www.whiskey-and-more.de\/Shop\/wp-json\/wp\/v2\/product\/450","targetHints":{"allow":["GET"]}}],"collection":[{"href":"https:\/\/www.whiskey-and-more.de\/Shop\/wp-json\/wp\/v2\/product"}],"about":[{"href":"https:\/\/www.whiskey-and-more.de\/Shop\/wp-json\/wp\/v2\/types\/product"}],"replies":[{"embeddable":true,"href":"https:\/\/www.whiskey-and-more.de\/Shop\/wp-json\/wp\/v2\/comments?post=450"}],"wp:featuredmedia":[{"embeddable":true,"href":"https:\/\/www.whiskey-and-more.de\/Shop\/wp-json\/wp\/v2\/media\/451"}],"wp:attachment":[{"href":"https:\/\/www.whiskey-and-more.de\/Shop\/wp-json\/wp\/v2\/media?parent=450"}],"wp:term":[{"taxonomy":"product_brand","embeddable":true,"href":"https:\/\/www.whiskey-and-more.de\/Shop\/wp-json\/wp\/v2\/product_brand?post=450"},{"taxonomy":"product_cat","embeddable":true,"href":"https:\/\/www.whiskey-and-more.de\/Shop\/wp-json\/wp\/v2\/product_cat?post=450"},{"taxonomy":"product_tag","embeddable":true,"href":"https:\/\/www.whiskey-and-more.de\/Shop\/wp-json\/wp\/v2\/product_tag?post=450"}],"curies":[{"name":"wp","href":"https:\/\/api.w.org\/{rel}","templated":true}]}}