{"id":4713,"date":"2022-11-02T15:00:34","date_gmt":"2022-11-02T14:00:34","guid":{"rendered":"https:\/\/www.whiskey-and-more.de\/Shop\/?post_type=product&#038;p=4713"},"modified":"2024-07-03T10:42:01","modified_gmt":"2024-07-03T08:42:01","slug":"1770-glasgow-limited-edition-release-tokaji-wine-barrique-finish","status":"publish","type":"product","link":"https:\/\/www.whiskey-and-more.de\/Shop\/produkt\/1770-glasgow-limited-edition-release-tokaji-wine-barrique-finish\/","title":{"rendered":"1770 Glasgow &#8211; Limited Edition Release &#8211; Tokaji Wine Barrique Finish"},"content":{"rendered":"<p>&#8211; Single Malt Scotch aus Glasgow<br \/>\n&#8211; abgef\u00fcllt in Fassst\u00e4rke mit 59,3 % vol.<br \/>\n&#8211; Gereift in First Fill Bourbon Cask, Tokaji Wine Barrique Finish<br \/>\n&#8211; Dest. 12.05.2016 &#8211; Abgef. 25.08.2022<br \/>\n&#8211; Kirsch Import Germany Exclusive &#8211; 274 Flaschen<br \/>\n&#8211; nicht k\u00fchlgefiltert<br \/>\n&#8211; nicht gef\u00e4rbt<\/p>\n<p>Mit der Gr\u00fcndung der Glasgow Distillery zog 2014 <strong>nach mehr als 100 Jahren <\/strong>wieder eine Whiskybrennerei in die schottische Hafenstadt ein. Heute ist die Glasgow Distillery eine von wenigen urbanen Brennereien Schottlands, die sich der Herstellung von Single Malt Whisky widmen. Und zwar <strong>unabh\u00e4ngig, innovativ, mit f\u00fcnf kupfernen Pot Stills aus deutscher Herstellung und feinster schottischer Gerste.<\/strong><\/p>\n<p>Dass es ihr nachhaltig gelingt, ein neues Whiskykapitel in die Geschichte ihrer Heimatstadt zu brennen, beweist die Glasgow Distillery mit einer <strong>abwechslungsreichen und vielfach ausgezeichneten Core Range<\/strong> ebenso wie mit komplexen Single Casks. <strong>Ger\u00e4ucherte Vanille, getrocknete Aprikosen, Espresso und \u00fcppige, ger\u00f6stete Gew\u00fcrze<\/strong> hat etwa das <strong>Glasgow 1770 Limited Edition Release mit Tokaji Finish<\/strong> zu bieten. Daf\u00fcr wurde die Exklusivabf\u00fcllung in Tokajer-F\u00e4ssern veredelt. Der<strong> traditionsreiche S\u00fc\u00dfwein aus hellen Trauben<\/strong> stammt aus Ungarn und der Slowakei.<\/p>\n","protected":false},"excerpt":{"rendered":"<p>Single Malt Scotch aus Glasgow<\/p>\n","protected":false},"featured_media":4714,"comment_status":"open","ping_status":"closed","template":"","meta":[],"product_brand":[],"product_cat":[41,36],"product_tag":[1210,98,99,69],"class_list":{"0":"post-4713","1":"product","2":"type-product","3":"status-publish","4":"has-post-thumbnail","6":"product_cat-schottland","7":"product_cat-whiskey_whisky","8":"product_tag-1770-glasgow-limited-edition-release-tokaji-wine-barrique-finish","9":"product_tag-nicht-gefaerbt","10":"product_tag-nicht-kuehlgefiltert","11":"product_tag-originalabfuellung","13":"first","14":"instock","15":"taxable","16":"shipping-taxable","17":"purchasable","18":"product-type-simple"},"yoast_head":"<!-- This site is optimized with the Yoast SEO plugin v27.3 - https:\/\/yoast.com\/product\/yoast-seo-wordpress\/ -->\n<title>1770 Glasgow - Limited Edition Release - Tokaji Wine Barrique Finish - W&amp;M Shop<\/title>\n<meta name=\"description\" content=\"1770 Glasgow - Limited Edition Release - Tokaji Wine Barrique Finish bei Whisk(e)y and more.de Ihr Onlineshop und Marktplatz f\u00fcr Whisky, Whiskey, Rum, Rhum, Gin und mehr. Sie finden auf whiskey-and-more.de Irish, Schottisch, American, Single Malts, Blended Whiskys bekannter und unbekannter Marken. Wir haben stets Whisky aus Schottland, Irland und der Welt, dauerhaft auf Lager.\" \/>\n<meta name=\"robots\" content=\"index, follow, max-snippet:-1, max-image-preview:large, max-video-preview:-1\" \/>\n<link rel=\"canonical\" href=\"https:\/\/www.whiskey-and-more.de\/Shop\/produkt\/1770-glasgow-limited-edition-release-tokaji-wine-barrique-finish\/\" \/>\n<meta property=\"og:locale\" content=\"de_DE\" \/>\n<meta property=\"og:type\" content=\"article\" \/>\n<meta property=\"og:title\" content=\"1770 Glasgow - Limited Edition Release - Tokaji Wine Barrique Finish - W&amp;M Shop\" \/>\n<meta property=\"og:description\" content=\"1770 Glasgow - Limited Edition Release - Tokaji Wine Barrique Finish bei Whisk(e)y and more.de Ihr Onlineshop und Marktplatz f\u00fcr Whisky, Whiskey, Rum, Rhum, Gin und mehr. Sie finden auf whiskey-and-more.de Irish, Schottisch, American, Single Malts, Blended Whiskys bekannter und unbekannter Marken. Wir haben stets Whisky aus Schottland, Irland und der Welt, dauerhaft auf Lager.\" \/>\n<meta property=\"og:url\" content=\"https:\/\/www.whiskey-and-more.de\/Shop\/produkt\/1770-glasgow-limited-edition-release-tokaji-wine-barrique-finish\/\" \/>\n<meta property=\"og:site_name\" content=\"W&amp;M Shop\" \/>\n<meta property=\"article:publisher\" content=\"https:\/\/de-de.facebook.com\/Whiskey-and-More-Spaden-1072860722859564\/about\" \/>\n<meta property=\"article:modified_time\" content=\"2024-07-03T08:42:01+00:00\" \/>\n<meta property=\"og:image\" content=\"https:\/\/www.whiskey-and-more.de\/Shop\/wp-content\/uploads\/2022\/11\/Glasgow-1770-Limited-Edition-Release-Tokaji-Finish.jpg\" \/>\n\t<meta property=\"og:image:width\" content=\"740\" \/>\n\t<meta property=\"og:image:height\" content=\"740\" \/>\n\t<meta property=\"og:image:type\" content=\"image\/jpeg\" \/>\n<meta name=\"twitter:card\" content=\"summary_large_image\" \/>\n<meta name=\"twitter:label1\" content=\"Gesch\u00e4tzte Lesezeit\" \/>\n\t<meta name=\"twitter:data1\" content=\"1\u00a0Minute\" \/>\n<script type=\"application\/ld+json\" class=\"yoast-schema-graph\">{\"@context\":\"https:\\\/\\\/schema.org\",\"@graph\":[{\"@type\":\"WebPage\",\"@id\":\"https:\\\/\\\/www.whiskey-and-more.de\\\/Shop\\\/produkt\\\/1770-glasgow-limited-edition-release-tokaji-wine-barrique-finish\\\/\",\"url\":\"https:\\\/\\\/www.whiskey-and-more.de\\\/Shop\\\/produkt\\\/1770-glasgow-limited-edition-release-tokaji-wine-barrique-finish\\\/\",\"name\":\"1770 Glasgow - Limited Edition Release - Tokaji Wine Barrique Finish - W&amp;M Shop\",\"isPartOf\":{\"@id\":\"https:\\\/\\\/www.whiskey-and-more.de\\\/Shop\\\/#website\"},\"primaryImageOfPage\":{\"@id\":\"https:\\\/\\\/www.whiskey-and-more.de\\\/Shop\\\/produkt\\\/1770-glasgow-limited-edition-release-tokaji-wine-barrique-finish\\\/#primaryimage\"},\"image\":{\"@id\":\"https:\\\/\\\/www.whiskey-and-more.de\\\/Shop\\\/produkt\\\/1770-glasgow-limited-edition-release-tokaji-wine-barrique-finish\\\/#primaryimage\"},\"thumbnailUrl\":\"https:\\\/\\\/www.whiskey-and-more.de\\\/Shop\\\/wp-content\\\/uploads\\\/2022\\\/11\\\/Glasgow-1770-Limited-Edition-Release-Tokaji-Finish.jpg\",\"datePublished\":\"2022-11-02T14:00:34+00:00\",\"dateModified\":\"2024-07-03T08:42:01+00:00\",\"description\":\"1770 Glasgow - Limited Edition Release - Tokaji Wine Barrique Finish bei Whisk(e)y and more.de Ihr Onlineshop und Marktplatz f\u00fcr Whisky, Whiskey, Rum, Rhum, Gin und mehr. Sie finden auf whiskey-and-more.de Irish, Schottisch, American, Single Malts, Blended Whiskys bekannter und unbekannter Marken. Wir haben stets Whisky aus Schottland, Irland und der Welt, dauerhaft auf Lager.\",\"breadcrumb\":{\"@id\":\"https:\\\/\\\/www.whiskey-and-more.de\\\/Shop\\\/produkt\\\/1770-glasgow-limited-edition-release-tokaji-wine-barrique-finish\\\/#breadcrumb\"},\"inLanguage\":\"de\",\"potentialAction\":[{\"@type\":\"ReadAction\",\"target\":[\"https:\\\/\\\/www.whiskey-and-more.de\\\/Shop\\\/produkt\\\/1770-glasgow-limited-edition-release-tokaji-wine-barrique-finish\\\/\"]}]},{\"@type\":\"ImageObject\",\"inLanguage\":\"de\",\"@id\":\"https:\\\/\\\/www.whiskey-and-more.de\\\/Shop\\\/produkt\\\/1770-glasgow-limited-edition-release-tokaji-wine-barrique-finish\\\/#primaryimage\",\"url\":\"https:\\\/\\\/www.whiskey-and-more.de\\\/Shop\\\/wp-content\\\/uploads\\\/2022\\\/11\\\/Glasgow-1770-Limited-Edition-Release-Tokaji-Finish.jpg\",\"contentUrl\":\"https:\\\/\\\/www.whiskey-and-more.de\\\/Shop\\\/wp-content\\\/uploads\\\/2022\\\/11\\\/Glasgow-1770-Limited-Edition-Release-Tokaji-Finish.jpg\",\"width\":\"740\",\"height\":\"740\",\"caption\":\"Glasgow 1770 Limited Edition Release Tokaji Finish\"},{\"@type\":\"BreadcrumbList\",\"@id\":\"https:\\\/\\\/www.whiskey-and-more.de\\\/Shop\\\/produkt\\\/1770-glasgow-limited-edition-release-tokaji-wine-barrique-finish\\\/#breadcrumb\",\"itemListElement\":[{\"@type\":\"ListItem\",\"position\":1,\"name\":\"Startseite\",\"item\":\"https:\\\/\\\/www.whiskey-and-more.de\\\/Shop\\\/\"},{\"@type\":\"ListItem\",\"position\":2,\"name\":\"Home\",\"item\":\"https:\\\/\\\/www.whiskey-and-more.de\\\/Shop\\\/shop\\\/\"},{\"@type\":\"ListItem\",\"position\":3,\"name\":\"Whisk(e)y\",\"item\":\"https:\\\/\\\/www.whiskey-and-more.de\\\/Shop\\\/produkt-kategorie\\\/whiskey_whisky\\\/\"},{\"@type\":\"ListItem\",\"position\":4,\"name\":\"1770 Glasgow &#8211; Limited Edition Release &#8211; Tokaji Wine Barrique Finish\"}]},{\"@type\":\"WebSite\",\"@id\":\"https:\\\/\\\/www.whiskey-and-more.de\\\/Shop\\\/#website\",\"url\":\"https:\\\/\\\/www.whiskey-and-more.de\\\/Shop\\\/\",\"name\":\"W&amp;M Shop\",\"description\":\"Der Online Shop von Whisk(e)y and More. Online Marktplatz f\u00fcr Whiskey, Whisky und mehr.\",\"publisher\":{\"@id\":\"https:\\\/\\\/www.whiskey-and-more.de\\\/Shop\\\/#organization\"},\"potentialAction\":[{\"@type\":\"SearchAction\",\"target\":{\"@type\":\"EntryPoint\",\"urlTemplate\":\"https:\\\/\\\/www.whiskey-and-more.de\\\/Shop\\\/?s={search_term_string}\"},\"query-input\":{\"@type\":\"PropertyValueSpecification\",\"valueRequired\":true,\"valueName\":\"search_term_string\"}}],\"inLanguage\":\"de\"},{\"@type\":\"Organization\",\"@id\":\"https:\\\/\\\/www.whiskey-and-more.de\\\/Shop\\\/#organization\",\"name\":\"Whisk(e)y and More\",\"url\":\"https:\\\/\\\/www.whiskey-and-more.de\\\/Shop\\\/\",\"logo\":{\"@type\":\"ImageObject\",\"inLanguage\":\"de\",\"@id\":\"https:\\\/\\\/www.whiskey-and-more.de\\\/Shop\\\/#\\\/schema\\\/logo\\\/image\\\/\",\"url\":\"https:\\\/\\\/www.whiskey-and-more.de\\\/Shop\\\/wp-content\\\/uploads\\\/2020\\\/03\\\/Logo2.jpg\",\"contentUrl\":\"https:\\\/\\\/www.whiskey-and-more.de\\\/Shop\\\/wp-content\\\/uploads\\\/2020\\\/03\\\/Logo2.jpg\",\"width\":470,\"height\":110,\"caption\":\"Whisk(e)y and More\"},\"image\":{\"@id\":\"https:\\\/\\\/www.whiskey-and-more.de\\\/Shop\\\/#\\\/schema\\\/logo\\\/image\\\/\"},\"sameAs\":[\"https:\\\/\\\/de-de.facebook.com\\\/Whiskey-and-More-Spaden-1072860722859564\\\/about\"]}]}<\/script>\n<!-- \/ Yoast SEO plugin. -->","yoast_head_json":{"title":"1770 Glasgow - Limited Edition Release - Tokaji Wine Barrique Finish - W&amp;M Shop","description":"1770 Glasgow - Limited Edition Release - Tokaji Wine Barrique Finish bei Whisk(e)y and more.de Ihr Onlineshop und Marktplatz f\u00fcr Whisky, Whiskey, Rum, Rhum, Gin und mehr. Sie finden auf whiskey-and-more.de Irish, Schottisch, American, Single Malts, Blended Whiskys bekannter und unbekannter Marken. Wir haben stets Whisky aus Schottland, Irland und der Welt, dauerhaft auf Lager.","robots":{"index":"index","follow":"follow","max-snippet":"max-snippet:-1","max-image-preview":"max-image-preview:large","max-video-preview":"max-video-preview:-1"},"canonical":"https:\/\/www.whiskey-and-more.de\/Shop\/produkt\/1770-glasgow-limited-edition-release-tokaji-wine-barrique-finish\/","og_locale":"de_DE","og_type":"article","og_title":"1770 Glasgow - Limited Edition Release - Tokaji Wine Barrique Finish - W&amp;M Shop","og_description":"1770 Glasgow - Limited Edition Release - Tokaji Wine Barrique Finish bei Whisk(e)y and more.de Ihr Onlineshop und Marktplatz f\u00fcr Whisky, Whiskey, Rum, Rhum, Gin und mehr. Sie finden auf whiskey-and-more.de Irish, Schottisch, American, Single Malts, Blended Whiskys bekannter und unbekannter Marken. Wir haben stets Whisky aus Schottland, Irland und der Welt, dauerhaft auf Lager.","og_url":"https:\/\/www.whiskey-and-more.de\/Shop\/produkt\/1770-glasgow-limited-edition-release-tokaji-wine-barrique-finish\/","og_site_name":"W&amp;M Shop","article_publisher":"https:\/\/de-de.facebook.com\/Whiskey-and-More-Spaden-1072860722859564\/about","article_modified_time":"2024-07-03T08:42:01+00:00","og_image":[{"width":740,"height":740,"url":"https:\/\/www.whiskey-and-more.de\/Shop\/wp-content\/uploads\/2022\/11\/Glasgow-1770-Limited-Edition-Release-Tokaji-Finish.jpg","type":"image\/jpeg"}],"twitter_card":"summary_large_image","twitter_misc":{"Gesch\u00e4tzte Lesezeit":"1\u00a0Minute"},"schema":{"@context":"https:\/\/schema.org","@graph":[{"@type":"WebPage","@id":"https:\/\/www.whiskey-and-more.de\/Shop\/produkt\/1770-glasgow-limited-edition-release-tokaji-wine-barrique-finish\/","url":"https:\/\/www.whiskey-and-more.de\/Shop\/produkt\/1770-glasgow-limited-edition-release-tokaji-wine-barrique-finish\/","name":"1770 Glasgow - Limited Edition Release - Tokaji Wine Barrique Finish - W&amp;M Shop","isPartOf":{"@id":"https:\/\/www.whiskey-and-more.de\/Shop\/#website"},"primaryImageOfPage":{"@id":"https:\/\/www.whiskey-and-more.de\/Shop\/produkt\/1770-glasgow-limited-edition-release-tokaji-wine-barrique-finish\/#primaryimage"},"image":{"@id":"https:\/\/www.whiskey-and-more.de\/Shop\/produkt\/1770-glasgow-limited-edition-release-tokaji-wine-barrique-finish\/#primaryimage"},"thumbnailUrl":"https:\/\/www.whiskey-and-more.de\/Shop\/wp-content\/uploads\/2022\/11\/Glasgow-1770-Limited-Edition-Release-Tokaji-Finish.jpg","datePublished":"2022-11-02T14:00:34+00:00","dateModified":"2024-07-03T08:42:01+00:00","description":"1770 Glasgow - Limited Edition Release - Tokaji Wine Barrique Finish bei Whisk(e)y and more.de Ihr Onlineshop und Marktplatz f\u00fcr Whisky, Whiskey, Rum, Rhum, Gin und mehr. Sie finden auf whiskey-and-more.de Irish, Schottisch, American, Single Malts, Blended Whiskys bekannter und unbekannter Marken. Wir haben stets Whisky aus Schottland, Irland und der Welt, dauerhaft auf Lager.","breadcrumb":{"@id":"https:\/\/www.whiskey-and-more.de\/Shop\/produkt\/1770-glasgow-limited-edition-release-tokaji-wine-barrique-finish\/#breadcrumb"},"inLanguage":"de","potentialAction":[{"@type":"ReadAction","target":["https:\/\/www.whiskey-and-more.de\/Shop\/produkt\/1770-glasgow-limited-edition-release-tokaji-wine-barrique-finish\/"]}]},{"@type":"ImageObject","inLanguage":"de","@id":"https:\/\/www.whiskey-and-more.de\/Shop\/produkt\/1770-glasgow-limited-edition-release-tokaji-wine-barrique-finish\/#primaryimage","url":"https:\/\/www.whiskey-and-more.de\/Shop\/wp-content\/uploads\/2022\/11\/Glasgow-1770-Limited-Edition-Release-Tokaji-Finish.jpg","contentUrl":"https:\/\/www.whiskey-and-more.de\/Shop\/wp-content\/uploads\/2022\/11\/Glasgow-1770-Limited-Edition-Release-Tokaji-Finish.jpg","width":"740","height":"740","caption":"Glasgow 1770 Limited Edition Release Tokaji Finish"},{"@type":"BreadcrumbList","@id":"https:\/\/www.whiskey-and-more.de\/Shop\/produkt\/1770-glasgow-limited-edition-release-tokaji-wine-barrique-finish\/#breadcrumb","itemListElement":[{"@type":"ListItem","position":1,"name":"Startseite","item":"https:\/\/www.whiskey-and-more.de\/Shop\/"},{"@type":"ListItem","position":2,"name":"Home","item":"https:\/\/www.whiskey-and-more.de\/Shop\/shop\/"},{"@type":"ListItem","position":3,"name":"Whisk(e)y","item":"https:\/\/www.whiskey-and-more.de\/Shop\/produkt-kategorie\/whiskey_whisky\/"},{"@type":"ListItem","position":4,"name":"1770 Glasgow &#8211; Limited Edition Release &#8211; Tokaji Wine Barrique Finish"}]},{"@type":"WebSite","@id":"https:\/\/www.whiskey-and-more.de\/Shop\/#website","url":"https:\/\/www.whiskey-and-more.de\/Shop\/","name":"W&amp;M Shop","description":"Der Online Shop von Whisk(e)y and More. Online Marktplatz f\u00fcr Whiskey, Whisky und mehr.","publisher":{"@id":"https:\/\/www.whiskey-and-more.de\/Shop\/#organization"},"potentialAction":[{"@type":"SearchAction","target":{"@type":"EntryPoint","urlTemplate":"https:\/\/www.whiskey-and-more.de\/Shop\/?s={search_term_string}"},"query-input":{"@type":"PropertyValueSpecification","valueRequired":true,"valueName":"search_term_string"}}],"inLanguage":"de"},{"@type":"Organization","@id":"https:\/\/www.whiskey-and-more.de\/Shop\/#organization","name":"Whisk(e)y and More","url":"https:\/\/www.whiskey-and-more.de\/Shop\/","logo":{"@type":"ImageObject","inLanguage":"de","@id":"https:\/\/www.whiskey-and-more.de\/Shop\/#\/schema\/logo\/image\/","url":"https:\/\/www.whiskey-and-more.de\/Shop\/wp-content\/uploads\/2020\/03\/Logo2.jpg","contentUrl":"https:\/\/www.whiskey-and-more.de\/Shop\/wp-content\/uploads\/2020\/03\/Logo2.jpg","width":470,"height":110,"caption":"Whisk(e)y and More"},"image":{"@id":"https:\/\/www.whiskey-and-more.de\/Shop\/#\/schema\/logo\/image\/"},"sameAs":["https:\/\/de-de.facebook.com\/Whiskey-and-More-Spaden-1072860722859564\/about"]}]}},"jetpack_sharing_enabled":true,"_links":{"self":[{"href":"https:\/\/www.whiskey-and-more.de\/Shop\/wp-json\/wp\/v2\/product\/4713","targetHints":{"allow":["GET"]}}],"collection":[{"href":"https:\/\/www.whiskey-and-more.de\/Shop\/wp-json\/wp\/v2\/product"}],"about":[{"href":"https:\/\/www.whiskey-and-more.de\/Shop\/wp-json\/wp\/v2\/types\/product"}],"replies":[{"embeddable":true,"href":"https:\/\/www.whiskey-and-more.de\/Shop\/wp-json\/wp\/v2\/comments?post=4713"}],"wp:featuredmedia":[{"embeddable":true,"href":"https:\/\/www.whiskey-and-more.de\/Shop\/wp-json\/wp\/v2\/media\/4714"}],"wp:attachment":[{"href":"https:\/\/www.whiskey-and-more.de\/Shop\/wp-json\/wp\/v2\/media?parent=4713"}],"wp:term":[{"taxonomy":"product_brand","embeddable":true,"href":"https:\/\/www.whiskey-and-more.de\/Shop\/wp-json\/wp\/v2\/product_brand?post=4713"},{"taxonomy":"product_cat","embeddable":true,"href":"https:\/\/www.whiskey-and-more.de\/Shop\/wp-json\/wp\/v2\/product_cat?post=4713"},{"taxonomy":"product_tag","embeddable":true,"href":"https:\/\/www.whiskey-and-more.de\/Shop\/wp-json\/wp\/v2\/product_tag?post=4713"}],"curies":[{"name":"wp","href":"https:\/\/api.w.org\/{rel}","templated":true}]}}