{"id":5014,"date":"2023-02-03T13:17:11","date_gmt":"2023-02-03T12:17:11","guid":{"rendered":"https:\/\/www.whiskey-and-more.de\/Shop\/?post_type=product&#038;p=5014"},"modified":"2025-03-06T16:09:56","modified_gmt":"2025-03-06T15:09:56","slug":"mars-whisky-malt-duo-2021-komagatake-x-chichibu-blended-malt-japanese-whisky","status":"publish","type":"product","link":"https:\/\/www.whiskey-and-more.de\/Shop\/produkt\/mars-whisky-malt-duo-2021-komagatake-x-chichibu-blended-malt-japanese-whisky\/","title":{"rendered":"Mars Whisky Malt Duo 2021 &#8211; Komagatake x Chichibu- Blended Malt Japanese Whisky"},"content":{"rendered":"<p>&#8211; Blended Malt Whisky aus Japan<br \/>\n&#8211; abgef\u00fcllt mit 54 % vol..<br \/>\n&#8211; Dest. 2015 &#8211; Abgef. 2021<br \/>\n&#8211; Gereift in Oak Casks\u00a0 &#8211;\u00a0 10.918 Flaschen insgesamt<br \/>\n&#8211; nicht k\u00fchlfiltriert<br \/>\n&#8211; nicht gef\u00e4rbt<\/p>\n<p><strong>F\u00fcr ein Pionier-Projekt b\u00fcndelten Mars und Chichibu 2015 die Kr\u00e4fte und tauschten erstmals F\u00e4sser aus. Diese lagerten in den Klimazonen beider Brennereien \u2013 von gem\u00e4\u00dfigt warm bis alpin \u2013 und wurden jeweils vor Ort zu den bislang einzigartigen Blended Malt Japanese Whiskys Mars Whisky Malt Duo 2021 und Ichiro\u2019s Malt Double Distilleries 2021 verschnitten.<\/strong><\/p>\n","protected":false},"excerpt":{"rendered":"<p>Single Malt Whisky aus Japan<\/p>\n","protected":false},"featured_media":5015,"comment_status":"open","ping_status":"closed","template":"","meta":[],"product_brand":[],"product_cat":[70,17,36],"product_tag":[1252,1251,1250,69],"class_list":{"0":"post-5014","1":"product","2":"type-product","3":"status-publish","4":"has-post-thumbnail","6":"product_cat-international","7":"product_cat-raritaeten","8":"product_cat-whiskey_whisky","9":"product_tag-blended-malt-japanese-whisky","10":"product_tag-komagatake-x-chichibu","11":"product_tag-mars-whisky-malt-duo-2021","12":"product_tag-originalabfuellung","14":"first","15":"instock","16":"sold-individually","17":"taxable","18":"shipping-taxable","19":"purchasable","20":"product-type-simple"},"yoast_head":"<!-- This site is optimized with the Yoast SEO plugin v27.5 - https:\/\/yoast.com\/product\/yoast-seo-wordpress\/ -->\n<title>Mars Whisky Malt Duo 2021 - Komagatake x Chichibu- Blended Malt Japanese Whisky - W&amp;M Shop<\/title>\n<meta name=\"description\" content=\"Mars Whisky Malt Duo 2021 - Komagatake x Chichibu- Blended Malt Japanese Whisky bei whisk(e)y and more.de Ihr Onlineshop und Marktplatz f\u00fcr Whisky, Whiskey, Rum, Rhum, Gin und mehr. Sie finden auf whiskey-and-more.de Irish, Schottisch, American, Single Malts, Blended Whiskys bekannter und unbekannter Marken. Wir haben stets Whisky aus Schottland, Irland und der Welt, dauerhaft auf Lager.\" \/>\n<meta name=\"robots\" content=\"index, follow, max-snippet:-1, max-image-preview:large, max-video-preview:-1\" \/>\n<link rel=\"canonical\" href=\"https:\/\/www.whiskey-and-more.de\/Shop\/produkt\/mars-whisky-malt-duo-2021-komagatake-x-chichibu-blended-malt-japanese-whisky\/\" \/>\n<meta property=\"og:locale\" content=\"de_DE\" \/>\n<meta property=\"og:type\" content=\"article\" \/>\n<meta property=\"og:title\" content=\"Mars Whisky Malt Duo 2021 - Komagatake x Chichibu- Blended Malt Japanese Whisky - W&amp;M Shop\" \/>\n<meta property=\"og:description\" content=\"Mars Whisky Malt Duo 2021 - Komagatake x Chichibu- Blended Malt Japanese Whisky bei whisk(e)y and more.de Ihr Onlineshop und Marktplatz f\u00fcr Whisky, Whiskey, Rum, Rhum, Gin und mehr. Sie finden auf whiskey-and-more.de Irish, Schottisch, American, Single Malts, Blended Whiskys bekannter und unbekannter Marken. Wir haben stets Whisky aus Schottland, Irland und der Welt, dauerhaft auf Lager.\" \/>\n<meta property=\"og:url\" content=\"https:\/\/www.whiskey-and-more.de\/Shop\/produkt\/mars-whisky-malt-duo-2021-komagatake-x-chichibu-blended-malt-japanese-whisky\/\" \/>\n<meta property=\"og:site_name\" content=\"W&amp;M Shop\" \/>\n<meta property=\"article:publisher\" content=\"https:\/\/de-de.facebook.com\/Whiskey-and-More-Spaden-1072860722859564\/about\" \/>\n<meta property=\"article:modified_time\" content=\"2025-03-06T15:09:56+00:00\" \/>\n<meta property=\"og:image\" content=\"https:\/\/www.whiskey-and-more.de\/Shop\/wp-content\/uploads\/2023\/02\/Mars-Whisky-Malt-Duo-2021-Komagatake-x-Chichibu-Blended-Malt-Japanese-Whisky.jpg\" \/>\n\t<meta property=\"og:image:width\" content=\"273\" \/>\n\t<meta property=\"og:image:height\" content=\"273\" \/>\n\t<meta property=\"og:image:type\" content=\"image\/jpeg\" \/>\n<meta name=\"twitter:card\" content=\"summary_large_image\" \/>\n<meta name=\"twitter:label1\" content=\"Gesch\u00e4tzte Lesezeit\" \/>\n\t<meta name=\"twitter:data1\" content=\"1\u00a0Minute\" \/>\n<script type=\"application\/ld+json\" class=\"yoast-schema-graph\">{\"@context\":\"https:\\\/\\\/schema.org\",\"@graph\":[{\"@type\":\"WebPage\",\"@id\":\"https:\\\/\\\/www.whiskey-and-more.de\\\/Shop\\\/produkt\\\/mars-whisky-malt-duo-2021-komagatake-x-chichibu-blended-malt-japanese-whisky\\\/\",\"url\":\"https:\\\/\\\/www.whiskey-and-more.de\\\/Shop\\\/produkt\\\/mars-whisky-malt-duo-2021-komagatake-x-chichibu-blended-malt-japanese-whisky\\\/\",\"name\":\"Mars Whisky Malt Duo 2021 - Komagatake x Chichibu- Blended Malt Japanese Whisky - W&amp;M Shop\",\"isPartOf\":{\"@id\":\"https:\\\/\\\/www.whiskey-and-more.de\\\/Shop\\\/#website\"},\"primaryImageOfPage\":{\"@id\":\"https:\\\/\\\/www.whiskey-and-more.de\\\/Shop\\\/produkt\\\/mars-whisky-malt-duo-2021-komagatake-x-chichibu-blended-malt-japanese-whisky\\\/#primaryimage\"},\"image\":{\"@id\":\"https:\\\/\\\/www.whiskey-and-more.de\\\/Shop\\\/produkt\\\/mars-whisky-malt-duo-2021-komagatake-x-chichibu-blended-malt-japanese-whisky\\\/#primaryimage\"},\"thumbnailUrl\":\"https:\\\/\\\/www.whiskey-and-more.de\\\/Shop\\\/wp-content\\\/uploads\\\/2023\\\/02\\\/Mars-Whisky-Malt-Duo-2021-Komagatake-x-Chichibu-Blended-Malt-Japanese-Whisky.jpg\",\"datePublished\":\"2023-02-03T12:17:11+00:00\",\"dateModified\":\"2025-03-06T15:09:56+00:00\",\"description\":\"Mars Whisky Malt Duo 2021 - Komagatake x Chichibu- Blended Malt Japanese Whisky bei whisk(e)y and more.de Ihr Onlineshop und Marktplatz f\u00fcr Whisky, Whiskey, Rum, Rhum, Gin und mehr. Sie finden auf whiskey-and-more.de Irish, Schottisch, American, Single Malts, Blended Whiskys bekannter und unbekannter Marken. Wir haben stets Whisky aus Schottland, Irland und der Welt, dauerhaft auf Lager.\",\"breadcrumb\":{\"@id\":\"https:\\\/\\\/www.whiskey-and-more.de\\\/Shop\\\/produkt\\\/mars-whisky-malt-duo-2021-komagatake-x-chichibu-blended-malt-japanese-whisky\\\/#breadcrumb\"},\"inLanguage\":\"de\",\"potentialAction\":[{\"@type\":\"ReadAction\",\"target\":[\"https:\\\/\\\/www.whiskey-and-more.de\\\/Shop\\\/produkt\\\/mars-whisky-malt-duo-2021-komagatake-x-chichibu-blended-malt-japanese-whisky\\\/\"]}]},{\"@type\":\"ImageObject\",\"inLanguage\":\"de\",\"@id\":\"https:\\\/\\\/www.whiskey-and-more.de\\\/Shop\\\/produkt\\\/mars-whisky-malt-duo-2021-komagatake-x-chichibu-blended-malt-japanese-whisky\\\/#primaryimage\",\"url\":\"https:\\\/\\\/www.whiskey-and-more.de\\\/Shop\\\/wp-content\\\/uploads\\\/2023\\\/02\\\/Mars-Whisky-Malt-Duo-2021-Komagatake-x-Chichibu-Blended-Malt-Japanese-Whisky.jpg\",\"contentUrl\":\"https:\\\/\\\/www.whiskey-and-more.de\\\/Shop\\\/wp-content\\\/uploads\\\/2023\\\/02\\\/Mars-Whisky-Malt-Duo-2021-Komagatake-x-Chichibu-Blended-Malt-Japanese-Whisky.jpg\",\"width\":\"273\",\"height\":\"273\",\"caption\":\"Mars Whisky Malt Duo 2021 - Komagatake x Chichibu- Blended Malt Japanese Whisky\"},{\"@type\":\"BreadcrumbList\",\"@id\":\"https:\\\/\\\/www.whiskey-and-more.de\\\/Shop\\\/produkt\\\/mars-whisky-malt-duo-2021-komagatake-x-chichibu-blended-malt-japanese-whisky\\\/#breadcrumb\",\"itemListElement\":[{\"@type\":\"ListItem\",\"position\":1,\"name\":\"Startseite\",\"item\":\"https:\\\/\\\/www.whiskey-and-more.de\\\/Shop\\\/\"},{\"@type\":\"ListItem\",\"position\":2,\"name\":\"Home\",\"item\":\"https:\\\/\\\/www.whiskey-and-more.de\\\/Shop\\\/shop\\\/\"},{\"@type\":\"ListItem\",\"position\":3,\"name\":\"Whisk(e)y\",\"item\":\"https:\\\/\\\/www.whiskey-and-more.de\\\/Shop\\\/produkt-kategorie\\\/whiskey_whisky\\\/\"},{\"@type\":\"ListItem\",\"position\":4,\"name\":\"Mars Whisky Malt Duo 2021 &#8211; Komagatake x Chichibu- Blended Malt Japanese Whisky\"}]},{\"@type\":\"WebSite\",\"@id\":\"https:\\\/\\\/www.whiskey-and-more.de\\\/Shop\\\/#website\",\"url\":\"https:\\\/\\\/www.whiskey-and-more.de\\\/Shop\\\/\",\"name\":\"W&amp;M Shop\",\"description\":\"Der Online Shop von Whisk(e)y and More. Online Marktplatz f\u00fcr Whiskey, Whisky und mehr.\",\"publisher\":{\"@id\":\"https:\\\/\\\/www.whiskey-and-more.de\\\/Shop\\\/#organization\"},\"potentialAction\":[{\"@type\":\"SearchAction\",\"target\":{\"@type\":\"EntryPoint\",\"urlTemplate\":\"https:\\\/\\\/www.whiskey-and-more.de\\\/Shop\\\/?s={search_term_string}\"},\"query-input\":{\"@type\":\"PropertyValueSpecification\",\"valueRequired\":true,\"valueName\":\"search_term_string\"}}],\"inLanguage\":\"de\"},{\"@type\":\"Organization\",\"@id\":\"https:\\\/\\\/www.whiskey-and-more.de\\\/Shop\\\/#organization\",\"name\":\"Whisk(e)y and More\",\"url\":\"https:\\\/\\\/www.whiskey-and-more.de\\\/Shop\\\/\",\"logo\":{\"@type\":\"ImageObject\",\"inLanguage\":\"de\",\"@id\":\"https:\\\/\\\/www.whiskey-and-more.de\\\/Shop\\\/#\\\/schema\\\/logo\\\/image\\\/\",\"url\":\"https:\\\/\\\/www.whiskey-and-more.de\\\/Shop\\\/wp-content\\\/uploads\\\/2020\\\/03\\\/Logo2.jpg\",\"contentUrl\":\"https:\\\/\\\/www.whiskey-and-more.de\\\/Shop\\\/wp-content\\\/uploads\\\/2020\\\/03\\\/Logo2.jpg\",\"width\":470,\"height\":110,\"caption\":\"Whisk(e)y and More\"},\"image\":{\"@id\":\"https:\\\/\\\/www.whiskey-and-more.de\\\/Shop\\\/#\\\/schema\\\/logo\\\/image\\\/\"},\"sameAs\":[\"https:\\\/\\\/de-de.facebook.com\\\/Whiskey-and-More-Spaden-1072860722859564\\\/about\"]}]}<\/script>\n<!-- \/ Yoast SEO plugin. -->","yoast_head_json":{"title":"Mars Whisky Malt Duo 2021 - Komagatake x Chichibu- Blended Malt Japanese Whisky - W&amp;M Shop","description":"Mars Whisky Malt Duo 2021 - Komagatake x Chichibu- Blended Malt Japanese Whisky bei whisk(e)y and more.de Ihr Onlineshop und Marktplatz f\u00fcr Whisky, Whiskey, Rum, Rhum, Gin und mehr. Sie finden auf whiskey-and-more.de Irish, Schottisch, American, Single Malts, Blended Whiskys bekannter und unbekannter Marken. Wir haben stets Whisky aus Schottland, Irland und der Welt, dauerhaft auf Lager.","robots":{"index":"index","follow":"follow","max-snippet":"max-snippet:-1","max-image-preview":"max-image-preview:large","max-video-preview":"max-video-preview:-1"},"canonical":"https:\/\/www.whiskey-and-more.de\/Shop\/produkt\/mars-whisky-malt-duo-2021-komagatake-x-chichibu-blended-malt-japanese-whisky\/","og_locale":"de_DE","og_type":"article","og_title":"Mars Whisky Malt Duo 2021 - Komagatake x Chichibu- Blended Malt Japanese Whisky - W&amp;M Shop","og_description":"Mars Whisky Malt Duo 2021 - Komagatake x Chichibu- Blended Malt Japanese Whisky bei whisk(e)y and more.de Ihr Onlineshop und Marktplatz f\u00fcr Whisky, Whiskey, Rum, Rhum, Gin und mehr. Sie finden auf whiskey-and-more.de Irish, Schottisch, American, Single Malts, Blended Whiskys bekannter und unbekannter Marken. Wir haben stets Whisky aus Schottland, Irland und der Welt, dauerhaft auf Lager.","og_url":"https:\/\/www.whiskey-and-more.de\/Shop\/produkt\/mars-whisky-malt-duo-2021-komagatake-x-chichibu-blended-malt-japanese-whisky\/","og_site_name":"W&amp;M Shop","article_publisher":"https:\/\/de-de.facebook.com\/Whiskey-and-More-Spaden-1072860722859564\/about","article_modified_time":"2025-03-06T15:09:56+00:00","og_image":[{"width":273,"height":273,"url":"https:\/\/www.whiskey-and-more.de\/Shop\/wp-content\/uploads\/2023\/02\/Mars-Whisky-Malt-Duo-2021-Komagatake-x-Chichibu-Blended-Malt-Japanese-Whisky.jpg","type":"image\/jpeg"}],"twitter_card":"summary_large_image","twitter_misc":{"Gesch\u00e4tzte Lesezeit":"1\u00a0Minute"},"schema":{"@context":"https:\/\/schema.org","@graph":[{"@type":"WebPage","@id":"https:\/\/www.whiskey-and-more.de\/Shop\/produkt\/mars-whisky-malt-duo-2021-komagatake-x-chichibu-blended-malt-japanese-whisky\/","url":"https:\/\/www.whiskey-and-more.de\/Shop\/produkt\/mars-whisky-malt-duo-2021-komagatake-x-chichibu-blended-malt-japanese-whisky\/","name":"Mars Whisky Malt Duo 2021 - Komagatake x Chichibu- Blended Malt Japanese Whisky - W&amp;M Shop","isPartOf":{"@id":"https:\/\/www.whiskey-and-more.de\/Shop\/#website"},"primaryImageOfPage":{"@id":"https:\/\/www.whiskey-and-more.de\/Shop\/produkt\/mars-whisky-malt-duo-2021-komagatake-x-chichibu-blended-malt-japanese-whisky\/#primaryimage"},"image":{"@id":"https:\/\/www.whiskey-and-more.de\/Shop\/produkt\/mars-whisky-malt-duo-2021-komagatake-x-chichibu-blended-malt-japanese-whisky\/#primaryimage"},"thumbnailUrl":"https:\/\/www.whiskey-and-more.de\/Shop\/wp-content\/uploads\/2023\/02\/Mars-Whisky-Malt-Duo-2021-Komagatake-x-Chichibu-Blended-Malt-Japanese-Whisky.jpg","datePublished":"2023-02-03T12:17:11+00:00","dateModified":"2025-03-06T15:09:56+00:00","description":"Mars Whisky Malt Duo 2021 - Komagatake x Chichibu- Blended Malt Japanese Whisky bei whisk(e)y and more.de Ihr Onlineshop und Marktplatz f\u00fcr Whisky, Whiskey, Rum, Rhum, Gin und mehr. Sie finden auf whiskey-and-more.de Irish, Schottisch, American, Single Malts, Blended Whiskys bekannter und unbekannter Marken. Wir haben stets Whisky aus Schottland, Irland und der Welt, dauerhaft auf Lager.","breadcrumb":{"@id":"https:\/\/www.whiskey-and-more.de\/Shop\/produkt\/mars-whisky-malt-duo-2021-komagatake-x-chichibu-blended-malt-japanese-whisky\/#breadcrumb"},"inLanguage":"de","potentialAction":[{"@type":"ReadAction","target":["https:\/\/www.whiskey-and-more.de\/Shop\/produkt\/mars-whisky-malt-duo-2021-komagatake-x-chichibu-blended-malt-japanese-whisky\/"]}]},{"@type":"ImageObject","inLanguage":"de","@id":"https:\/\/www.whiskey-and-more.de\/Shop\/produkt\/mars-whisky-malt-duo-2021-komagatake-x-chichibu-blended-malt-japanese-whisky\/#primaryimage","url":"https:\/\/www.whiskey-and-more.de\/Shop\/wp-content\/uploads\/2023\/02\/Mars-Whisky-Malt-Duo-2021-Komagatake-x-Chichibu-Blended-Malt-Japanese-Whisky.jpg","contentUrl":"https:\/\/www.whiskey-and-more.de\/Shop\/wp-content\/uploads\/2023\/02\/Mars-Whisky-Malt-Duo-2021-Komagatake-x-Chichibu-Blended-Malt-Japanese-Whisky.jpg","width":"273","height":"273","caption":"Mars Whisky Malt Duo 2021 - Komagatake x Chichibu- Blended Malt Japanese Whisky"},{"@type":"BreadcrumbList","@id":"https:\/\/www.whiskey-and-more.de\/Shop\/produkt\/mars-whisky-malt-duo-2021-komagatake-x-chichibu-blended-malt-japanese-whisky\/#breadcrumb","itemListElement":[{"@type":"ListItem","position":1,"name":"Startseite","item":"https:\/\/www.whiskey-and-more.de\/Shop\/"},{"@type":"ListItem","position":2,"name":"Home","item":"https:\/\/www.whiskey-and-more.de\/Shop\/shop\/"},{"@type":"ListItem","position":3,"name":"Whisk(e)y","item":"https:\/\/www.whiskey-and-more.de\/Shop\/produkt-kategorie\/whiskey_whisky\/"},{"@type":"ListItem","position":4,"name":"Mars Whisky Malt Duo 2021 &#8211; Komagatake x Chichibu- Blended Malt Japanese Whisky"}]},{"@type":"WebSite","@id":"https:\/\/www.whiskey-and-more.de\/Shop\/#website","url":"https:\/\/www.whiskey-and-more.de\/Shop\/","name":"W&amp;M Shop","description":"Der Online Shop von Whisk(e)y and More. Online Marktplatz f\u00fcr Whiskey, Whisky und mehr.","publisher":{"@id":"https:\/\/www.whiskey-and-more.de\/Shop\/#organization"},"potentialAction":[{"@type":"SearchAction","target":{"@type":"EntryPoint","urlTemplate":"https:\/\/www.whiskey-and-more.de\/Shop\/?s={search_term_string}"},"query-input":{"@type":"PropertyValueSpecification","valueRequired":true,"valueName":"search_term_string"}}],"inLanguage":"de"},{"@type":"Organization","@id":"https:\/\/www.whiskey-and-more.de\/Shop\/#organization","name":"Whisk(e)y and More","url":"https:\/\/www.whiskey-and-more.de\/Shop\/","logo":{"@type":"ImageObject","inLanguage":"de","@id":"https:\/\/www.whiskey-and-more.de\/Shop\/#\/schema\/logo\/image\/","url":"https:\/\/www.whiskey-and-more.de\/Shop\/wp-content\/uploads\/2020\/03\/Logo2.jpg","contentUrl":"https:\/\/www.whiskey-and-more.de\/Shop\/wp-content\/uploads\/2020\/03\/Logo2.jpg","width":470,"height":110,"caption":"Whisk(e)y and More"},"image":{"@id":"https:\/\/www.whiskey-and-more.de\/Shop\/#\/schema\/logo\/image\/"},"sameAs":["https:\/\/de-de.facebook.com\/Whiskey-and-More-Spaden-1072860722859564\/about"]}]}},"jetpack_sharing_enabled":true,"_links":{"self":[{"href":"https:\/\/www.whiskey-and-more.de\/Shop\/wp-json\/wp\/v2\/product\/5014","targetHints":{"allow":["GET"]}}],"collection":[{"href":"https:\/\/www.whiskey-and-more.de\/Shop\/wp-json\/wp\/v2\/product"}],"about":[{"href":"https:\/\/www.whiskey-and-more.de\/Shop\/wp-json\/wp\/v2\/types\/product"}],"replies":[{"embeddable":true,"href":"https:\/\/www.whiskey-and-more.de\/Shop\/wp-json\/wp\/v2\/comments?post=5014"}],"wp:featuredmedia":[{"embeddable":true,"href":"https:\/\/www.whiskey-and-more.de\/Shop\/wp-json\/wp\/v2\/media\/5015"}],"wp:attachment":[{"href":"https:\/\/www.whiskey-and-more.de\/Shop\/wp-json\/wp\/v2\/media?parent=5014"}],"wp:term":[{"taxonomy":"product_brand","embeddable":true,"href":"https:\/\/www.whiskey-and-more.de\/Shop\/wp-json\/wp\/v2\/product_brand?post=5014"},{"taxonomy":"product_cat","embeddable":true,"href":"https:\/\/www.whiskey-and-more.de\/Shop\/wp-json\/wp\/v2\/product_cat?post=5014"},{"taxonomy":"product_tag","embeddable":true,"href":"https:\/\/www.whiskey-and-more.de\/Shop\/wp-json\/wp\/v2\/product_tag?post=5014"}],"curies":[{"name":"wp","href":"https:\/\/api.w.org\/{rel}","templated":true}]}}