{"id":5423,"date":"2023-06-29T18:08:31","date_gmt":"2023-06-29T16:08:31","guid":{"rendered":"https:\/\/www.whiskey-and-more.de\/Shop\/?post_type=product&#038;p=5423"},"modified":"2025-05-07T14:34:40","modified_gmt":"2025-05-07T12:34:40","slug":"daftmill-winter-batch-release-2010-2023-lowland-single-malt-whisky","status":"publish","type":"product","link":"https:\/\/www.whiskey-and-more.de\/Shop\/produkt\/daftmill-winter-batch-release-2010-2023-lowland-single-malt-whisky\/","title":{"rendered":"Daftmill Winter Batch Release 2010\/2023 &#8211; Lowland Single Malt Whisky"},"content":{"rendered":"<p>&#8211; Single Malt Scotch aus den Lowlands<br \/>\n&#8211; abgef\u00fcllt in Trinkst\u00e4rke mit 46 % vol.<br \/>\n&#8211; Gereift in First Fill Bourbon Barrels<br \/>\n&#8211; Dest. 2010 &#8211; Abgef. 2023 \/ 6.550 Flaschen (insgesamta)<br \/>\n&#8211; nicht k\u00fchlfiltriert<br \/>\n&#8211; nicht gef\u00e4rbt<\/p>\n<p><strong>Extrem wenig Single Malt bei extrem hoher Nachfrage<\/strong> \u2013 der Single Farm Estate Whisky von Daftmill in der Kurzfassung. Auf der <strong>Daftmill Farm in den schottischen Lowlands<\/strong> dreht sich eigentlich alles um K\u00fche, Kartoffeln, Karotten und den Anbau von Braugerste. Seit 2006 verarbeitet die Familie Cuthbert die eigene Gerste jedoch auch zu Single Malt.<\/p>\n<p>Dieser <strong>reift mindestens 10 Jahre<\/strong>, nachdem er in sehr kleinen Mengen von <strong>zum Teil nicht mehr als 100 F\u00e4ssern im Jahr <\/strong>gebrannt wird. Und zwar ausschlie\u00dflich in der Nebensaison (Juni und Juli sowie im Winter), wenn weder Kartoffeln gepflanzt noch Gerste ges\u00e4t werden muss.<\/p>\n<p>Der neue <strong>Daftmill 2010\/2023<\/strong> basiert auf Gerste der Sorte Publican, die von John und Sandy am 28. und 29. August 2009 geerntet wurde. Im Sommer 2010 bei Crisp Malt in Alloa gem\u00e4lzt, destillierte die <strong>Farmbrennerei <\/strong>daraus ihr <strong>Winter Batch Release<\/strong>. 25 First Fill Bourbon Casks wurden im November und Dezember 2010 bef\u00fcllt, um bis zur diesj\u00e4hrigen Abf\u00fcllung in <strong>6.550 Flaschen<\/strong> zu ruhen<\/p>\n","protected":false},"excerpt":{"rendered":"<p>Single Malt Scotch aus den Lowlands<\/p>\n","protected":false},"featured_media":5424,"comment_status":"open","ping_status":"closed","template":"","meta":[],"product_brand":[],"product_cat":[41,36],"product_tag":[1355,98,99],"class_list":{"0":"post-5423","1":"product","2":"type-product","3":"status-publish","4":"has-post-thumbnail","6":"product_cat-schottland","7":"product_cat-whiskey_whisky","8":"product_tag-daftmill-winter-batch-release-2010-2023-lowland-single-malt-whisky","9":"product_tag-nicht-gefaerbt","10":"product_tag-nicht-kuehlgefiltert","12":"first","13":"instock","14":"taxable","15":"shipping-taxable","16":"purchasable","17":"product-type-simple"},"yoast_head":"<!-- This site is optimized with the Yoast SEO plugin v27.4 - https:\/\/yoast.com\/product\/yoast-seo-wordpress\/ -->\n<title>Daftmill Winter Batch Release 2010\/2023 - Lowland Single Malt Whisky - W&amp;M Shop<\/title>\n<meta name=\"description\" content=\"Daftmill Winter Batch Release 2010\/2023 - Lowland Single Malt Whisky bei whisk(e)y and more.de Ihr Onlineshop und Marktplatz f\u00fcr Whisky, Whiskey, Rum, Rhum, Gin und mehr. Sie finden auf whiskey-and-more.de Irish, Schottisch, American, Single Malts, Blended Whiskys bekannter und unbekannter Marken. Wir haben stets Whisky aus Schottland, Irland und der Welt, dauerhaft auf Lager.\" \/>\n<meta name=\"robots\" content=\"index, follow, max-snippet:-1, max-image-preview:large, max-video-preview:-1\" \/>\n<link rel=\"canonical\" href=\"https:\/\/www.whiskey-and-more.de\/Shop\/produkt\/daftmill-winter-batch-release-2010-2023-lowland-single-malt-whisky\/\" \/>\n<meta property=\"og:locale\" content=\"de_DE\" \/>\n<meta property=\"og:type\" content=\"article\" \/>\n<meta property=\"og:title\" content=\"Daftmill Winter Batch Release 2010\/2023 - Lowland Single Malt Whisky - W&amp;M Shop\" \/>\n<meta property=\"og:description\" content=\"Daftmill Winter Batch Release 2010\/2023 - Lowland Single Malt Whisky bei whisk(e)y and more.de Ihr Onlineshop und Marktplatz f\u00fcr Whisky, Whiskey, Rum, Rhum, Gin und mehr. Sie finden auf whiskey-and-more.de Irish, Schottisch, American, Single Malts, Blended Whiskys bekannter und unbekannter Marken. Wir haben stets Whisky aus Schottland, Irland und der Welt, dauerhaft auf Lager.\" \/>\n<meta property=\"og:url\" content=\"https:\/\/www.whiskey-and-more.de\/Shop\/produkt\/daftmill-winter-batch-release-2010-2023-lowland-single-malt-whisky\/\" \/>\n<meta property=\"og:site_name\" content=\"W&amp;M Shop\" \/>\n<meta property=\"article:publisher\" content=\"https:\/\/de-de.facebook.com\/Whiskey-and-More-Spaden-1072860722859564\/about\" \/>\n<meta property=\"article:modified_time\" content=\"2025-05-07T12:34:40+00:00\" \/>\n<meta property=\"og:image\" content=\"https:\/\/www.whiskey-and-more.de\/Shop\/wp-content\/uploads\/2023\/06\/Daftmill-Winter-Batch-Release-2010-2023-Lowland-Single-Malt-Whisky.jpeg\" \/>\n\t<meta property=\"og:image:width\" content=\"2160\" \/>\n\t<meta property=\"og:image:height\" content=\"1440\" \/>\n\t<meta property=\"og:image:type\" content=\"image\/jpeg\" \/>\n<meta name=\"twitter:card\" content=\"summary_large_image\" \/>\n<meta name=\"twitter:label1\" content=\"Gesch\u00e4tzte Lesezeit\" \/>\n\t<meta name=\"twitter:data1\" content=\"2\u00a0Minuten\" \/>\n<script type=\"application\/ld+json\" class=\"yoast-schema-graph\">{\"@context\":\"https:\\\/\\\/schema.org\",\"@graph\":[{\"@type\":\"WebPage\",\"@id\":\"https:\\\/\\\/www.whiskey-and-more.de\\\/Shop\\\/produkt\\\/daftmill-winter-batch-release-2010-2023-lowland-single-malt-whisky\\\/\",\"url\":\"https:\\\/\\\/www.whiskey-and-more.de\\\/Shop\\\/produkt\\\/daftmill-winter-batch-release-2010-2023-lowland-single-malt-whisky\\\/\",\"name\":\"Daftmill Winter Batch Release 2010\\\/2023 - Lowland Single Malt Whisky - W&amp;M Shop\",\"isPartOf\":{\"@id\":\"https:\\\/\\\/www.whiskey-and-more.de\\\/Shop\\\/#website\"},\"primaryImageOfPage\":{\"@id\":\"https:\\\/\\\/www.whiskey-and-more.de\\\/Shop\\\/produkt\\\/daftmill-winter-batch-release-2010-2023-lowland-single-malt-whisky\\\/#primaryimage\"},\"image\":{\"@id\":\"https:\\\/\\\/www.whiskey-and-more.de\\\/Shop\\\/produkt\\\/daftmill-winter-batch-release-2010-2023-lowland-single-malt-whisky\\\/#primaryimage\"},\"thumbnailUrl\":\"https:\\\/\\\/www.whiskey-and-more.de\\\/Shop\\\/wp-content\\\/uploads\\\/2023\\\/06\\\/Daftmill-Winter-Batch-Release-2010-2023-Lowland-Single-Malt-Whisky.jpeg\",\"datePublished\":\"2023-06-29T16:08:31+00:00\",\"dateModified\":\"2025-05-07T12:34:40+00:00\",\"description\":\"Daftmill Winter Batch Release 2010\\\/2023 - Lowland Single Malt Whisky bei whisk(e)y and more.de Ihr Onlineshop und Marktplatz f\u00fcr Whisky, Whiskey, Rum, Rhum, Gin und mehr. Sie finden auf whiskey-and-more.de Irish, Schottisch, American, Single Malts, Blended Whiskys bekannter und unbekannter Marken. Wir haben stets Whisky aus Schottland, Irland und der Welt, dauerhaft auf Lager.\",\"breadcrumb\":{\"@id\":\"https:\\\/\\\/www.whiskey-and-more.de\\\/Shop\\\/produkt\\\/daftmill-winter-batch-release-2010-2023-lowland-single-malt-whisky\\\/#breadcrumb\"},\"inLanguage\":\"de\",\"potentialAction\":[{\"@type\":\"ReadAction\",\"target\":[\"https:\\\/\\\/www.whiskey-and-more.de\\\/Shop\\\/produkt\\\/daftmill-winter-batch-release-2010-2023-lowland-single-malt-whisky\\\/\"]}]},{\"@type\":\"ImageObject\",\"inLanguage\":\"de\",\"@id\":\"https:\\\/\\\/www.whiskey-and-more.de\\\/Shop\\\/produkt\\\/daftmill-winter-batch-release-2010-2023-lowland-single-malt-whisky\\\/#primaryimage\",\"url\":\"https:\\\/\\\/www.whiskey-and-more.de\\\/Shop\\\/wp-content\\\/uploads\\\/2023\\\/06\\\/Daftmill-Winter-Batch-Release-2010-2023-Lowland-Single-Malt-Whisky.jpeg\",\"contentUrl\":\"https:\\\/\\\/www.whiskey-and-more.de\\\/Shop\\\/wp-content\\\/uploads\\\/2023\\\/06\\\/Daftmill-Winter-Batch-Release-2010-2023-Lowland-Single-Malt-Whisky.jpeg\",\"width\":\"2160\",\"height\":\"1440\",\"caption\":\"Daftmill Winter Batch Release 2010-2023 - Lowland Single Malt Whisky\"},{\"@type\":\"BreadcrumbList\",\"@id\":\"https:\\\/\\\/www.whiskey-and-more.de\\\/Shop\\\/produkt\\\/daftmill-winter-batch-release-2010-2023-lowland-single-malt-whisky\\\/#breadcrumb\",\"itemListElement\":[{\"@type\":\"ListItem\",\"position\":1,\"name\":\"Startseite\",\"item\":\"https:\\\/\\\/www.whiskey-and-more.de\\\/Shop\\\/\"},{\"@type\":\"ListItem\",\"position\":2,\"name\":\"Home\",\"item\":\"https:\\\/\\\/www.whiskey-and-more.de\\\/Shop\\\/shop\\\/\"},{\"@type\":\"ListItem\",\"position\":3,\"name\":\"Whisk(e)y\",\"item\":\"https:\\\/\\\/www.whiskey-and-more.de\\\/Shop\\\/produkt-kategorie\\\/whiskey_whisky\\\/\"},{\"@type\":\"ListItem\",\"position\":4,\"name\":\"Daftmill Winter Batch Release 2010\\\/2023 &#8211; Lowland Single Malt Whisky\"}]},{\"@type\":\"WebSite\",\"@id\":\"https:\\\/\\\/www.whiskey-and-more.de\\\/Shop\\\/#website\",\"url\":\"https:\\\/\\\/www.whiskey-and-more.de\\\/Shop\\\/\",\"name\":\"W&amp;M Shop\",\"description\":\"Der Online Shop von Whisk(e)y and More. Online Marktplatz f\u00fcr Whiskey, Whisky und mehr.\",\"publisher\":{\"@id\":\"https:\\\/\\\/www.whiskey-and-more.de\\\/Shop\\\/#organization\"},\"potentialAction\":[{\"@type\":\"SearchAction\",\"target\":{\"@type\":\"EntryPoint\",\"urlTemplate\":\"https:\\\/\\\/www.whiskey-and-more.de\\\/Shop\\\/?s={search_term_string}\"},\"query-input\":{\"@type\":\"PropertyValueSpecification\",\"valueRequired\":true,\"valueName\":\"search_term_string\"}}],\"inLanguage\":\"de\"},{\"@type\":\"Organization\",\"@id\":\"https:\\\/\\\/www.whiskey-and-more.de\\\/Shop\\\/#organization\",\"name\":\"Whisk(e)y and More\",\"url\":\"https:\\\/\\\/www.whiskey-and-more.de\\\/Shop\\\/\",\"logo\":{\"@type\":\"ImageObject\",\"inLanguage\":\"de\",\"@id\":\"https:\\\/\\\/www.whiskey-and-more.de\\\/Shop\\\/#\\\/schema\\\/logo\\\/image\\\/\",\"url\":\"https:\\\/\\\/www.whiskey-and-more.de\\\/Shop\\\/wp-content\\\/uploads\\\/2020\\\/03\\\/Logo2.jpg\",\"contentUrl\":\"https:\\\/\\\/www.whiskey-and-more.de\\\/Shop\\\/wp-content\\\/uploads\\\/2020\\\/03\\\/Logo2.jpg\",\"width\":470,\"height\":110,\"caption\":\"Whisk(e)y and More\"},\"image\":{\"@id\":\"https:\\\/\\\/www.whiskey-and-more.de\\\/Shop\\\/#\\\/schema\\\/logo\\\/image\\\/\"},\"sameAs\":[\"https:\\\/\\\/de-de.facebook.com\\\/Whiskey-and-More-Spaden-1072860722859564\\\/about\"]}]}<\/script>\n<!-- \/ Yoast SEO plugin. -->","yoast_head_json":{"title":"Daftmill Winter Batch Release 2010\/2023 - Lowland Single Malt Whisky - W&amp;M Shop","description":"Daftmill Winter Batch Release 2010\/2023 - Lowland Single Malt Whisky bei whisk(e)y and more.de Ihr Onlineshop und Marktplatz f\u00fcr Whisky, Whiskey, Rum, Rhum, Gin und mehr. Sie finden auf whiskey-and-more.de Irish, Schottisch, American, Single Malts, Blended Whiskys bekannter und unbekannter Marken. Wir haben stets Whisky aus Schottland, Irland und der Welt, dauerhaft auf Lager.","robots":{"index":"index","follow":"follow","max-snippet":"max-snippet:-1","max-image-preview":"max-image-preview:large","max-video-preview":"max-video-preview:-1"},"canonical":"https:\/\/www.whiskey-and-more.de\/Shop\/produkt\/daftmill-winter-batch-release-2010-2023-lowland-single-malt-whisky\/","og_locale":"de_DE","og_type":"article","og_title":"Daftmill Winter Batch Release 2010\/2023 - Lowland Single Malt Whisky - W&amp;M Shop","og_description":"Daftmill Winter Batch Release 2010\/2023 - Lowland Single Malt Whisky bei whisk(e)y and more.de Ihr Onlineshop und Marktplatz f\u00fcr Whisky, Whiskey, Rum, Rhum, Gin und mehr. Sie finden auf whiskey-and-more.de Irish, Schottisch, American, Single Malts, Blended Whiskys bekannter und unbekannter Marken. Wir haben stets Whisky aus Schottland, Irland und der Welt, dauerhaft auf Lager.","og_url":"https:\/\/www.whiskey-and-more.de\/Shop\/produkt\/daftmill-winter-batch-release-2010-2023-lowland-single-malt-whisky\/","og_site_name":"W&amp;M Shop","article_publisher":"https:\/\/de-de.facebook.com\/Whiskey-and-More-Spaden-1072860722859564\/about","article_modified_time":"2025-05-07T12:34:40+00:00","og_image":[{"width":2160,"height":1440,"url":"https:\/\/www.whiskey-and-more.de\/Shop\/wp-content\/uploads\/2023\/06\/Daftmill-Winter-Batch-Release-2010-2023-Lowland-Single-Malt-Whisky.jpeg","type":"image\/jpeg"}],"twitter_card":"summary_large_image","twitter_misc":{"Gesch\u00e4tzte Lesezeit":"2\u00a0Minuten"},"schema":{"@context":"https:\/\/schema.org","@graph":[{"@type":"WebPage","@id":"https:\/\/www.whiskey-and-more.de\/Shop\/produkt\/daftmill-winter-batch-release-2010-2023-lowland-single-malt-whisky\/","url":"https:\/\/www.whiskey-and-more.de\/Shop\/produkt\/daftmill-winter-batch-release-2010-2023-lowland-single-malt-whisky\/","name":"Daftmill Winter Batch Release 2010\/2023 - Lowland Single Malt Whisky - W&amp;M Shop","isPartOf":{"@id":"https:\/\/www.whiskey-and-more.de\/Shop\/#website"},"primaryImageOfPage":{"@id":"https:\/\/www.whiskey-and-more.de\/Shop\/produkt\/daftmill-winter-batch-release-2010-2023-lowland-single-malt-whisky\/#primaryimage"},"image":{"@id":"https:\/\/www.whiskey-and-more.de\/Shop\/produkt\/daftmill-winter-batch-release-2010-2023-lowland-single-malt-whisky\/#primaryimage"},"thumbnailUrl":"https:\/\/www.whiskey-and-more.de\/Shop\/wp-content\/uploads\/2023\/06\/Daftmill-Winter-Batch-Release-2010-2023-Lowland-Single-Malt-Whisky.jpeg","datePublished":"2023-06-29T16:08:31+00:00","dateModified":"2025-05-07T12:34:40+00:00","description":"Daftmill Winter Batch Release 2010\/2023 - Lowland Single Malt Whisky bei whisk(e)y and more.de Ihr Onlineshop und Marktplatz f\u00fcr Whisky, Whiskey, Rum, Rhum, Gin und mehr. Sie finden auf whiskey-and-more.de Irish, Schottisch, American, Single Malts, Blended Whiskys bekannter und unbekannter Marken. Wir haben stets Whisky aus Schottland, Irland und der Welt, dauerhaft auf Lager.","breadcrumb":{"@id":"https:\/\/www.whiskey-and-more.de\/Shop\/produkt\/daftmill-winter-batch-release-2010-2023-lowland-single-malt-whisky\/#breadcrumb"},"inLanguage":"de","potentialAction":[{"@type":"ReadAction","target":["https:\/\/www.whiskey-and-more.de\/Shop\/produkt\/daftmill-winter-batch-release-2010-2023-lowland-single-malt-whisky\/"]}]},{"@type":"ImageObject","inLanguage":"de","@id":"https:\/\/www.whiskey-and-more.de\/Shop\/produkt\/daftmill-winter-batch-release-2010-2023-lowland-single-malt-whisky\/#primaryimage","url":"https:\/\/www.whiskey-and-more.de\/Shop\/wp-content\/uploads\/2023\/06\/Daftmill-Winter-Batch-Release-2010-2023-Lowland-Single-Malt-Whisky.jpeg","contentUrl":"https:\/\/www.whiskey-and-more.de\/Shop\/wp-content\/uploads\/2023\/06\/Daftmill-Winter-Batch-Release-2010-2023-Lowland-Single-Malt-Whisky.jpeg","width":"2160","height":"1440","caption":"Daftmill Winter Batch Release 2010-2023 - Lowland Single Malt Whisky"},{"@type":"BreadcrumbList","@id":"https:\/\/www.whiskey-and-more.de\/Shop\/produkt\/daftmill-winter-batch-release-2010-2023-lowland-single-malt-whisky\/#breadcrumb","itemListElement":[{"@type":"ListItem","position":1,"name":"Startseite","item":"https:\/\/www.whiskey-and-more.de\/Shop\/"},{"@type":"ListItem","position":2,"name":"Home","item":"https:\/\/www.whiskey-and-more.de\/Shop\/shop\/"},{"@type":"ListItem","position":3,"name":"Whisk(e)y","item":"https:\/\/www.whiskey-and-more.de\/Shop\/produkt-kategorie\/whiskey_whisky\/"},{"@type":"ListItem","position":4,"name":"Daftmill Winter Batch Release 2010\/2023 &#8211; Lowland Single Malt Whisky"}]},{"@type":"WebSite","@id":"https:\/\/www.whiskey-and-more.de\/Shop\/#website","url":"https:\/\/www.whiskey-and-more.de\/Shop\/","name":"W&amp;M Shop","description":"Der Online Shop von Whisk(e)y and More. Online Marktplatz f\u00fcr Whiskey, Whisky und mehr.","publisher":{"@id":"https:\/\/www.whiskey-and-more.de\/Shop\/#organization"},"potentialAction":[{"@type":"SearchAction","target":{"@type":"EntryPoint","urlTemplate":"https:\/\/www.whiskey-and-more.de\/Shop\/?s={search_term_string}"},"query-input":{"@type":"PropertyValueSpecification","valueRequired":true,"valueName":"search_term_string"}}],"inLanguage":"de"},{"@type":"Organization","@id":"https:\/\/www.whiskey-and-more.de\/Shop\/#organization","name":"Whisk(e)y and More","url":"https:\/\/www.whiskey-and-more.de\/Shop\/","logo":{"@type":"ImageObject","inLanguage":"de","@id":"https:\/\/www.whiskey-and-more.de\/Shop\/#\/schema\/logo\/image\/","url":"https:\/\/www.whiskey-and-more.de\/Shop\/wp-content\/uploads\/2020\/03\/Logo2.jpg","contentUrl":"https:\/\/www.whiskey-and-more.de\/Shop\/wp-content\/uploads\/2020\/03\/Logo2.jpg","width":470,"height":110,"caption":"Whisk(e)y and More"},"image":{"@id":"https:\/\/www.whiskey-and-more.de\/Shop\/#\/schema\/logo\/image\/"},"sameAs":["https:\/\/de-de.facebook.com\/Whiskey-and-More-Spaden-1072860722859564\/about"]}]}},"jetpack_sharing_enabled":true,"_links":{"self":[{"href":"https:\/\/www.whiskey-and-more.de\/Shop\/wp-json\/wp\/v2\/product\/5423","targetHints":{"allow":["GET"]}}],"collection":[{"href":"https:\/\/www.whiskey-and-more.de\/Shop\/wp-json\/wp\/v2\/product"}],"about":[{"href":"https:\/\/www.whiskey-and-more.de\/Shop\/wp-json\/wp\/v2\/types\/product"}],"replies":[{"embeddable":true,"href":"https:\/\/www.whiskey-and-more.de\/Shop\/wp-json\/wp\/v2\/comments?post=5423"}],"wp:featuredmedia":[{"embeddable":true,"href":"https:\/\/www.whiskey-and-more.de\/Shop\/wp-json\/wp\/v2\/media\/5424"}],"wp:attachment":[{"href":"https:\/\/www.whiskey-and-more.de\/Shop\/wp-json\/wp\/v2\/media?parent=5423"}],"wp:term":[{"taxonomy":"product_brand","embeddable":true,"href":"https:\/\/www.whiskey-and-more.de\/Shop\/wp-json\/wp\/v2\/product_brand?post=5423"},{"taxonomy":"product_cat","embeddable":true,"href":"https:\/\/www.whiskey-and-more.de\/Shop\/wp-json\/wp\/v2\/product_cat?post=5423"},{"taxonomy":"product_tag","embeddable":true,"href":"https:\/\/www.whiskey-and-more.de\/Shop\/wp-json\/wp\/v2\/product_tag?post=5423"}],"curies":[{"name":"wp","href":"https:\/\/api.w.org\/{rel}","templated":true}]}}