{"id":5534,"date":"2023-08-08T14:38:02","date_gmt":"2023-08-08T12:38:02","guid":{"rendered":"https:\/\/www.whiskey-and-more.de\/Shop\/?post_type=product&#038;p=5534"},"modified":"2026-04-14T11:25:25","modified_gmt":"2026-04-14T09:25:25","slug":"west-cork-maritime-sherry-cask","status":"publish","type":"product","link":"https:\/\/www.whiskey-and-more.de\/Shop\/produkt\/west-cork-maritime-sherry-cask\/","title":{"rendered":"West Cork Maritime Sherry Cask"},"content":{"rendered":"<div class=\"wrapper_left\">\n<div class=\"wrapper_left\">\n<div class=\"wrapper_left\">\n<div class=\"wrapper_left\">&#8211; Triple Distilled Single Malt Irish Whiskey<br \/>\n&#8211; First Fill Bourbon Casks, Bodegas Baron Sherry Cask Finish<br \/>\n&#8211; abgef\u00fcllt in Trinkst\u00e4rke von 46 % vol.<br \/>\n&#8211; nicht k\u00fchlfiltriert<br \/>\n&#8211; nicht gef\u00e4rbt<\/div>\n<\/div>\n<div><\/div>\n<div>\n<h2>Tasting Notes<\/h2>\n<p>Die Sherryweinf\u00e4sser f\u00fcr die Veredelung des West Cork Maritime Release &#8211; Sherry Cask machen den Single Malt zur s\u00fc\u00dfesten unter den Sondereditionen.<\/p>\n<p>Eine neue Sonderedition schl\u00e4gt die Br\u00fccke zum ehemaligen Berufsfeld zweier Gr\u00fcnder. Das \u201eMaritime Release\u201c, abgef\u00fcllt in Flaschen, die nach dem Vorbild von Schwimmkugeln f\u00fcr West Cork mundgeblasen wurden. Diese Glashohlkugeln verliehen einst Fischernetzen Auftrieb. Der seitlich angebrachte\u00a0Ausgie\u00dfer erm\u00f6glicht ein sanfteres Ausgie\u00dfen.<\/p>\n<\/div>\n<\/div>\n<\/div>\n","protected":false},"excerpt":{"rendered":"<p>Region: Irland<\/p>\n","protected":false},"featured_media":5535,"comment_status":"open","ping_status":"closed","template":"","meta":[],"product_brand":[],"product_cat":[42,36],"product_tag":[1318,98,99,1317,1315],"class_list":{"0":"post-5534","1":"product","2":"type-product","3":"status-publish","4":"has-post-thumbnail","6":"product_cat-irland","7":"product_cat-whiskey_whisky","8":"product_tag-irish-single-malt-whiskey","9":"product_tag-nicht-gefaerbt","10":"product_tag-nicht-kuehlgefiltert","11":"product_tag-triple-distilled","12":"product_tag-west-cork-maritime-sherry-cask","14":"first","15":"instock","16":"taxable","17":"shipping-taxable","18":"purchasable","19":"product-type-simple"},"yoast_head":"<!-- This site is optimized with the Yoast SEO plugin v27.6 - https:\/\/yoast.com\/product\/yoast-seo-wordpress\/ -->\n<title>West Cork Maritime Sherry Cask - W&amp;M Shop<\/title>\n<meta name=\"description\" content=\"West Cork Maritime Sherry Cask bei whisk(e)y and more.de Ihr Onlineshop und Marktplatz f\u00fcr Whisky, Whiskey, Rum, Rhum, Gin und mehr. Sie finden auf whiskey-and-more.de Irish, Schottisch, American, Single Malts, Blended Whiskys bekannter und unbekannter Marken. Wir haben stets Whisky aus Schottland, Irland und der Welt, dauerhaft auf Lager.\" \/>\n<meta name=\"robots\" content=\"index, follow, max-snippet:-1, max-image-preview:large, max-video-preview:-1\" \/>\n<link rel=\"canonical\" href=\"https:\/\/www.whiskey-and-more.de\/Shop\/produkt\/west-cork-maritime-sherry-cask\/\" \/>\n<meta property=\"og:locale\" content=\"de_DE\" \/>\n<meta property=\"og:type\" content=\"article\" \/>\n<meta property=\"og:title\" content=\"West Cork Maritime Sherry Cask - W&amp;M Shop\" \/>\n<meta property=\"og:description\" content=\"West Cork Maritime Sherry Cask bei whisk(e)y and more.de Ihr Onlineshop und Marktplatz f\u00fcr Whisky, Whiskey, Rum, Rhum, Gin und mehr. Sie finden auf whiskey-and-more.de Irish, Schottisch, American, Single Malts, Blended Whiskys bekannter und unbekannter Marken. Wir haben stets Whisky aus Schottland, Irland und der Welt, dauerhaft auf Lager.\" \/>\n<meta property=\"og:url\" content=\"https:\/\/www.whiskey-and-more.de\/Shop\/produkt\/west-cork-maritime-sherry-cask\/\" \/>\n<meta property=\"og:site_name\" content=\"W&amp;M Shop\" \/>\n<meta property=\"article:publisher\" content=\"https:\/\/de-de.facebook.com\/Whiskey-and-More-Spaden-1072860722859564\/about\" \/>\n<meta property=\"article:modified_time\" content=\"2026-04-14T09:25:25+00:00\" \/>\n<meta property=\"og:image\" content=\"https:\/\/www.whiskey-and-more.de\/Shop\/wp-content\/uploads\/2023\/08\/West-Cork-Maritime-Sherry-Cask.jpg\" \/>\n\t<meta property=\"og:image:width\" content=\"2000\" \/>\n\t<meta property=\"og:image:height\" content=\"2000\" \/>\n\t<meta property=\"og:image:type\" content=\"image\/jpeg\" \/>\n<meta name=\"twitter:card\" content=\"summary_large_image\" \/>\n<meta name=\"twitter:label1\" content=\"Gesch\u00e4tzte Lesezeit\" \/>\n\t<meta name=\"twitter:data1\" content=\"1\u00a0Minute\" \/>\n<script type=\"application\/ld+json\" class=\"yoast-schema-graph\">{\"@context\":\"https:\\\/\\\/schema.org\",\"@graph\":[{\"@type\":\"WebPage\",\"@id\":\"https:\\\/\\\/www.whiskey-and-more.de\\\/Shop\\\/produkt\\\/west-cork-maritime-sherry-cask\\\/\",\"url\":\"https:\\\/\\\/www.whiskey-and-more.de\\\/Shop\\\/produkt\\\/west-cork-maritime-sherry-cask\\\/\",\"name\":\"West Cork Maritime Sherry Cask - W&amp;M Shop\",\"isPartOf\":{\"@id\":\"https:\\\/\\\/www.whiskey-and-more.de\\\/Shop\\\/#website\"},\"primaryImageOfPage\":{\"@id\":\"https:\\\/\\\/www.whiskey-and-more.de\\\/Shop\\\/produkt\\\/west-cork-maritime-sherry-cask\\\/#primaryimage\"},\"image\":{\"@id\":\"https:\\\/\\\/www.whiskey-and-more.de\\\/Shop\\\/produkt\\\/west-cork-maritime-sherry-cask\\\/#primaryimage\"},\"thumbnailUrl\":\"https:\\\/\\\/www.whiskey-and-more.de\\\/Shop\\\/wp-content\\\/uploads\\\/2023\\\/08\\\/West-Cork-Maritime-Sherry-Cask.jpg\",\"datePublished\":\"2023-08-08T12:38:02+00:00\",\"dateModified\":\"2026-04-14T09:25:25+00:00\",\"description\":\"West Cork Maritime Sherry Cask bei whisk(e)y and more.de Ihr Onlineshop und Marktplatz f\u00fcr Whisky, Whiskey, Rum, Rhum, Gin und mehr. Sie finden auf whiskey-and-more.de Irish, Schottisch, American, Single Malts, Blended Whiskys bekannter und unbekannter Marken. Wir haben stets Whisky aus Schottland, Irland und der Welt, dauerhaft auf Lager.\",\"breadcrumb\":{\"@id\":\"https:\\\/\\\/www.whiskey-and-more.de\\\/Shop\\\/produkt\\\/west-cork-maritime-sherry-cask\\\/#breadcrumb\"},\"inLanguage\":\"de\",\"potentialAction\":[{\"@type\":\"ReadAction\",\"target\":[\"https:\\\/\\\/www.whiskey-and-more.de\\\/Shop\\\/produkt\\\/west-cork-maritime-sherry-cask\\\/\"]}]},{\"@type\":\"ImageObject\",\"inLanguage\":\"de\",\"@id\":\"https:\\\/\\\/www.whiskey-and-more.de\\\/Shop\\\/produkt\\\/west-cork-maritime-sherry-cask\\\/#primaryimage\",\"url\":\"https:\\\/\\\/www.whiskey-and-more.de\\\/Shop\\\/wp-content\\\/uploads\\\/2023\\\/08\\\/West-Cork-Maritime-Sherry-Cask.jpg\",\"contentUrl\":\"https:\\\/\\\/www.whiskey-and-more.de\\\/Shop\\\/wp-content\\\/uploads\\\/2023\\\/08\\\/West-Cork-Maritime-Sherry-Cask.jpg\",\"width\":\"2000\",\"height\":\"2000\",\"caption\":\"West Cork Maritime Sherry Cask\"},{\"@type\":\"BreadcrumbList\",\"@id\":\"https:\\\/\\\/www.whiskey-and-more.de\\\/Shop\\\/produkt\\\/west-cork-maritime-sherry-cask\\\/#breadcrumb\",\"itemListElement\":[{\"@type\":\"ListItem\",\"position\":1,\"name\":\"Startseite\",\"item\":\"https:\\\/\\\/www.whiskey-and-more.de\\\/Shop\\\/\"},{\"@type\":\"ListItem\",\"position\":2,\"name\":\"Home\",\"item\":\"https:\\\/\\\/www.whiskey-and-more.de\\\/Shop\\\/shop\\\/\"},{\"@type\":\"ListItem\",\"position\":3,\"name\":\"Whisk(e)y\",\"item\":\"https:\\\/\\\/www.whiskey-and-more.de\\\/Shop\\\/produkt-kategorie\\\/whiskey_whisky\\\/\"},{\"@type\":\"ListItem\",\"position\":4,\"name\":\"West Cork Maritime Sherry Cask\"}]},{\"@type\":\"WebSite\",\"@id\":\"https:\\\/\\\/www.whiskey-and-more.de\\\/Shop\\\/#website\",\"url\":\"https:\\\/\\\/www.whiskey-and-more.de\\\/Shop\\\/\",\"name\":\"W&amp;M Shop\",\"description\":\"Der Online Shop von Whisk(e)y and More. Online Marktplatz f\u00fcr Whiskey, Whisky und mehr.\",\"publisher\":{\"@id\":\"https:\\\/\\\/www.whiskey-and-more.de\\\/Shop\\\/#organization\"},\"potentialAction\":[{\"@type\":\"SearchAction\",\"target\":{\"@type\":\"EntryPoint\",\"urlTemplate\":\"https:\\\/\\\/www.whiskey-and-more.de\\\/Shop\\\/?s={search_term_string}\"},\"query-input\":{\"@type\":\"PropertyValueSpecification\",\"valueRequired\":true,\"valueName\":\"search_term_string\"}}],\"inLanguage\":\"de\"},{\"@type\":\"Organization\",\"@id\":\"https:\\\/\\\/www.whiskey-and-more.de\\\/Shop\\\/#organization\",\"name\":\"Whisk(e)y and More\",\"url\":\"https:\\\/\\\/www.whiskey-and-more.de\\\/Shop\\\/\",\"logo\":{\"@type\":\"ImageObject\",\"inLanguage\":\"de\",\"@id\":\"https:\\\/\\\/www.whiskey-and-more.de\\\/Shop\\\/#\\\/schema\\\/logo\\\/image\\\/\",\"url\":\"https:\\\/\\\/www.whiskey-and-more.de\\\/Shop\\\/wp-content\\\/uploads\\\/2020\\\/03\\\/Logo2.jpg\",\"contentUrl\":\"https:\\\/\\\/www.whiskey-and-more.de\\\/Shop\\\/wp-content\\\/uploads\\\/2020\\\/03\\\/Logo2.jpg\",\"width\":470,\"height\":110,\"caption\":\"Whisk(e)y and More\"},\"image\":{\"@id\":\"https:\\\/\\\/www.whiskey-and-more.de\\\/Shop\\\/#\\\/schema\\\/logo\\\/image\\\/\"},\"sameAs\":[\"https:\\\/\\\/de-de.facebook.com\\\/Whiskey-and-More-Spaden-1072860722859564\\\/about\"]}]}<\/script>\n<!-- \/ Yoast SEO plugin. -->","yoast_head_json":{"title":"West Cork Maritime Sherry Cask - W&amp;M Shop","description":"West Cork Maritime Sherry Cask bei whisk(e)y and more.de Ihr Onlineshop und Marktplatz f\u00fcr Whisky, Whiskey, Rum, Rhum, Gin und mehr. Sie finden auf whiskey-and-more.de Irish, Schottisch, American, Single Malts, Blended Whiskys bekannter und unbekannter Marken. Wir haben stets Whisky aus Schottland, Irland und der Welt, dauerhaft auf Lager.","robots":{"index":"index","follow":"follow","max-snippet":"max-snippet:-1","max-image-preview":"max-image-preview:large","max-video-preview":"max-video-preview:-1"},"canonical":"https:\/\/www.whiskey-and-more.de\/Shop\/produkt\/west-cork-maritime-sherry-cask\/","og_locale":"de_DE","og_type":"article","og_title":"West Cork Maritime Sherry Cask - W&amp;M Shop","og_description":"West Cork Maritime Sherry Cask bei whisk(e)y and more.de Ihr Onlineshop und Marktplatz f\u00fcr Whisky, Whiskey, Rum, Rhum, Gin und mehr. Sie finden auf whiskey-and-more.de Irish, Schottisch, American, Single Malts, Blended Whiskys bekannter und unbekannter Marken. Wir haben stets Whisky aus Schottland, Irland und der Welt, dauerhaft auf Lager.","og_url":"https:\/\/www.whiskey-and-more.de\/Shop\/produkt\/west-cork-maritime-sherry-cask\/","og_site_name":"W&amp;M Shop","article_publisher":"https:\/\/de-de.facebook.com\/Whiskey-and-More-Spaden-1072860722859564\/about","article_modified_time":"2026-04-14T09:25:25+00:00","og_image":[{"width":2000,"height":2000,"url":"https:\/\/www.whiskey-and-more.de\/Shop\/wp-content\/uploads\/2023\/08\/West-Cork-Maritime-Sherry-Cask.jpg","type":"image\/jpeg"}],"twitter_card":"summary_large_image","twitter_misc":{"Gesch\u00e4tzte Lesezeit":"1\u00a0Minute"},"schema":{"@context":"https:\/\/schema.org","@graph":[{"@type":"WebPage","@id":"https:\/\/www.whiskey-and-more.de\/Shop\/produkt\/west-cork-maritime-sherry-cask\/","url":"https:\/\/www.whiskey-and-more.de\/Shop\/produkt\/west-cork-maritime-sherry-cask\/","name":"West Cork Maritime Sherry Cask - W&amp;M Shop","isPartOf":{"@id":"https:\/\/www.whiskey-and-more.de\/Shop\/#website"},"primaryImageOfPage":{"@id":"https:\/\/www.whiskey-and-more.de\/Shop\/produkt\/west-cork-maritime-sherry-cask\/#primaryimage"},"image":{"@id":"https:\/\/www.whiskey-and-more.de\/Shop\/produkt\/west-cork-maritime-sherry-cask\/#primaryimage"},"thumbnailUrl":"https:\/\/www.whiskey-and-more.de\/Shop\/wp-content\/uploads\/2023\/08\/West-Cork-Maritime-Sherry-Cask.jpg","datePublished":"2023-08-08T12:38:02+00:00","dateModified":"2026-04-14T09:25:25+00:00","description":"West Cork Maritime Sherry Cask bei whisk(e)y and more.de Ihr Onlineshop und Marktplatz f\u00fcr Whisky, Whiskey, Rum, Rhum, Gin und mehr. Sie finden auf whiskey-and-more.de Irish, Schottisch, American, Single Malts, Blended Whiskys bekannter und unbekannter Marken. Wir haben stets Whisky aus Schottland, Irland und der Welt, dauerhaft auf Lager.","breadcrumb":{"@id":"https:\/\/www.whiskey-and-more.de\/Shop\/produkt\/west-cork-maritime-sherry-cask\/#breadcrumb"},"inLanguage":"de","potentialAction":[{"@type":"ReadAction","target":["https:\/\/www.whiskey-and-more.de\/Shop\/produkt\/west-cork-maritime-sherry-cask\/"]}]},{"@type":"ImageObject","inLanguage":"de","@id":"https:\/\/www.whiskey-and-more.de\/Shop\/produkt\/west-cork-maritime-sherry-cask\/#primaryimage","url":"https:\/\/www.whiskey-and-more.de\/Shop\/wp-content\/uploads\/2023\/08\/West-Cork-Maritime-Sherry-Cask.jpg","contentUrl":"https:\/\/www.whiskey-and-more.de\/Shop\/wp-content\/uploads\/2023\/08\/West-Cork-Maritime-Sherry-Cask.jpg","width":"2000","height":"2000","caption":"West Cork Maritime Sherry Cask"},{"@type":"BreadcrumbList","@id":"https:\/\/www.whiskey-and-more.de\/Shop\/produkt\/west-cork-maritime-sherry-cask\/#breadcrumb","itemListElement":[{"@type":"ListItem","position":1,"name":"Startseite","item":"https:\/\/www.whiskey-and-more.de\/Shop\/"},{"@type":"ListItem","position":2,"name":"Home","item":"https:\/\/www.whiskey-and-more.de\/Shop\/shop\/"},{"@type":"ListItem","position":3,"name":"Whisk(e)y","item":"https:\/\/www.whiskey-and-more.de\/Shop\/produkt-kategorie\/whiskey_whisky\/"},{"@type":"ListItem","position":4,"name":"West Cork Maritime Sherry Cask"}]},{"@type":"WebSite","@id":"https:\/\/www.whiskey-and-more.de\/Shop\/#website","url":"https:\/\/www.whiskey-and-more.de\/Shop\/","name":"W&amp;M Shop","description":"Der Online Shop von Whisk(e)y and More. Online Marktplatz f\u00fcr Whiskey, Whisky und mehr.","publisher":{"@id":"https:\/\/www.whiskey-and-more.de\/Shop\/#organization"},"potentialAction":[{"@type":"SearchAction","target":{"@type":"EntryPoint","urlTemplate":"https:\/\/www.whiskey-and-more.de\/Shop\/?s={search_term_string}"},"query-input":{"@type":"PropertyValueSpecification","valueRequired":true,"valueName":"search_term_string"}}],"inLanguage":"de"},{"@type":"Organization","@id":"https:\/\/www.whiskey-and-more.de\/Shop\/#organization","name":"Whisk(e)y and More","url":"https:\/\/www.whiskey-and-more.de\/Shop\/","logo":{"@type":"ImageObject","inLanguage":"de","@id":"https:\/\/www.whiskey-and-more.de\/Shop\/#\/schema\/logo\/image\/","url":"https:\/\/www.whiskey-and-more.de\/Shop\/wp-content\/uploads\/2020\/03\/Logo2.jpg","contentUrl":"https:\/\/www.whiskey-and-more.de\/Shop\/wp-content\/uploads\/2020\/03\/Logo2.jpg","width":470,"height":110,"caption":"Whisk(e)y and More"},"image":{"@id":"https:\/\/www.whiskey-and-more.de\/Shop\/#\/schema\/logo\/image\/"},"sameAs":["https:\/\/de-de.facebook.com\/Whiskey-and-More-Spaden-1072860722859564\/about"]}]}},"jetpack_sharing_enabled":true,"_links":{"self":[{"href":"https:\/\/www.whiskey-and-more.de\/Shop\/wp-json\/wp\/v2\/product\/5534","targetHints":{"allow":["GET"]}}],"collection":[{"href":"https:\/\/www.whiskey-and-more.de\/Shop\/wp-json\/wp\/v2\/product"}],"about":[{"href":"https:\/\/www.whiskey-and-more.de\/Shop\/wp-json\/wp\/v2\/types\/product"}],"replies":[{"embeddable":true,"href":"https:\/\/www.whiskey-and-more.de\/Shop\/wp-json\/wp\/v2\/comments?post=5534"}],"wp:featuredmedia":[{"embeddable":true,"href":"https:\/\/www.whiskey-and-more.de\/Shop\/wp-json\/wp\/v2\/media\/5535"}],"wp:attachment":[{"href":"https:\/\/www.whiskey-and-more.de\/Shop\/wp-json\/wp\/v2\/media?parent=5534"}],"wp:term":[{"taxonomy":"product_brand","embeddable":true,"href":"https:\/\/www.whiskey-and-more.de\/Shop\/wp-json\/wp\/v2\/product_brand?post=5534"},{"taxonomy":"product_cat","embeddable":true,"href":"https:\/\/www.whiskey-and-more.de\/Shop\/wp-json\/wp\/v2\/product_cat?post=5534"},{"taxonomy":"product_tag","embeddable":true,"href":"https:\/\/www.whiskey-and-more.de\/Shop\/wp-json\/wp\/v2\/product_tag?post=5534"}],"curies":[{"name":"wp","href":"https:\/\/api.w.org\/{rel}","templated":true}]}}