{"id":5706,"date":"2023-09-26T17:09:31","date_gmt":"2023-09-26T15:09:31","guid":{"rendered":"https:\/\/www.whiskey-and-more.de\/Shop\/?post_type=product&#038;p=5706"},"modified":"2026-04-14T11:21:55","modified_gmt":"2026-04-14T09:21:55","slug":"meikle-toir-5-y-o-the-sherry-one-heavily-peated-glenallachie-distillery","status":"publish","type":"product","link":"https:\/\/www.whiskey-and-more.de\/Shop\/produkt\/meikle-toir-5-y-o-the-sherry-one-heavily-peated-glenallachie-distillery\/","title":{"rendered":"Meikle Toir 5 y.o. The Sherry One &#8211; Heavily Peated &#8211; GlenAllachie Distillery &#8211;"},"content":{"rendered":"<p>&#8211; Single Malt Scotch aus der Speyside<br \/>\n&#8211; Heavily Peated<br \/>\n&#8211; 5 y.o.<br \/>\n&#8211; First Fill Bourbon Barrels, Pedro Xim\u00e9nez &amp; Oloroso Sherry Puncheons<br \/>\n&#8211; Torfgehalt: 35ppm<br \/>\n&#8211; abgef\u00fcllt in Trinkst\u00e4rke mit 48% vol.<br \/>\n&#8211; nicht k\u00fchlfiltriert<br \/>\n&#8211; nicht gef\u00e4rbt<\/p>\n<p><strong>Branchenveteran Billy Walker und The GlenAllachie verfolgen ein ambitioniertes Ziel: getorften Speyside Single Malt zu kreieren, der seinesgleichen sucht. Meikle T\u00f2ir (ausgesprochen \u201eMee-kuhl Tor\u201c) lautet entsprechend der Name f\u00fcr die neue Marke: G\u00e4lisch f\u00fcr \u201ebig pursuit\u201c, steht dieser frei \u00fcbersetzt f\u00fcr eine gro\u00dfe Mission.<\/strong><br \/>\n<strong>\u00a0<\/strong><br \/>\n<strong>An dem f\u00fcr die Whiskyregion raren, rauchigen Stil t\u00fcftelt die unabh\u00e4ngige Brennerei schon seit 2018. Wenn auch in kleinem Umfang: Nur f\u00fcr sechs Wochen pro Kalenderjahr werden rund 100.000 Liter getorften\u00a0Rohbrandes destilliert. Daf\u00fcr darrt das Gerstenmalz \u00fcber Festland-Torf aus St. Fergus, der im Vergleich zu Insel-Torf f\u00fcr s\u00fc\u00dferen Rauch mit Eichent\u00f6nen sorgt. Er wird in feuchtem Zustand verwendet \u2013 f\u00fcr maximale Aromen und einen Torfgehalt des Whiskys von aktuell bis zu 71 ppm (im Gerstenmalz bis zu 95 ppm).<\/strong><\/p>\n<p><strong>Nach 5 Jahren Reifezeit kommen jetzt die ersten Ergebnisse auf den Markt.<\/strong><\/p>\n<p><strong>F\u00fcr Meikle T\u00f2ir \u2013 The Sherry One greift Billy Walker auf Pedro Xim\u00e9nez und Oloroso Sherry Puncheons zur\u00fcck. Das Resultat: volle, fruchtige Noten, die sich harmonisch mit w\u00e4rmenden Torfrauchschwaden vermischen.<\/strong><\/p>\n","protected":false},"excerpt":{"rendered":"<p>Single Malt Scotch aus der Speyside<\/p>\n","protected":false},"featured_media":5707,"comment_status":"open","ping_status":"closed","template":"","meta":[],"product_brand":[],"product_cat":[41,36],"product_tag":[1438,98,99],"class_list":{"0":"post-5706","1":"product","2":"type-product","3":"status-publish","4":"has-post-thumbnail","6":"product_cat-schottland","7":"product_cat-whiskey_whisky","8":"product_tag-meikle-toir-5-y-o-the-sherry-one-heavily-peated-glenallachie-distillery","9":"product_tag-nicht-gefaerbt","10":"product_tag-nicht-kuehlgefiltert","12":"first","13":"instock","14":"taxable","15":"shipping-taxable","16":"purchasable","17":"product-type-simple"},"yoast_head":"<!-- This site is optimized with the Yoast SEO plugin v27.6 - https:\/\/yoast.com\/product\/yoast-seo-wordpress\/ -->\n<title>Meikle Toir 5 y.o. The Sherry One - Heavily Peated - GlenAllachie Distillery - W&amp;M Shop<\/title>\n<meta name=\"description\" content=\"Meikle Toir 5 y.o. The Sherry One - Heavily Peated - GlenAllachie Distillery - bei whisk(e)y and more.de Ihr Onlineshop und Marktplatz f\u00fcr Whisky, Whiskey, Rum, Rhum, Gin und mehr. Sie finden auf whiskey-and-more.de Irish, Schottisch, American, Single Malts, Blended Whiskys bekannter und unbekannter Marken. Wir haben stets Whisky aus Schottland, Irland und der Welt, dauerhaft auf Lager.\" \/>\n<meta name=\"robots\" content=\"index, follow, max-snippet:-1, max-image-preview:large, max-video-preview:-1\" \/>\n<link rel=\"canonical\" href=\"https:\/\/www.whiskey-and-more.de\/Shop\/produkt\/meikle-toir-5-y-o-the-sherry-one-heavily-peated-glenallachie-distillery\/\" \/>\n<meta property=\"og:locale\" content=\"de_DE\" \/>\n<meta property=\"og:type\" content=\"article\" \/>\n<meta property=\"og:title\" content=\"Meikle Toir 5 y.o. The Sherry One - Heavily Peated - GlenAllachie Distillery - W&amp;M Shop\" \/>\n<meta property=\"og:description\" content=\"Meikle Toir 5 y.o. The Sherry One - Heavily Peated - GlenAllachie Distillery - bei whisk(e)y and more.de Ihr Onlineshop und Marktplatz f\u00fcr Whisky, Whiskey, Rum, Rhum, Gin und mehr. Sie finden auf whiskey-and-more.de Irish, Schottisch, American, Single Malts, Blended Whiskys bekannter und unbekannter Marken. Wir haben stets Whisky aus Schottland, Irland und der Welt, dauerhaft auf Lager.\" \/>\n<meta property=\"og:url\" content=\"https:\/\/www.whiskey-and-more.de\/Shop\/produkt\/meikle-toir-5-y-o-the-sherry-one-heavily-peated-glenallachie-distillery\/\" \/>\n<meta property=\"og:site_name\" content=\"W&amp;M Shop\" \/>\n<meta property=\"article:publisher\" content=\"https:\/\/de-de.facebook.com\/Whiskey-and-More-Spaden-1072860722859564\/about\" \/>\n<meta property=\"article:modified_time\" content=\"2026-04-14T09:21:55+00:00\" \/>\n<meta property=\"og:image\" content=\"https:\/\/www.whiskey-and-more.de\/Shop\/wp-content\/uploads\/2023\/09\/Meikle-Toir-5-y.o.-The-Sherry-One-Heavily-Peated-GlenAllachie-Distillery-.jpg\" \/>\n\t<meta property=\"og:image:width\" content=\"2000\" \/>\n\t<meta property=\"og:image:height\" content=\"2000\" \/>\n\t<meta property=\"og:image:type\" content=\"image\/jpeg\" \/>\n<meta name=\"twitter:card\" content=\"summary_large_image\" \/>\n<meta name=\"twitter:label1\" content=\"Gesch\u00e4tzte Lesezeit\" \/>\n\t<meta name=\"twitter:data1\" content=\"2\u00a0Minuten\" \/>\n<script type=\"application\/ld+json\" class=\"yoast-schema-graph\">{\"@context\":\"https:\\\/\\\/schema.org\",\"@graph\":[{\"@type\":\"WebPage\",\"@id\":\"https:\\\/\\\/www.whiskey-and-more.de\\\/Shop\\\/produkt\\\/meikle-toir-5-y-o-the-sherry-one-heavily-peated-glenallachie-distillery\\\/\",\"url\":\"https:\\\/\\\/www.whiskey-and-more.de\\\/Shop\\\/produkt\\\/meikle-toir-5-y-o-the-sherry-one-heavily-peated-glenallachie-distillery\\\/\",\"name\":\"Meikle Toir 5 y.o. The Sherry One - Heavily Peated - GlenAllachie Distillery - W&amp;M Shop\",\"isPartOf\":{\"@id\":\"https:\\\/\\\/www.whiskey-and-more.de\\\/Shop\\\/#website\"},\"primaryImageOfPage\":{\"@id\":\"https:\\\/\\\/www.whiskey-and-more.de\\\/Shop\\\/produkt\\\/meikle-toir-5-y-o-the-sherry-one-heavily-peated-glenallachie-distillery\\\/#primaryimage\"},\"image\":{\"@id\":\"https:\\\/\\\/www.whiskey-and-more.de\\\/Shop\\\/produkt\\\/meikle-toir-5-y-o-the-sherry-one-heavily-peated-glenallachie-distillery\\\/#primaryimage\"},\"thumbnailUrl\":\"https:\\\/\\\/www.whiskey-and-more.de\\\/Shop\\\/wp-content\\\/uploads\\\/2023\\\/09\\\/Meikle-Toir-5-y.o.-The-Sherry-One-Heavily-Peated-GlenAllachie-Distillery-.jpg\",\"datePublished\":\"2023-09-26T15:09:31+00:00\",\"dateModified\":\"2026-04-14T09:21:55+00:00\",\"description\":\"Meikle Toir 5 y.o. The Sherry One - Heavily Peated - GlenAllachie Distillery - bei whisk(e)y and more.de Ihr Onlineshop und Marktplatz f\u00fcr Whisky, Whiskey, Rum, Rhum, Gin und mehr. Sie finden auf whiskey-and-more.de Irish, Schottisch, American, Single Malts, Blended Whiskys bekannter und unbekannter Marken. Wir haben stets Whisky aus Schottland, Irland und der Welt, dauerhaft auf Lager.\",\"breadcrumb\":{\"@id\":\"https:\\\/\\\/www.whiskey-and-more.de\\\/Shop\\\/produkt\\\/meikle-toir-5-y-o-the-sherry-one-heavily-peated-glenallachie-distillery\\\/#breadcrumb\"},\"inLanguage\":\"de\",\"potentialAction\":[{\"@type\":\"ReadAction\",\"target\":[\"https:\\\/\\\/www.whiskey-and-more.de\\\/Shop\\\/produkt\\\/meikle-toir-5-y-o-the-sherry-one-heavily-peated-glenallachie-distillery\\\/\"]}]},{\"@type\":\"ImageObject\",\"inLanguage\":\"de\",\"@id\":\"https:\\\/\\\/www.whiskey-and-more.de\\\/Shop\\\/produkt\\\/meikle-toir-5-y-o-the-sherry-one-heavily-peated-glenallachie-distillery\\\/#primaryimage\",\"url\":\"https:\\\/\\\/www.whiskey-and-more.de\\\/Shop\\\/wp-content\\\/uploads\\\/2023\\\/09\\\/Meikle-Toir-5-y.o.-The-Sherry-One-Heavily-Peated-GlenAllachie-Distillery-.jpg\",\"contentUrl\":\"https:\\\/\\\/www.whiskey-and-more.de\\\/Shop\\\/wp-content\\\/uploads\\\/2023\\\/09\\\/Meikle-Toir-5-y.o.-The-Sherry-One-Heavily-Peated-GlenAllachie-Distillery-.jpg\",\"width\":\"2000\",\"height\":\"2000\",\"caption\":\"Meikle Toir 5 y.o. The Sherry One - Heavily Peated - GlenAllachie Distillery -\"},{\"@type\":\"BreadcrumbList\",\"@id\":\"https:\\\/\\\/www.whiskey-and-more.de\\\/Shop\\\/produkt\\\/meikle-toir-5-y-o-the-sherry-one-heavily-peated-glenallachie-distillery\\\/#breadcrumb\",\"itemListElement\":[{\"@type\":\"ListItem\",\"position\":1,\"name\":\"Startseite\",\"item\":\"https:\\\/\\\/www.whiskey-and-more.de\\\/Shop\\\/\"},{\"@type\":\"ListItem\",\"position\":2,\"name\":\"Home\",\"item\":\"https:\\\/\\\/www.whiskey-and-more.de\\\/Shop\\\/shop\\\/\"},{\"@type\":\"ListItem\",\"position\":3,\"name\":\"Whisk(e)y\",\"item\":\"https:\\\/\\\/www.whiskey-and-more.de\\\/Shop\\\/produkt-kategorie\\\/whiskey_whisky\\\/\"},{\"@type\":\"ListItem\",\"position\":4,\"name\":\"Meikle Toir 5 y.o. The Sherry One &#8211; Heavily Peated &#8211; GlenAllachie Distillery &#8211;\"}]},{\"@type\":\"WebSite\",\"@id\":\"https:\\\/\\\/www.whiskey-and-more.de\\\/Shop\\\/#website\",\"url\":\"https:\\\/\\\/www.whiskey-and-more.de\\\/Shop\\\/\",\"name\":\"W&amp;M Shop\",\"description\":\"Der Online Shop von Whisk(e)y and More. Online Marktplatz f\u00fcr Whiskey, Whisky und mehr.\",\"publisher\":{\"@id\":\"https:\\\/\\\/www.whiskey-and-more.de\\\/Shop\\\/#organization\"},\"potentialAction\":[{\"@type\":\"SearchAction\",\"target\":{\"@type\":\"EntryPoint\",\"urlTemplate\":\"https:\\\/\\\/www.whiskey-and-more.de\\\/Shop\\\/?s={search_term_string}\"},\"query-input\":{\"@type\":\"PropertyValueSpecification\",\"valueRequired\":true,\"valueName\":\"search_term_string\"}}],\"inLanguage\":\"de\"},{\"@type\":\"Organization\",\"@id\":\"https:\\\/\\\/www.whiskey-and-more.de\\\/Shop\\\/#organization\",\"name\":\"Whisk(e)y and More\",\"url\":\"https:\\\/\\\/www.whiskey-and-more.de\\\/Shop\\\/\",\"logo\":{\"@type\":\"ImageObject\",\"inLanguage\":\"de\",\"@id\":\"https:\\\/\\\/www.whiskey-and-more.de\\\/Shop\\\/#\\\/schema\\\/logo\\\/image\\\/\",\"url\":\"https:\\\/\\\/www.whiskey-and-more.de\\\/Shop\\\/wp-content\\\/uploads\\\/2020\\\/03\\\/Logo2.jpg\",\"contentUrl\":\"https:\\\/\\\/www.whiskey-and-more.de\\\/Shop\\\/wp-content\\\/uploads\\\/2020\\\/03\\\/Logo2.jpg\",\"width\":470,\"height\":110,\"caption\":\"Whisk(e)y and More\"},\"image\":{\"@id\":\"https:\\\/\\\/www.whiskey-and-more.de\\\/Shop\\\/#\\\/schema\\\/logo\\\/image\\\/\"},\"sameAs\":[\"https:\\\/\\\/de-de.facebook.com\\\/Whiskey-and-More-Spaden-1072860722859564\\\/about\"]}]}<\/script>\n<!-- \/ Yoast SEO plugin. -->","yoast_head_json":{"title":"Meikle Toir 5 y.o. The Sherry One - Heavily Peated - GlenAllachie Distillery - W&amp;M Shop","description":"Meikle Toir 5 y.o. The Sherry One - Heavily Peated - GlenAllachie Distillery - bei whisk(e)y and more.de Ihr Onlineshop und Marktplatz f\u00fcr Whisky, Whiskey, Rum, Rhum, Gin und mehr. Sie finden auf whiskey-and-more.de Irish, Schottisch, American, Single Malts, Blended Whiskys bekannter und unbekannter Marken. Wir haben stets Whisky aus Schottland, Irland und der Welt, dauerhaft auf Lager.","robots":{"index":"index","follow":"follow","max-snippet":"max-snippet:-1","max-image-preview":"max-image-preview:large","max-video-preview":"max-video-preview:-1"},"canonical":"https:\/\/www.whiskey-and-more.de\/Shop\/produkt\/meikle-toir-5-y-o-the-sherry-one-heavily-peated-glenallachie-distillery\/","og_locale":"de_DE","og_type":"article","og_title":"Meikle Toir 5 y.o. The Sherry One - Heavily Peated - GlenAllachie Distillery - W&amp;M Shop","og_description":"Meikle Toir 5 y.o. The Sherry One - Heavily Peated - GlenAllachie Distillery - bei whisk(e)y and more.de Ihr Onlineshop und Marktplatz f\u00fcr Whisky, Whiskey, Rum, Rhum, Gin und mehr. Sie finden auf whiskey-and-more.de Irish, Schottisch, American, Single Malts, Blended Whiskys bekannter und unbekannter Marken. Wir haben stets Whisky aus Schottland, Irland und der Welt, dauerhaft auf Lager.","og_url":"https:\/\/www.whiskey-and-more.de\/Shop\/produkt\/meikle-toir-5-y-o-the-sherry-one-heavily-peated-glenallachie-distillery\/","og_site_name":"W&amp;M Shop","article_publisher":"https:\/\/de-de.facebook.com\/Whiskey-and-More-Spaden-1072860722859564\/about","article_modified_time":"2026-04-14T09:21:55+00:00","og_image":[{"width":2000,"height":2000,"url":"https:\/\/www.whiskey-and-more.de\/Shop\/wp-content\/uploads\/2023\/09\/Meikle-Toir-5-y.o.-The-Sherry-One-Heavily-Peated-GlenAllachie-Distillery-.jpg","type":"image\/jpeg"}],"twitter_card":"summary_large_image","twitter_misc":{"Gesch\u00e4tzte Lesezeit":"2\u00a0Minuten"},"schema":{"@context":"https:\/\/schema.org","@graph":[{"@type":"WebPage","@id":"https:\/\/www.whiskey-and-more.de\/Shop\/produkt\/meikle-toir-5-y-o-the-sherry-one-heavily-peated-glenallachie-distillery\/","url":"https:\/\/www.whiskey-and-more.de\/Shop\/produkt\/meikle-toir-5-y-o-the-sherry-one-heavily-peated-glenallachie-distillery\/","name":"Meikle Toir 5 y.o. The Sherry One - Heavily Peated - GlenAllachie Distillery - W&amp;M Shop","isPartOf":{"@id":"https:\/\/www.whiskey-and-more.de\/Shop\/#website"},"primaryImageOfPage":{"@id":"https:\/\/www.whiskey-and-more.de\/Shop\/produkt\/meikle-toir-5-y-o-the-sherry-one-heavily-peated-glenallachie-distillery\/#primaryimage"},"image":{"@id":"https:\/\/www.whiskey-and-more.de\/Shop\/produkt\/meikle-toir-5-y-o-the-sherry-one-heavily-peated-glenallachie-distillery\/#primaryimage"},"thumbnailUrl":"https:\/\/www.whiskey-and-more.de\/Shop\/wp-content\/uploads\/2023\/09\/Meikle-Toir-5-y.o.-The-Sherry-One-Heavily-Peated-GlenAllachie-Distillery-.jpg","datePublished":"2023-09-26T15:09:31+00:00","dateModified":"2026-04-14T09:21:55+00:00","description":"Meikle Toir 5 y.o. The Sherry One - Heavily Peated - GlenAllachie Distillery - bei whisk(e)y and more.de Ihr Onlineshop und Marktplatz f\u00fcr Whisky, Whiskey, Rum, Rhum, Gin und mehr. Sie finden auf whiskey-and-more.de Irish, Schottisch, American, Single Malts, Blended Whiskys bekannter und unbekannter Marken. Wir haben stets Whisky aus Schottland, Irland und der Welt, dauerhaft auf Lager.","breadcrumb":{"@id":"https:\/\/www.whiskey-and-more.de\/Shop\/produkt\/meikle-toir-5-y-o-the-sherry-one-heavily-peated-glenallachie-distillery\/#breadcrumb"},"inLanguage":"de","potentialAction":[{"@type":"ReadAction","target":["https:\/\/www.whiskey-and-more.de\/Shop\/produkt\/meikle-toir-5-y-o-the-sherry-one-heavily-peated-glenallachie-distillery\/"]}]},{"@type":"ImageObject","inLanguage":"de","@id":"https:\/\/www.whiskey-and-more.de\/Shop\/produkt\/meikle-toir-5-y-o-the-sherry-one-heavily-peated-glenallachie-distillery\/#primaryimage","url":"https:\/\/www.whiskey-and-more.de\/Shop\/wp-content\/uploads\/2023\/09\/Meikle-Toir-5-y.o.-The-Sherry-One-Heavily-Peated-GlenAllachie-Distillery-.jpg","contentUrl":"https:\/\/www.whiskey-and-more.de\/Shop\/wp-content\/uploads\/2023\/09\/Meikle-Toir-5-y.o.-The-Sherry-One-Heavily-Peated-GlenAllachie-Distillery-.jpg","width":"2000","height":"2000","caption":"Meikle Toir 5 y.o. The Sherry One - Heavily Peated - GlenAllachie Distillery -"},{"@type":"BreadcrumbList","@id":"https:\/\/www.whiskey-and-more.de\/Shop\/produkt\/meikle-toir-5-y-o-the-sherry-one-heavily-peated-glenallachie-distillery\/#breadcrumb","itemListElement":[{"@type":"ListItem","position":1,"name":"Startseite","item":"https:\/\/www.whiskey-and-more.de\/Shop\/"},{"@type":"ListItem","position":2,"name":"Home","item":"https:\/\/www.whiskey-and-more.de\/Shop\/shop\/"},{"@type":"ListItem","position":3,"name":"Whisk(e)y","item":"https:\/\/www.whiskey-and-more.de\/Shop\/produkt-kategorie\/whiskey_whisky\/"},{"@type":"ListItem","position":4,"name":"Meikle Toir 5 y.o. The Sherry One &#8211; Heavily Peated &#8211; GlenAllachie Distillery &#8211;"}]},{"@type":"WebSite","@id":"https:\/\/www.whiskey-and-more.de\/Shop\/#website","url":"https:\/\/www.whiskey-and-more.de\/Shop\/","name":"W&amp;M Shop","description":"Der Online Shop von Whisk(e)y and More. Online Marktplatz f\u00fcr Whiskey, Whisky und mehr.","publisher":{"@id":"https:\/\/www.whiskey-and-more.de\/Shop\/#organization"},"potentialAction":[{"@type":"SearchAction","target":{"@type":"EntryPoint","urlTemplate":"https:\/\/www.whiskey-and-more.de\/Shop\/?s={search_term_string}"},"query-input":{"@type":"PropertyValueSpecification","valueRequired":true,"valueName":"search_term_string"}}],"inLanguage":"de"},{"@type":"Organization","@id":"https:\/\/www.whiskey-and-more.de\/Shop\/#organization","name":"Whisk(e)y and More","url":"https:\/\/www.whiskey-and-more.de\/Shop\/","logo":{"@type":"ImageObject","inLanguage":"de","@id":"https:\/\/www.whiskey-and-more.de\/Shop\/#\/schema\/logo\/image\/","url":"https:\/\/www.whiskey-and-more.de\/Shop\/wp-content\/uploads\/2020\/03\/Logo2.jpg","contentUrl":"https:\/\/www.whiskey-and-more.de\/Shop\/wp-content\/uploads\/2020\/03\/Logo2.jpg","width":470,"height":110,"caption":"Whisk(e)y and More"},"image":{"@id":"https:\/\/www.whiskey-and-more.de\/Shop\/#\/schema\/logo\/image\/"},"sameAs":["https:\/\/de-de.facebook.com\/Whiskey-and-More-Spaden-1072860722859564\/about"]}]}},"jetpack_sharing_enabled":true,"_links":{"self":[{"href":"https:\/\/www.whiskey-and-more.de\/Shop\/wp-json\/wp\/v2\/product\/5706","targetHints":{"allow":["GET"]}}],"collection":[{"href":"https:\/\/www.whiskey-and-more.de\/Shop\/wp-json\/wp\/v2\/product"}],"about":[{"href":"https:\/\/www.whiskey-and-more.de\/Shop\/wp-json\/wp\/v2\/types\/product"}],"replies":[{"embeddable":true,"href":"https:\/\/www.whiskey-and-more.de\/Shop\/wp-json\/wp\/v2\/comments?post=5706"}],"wp:featuredmedia":[{"embeddable":true,"href":"https:\/\/www.whiskey-and-more.de\/Shop\/wp-json\/wp\/v2\/media\/5707"}],"wp:attachment":[{"href":"https:\/\/www.whiskey-and-more.de\/Shop\/wp-json\/wp\/v2\/media?parent=5706"}],"wp:term":[{"taxonomy":"product_brand","embeddable":true,"href":"https:\/\/www.whiskey-and-more.de\/Shop\/wp-json\/wp\/v2\/product_brand?post=5706"},{"taxonomy":"product_cat","embeddable":true,"href":"https:\/\/www.whiskey-and-more.de\/Shop\/wp-json\/wp\/v2\/product_cat?post=5706"},{"taxonomy":"product_tag","embeddable":true,"href":"https:\/\/www.whiskey-and-more.de\/Shop\/wp-json\/wp\/v2\/product_tag?post=5706"}],"curies":[{"name":"wp","href":"https:\/\/api.w.org\/{rel}","templated":true}]}}