{"id":6546,"date":"2024-07-29T09:53:29","date_gmt":"2024-07-29T07:53:29","guid":{"rendered":"https:\/\/www.whiskey-and-more.de\/Shop\/?post_type=product&#038;p=6546"},"modified":"2024-07-29T10:02:59","modified_gmt":"2024-07-29T08:02:59","slug":"waterford-single-irish-malt-whsikey-micro-cuvee-lomhar-limited-edition","status":"publish","type":"product","link":"https:\/\/www.whiskey-and-more.de\/Shop\/produkt\/waterford-single-irish-malt-whsikey-micro-cuvee-lomhar-limited-edition\/","title":{"rendered":"Waterford Single Irish Malt Whsikey &#8211; Micro Cuv\u00e9e L\u00f3mhar &#8211; Limited Edition"},"content":{"rendered":"<div class=\"wrapper_left\">\n<div class=\"wrapper_left\">\n<div class=\"wrapper_left\">&#8211; Single Malt Irish Whiskey<br \/>\n&#8211; nicht gef\u00e4rbt<br \/>\n&#8211; nicht k\u00fchlfiltriert<br \/>\n&#8211; abgef\u00fcllt in Trinkst\u00e4rke mit 50,0 % vol.<br \/>\n&#8211; Virgin Oak, Wine Casks, American Oak<\/div>\n<\/div>\n<div><\/div>\n<p>Dieser Waterford wurde bereits 2020 abgef\u00fcllt und war eine der ersten offiziellen Abf\u00fcllungen der Brennerei. Die Abf\u00fcllung ist auf 1.100 Flaschen limitiert<\/p>\n<\/div>\n<div>Waterfords Cuv\u00e9e-Konzept ist einmalig in der Single-Malt-Branche: Durch Ernte, Destillation und Reifung irischer Gerste von Farm zu Farm f\u00e4ngt Waterford das dem Getreide eigene, durch sein Terroir bedingte Geschmacksprofil ein. Die Single Farm Origin Whiskys der progressiven Brennerei bilden so ein beispielloses Repertoire an Aromen. Gleich Bausteinen f\u00fcgt Head Distiller Ned Gahan diese f\u00fcr sich schon einzigartigen Whiskys Schicht f\u00fcr Schicht zusammen \u2013 und erschafft ein hochkomplexes Ganzes, das mehr ist als die Summe seiner Teile.<\/div>\n","protected":false},"excerpt":{"rendered":"<p>Region: Irland<\/p>\n","protected":false},"featured_media":6547,"comment_status":"open","ping_status":"closed","template":"","meta":[],"product_brand":[],"product_cat":[42,36],"product_tag":[98,99,1626],"class_list":{"0":"post-6546","1":"product","2":"type-product","3":"status-publish","4":"has-post-thumbnail","6":"product_cat-irland","7":"product_cat-whiskey_whisky","8":"product_tag-nicht-gefaerbt","9":"product_tag-nicht-kuehlgefiltert","10":"product_tag-waterford-single-irish-malt-whsikey-micro-cuvee-lomhar-limited-edition","12":"first","13":"instock","14":"taxable","15":"shipping-taxable","16":"purchasable","17":"product-type-simple"},"yoast_head":"<!-- This site is optimized with the Yoast SEO plugin v27.4 - https:\/\/yoast.com\/product\/yoast-seo-wordpress\/ -->\n<title>Waterford Single Irish Malt Whsikey - Micro Cuv\u00e9e L\u00f3mhar - Limited Edition - W&amp;M Shop<\/title>\n<meta name=\"description\" content=\"Waterford Single Irish Malt Whsikey - Micro Cuv\u00e9e L\u00f3mhar - Limited Edition bei whisk(e)y and more.de Ihr Onlineshop und Marktplatz f\u00fcr Whisky, Whiskey, Rum, Rhum, Gin und mehr. Sie finden auf whiskey-and-more.de Irish, Schottisch, American, Single Malts, Blended Whiskys bekannter und unbekannter Marken. Wir haben stets Whisky aus Schottland, Irland und der Welt, dauerhaft auf Lager.\" \/>\n<meta name=\"robots\" content=\"index, follow, max-snippet:-1, max-image-preview:large, max-video-preview:-1\" \/>\n<link rel=\"canonical\" href=\"https:\/\/www.whiskey-and-more.de\/Shop\/produkt\/waterford-single-irish-malt-whsikey-micro-cuvee-lomhar-limited-edition\/\" \/>\n<meta property=\"og:locale\" content=\"de_DE\" \/>\n<meta property=\"og:type\" content=\"article\" \/>\n<meta property=\"og:title\" content=\"Waterford Single Irish Malt Whsikey - Micro Cuv\u00e9e L\u00f3mhar - Limited Edition - W&amp;M Shop\" \/>\n<meta property=\"og:description\" content=\"Waterford Single Irish Malt Whsikey - Micro Cuv\u00e9e L\u00f3mhar - Limited Edition bei whisk(e)y and more.de Ihr Onlineshop und Marktplatz f\u00fcr Whisky, Whiskey, Rum, Rhum, Gin und mehr. Sie finden auf whiskey-and-more.de Irish, Schottisch, American, Single Malts, Blended Whiskys bekannter und unbekannter Marken. Wir haben stets Whisky aus Schottland, Irland und der Welt, dauerhaft auf Lager.\" \/>\n<meta property=\"og:url\" content=\"https:\/\/www.whiskey-and-more.de\/Shop\/produkt\/waterford-single-irish-malt-whsikey-micro-cuvee-lomhar-limited-edition\/\" \/>\n<meta property=\"og:site_name\" content=\"W&amp;M Shop\" \/>\n<meta property=\"article:publisher\" content=\"https:\/\/de-de.facebook.com\/Whiskey-and-More-Spaden-1072860722859564\/about\" \/>\n<meta property=\"article:modified_time\" content=\"2024-07-29T08:02:59+00:00\" \/>\n<meta property=\"og:image\" content=\"https:\/\/www.whiskey-and-more.de\/Shop\/wp-content\/uploads\/2024\/07\/Waterford-Micro-Cuvee-rotated.jpg\" \/>\n\t<meta property=\"og:image:width\" content=\"240\" \/>\n\t<meta property=\"og:image:height\" content=\"320\" \/>\n\t<meta property=\"og:image:type\" content=\"image\/jpeg\" \/>\n<meta name=\"twitter:card\" content=\"summary_large_image\" \/>\n<meta name=\"twitter:label1\" content=\"Gesch\u00e4tzte Lesezeit\" \/>\n\t<meta name=\"twitter:data1\" content=\"1\u00a0Minute\" \/>\n<script type=\"application\/ld+json\" class=\"yoast-schema-graph\">{\"@context\":\"https:\\\/\\\/schema.org\",\"@graph\":[{\"@type\":\"WebPage\",\"@id\":\"https:\\\/\\\/www.whiskey-and-more.de\\\/Shop\\\/produkt\\\/waterford-single-irish-malt-whsikey-micro-cuvee-lomhar-limited-edition\\\/\",\"url\":\"https:\\\/\\\/www.whiskey-and-more.de\\\/Shop\\\/produkt\\\/waterford-single-irish-malt-whsikey-micro-cuvee-lomhar-limited-edition\\\/\",\"name\":\"Waterford Single Irish Malt Whsikey - Micro Cuv\u00e9e L\u00f3mhar - Limited Edition - W&amp;M Shop\",\"isPartOf\":{\"@id\":\"https:\\\/\\\/www.whiskey-and-more.de\\\/Shop\\\/#website\"},\"primaryImageOfPage\":{\"@id\":\"https:\\\/\\\/www.whiskey-and-more.de\\\/Shop\\\/produkt\\\/waterford-single-irish-malt-whsikey-micro-cuvee-lomhar-limited-edition\\\/#primaryimage\"},\"image\":{\"@id\":\"https:\\\/\\\/www.whiskey-and-more.de\\\/Shop\\\/produkt\\\/waterford-single-irish-malt-whsikey-micro-cuvee-lomhar-limited-edition\\\/#primaryimage\"},\"thumbnailUrl\":\"https:\\\/\\\/www.whiskey-and-more.de\\\/Shop\\\/wp-content\\\/uploads\\\/2024\\\/07\\\/Waterford-Micro-Cuvee-rotated.jpg\",\"datePublished\":\"2024-07-29T07:53:29+00:00\",\"dateModified\":\"2024-07-29T08:02:59+00:00\",\"description\":\"Waterford Single Irish Malt Whsikey - Micro Cuv\u00e9e L\u00f3mhar - Limited Edition bei whisk(e)y and more.de Ihr Onlineshop und Marktplatz f\u00fcr Whisky, Whiskey, Rum, Rhum, Gin und mehr. Sie finden auf whiskey-and-more.de Irish, Schottisch, American, Single Malts, Blended Whiskys bekannter und unbekannter Marken. Wir haben stets Whisky aus Schottland, Irland und der Welt, dauerhaft auf Lager.\",\"breadcrumb\":{\"@id\":\"https:\\\/\\\/www.whiskey-and-more.de\\\/Shop\\\/produkt\\\/waterford-single-irish-malt-whsikey-micro-cuvee-lomhar-limited-edition\\\/#breadcrumb\"},\"inLanguage\":\"de\",\"potentialAction\":[{\"@type\":\"ReadAction\",\"target\":[\"https:\\\/\\\/www.whiskey-and-more.de\\\/Shop\\\/produkt\\\/waterford-single-irish-malt-whsikey-micro-cuvee-lomhar-limited-edition\\\/\"]}]},{\"@type\":\"ImageObject\",\"inLanguage\":\"de\",\"@id\":\"https:\\\/\\\/www.whiskey-and-more.de\\\/Shop\\\/produkt\\\/waterford-single-irish-malt-whsikey-micro-cuvee-lomhar-limited-edition\\\/#primaryimage\",\"url\":\"https:\\\/\\\/www.whiskey-and-more.de\\\/Shop\\\/wp-content\\\/uploads\\\/2024\\\/07\\\/Waterford-Micro-Cuvee-rotated.jpg\",\"contentUrl\":\"https:\\\/\\\/www.whiskey-and-more.de\\\/Shop\\\/wp-content\\\/uploads\\\/2024\\\/07\\\/Waterford-Micro-Cuvee-rotated.jpg\",\"width\":\"240\",\"height\":\"320\",\"caption\":\"Waterford Single Irish Malt Whsikey - Micro Cuv\u00e9e L\u00f3mhar - Limited Edition\"},{\"@type\":\"BreadcrumbList\",\"@id\":\"https:\\\/\\\/www.whiskey-and-more.de\\\/Shop\\\/produkt\\\/waterford-single-irish-malt-whsikey-micro-cuvee-lomhar-limited-edition\\\/#breadcrumb\",\"itemListElement\":[{\"@type\":\"ListItem\",\"position\":1,\"name\":\"Startseite\",\"item\":\"https:\\\/\\\/www.whiskey-and-more.de\\\/Shop\\\/\"},{\"@type\":\"ListItem\",\"position\":2,\"name\":\"Home\",\"item\":\"https:\\\/\\\/www.whiskey-and-more.de\\\/Shop\\\/shop\\\/\"},{\"@type\":\"ListItem\",\"position\":3,\"name\":\"Whisk(e)y\",\"item\":\"https:\\\/\\\/www.whiskey-and-more.de\\\/Shop\\\/produkt-kategorie\\\/whiskey_whisky\\\/\"},{\"@type\":\"ListItem\",\"position\":4,\"name\":\"Waterford Single Irish Malt Whsikey &#8211; Micro Cuv\u00e9e L\u00f3mhar &#8211; Limited Edition\"}]},{\"@type\":\"WebSite\",\"@id\":\"https:\\\/\\\/www.whiskey-and-more.de\\\/Shop\\\/#website\",\"url\":\"https:\\\/\\\/www.whiskey-and-more.de\\\/Shop\\\/\",\"name\":\"W&amp;M Shop\",\"description\":\"Der Online Shop von Whisk(e)y and More. Online Marktplatz f\u00fcr Whiskey, Whisky und mehr.\",\"publisher\":{\"@id\":\"https:\\\/\\\/www.whiskey-and-more.de\\\/Shop\\\/#organization\"},\"potentialAction\":[{\"@type\":\"SearchAction\",\"target\":{\"@type\":\"EntryPoint\",\"urlTemplate\":\"https:\\\/\\\/www.whiskey-and-more.de\\\/Shop\\\/?s={search_term_string}\"},\"query-input\":{\"@type\":\"PropertyValueSpecification\",\"valueRequired\":true,\"valueName\":\"search_term_string\"}}],\"inLanguage\":\"de\"},{\"@type\":\"Organization\",\"@id\":\"https:\\\/\\\/www.whiskey-and-more.de\\\/Shop\\\/#organization\",\"name\":\"Whisk(e)y and More\",\"url\":\"https:\\\/\\\/www.whiskey-and-more.de\\\/Shop\\\/\",\"logo\":{\"@type\":\"ImageObject\",\"inLanguage\":\"de\",\"@id\":\"https:\\\/\\\/www.whiskey-and-more.de\\\/Shop\\\/#\\\/schema\\\/logo\\\/image\\\/\",\"url\":\"https:\\\/\\\/www.whiskey-and-more.de\\\/Shop\\\/wp-content\\\/uploads\\\/2020\\\/03\\\/Logo2.jpg\",\"contentUrl\":\"https:\\\/\\\/www.whiskey-and-more.de\\\/Shop\\\/wp-content\\\/uploads\\\/2020\\\/03\\\/Logo2.jpg\",\"width\":470,\"height\":110,\"caption\":\"Whisk(e)y and More\"},\"image\":{\"@id\":\"https:\\\/\\\/www.whiskey-and-more.de\\\/Shop\\\/#\\\/schema\\\/logo\\\/image\\\/\"},\"sameAs\":[\"https:\\\/\\\/de-de.facebook.com\\\/Whiskey-and-More-Spaden-1072860722859564\\\/about\"]}]}<\/script>\n<!-- \/ Yoast SEO plugin. -->","yoast_head_json":{"title":"Waterford Single Irish Malt Whsikey - Micro Cuv\u00e9e L\u00f3mhar - Limited Edition - W&amp;M Shop","description":"Waterford Single Irish Malt Whsikey - Micro Cuv\u00e9e L\u00f3mhar - Limited Edition bei whisk(e)y and more.de Ihr Onlineshop und Marktplatz f\u00fcr Whisky, Whiskey, Rum, Rhum, Gin und mehr. Sie finden auf whiskey-and-more.de Irish, Schottisch, American, Single Malts, Blended Whiskys bekannter und unbekannter Marken. Wir haben stets Whisky aus Schottland, Irland und der Welt, dauerhaft auf Lager.","robots":{"index":"index","follow":"follow","max-snippet":"max-snippet:-1","max-image-preview":"max-image-preview:large","max-video-preview":"max-video-preview:-1"},"canonical":"https:\/\/www.whiskey-and-more.de\/Shop\/produkt\/waterford-single-irish-malt-whsikey-micro-cuvee-lomhar-limited-edition\/","og_locale":"de_DE","og_type":"article","og_title":"Waterford Single Irish Malt Whsikey - Micro Cuv\u00e9e L\u00f3mhar - Limited Edition - W&amp;M Shop","og_description":"Waterford Single Irish Malt Whsikey - Micro Cuv\u00e9e L\u00f3mhar - Limited Edition bei whisk(e)y and more.de Ihr Onlineshop und Marktplatz f\u00fcr Whisky, Whiskey, Rum, Rhum, Gin und mehr. Sie finden auf whiskey-and-more.de Irish, Schottisch, American, Single Malts, Blended Whiskys bekannter und unbekannter Marken. Wir haben stets Whisky aus Schottland, Irland und der Welt, dauerhaft auf Lager.","og_url":"https:\/\/www.whiskey-and-more.de\/Shop\/produkt\/waterford-single-irish-malt-whsikey-micro-cuvee-lomhar-limited-edition\/","og_site_name":"W&amp;M Shop","article_publisher":"https:\/\/de-de.facebook.com\/Whiskey-and-More-Spaden-1072860722859564\/about","article_modified_time":"2024-07-29T08:02:59+00:00","og_image":[{"width":240,"height":320,"url":"https:\/\/www.whiskey-and-more.de\/Shop\/wp-content\/uploads\/2024\/07\/Waterford-Micro-Cuvee-rotated.jpg","type":"image\/jpeg"}],"twitter_card":"summary_large_image","twitter_misc":{"Gesch\u00e4tzte Lesezeit":"1\u00a0Minute"},"schema":{"@context":"https:\/\/schema.org","@graph":[{"@type":"WebPage","@id":"https:\/\/www.whiskey-and-more.de\/Shop\/produkt\/waterford-single-irish-malt-whsikey-micro-cuvee-lomhar-limited-edition\/","url":"https:\/\/www.whiskey-and-more.de\/Shop\/produkt\/waterford-single-irish-malt-whsikey-micro-cuvee-lomhar-limited-edition\/","name":"Waterford Single Irish Malt Whsikey - Micro Cuv\u00e9e L\u00f3mhar - Limited Edition - W&amp;M Shop","isPartOf":{"@id":"https:\/\/www.whiskey-and-more.de\/Shop\/#website"},"primaryImageOfPage":{"@id":"https:\/\/www.whiskey-and-more.de\/Shop\/produkt\/waterford-single-irish-malt-whsikey-micro-cuvee-lomhar-limited-edition\/#primaryimage"},"image":{"@id":"https:\/\/www.whiskey-and-more.de\/Shop\/produkt\/waterford-single-irish-malt-whsikey-micro-cuvee-lomhar-limited-edition\/#primaryimage"},"thumbnailUrl":"https:\/\/www.whiskey-and-more.de\/Shop\/wp-content\/uploads\/2024\/07\/Waterford-Micro-Cuvee-rotated.jpg","datePublished":"2024-07-29T07:53:29+00:00","dateModified":"2024-07-29T08:02:59+00:00","description":"Waterford Single Irish Malt Whsikey - Micro Cuv\u00e9e L\u00f3mhar - Limited Edition bei whisk(e)y and more.de Ihr Onlineshop und Marktplatz f\u00fcr Whisky, Whiskey, Rum, Rhum, Gin und mehr. Sie finden auf whiskey-and-more.de Irish, Schottisch, American, Single Malts, Blended Whiskys bekannter und unbekannter Marken. Wir haben stets Whisky aus Schottland, Irland und der Welt, dauerhaft auf Lager.","breadcrumb":{"@id":"https:\/\/www.whiskey-and-more.de\/Shop\/produkt\/waterford-single-irish-malt-whsikey-micro-cuvee-lomhar-limited-edition\/#breadcrumb"},"inLanguage":"de","potentialAction":[{"@type":"ReadAction","target":["https:\/\/www.whiskey-and-more.de\/Shop\/produkt\/waterford-single-irish-malt-whsikey-micro-cuvee-lomhar-limited-edition\/"]}]},{"@type":"ImageObject","inLanguage":"de","@id":"https:\/\/www.whiskey-and-more.de\/Shop\/produkt\/waterford-single-irish-malt-whsikey-micro-cuvee-lomhar-limited-edition\/#primaryimage","url":"https:\/\/www.whiskey-and-more.de\/Shop\/wp-content\/uploads\/2024\/07\/Waterford-Micro-Cuvee-rotated.jpg","contentUrl":"https:\/\/www.whiskey-and-more.de\/Shop\/wp-content\/uploads\/2024\/07\/Waterford-Micro-Cuvee-rotated.jpg","width":"240","height":"320","caption":"Waterford Single Irish Malt Whsikey - Micro Cuv\u00e9e L\u00f3mhar - Limited Edition"},{"@type":"BreadcrumbList","@id":"https:\/\/www.whiskey-and-more.de\/Shop\/produkt\/waterford-single-irish-malt-whsikey-micro-cuvee-lomhar-limited-edition\/#breadcrumb","itemListElement":[{"@type":"ListItem","position":1,"name":"Startseite","item":"https:\/\/www.whiskey-and-more.de\/Shop\/"},{"@type":"ListItem","position":2,"name":"Home","item":"https:\/\/www.whiskey-and-more.de\/Shop\/shop\/"},{"@type":"ListItem","position":3,"name":"Whisk(e)y","item":"https:\/\/www.whiskey-and-more.de\/Shop\/produkt-kategorie\/whiskey_whisky\/"},{"@type":"ListItem","position":4,"name":"Waterford Single Irish Malt Whsikey &#8211; Micro Cuv\u00e9e L\u00f3mhar &#8211; Limited Edition"}]},{"@type":"WebSite","@id":"https:\/\/www.whiskey-and-more.de\/Shop\/#website","url":"https:\/\/www.whiskey-and-more.de\/Shop\/","name":"W&amp;M Shop","description":"Der Online Shop von Whisk(e)y and More. Online Marktplatz f\u00fcr Whiskey, Whisky und mehr.","publisher":{"@id":"https:\/\/www.whiskey-and-more.de\/Shop\/#organization"},"potentialAction":[{"@type":"SearchAction","target":{"@type":"EntryPoint","urlTemplate":"https:\/\/www.whiskey-and-more.de\/Shop\/?s={search_term_string}"},"query-input":{"@type":"PropertyValueSpecification","valueRequired":true,"valueName":"search_term_string"}}],"inLanguage":"de"},{"@type":"Organization","@id":"https:\/\/www.whiskey-and-more.de\/Shop\/#organization","name":"Whisk(e)y and More","url":"https:\/\/www.whiskey-and-more.de\/Shop\/","logo":{"@type":"ImageObject","inLanguage":"de","@id":"https:\/\/www.whiskey-and-more.de\/Shop\/#\/schema\/logo\/image\/","url":"https:\/\/www.whiskey-and-more.de\/Shop\/wp-content\/uploads\/2020\/03\/Logo2.jpg","contentUrl":"https:\/\/www.whiskey-and-more.de\/Shop\/wp-content\/uploads\/2020\/03\/Logo2.jpg","width":470,"height":110,"caption":"Whisk(e)y and More"},"image":{"@id":"https:\/\/www.whiskey-and-more.de\/Shop\/#\/schema\/logo\/image\/"},"sameAs":["https:\/\/de-de.facebook.com\/Whiskey-and-More-Spaden-1072860722859564\/about"]}]}},"jetpack_sharing_enabled":true,"_links":{"self":[{"href":"https:\/\/www.whiskey-and-more.de\/Shop\/wp-json\/wp\/v2\/product\/6546","targetHints":{"allow":["GET"]}}],"collection":[{"href":"https:\/\/www.whiskey-and-more.de\/Shop\/wp-json\/wp\/v2\/product"}],"about":[{"href":"https:\/\/www.whiskey-and-more.de\/Shop\/wp-json\/wp\/v2\/types\/product"}],"replies":[{"embeddable":true,"href":"https:\/\/www.whiskey-and-more.de\/Shop\/wp-json\/wp\/v2\/comments?post=6546"}],"wp:featuredmedia":[{"embeddable":true,"href":"https:\/\/www.whiskey-and-more.de\/Shop\/wp-json\/wp\/v2\/media\/6547"}],"wp:attachment":[{"href":"https:\/\/www.whiskey-and-more.de\/Shop\/wp-json\/wp\/v2\/media?parent=6546"}],"wp:term":[{"taxonomy":"product_brand","embeddable":true,"href":"https:\/\/www.whiskey-and-more.de\/Shop\/wp-json\/wp\/v2\/product_brand?post=6546"},{"taxonomy":"product_cat","embeddable":true,"href":"https:\/\/www.whiskey-and-more.de\/Shop\/wp-json\/wp\/v2\/product_cat?post=6546"},{"taxonomy":"product_tag","embeddable":true,"href":"https:\/\/www.whiskey-and-more.de\/Shop\/wp-json\/wp\/v2\/product_tag?post=6546"}],"curies":[{"name":"wp","href":"https:\/\/api.w.org\/{rel}","templated":true}]}}