{"id":6580,"date":"2024-08-14T16:42:45","date_gmt":"2024-08-14T14:42:45","guid":{"rendered":"https:\/\/www.whiskey-and-more.de\/Shop\/?post_type=product&#038;p=6580"},"modified":"2024-08-14T17:08:07","modified_gmt":"2024-08-14T15:08:07","slug":"lochlea-harvest-edition-2nd-crop-single-malt-scotch-whisky","status":"publish","type":"product","link":"https:\/\/www.whiskey-and-more.de\/Shop\/produkt\/lochlea-harvest-edition-2nd-crop-single-malt-scotch-whisky\/","title":{"rendered":"Lochlea Harvest Edition 2nd Crop Single Malt Scotch Whisky"},"content":{"rendered":"<p>&#8211; Single Malt Scotch aus den Lowlands<br \/>\n&#8211; abgef\u00fcllt in Trinkst\u00e4rke mit 46 % vol.<br \/>\n&#8211; Gereift in Port STR, Bourbon Casks<br \/>\n&#8211; nicht k\u00fchlfiltriert<br \/>\n&#8211; nicht gef\u00e4rbt<\/p>\n<h2>Tasting Notes<\/h2>\n<p>Nase: Datteln, reife rote Trauben, Marmelade mit gro\u00dfen St\u00fcckchen.<br \/>\nGaumen: Rosa Pfefferk\u00f6rner und Trockenfr\u00fcchte.<br \/>\nNachklang: Wunderbar langanhaltend und cremig.<\/p>\n<p>Mit Lochlea ist die schottische Brennereilandschaft um eine unabh\u00e4ngige, familiengef\u00fchrte Farm Distillery gewachsen. F\u00fcr den unverkennbaren Stil ihres Single Malts ist nicht nur der ehemalige Laphroaig Distillery Manager und jetzige Lochlea Production Director und Master Blender, John Campbell, verantwortlich. Als eine von nur wenigen Whiskybrennereien Schottlands verwendet Lochlea ausschlie\u00dflich Gerste aus eigenem Anbau, destilliert und reift ihren Whisky vor Ort.<\/p>\n<p>Mit der Lochlea Harvest Edition (Second Crop) wachsen die \u201eSeasonal Releases\u201c 2023 um eine neue Abf\u00fcllung. Die Serie umfasst limitierte saisonale Abf\u00fcllungen. Jede von ihnen zeigt Lochlea Single Malt in einem anderen Licht. Und: was auf dem Hof im Wechsel der Jahreszeiten geschieht. Die Harvest Edition ist von der arbeitsreichen Erntezeit inspiriert, wenn in sommerlichen Sonnenunterg\u00e4ngen die Gerste f\u00fcr den Whisky des Folgejahres eingebracht wird.<\/p>\n<p>Aus Portweinf\u00e4ssern, STR-Barriques, deren innere Holzschicht d\u00fcnn abgetragen wurde, bevor sie getoastet und zuletzt oberfl\u00e4chlich neu ausgebrannt wurden (STR = \u201escraped\u201c oder \u201eshaved\u201c, \u201etoasted\u201c, \u201erecharred\u201c), und First-Fill-Bourbon-F\u00e4ssern verm\u00e4hlt, bietet die Harvest Edition in diesem Jahr k\u00f6stliche Abwechslung. Der viel h\u00f6here Anteil an Portweinf\u00e4ssern verst\u00e4rkt die Cremigkeit des Whiskys. Gleichzeitig bringen die STR-Barriques eine herrlich pfeffrige W\u00fcrze ein.<\/p>\n","protected":false},"excerpt":{"rendered":"<p>Single Malt Scotch aus den Lowlands<\/p>\n","protected":false},"featured_media":6581,"comment_status":"open","ping_status":"closed","template":"","meta":[],"product_brand":[],"product_cat":[41,36],"product_tag":[1637,109,98,99],"class_list":{"0":"post-6580","1":"product","2":"type-product","3":"status-publish","4":"has-post-thumbnail","6":"product_cat-schottland","7":"product_cat-whiskey_whisky","8":"product_tag-lochlea-harvest-edition-2nd-crop-single-malt-scotch-whisky","9":"product_tag-lowlands","10":"product_tag-nicht-gefaerbt","11":"product_tag-nicht-kuehlgefiltert","13":"first","14":"instock","15":"taxable","16":"shipping-taxable","17":"purchasable","18":"product-type-simple"},"yoast_head":"<!-- This site is optimized with the Yoast SEO plugin v27.4 - https:\/\/yoast.com\/product\/yoast-seo-wordpress\/ -->\n<title>Lochlea Harvest Edition 2nd Crop Single Malt Scotch Whisky - W&amp;M Shop<\/title>\n<meta name=\"description\" content=\"Lochlea Harvest Edition 2nd Crop Single Malt Scotch Whisky bei whisk(e)y and more.de Ihr Onlineshop und Marktplatz f\u00fcr Whisky, Whiskey, Rum, Rhum, Gin und mehr. Sie finden auf whiskey-and-more.de Irish, Schottisch, American, Single Malts, Blended Whiskys bekannter und unbekannter Marken. Wir haben stets Whisky aus Schottland, Irland und der Welt, dauerhaft auf Lager.\" \/>\n<meta name=\"robots\" content=\"index, follow, max-snippet:-1, max-image-preview:large, max-video-preview:-1\" \/>\n<link rel=\"canonical\" href=\"https:\/\/www.whiskey-and-more.de\/Shop\/produkt\/lochlea-harvest-edition-2nd-crop-single-malt-scotch-whisky\/\" \/>\n<meta property=\"og:locale\" content=\"de_DE\" \/>\n<meta property=\"og:type\" content=\"article\" \/>\n<meta property=\"og:title\" content=\"Lochlea Harvest Edition 2nd Crop Single Malt Scotch Whisky - W&amp;M Shop\" \/>\n<meta property=\"og:description\" content=\"Lochlea Harvest Edition 2nd Crop Single Malt Scotch Whisky bei whisk(e)y and more.de Ihr Onlineshop und Marktplatz f\u00fcr Whisky, Whiskey, Rum, Rhum, Gin und mehr. Sie finden auf whiskey-and-more.de Irish, Schottisch, American, Single Malts, Blended Whiskys bekannter und unbekannter Marken. Wir haben stets Whisky aus Schottland, Irland und der Welt, dauerhaft auf Lager.\" \/>\n<meta property=\"og:url\" content=\"https:\/\/www.whiskey-and-more.de\/Shop\/produkt\/lochlea-harvest-edition-2nd-crop-single-malt-scotch-whisky\/\" \/>\n<meta property=\"og:site_name\" content=\"W&amp;M Shop\" \/>\n<meta property=\"article:publisher\" content=\"https:\/\/de-de.facebook.com\/Whiskey-and-More-Spaden-1072860722859564\/about\" \/>\n<meta property=\"article:modified_time\" content=\"2024-08-14T15:08:07+00:00\" \/>\n<meta property=\"og:image\" content=\"https:\/\/www.whiskey-and-more.de\/Shop\/wp-content\/uploads\/2024\/08\/Lochlea-Harvest-2nd-Crop-Single-Malt-Scotch-Whisky.jpg\" \/>\n\t<meta property=\"og:image:width\" content=\"2000\" \/>\n\t<meta property=\"og:image:height\" content=\"2000\" \/>\n\t<meta property=\"og:image:type\" content=\"image\/jpeg\" \/>\n<meta name=\"twitter:card\" content=\"summary_large_image\" \/>\n<meta name=\"twitter:label1\" content=\"Gesch\u00e4tzte Lesezeit\" \/>\n\t<meta name=\"twitter:data1\" content=\"2\u00a0Minuten\" \/>\n<script type=\"application\/ld+json\" class=\"yoast-schema-graph\">{\"@context\":\"https:\\\/\\\/schema.org\",\"@graph\":[{\"@type\":\"WebPage\",\"@id\":\"https:\\\/\\\/www.whiskey-and-more.de\\\/Shop\\\/produkt\\\/lochlea-harvest-edition-2nd-crop-single-malt-scotch-whisky\\\/\",\"url\":\"https:\\\/\\\/www.whiskey-and-more.de\\\/Shop\\\/produkt\\\/lochlea-harvest-edition-2nd-crop-single-malt-scotch-whisky\\\/\",\"name\":\"Lochlea Harvest Edition 2nd Crop Single Malt Scotch Whisky - W&amp;M Shop\",\"isPartOf\":{\"@id\":\"https:\\\/\\\/www.whiskey-and-more.de\\\/Shop\\\/#website\"},\"primaryImageOfPage\":{\"@id\":\"https:\\\/\\\/www.whiskey-and-more.de\\\/Shop\\\/produkt\\\/lochlea-harvest-edition-2nd-crop-single-malt-scotch-whisky\\\/#primaryimage\"},\"image\":{\"@id\":\"https:\\\/\\\/www.whiskey-and-more.de\\\/Shop\\\/produkt\\\/lochlea-harvest-edition-2nd-crop-single-malt-scotch-whisky\\\/#primaryimage\"},\"thumbnailUrl\":\"https:\\\/\\\/www.whiskey-and-more.de\\\/Shop\\\/wp-content\\\/uploads\\\/2024\\\/08\\\/Lochlea-Harvest-2nd-Crop-Single-Malt-Scotch-Whisky.jpg\",\"datePublished\":\"2024-08-14T14:42:45+00:00\",\"dateModified\":\"2024-08-14T15:08:07+00:00\",\"description\":\"Lochlea Harvest Edition 2nd Crop Single Malt Scotch Whisky bei whisk(e)y and more.de Ihr Onlineshop und Marktplatz f\u00fcr Whisky, Whiskey, Rum, Rhum, Gin und mehr. Sie finden auf whiskey-and-more.de Irish, Schottisch, American, Single Malts, Blended Whiskys bekannter und unbekannter Marken. Wir haben stets Whisky aus Schottland, Irland und der Welt, dauerhaft auf Lager.\",\"breadcrumb\":{\"@id\":\"https:\\\/\\\/www.whiskey-and-more.de\\\/Shop\\\/produkt\\\/lochlea-harvest-edition-2nd-crop-single-malt-scotch-whisky\\\/#breadcrumb\"},\"inLanguage\":\"de\",\"potentialAction\":[{\"@type\":\"ReadAction\",\"target\":[\"https:\\\/\\\/www.whiskey-and-more.de\\\/Shop\\\/produkt\\\/lochlea-harvest-edition-2nd-crop-single-malt-scotch-whisky\\\/\"]}]},{\"@type\":\"ImageObject\",\"inLanguage\":\"de\",\"@id\":\"https:\\\/\\\/www.whiskey-and-more.de\\\/Shop\\\/produkt\\\/lochlea-harvest-edition-2nd-crop-single-malt-scotch-whisky\\\/#primaryimage\",\"url\":\"https:\\\/\\\/www.whiskey-and-more.de\\\/Shop\\\/wp-content\\\/uploads\\\/2024\\\/08\\\/Lochlea-Harvest-2nd-Crop-Single-Malt-Scotch-Whisky.jpg\",\"contentUrl\":\"https:\\\/\\\/www.whiskey-and-more.de\\\/Shop\\\/wp-content\\\/uploads\\\/2024\\\/08\\\/Lochlea-Harvest-2nd-Crop-Single-Malt-Scotch-Whisky.jpg\",\"width\":\"2000\",\"height\":\"2000\",\"caption\":\"Lochlea Harvest 2nd Crop Single Malt Scotch Whisky\"},{\"@type\":\"BreadcrumbList\",\"@id\":\"https:\\\/\\\/www.whiskey-and-more.de\\\/Shop\\\/produkt\\\/lochlea-harvest-edition-2nd-crop-single-malt-scotch-whisky\\\/#breadcrumb\",\"itemListElement\":[{\"@type\":\"ListItem\",\"position\":1,\"name\":\"Startseite\",\"item\":\"https:\\\/\\\/www.whiskey-and-more.de\\\/Shop\\\/\"},{\"@type\":\"ListItem\",\"position\":2,\"name\":\"Home\",\"item\":\"https:\\\/\\\/www.whiskey-and-more.de\\\/Shop\\\/shop\\\/\"},{\"@type\":\"ListItem\",\"position\":3,\"name\":\"Whisk(e)y\",\"item\":\"https:\\\/\\\/www.whiskey-and-more.de\\\/Shop\\\/produkt-kategorie\\\/whiskey_whisky\\\/\"},{\"@type\":\"ListItem\",\"position\":4,\"name\":\"Lochlea Harvest Edition 2nd Crop Single Malt Scotch Whisky\"}]},{\"@type\":\"WebSite\",\"@id\":\"https:\\\/\\\/www.whiskey-and-more.de\\\/Shop\\\/#website\",\"url\":\"https:\\\/\\\/www.whiskey-and-more.de\\\/Shop\\\/\",\"name\":\"W&amp;M Shop\",\"description\":\"Der Online Shop von Whisk(e)y and More. Online Marktplatz f\u00fcr Whiskey, Whisky und mehr.\",\"publisher\":{\"@id\":\"https:\\\/\\\/www.whiskey-and-more.de\\\/Shop\\\/#organization\"},\"potentialAction\":[{\"@type\":\"SearchAction\",\"target\":{\"@type\":\"EntryPoint\",\"urlTemplate\":\"https:\\\/\\\/www.whiskey-and-more.de\\\/Shop\\\/?s={search_term_string}\"},\"query-input\":{\"@type\":\"PropertyValueSpecification\",\"valueRequired\":true,\"valueName\":\"search_term_string\"}}],\"inLanguage\":\"de\"},{\"@type\":\"Organization\",\"@id\":\"https:\\\/\\\/www.whiskey-and-more.de\\\/Shop\\\/#organization\",\"name\":\"Whisk(e)y and More\",\"url\":\"https:\\\/\\\/www.whiskey-and-more.de\\\/Shop\\\/\",\"logo\":{\"@type\":\"ImageObject\",\"inLanguage\":\"de\",\"@id\":\"https:\\\/\\\/www.whiskey-and-more.de\\\/Shop\\\/#\\\/schema\\\/logo\\\/image\\\/\",\"url\":\"https:\\\/\\\/www.whiskey-and-more.de\\\/Shop\\\/wp-content\\\/uploads\\\/2020\\\/03\\\/Logo2.jpg\",\"contentUrl\":\"https:\\\/\\\/www.whiskey-and-more.de\\\/Shop\\\/wp-content\\\/uploads\\\/2020\\\/03\\\/Logo2.jpg\",\"width\":470,\"height\":110,\"caption\":\"Whisk(e)y and More\"},\"image\":{\"@id\":\"https:\\\/\\\/www.whiskey-and-more.de\\\/Shop\\\/#\\\/schema\\\/logo\\\/image\\\/\"},\"sameAs\":[\"https:\\\/\\\/de-de.facebook.com\\\/Whiskey-and-More-Spaden-1072860722859564\\\/about\"]}]}<\/script>\n<!-- \/ Yoast SEO plugin. -->","yoast_head_json":{"title":"Lochlea Harvest Edition 2nd Crop Single Malt Scotch Whisky - W&amp;M Shop","description":"Lochlea Harvest Edition 2nd Crop Single Malt Scotch Whisky bei whisk(e)y and more.de Ihr Onlineshop und Marktplatz f\u00fcr Whisky, Whiskey, Rum, Rhum, Gin und mehr. Sie finden auf whiskey-and-more.de Irish, Schottisch, American, Single Malts, Blended Whiskys bekannter und unbekannter Marken. Wir haben stets Whisky aus Schottland, Irland und der Welt, dauerhaft auf Lager.","robots":{"index":"index","follow":"follow","max-snippet":"max-snippet:-1","max-image-preview":"max-image-preview:large","max-video-preview":"max-video-preview:-1"},"canonical":"https:\/\/www.whiskey-and-more.de\/Shop\/produkt\/lochlea-harvest-edition-2nd-crop-single-malt-scotch-whisky\/","og_locale":"de_DE","og_type":"article","og_title":"Lochlea Harvest Edition 2nd Crop Single Malt Scotch Whisky - W&amp;M Shop","og_description":"Lochlea Harvest Edition 2nd Crop Single Malt Scotch Whisky bei whisk(e)y and more.de Ihr Onlineshop und Marktplatz f\u00fcr Whisky, Whiskey, Rum, Rhum, Gin und mehr. Sie finden auf whiskey-and-more.de Irish, Schottisch, American, Single Malts, Blended Whiskys bekannter und unbekannter Marken. Wir haben stets Whisky aus Schottland, Irland und der Welt, dauerhaft auf Lager.","og_url":"https:\/\/www.whiskey-and-more.de\/Shop\/produkt\/lochlea-harvest-edition-2nd-crop-single-malt-scotch-whisky\/","og_site_name":"W&amp;M Shop","article_publisher":"https:\/\/de-de.facebook.com\/Whiskey-and-More-Spaden-1072860722859564\/about","article_modified_time":"2024-08-14T15:08:07+00:00","og_image":[{"width":2000,"height":2000,"url":"https:\/\/www.whiskey-and-more.de\/Shop\/wp-content\/uploads\/2024\/08\/Lochlea-Harvest-2nd-Crop-Single-Malt-Scotch-Whisky.jpg","type":"image\/jpeg"}],"twitter_card":"summary_large_image","twitter_misc":{"Gesch\u00e4tzte Lesezeit":"2\u00a0Minuten"},"schema":{"@context":"https:\/\/schema.org","@graph":[{"@type":"WebPage","@id":"https:\/\/www.whiskey-and-more.de\/Shop\/produkt\/lochlea-harvest-edition-2nd-crop-single-malt-scotch-whisky\/","url":"https:\/\/www.whiskey-and-more.de\/Shop\/produkt\/lochlea-harvest-edition-2nd-crop-single-malt-scotch-whisky\/","name":"Lochlea Harvest Edition 2nd Crop Single Malt Scotch Whisky - W&amp;M Shop","isPartOf":{"@id":"https:\/\/www.whiskey-and-more.de\/Shop\/#website"},"primaryImageOfPage":{"@id":"https:\/\/www.whiskey-and-more.de\/Shop\/produkt\/lochlea-harvest-edition-2nd-crop-single-malt-scotch-whisky\/#primaryimage"},"image":{"@id":"https:\/\/www.whiskey-and-more.de\/Shop\/produkt\/lochlea-harvest-edition-2nd-crop-single-malt-scotch-whisky\/#primaryimage"},"thumbnailUrl":"https:\/\/www.whiskey-and-more.de\/Shop\/wp-content\/uploads\/2024\/08\/Lochlea-Harvest-2nd-Crop-Single-Malt-Scotch-Whisky.jpg","datePublished":"2024-08-14T14:42:45+00:00","dateModified":"2024-08-14T15:08:07+00:00","description":"Lochlea Harvest Edition 2nd Crop Single Malt Scotch Whisky bei whisk(e)y and more.de Ihr Onlineshop und Marktplatz f\u00fcr Whisky, Whiskey, Rum, Rhum, Gin und mehr. Sie finden auf whiskey-and-more.de Irish, Schottisch, American, Single Malts, Blended Whiskys bekannter und unbekannter Marken. Wir haben stets Whisky aus Schottland, Irland und der Welt, dauerhaft auf Lager.","breadcrumb":{"@id":"https:\/\/www.whiskey-and-more.de\/Shop\/produkt\/lochlea-harvest-edition-2nd-crop-single-malt-scotch-whisky\/#breadcrumb"},"inLanguage":"de","potentialAction":[{"@type":"ReadAction","target":["https:\/\/www.whiskey-and-more.de\/Shop\/produkt\/lochlea-harvest-edition-2nd-crop-single-malt-scotch-whisky\/"]}]},{"@type":"ImageObject","inLanguage":"de","@id":"https:\/\/www.whiskey-and-more.de\/Shop\/produkt\/lochlea-harvest-edition-2nd-crop-single-malt-scotch-whisky\/#primaryimage","url":"https:\/\/www.whiskey-and-more.de\/Shop\/wp-content\/uploads\/2024\/08\/Lochlea-Harvest-2nd-Crop-Single-Malt-Scotch-Whisky.jpg","contentUrl":"https:\/\/www.whiskey-and-more.de\/Shop\/wp-content\/uploads\/2024\/08\/Lochlea-Harvest-2nd-Crop-Single-Malt-Scotch-Whisky.jpg","width":"2000","height":"2000","caption":"Lochlea Harvest 2nd Crop Single Malt Scotch Whisky"},{"@type":"BreadcrumbList","@id":"https:\/\/www.whiskey-and-more.de\/Shop\/produkt\/lochlea-harvest-edition-2nd-crop-single-malt-scotch-whisky\/#breadcrumb","itemListElement":[{"@type":"ListItem","position":1,"name":"Startseite","item":"https:\/\/www.whiskey-and-more.de\/Shop\/"},{"@type":"ListItem","position":2,"name":"Home","item":"https:\/\/www.whiskey-and-more.de\/Shop\/shop\/"},{"@type":"ListItem","position":3,"name":"Whisk(e)y","item":"https:\/\/www.whiskey-and-more.de\/Shop\/produkt-kategorie\/whiskey_whisky\/"},{"@type":"ListItem","position":4,"name":"Lochlea Harvest Edition 2nd Crop Single Malt Scotch Whisky"}]},{"@type":"WebSite","@id":"https:\/\/www.whiskey-and-more.de\/Shop\/#website","url":"https:\/\/www.whiskey-and-more.de\/Shop\/","name":"W&amp;M Shop","description":"Der Online Shop von Whisk(e)y and More. Online Marktplatz f\u00fcr Whiskey, Whisky und mehr.","publisher":{"@id":"https:\/\/www.whiskey-and-more.de\/Shop\/#organization"},"potentialAction":[{"@type":"SearchAction","target":{"@type":"EntryPoint","urlTemplate":"https:\/\/www.whiskey-and-more.de\/Shop\/?s={search_term_string}"},"query-input":{"@type":"PropertyValueSpecification","valueRequired":true,"valueName":"search_term_string"}}],"inLanguage":"de"},{"@type":"Organization","@id":"https:\/\/www.whiskey-and-more.de\/Shop\/#organization","name":"Whisk(e)y and More","url":"https:\/\/www.whiskey-and-more.de\/Shop\/","logo":{"@type":"ImageObject","inLanguage":"de","@id":"https:\/\/www.whiskey-and-more.de\/Shop\/#\/schema\/logo\/image\/","url":"https:\/\/www.whiskey-and-more.de\/Shop\/wp-content\/uploads\/2020\/03\/Logo2.jpg","contentUrl":"https:\/\/www.whiskey-and-more.de\/Shop\/wp-content\/uploads\/2020\/03\/Logo2.jpg","width":470,"height":110,"caption":"Whisk(e)y and More"},"image":{"@id":"https:\/\/www.whiskey-and-more.de\/Shop\/#\/schema\/logo\/image\/"},"sameAs":["https:\/\/de-de.facebook.com\/Whiskey-and-More-Spaden-1072860722859564\/about"]}]}},"jetpack_sharing_enabled":true,"_links":{"self":[{"href":"https:\/\/www.whiskey-and-more.de\/Shop\/wp-json\/wp\/v2\/product\/6580","targetHints":{"allow":["GET"]}}],"collection":[{"href":"https:\/\/www.whiskey-and-more.de\/Shop\/wp-json\/wp\/v2\/product"}],"about":[{"href":"https:\/\/www.whiskey-and-more.de\/Shop\/wp-json\/wp\/v2\/types\/product"}],"replies":[{"embeddable":true,"href":"https:\/\/www.whiskey-and-more.de\/Shop\/wp-json\/wp\/v2\/comments?post=6580"}],"wp:featuredmedia":[{"embeddable":true,"href":"https:\/\/www.whiskey-and-more.de\/Shop\/wp-json\/wp\/v2\/media\/6581"}],"wp:attachment":[{"href":"https:\/\/www.whiskey-and-more.de\/Shop\/wp-json\/wp\/v2\/media?parent=6580"}],"wp:term":[{"taxonomy":"product_brand","embeddable":true,"href":"https:\/\/www.whiskey-and-more.de\/Shop\/wp-json\/wp\/v2\/product_brand?post=6580"},{"taxonomy":"product_cat","embeddable":true,"href":"https:\/\/www.whiskey-and-more.de\/Shop\/wp-json\/wp\/v2\/product_cat?post=6580"},{"taxonomy":"product_tag","embeddable":true,"href":"https:\/\/www.whiskey-and-more.de\/Shop\/wp-json\/wp\/v2\/product_tag?post=6580"}],"curies":[{"name":"wp","href":"https:\/\/api.w.org\/{rel}","templated":true}]}}