{"id":6773,"date":"2024-11-12T15:59:27","date_gmt":"2024-11-12T14:59:27","guid":{"rendered":"https:\/\/www.whiskey-and-more.de\/Shop\/?post_type=product&#038;p=6773"},"modified":"2025-01-04T17:03:12","modified_gmt":"2025-01-04T16:03:12","slug":"linkwood-2013-2024-10-y-o-1st-fill-ruby-port-barrique-314635-best-dram","status":"publish","type":"product","link":"https:\/\/www.whiskey-and-more.de\/Shop\/produkt\/linkwood-2013-2024-10-y-o-1st-fill-ruby-port-barrique-314635-best-dram\/","title":{"rendered":"Linkwood 2013\/2024 &#8211; 10 y.o. &#8211; 1st Fill Ruby Port Barrique #314635 (Best Dram)"},"content":{"rendered":"<div class=\"wrapper_left\">\n<div class=\"wrapper_left\">\n<div class=\"wrapper_left\">&#8211; Speyside Single Malt Scotch Whisky<\/div>\n<div class=\"wrapper_left\">&#8211; nicht gef\u00e4rbt<br \/>\n&#8211; nicht k\u00fchlfiltriert<\/div>\n<div>&#8211; Distilled: 23.12.2013 &#8211; Botteled: 15.07.2024 &#8211; 10 y.o.<\/div>\n<div class=\"wrapper_left\">&#8211; First Fill Ruby Port Berrique<\/div>\n<div class=\"wrapper_left\">&#8211; abgef\u00fcllt in Fassst\u00e4rke mit 57,1 % vol.<\/div>\n<div>&#8211; 287 Bottles<\/div>\n<div><\/div>\n<div>\n<h4><strong>Tasting Notes<\/strong><\/h4>\n<p>Nase: Auf die fruchtige S\u00fc\u00dfe von Waldfruchtkompott, altem Portwein und Schwarzkirschen folgt dezent Milchschokolade.<br \/>\nGaumen: Cremiges Mundgef\u00fchl. Dunkelfruchtige Portweins\u00fc\u00dfe und vollreife Brombeeren entfalten sich vor dem Hintergrund leichter, ausgleichender Tannine.<br \/>\nNachklang: Cremig, s\u00fc\u00df, dunkel und sanfter werdend.<\/p>\n<\/div>\n<div><\/div>\n<div>\n<p>Im zehnj\u00e4hrigen Jubil\u00e4umsjahr seiner Marke zeigt der Whisky-Druide mit zwei neuen Abf\u00fcllungen erneut, was er von Fassmagie versteht. Seine Best Drams w\u00e4hlt der unabh\u00e4ngige Abf\u00fcller pers\u00f6nlich und vor Ort in Schottlands Whiskyregionen aus, f\u00fcllt sie weder k\u00fchlfiltriert noch gef\u00e4rbt sowie als Single Casks stets fassstark ab.<\/p>\n<p>Mit dem Linkwood 2013\/2024 geht ein ausgesprochen cremiger, s\u00fc\u00dfer Vertreter der Speyside an den Start. Eine Dekade im First Fill Ruby Port Barrique steigerte die fruchtigen Eigenschaften des leichten Single Malts zu \u00fcppigen Noten von Schwarzkirschen und Waldfruchtkompott.<\/p>\n<\/div>\n<\/div>\n<\/div>\n","protected":false},"excerpt":{"rendered":"<p>Region: Speyside<\/p>\n","protected":false},"featured_media":6774,"comment_status":"open","ping_status":"closed","template":"","meta":[],"product_brand":[],"product_cat":[41,36],"product_tag":[642,1687,74],"class_list":{"0":"post-6773","1":"product","2":"type-product","3":"status-publish","4":"has-post-thumbnail","6":"product_cat-schottland","7":"product_cat-whiskey_whisky","8":"product_tag-best-dram","9":"product_tag-linkwood-2013-2024-10-y-o-1st-fill-ruby-port-barrique-314635-best-dram","10":"product_tag-single-malt-whisky","12":"first","13":"instock","14":"taxable","15":"shipping-taxable","16":"purchasable","17":"product-type-simple"},"yoast_head":"<!-- This site is optimized with the Yoast SEO plugin v27.4 - https:\/\/yoast.com\/product\/yoast-seo-wordpress\/ -->\n<title>Linkwood 2013\/2024 - 10 y.o. - 1st Fill Ruby Port Barrique #314635 (Best Dram) - W&amp;M Shop<\/title>\n<meta name=\"description\" content=\"Linkwood 2013\/2024 - 10 y.o. - 1st Fill Ruby Port Barrique #314635 (Best Dram) bei whisk(e)y and more.de Ihr Onlineshop und Marktplatz f\u00fcr Whisky, Whiskey, Rum, Rhum, Gin und mehr. Sie finden auf whiskey-and-more.de Irish, Schottisch, American, Single Malts, Blended Whiskys bekannter und unbekannter Marken. Wir haben stets Whisky aus Schottland, Irland und der Welt, dauerhaft auf Lager.\" \/>\n<meta name=\"robots\" content=\"index, follow, max-snippet:-1, max-image-preview:large, max-video-preview:-1\" \/>\n<link rel=\"canonical\" href=\"https:\/\/www.whiskey-and-more.de\/Shop\/produkt\/linkwood-2013-2024-10-y-o-1st-fill-ruby-port-barrique-314635-best-dram\/\" \/>\n<meta property=\"og:locale\" content=\"de_DE\" \/>\n<meta property=\"og:type\" content=\"article\" \/>\n<meta property=\"og:title\" content=\"Linkwood 2013\/2024 - 10 y.o. - 1st Fill Ruby Port Barrique #314635 (Best Dram) - W&amp;M Shop\" \/>\n<meta property=\"og:description\" content=\"Linkwood 2013\/2024 - 10 y.o. - 1st Fill Ruby Port Barrique #314635 (Best Dram) bei whisk(e)y and more.de Ihr Onlineshop und Marktplatz f\u00fcr Whisky, Whiskey, Rum, Rhum, Gin und mehr. Sie finden auf whiskey-and-more.de Irish, Schottisch, American, Single Malts, Blended Whiskys bekannter und unbekannter Marken. Wir haben stets Whisky aus Schottland, Irland und der Welt, dauerhaft auf Lager.\" \/>\n<meta property=\"og:url\" content=\"https:\/\/www.whiskey-and-more.de\/Shop\/produkt\/linkwood-2013-2024-10-y-o-1st-fill-ruby-port-barrique-314635-best-dram\/\" \/>\n<meta property=\"og:site_name\" content=\"W&amp;M Shop\" \/>\n<meta property=\"article:publisher\" content=\"https:\/\/de-de.facebook.com\/Whiskey-and-More-Spaden-1072860722859564\/about\" \/>\n<meta property=\"article:modified_time\" content=\"2025-01-04T16:03:12+00:00\" \/>\n<meta property=\"og:image\" content=\"https:\/\/www.whiskey-and-more.de\/Shop\/wp-content\/uploads\/2024\/11\/Linkwood-2013-2024-10-y.o.-1st-Fill-Ruby-Port-Barrique-314635-Best-Dram.jpg\" \/>\n\t<meta property=\"og:image:width\" content=\"2000\" \/>\n\t<meta property=\"og:image:height\" content=\"2000\" \/>\n\t<meta property=\"og:image:type\" content=\"image\/jpeg\" \/>\n<meta name=\"twitter:card\" content=\"summary_large_image\" \/>\n<meta name=\"twitter:label1\" content=\"Gesch\u00e4tzte Lesezeit\" \/>\n\t<meta name=\"twitter:data1\" content=\"2\u00a0Minuten\" \/>\n<script type=\"application\/ld+json\" class=\"yoast-schema-graph\">{\"@context\":\"https:\\\/\\\/schema.org\",\"@graph\":[{\"@type\":\"WebPage\",\"@id\":\"https:\\\/\\\/www.whiskey-and-more.de\\\/Shop\\\/produkt\\\/linkwood-2013-2024-10-y-o-1st-fill-ruby-port-barrique-314635-best-dram\\\/\",\"url\":\"https:\\\/\\\/www.whiskey-and-more.de\\\/Shop\\\/produkt\\\/linkwood-2013-2024-10-y-o-1st-fill-ruby-port-barrique-314635-best-dram\\\/\",\"name\":\"Linkwood 2013\\\/2024 - 10 y.o. - 1st Fill Ruby Port Barrique #314635 (Best Dram) - W&amp;M Shop\",\"isPartOf\":{\"@id\":\"https:\\\/\\\/www.whiskey-and-more.de\\\/Shop\\\/#website\"},\"primaryImageOfPage\":{\"@id\":\"https:\\\/\\\/www.whiskey-and-more.de\\\/Shop\\\/produkt\\\/linkwood-2013-2024-10-y-o-1st-fill-ruby-port-barrique-314635-best-dram\\\/#primaryimage\"},\"image\":{\"@id\":\"https:\\\/\\\/www.whiskey-and-more.de\\\/Shop\\\/produkt\\\/linkwood-2013-2024-10-y-o-1st-fill-ruby-port-barrique-314635-best-dram\\\/#primaryimage\"},\"thumbnailUrl\":\"https:\\\/\\\/www.whiskey-and-more.de\\\/Shop\\\/wp-content\\\/uploads\\\/2024\\\/11\\\/Linkwood-2013-2024-10-y.o.-1st-Fill-Ruby-Port-Barrique-314635-Best-Dram.jpg\",\"datePublished\":\"2024-11-12T14:59:27+00:00\",\"dateModified\":\"2025-01-04T16:03:12+00:00\",\"description\":\"Linkwood 2013\\\/2024 - 10 y.o. - 1st Fill Ruby Port Barrique #314635 (Best Dram) bei whisk(e)y and more.de Ihr Onlineshop und Marktplatz f\u00fcr Whisky, Whiskey, Rum, Rhum, Gin und mehr. Sie finden auf whiskey-and-more.de Irish, Schottisch, American, Single Malts, Blended Whiskys bekannter und unbekannter Marken. Wir haben stets Whisky aus Schottland, Irland und der Welt, dauerhaft auf Lager.\",\"breadcrumb\":{\"@id\":\"https:\\\/\\\/www.whiskey-and-more.de\\\/Shop\\\/produkt\\\/linkwood-2013-2024-10-y-o-1st-fill-ruby-port-barrique-314635-best-dram\\\/#breadcrumb\"},\"inLanguage\":\"de\",\"potentialAction\":[{\"@type\":\"ReadAction\",\"target\":[\"https:\\\/\\\/www.whiskey-and-more.de\\\/Shop\\\/produkt\\\/linkwood-2013-2024-10-y-o-1st-fill-ruby-port-barrique-314635-best-dram\\\/\"]}]},{\"@type\":\"ImageObject\",\"inLanguage\":\"de\",\"@id\":\"https:\\\/\\\/www.whiskey-and-more.de\\\/Shop\\\/produkt\\\/linkwood-2013-2024-10-y-o-1st-fill-ruby-port-barrique-314635-best-dram\\\/#primaryimage\",\"url\":\"https:\\\/\\\/www.whiskey-and-more.de\\\/Shop\\\/wp-content\\\/uploads\\\/2024\\\/11\\\/Linkwood-2013-2024-10-y.o.-1st-Fill-Ruby-Port-Barrique-314635-Best-Dram.jpg\",\"contentUrl\":\"https:\\\/\\\/www.whiskey-and-more.de\\\/Shop\\\/wp-content\\\/uploads\\\/2024\\\/11\\\/Linkwood-2013-2024-10-y.o.-1st-Fill-Ruby-Port-Barrique-314635-Best-Dram.jpg\",\"width\":\"2000\",\"height\":\"2000\",\"caption\":\"Linkwood 2013\\\/2024 - 10 y.o. - 1st Fill Ruby Port Barrique #314635 (Best Dram)\"},{\"@type\":\"BreadcrumbList\",\"@id\":\"https:\\\/\\\/www.whiskey-and-more.de\\\/Shop\\\/produkt\\\/linkwood-2013-2024-10-y-o-1st-fill-ruby-port-barrique-314635-best-dram\\\/#breadcrumb\",\"itemListElement\":[{\"@type\":\"ListItem\",\"position\":1,\"name\":\"Startseite\",\"item\":\"https:\\\/\\\/www.whiskey-and-more.de\\\/Shop\\\/\"},{\"@type\":\"ListItem\",\"position\":2,\"name\":\"Home\",\"item\":\"https:\\\/\\\/www.whiskey-and-more.de\\\/Shop\\\/shop\\\/\"},{\"@type\":\"ListItem\",\"position\":3,\"name\":\"Whisk(e)y\",\"item\":\"https:\\\/\\\/www.whiskey-and-more.de\\\/Shop\\\/produkt-kategorie\\\/whiskey_whisky\\\/\"},{\"@type\":\"ListItem\",\"position\":4,\"name\":\"Linkwood 2013\\\/2024 &#8211; 10 y.o. &#8211; 1st Fill Ruby Port Barrique #314635 (Best Dram)\"}]},{\"@type\":\"WebSite\",\"@id\":\"https:\\\/\\\/www.whiskey-and-more.de\\\/Shop\\\/#website\",\"url\":\"https:\\\/\\\/www.whiskey-and-more.de\\\/Shop\\\/\",\"name\":\"W&amp;M Shop\",\"description\":\"Der Online Shop von Whisk(e)y and More. Online Marktplatz f\u00fcr Whiskey, Whisky und mehr.\",\"publisher\":{\"@id\":\"https:\\\/\\\/www.whiskey-and-more.de\\\/Shop\\\/#organization\"},\"potentialAction\":[{\"@type\":\"SearchAction\",\"target\":{\"@type\":\"EntryPoint\",\"urlTemplate\":\"https:\\\/\\\/www.whiskey-and-more.de\\\/Shop\\\/?s={search_term_string}\"},\"query-input\":{\"@type\":\"PropertyValueSpecification\",\"valueRequired\":true,\"valueName\":\"search_term_string\"}}],\"inLanguage\":\"de\"},{\"@type\":\"Organization\",\"@id\":\"https:\\\/\\\/www.whiskey-and-more.de\\\/Shop\\\/#organization\",\"name\":\"Whisk(e)y and More\",\"url\":\"https:\\\/\\\/www.whiskey-and-more.de\\\/Shop\\\/\",\"logo\":{\"@type\":\"ImageObject\",\"inLanguage\":\"de\",\"@id\":\"https:\\\/\\\/www.whiskey-and-more.de\\\/Shop\\\/#\\\/schema\\\/logo\\\/image\\\/\",\"url\":\"https:\\\/\\\/www.whiskey-and-more.de\\\/Shop\\\/wp-content\\\/uploads\\\/2020\\\/03\\\/Logo2.jpg\",\"contentUrl\":\"https:\\\/\\\/www.whiskey-and-more.de\\\/Shop\\\/wp-content\\\/uploads\\\/2020\\\/03\\\/Logo2.jpg\",\"width\":470,\"height\":110,\"caption\":\"Whisk(e)y and More\"},\"image\":{\"@id\":\"https:\\\/\\\/www.whiskey-and-more.de\\\/Shop\\\/#\\\/schema\\\/logo\\\/image\\\/\"},\"sameAs\":[\"https:\\\/\\\/de-de.facebook.com\\\/Whiskey-and-More-Spaden-1072860722859564\\\/about\"]}]}<\/script>\n<!-- \/ Yoast SEO plugin. -->","yoast_head_json":{"title":"Linkwood 2013\/2024 - 10 y.o. - 1st Fill Ruby Port Barrique #314635 (Best Dram) - W&amp;M Shop","description":"Linkwood 2013\/2024 - 10 y.o. - 1st Fill Ruby Port Barrique #314635 (Best Dram) bei whisk(e)y and more.de Ihr Onlineshop und Marktplatz f\u00fcr Whisky, Whiskey, Rum, Rhum, Gin und mehr. Sie finden auf whiskey-and-more.de Irish, Schottisch, American, Single Malts, Blended Whiskys bekannter und unbekannter Marken. Wir haben stets Whisky aus Schottland, Irland und der Welt, dauerhaft auf Lager.","robots":{"index":"index","follow":"follow","max-snippet":"max-snippet:-1","max-image-preview":"max-image-preview:large","max-video-preview":"max-video-preview:-1"},"canonical":"https:\/\/www.whiskey-and-more.de\/Shop\/produkt\/linkwood-2013-2024-10-y-o-1st-fill-ruby-port-barrique-314635-best-dram\/","og_locale":"de_DE","og_type":"article","og_title":"Linkwood 2013\/2024 - 10 y.o. - 1st Fill Ruby Port Barrique #314635 (Best Dram) - W&amp;M Shop","og_description":"Linkwood 2013\/2024 - 10 y.o. - 1st Fill Ruby Port Barrique #314635 (Best Dram) bei whisk(e)y and more.de Ihr Onlineshop und Marktplatz f\u00fcr Whisky, Whiskey, Rum, Rhum, Gin und mehr. Sie finden auf whiskey-and-more.de Irish, Schottisch, American, Single Malts, Blended Whiskys bekannter und unbekannter Marken. Wir haben stets Whisky aus Schottland, Irland und der Welt, dauerhaft auf Lager.","og_url":"https:\/\/www.whiskey-and-more.de\/Shop\/produkt\/linkwood-2013-2024-10-y-o-1st-fill-ruby-port-barrique-314635-best-dram\/","og_site_name":"W&amp;M Shop","article_publisher":"https:\/\/de-de.facebook.com\/Whiskey-and-More-Spaden-1072860722859564\/about","article_modified_time":"2025-01-04T16:03:12+00:00","og_image":[{"width":2000,"height":2000,"url":"https:\/\/www.whiskey-and-more.de\/Shop\/wp-content\/uploads\/2024\/11\/Linkwood-2013-2024-10-y.o.-1st-Fill-Ruby-Port-Barrique-314635-Best-Dram.jpg","type":"image\/jpeg"}],"twitter_card":"summary_large_image","twitter_misc":{"Gesch\u00e4tzte Lesezeit":"2\u00a0Minuten"},"schema":{"@context":"https:\/\/schema.org","@graph":[{"@type":"WebPage","@id":"https:\/\/www.whiskey-and-more.de\/Shop\/produkt\/linkwood-2013-2024-10-y-o-1st-fill-ruby-port-barrique-314635-best-dram\/","url":"https:\/\/www.whiskey-and-more.de\/Shop\/produkt\/linkwood-2013-2024-10-y-o-1st-fill-ruby-port-barrique-314635-best-dram\/","name":"Linkwood 2013\/2024 - 10 y.o. - 1st Fill Ruby Port Barrique #314635 (Best Dram) - W&amp;M Shop","isPartOf":{"@id":"https:\/\/www.whiskey-and-more.de\/Shop\/#website"},"primaryImageOfPage":{"@id":"https:\/\/www.whiskey-and-more.de\/Shop\/produkt\/linkwood-2013-2024-10-y-o-1st-fill-ruby-port-barrique-314635-best-dram\/#primaryimage"},"image":{"@id":"https:\/\/www.whiskey-and-more.de\/Shop\/produkt\/linkwood-2013-2024-10-y-o-1st-fill-ruby-port-barrique-314635-best-dram\/#primaryimage"},"thumbnailUrl":"https:\/\/www.whiskey-and-more.de\/Shop\/wp-content\/uploads\/2024\/11\/Linkwood-2013-2024-10-y.o.-1st-Fill-Ruby-Port-Barrique-314635-Best-Dram.jpg","datePublished":"2024-11-12T14:59:27+00:00","dateModified":"2025-01-04T16:03:12+00:00","description":"Linkwood 2013\/2024 - 10 y.o. - 1st Fill Ruby Port Barrique #314635 (Best Dram) bei whisk(e)y and more.de Ihr Onlineshop und Marktplatz f\u00fcr Whisky, Whiskey, Rum, Rhum, Gin und mehr. Sie finden auf whiskey-and-more.de Irish, Schottisch, American, Single Malts, Blended Whiskys bekannter und unbekannter Marken. Wir haben stets Whisky aus Schottland, Irland und der Welt, dauerhaft auf Lager.","breadcrumb":{"@id":"https:\/\/www.whiskey-and-more.de\/Shop\/produkt\/linkwood-2013-2024-10-y-o-1st-fill-ruby-port-barrique-314635-best-dram\/#breadcrumb"},"inLanguage":"de","potentialAction":[{"@type":"ReadAction","target":["https:\/\/www.whiskey-and-more.de\/Shop\/produkt\/linkwood-2013-2024-10-y-o-1st-fill-ruby-port-barrique-314635-best-dram\/"]}]},{"@type":"ImageObject","inLanguage":"de","@id":"https:\/\/www.whiskey-and-more.de\/Shop\/produkt\/linkwood-2013-2024-10-y-o-1st-fill-ruby-port-barrique-314635-best-dram\/#primaryimage","url":"https:\/\/www.whiskey-and-more.de\/Shop\/wp-content\/uploads\/2024\/11\/Linkwood-2013-2024-10-y.o.-1st-Fill-Ruby-Port-Barrique-314635-Best-Dram.jpg","contentUrl":"https:\/\/www.whiskey-and-more.de\/Shop\/wp-content\/uploads\/2024\/11\/Linkwood-2013-2024-10-y.o.-1st-Fill-Ruby-Port-Barrique-314635-Best-Dram.jpg","width":"2000","height":"2000","caption":"Linkwood 2013\/2024 - 10 y.o. - 1st Fill Ruby Port Barrique #314635 (Best Dram)"},{"@type":"BreadcrumbList","@id":"https:\/\/www.whiskey-and-more.de\/Shop\/produkt\/linkwood-2013-2024-10-y-o-1st-fill-ruby-port-barrique-314635-best-dram\/#breadcrumb","itemListElement":[{"@type":"ListItem","position":1,"name":"Startseite","item":"https:\/\/www.whiskey-and-more.de\/Shop\/"},{"@type":"ListItem","position":2,"name":"Home","item":"https:\/\/www.whiskey-and-more.de\/Shop\/shop\/"},{"@type":"ListItem","position":3,"name":"Whisk(e)y","item":"https:\/\/www.whiskey-and-more.de\/Shop\/produkt-kategorie\/whiskey_whisky\/"},{"@type":"ListItem","position":4,"name":"Linkwood 2013\/2024 &#8211; 10 y.o. &#8211; 1st Fill Ruby Port Barrique #314635 (Best Dram)"}]},{"@type":"WebSite","@id":"https:\/\/www.whiskey-and-more.de\/Shop\/#website","url":"https:\/\/www.whiskey-and-more.de\/Shop\/","name":"W&amp;M Shop","description":"Der Online Shop von Whisk(e)y and More. Online Marktplatz f\u00fcr Whiskey, Whisky und mehr.","publisher":{"@id":"https:\/\/www.whiskey-and-more.de\/Shop\/#organization"},"potentialAction":[{"@type":"SearchAction","target":{"@type":"EntryPoint","urlTemplate":"https:\/\/www.whiskey-and-more.de\/Shop\/?s={search_term_string}"},"query-input":{"@type":"PropertyValueSpecification","valueRequired":true,"valueName":"search_term_string"}}],"inLanguage":"de"},{"@type":"Organization","@id":"https:\/\/www.whiskey-and-more.de\/Shop\/#organization","name":"Whisk(e)y and More","url":"https:\/\/www.whiskey-and-more.de\/Shop\/","logo":{"@type":"ImageObject","inLanguage":"de","@id":"https:\/\/www.whiskey-and-more.de\/Shop\/#\/schema\/logo\/image\/","url":"https:\/\/www.whiskey-and-more.de\/Shop\/wp-content\/uploads\/2020\/03\/Logo2.jpg","contentUrl":"https:\/\/www.whiskey-and-more.de\/Shop\/wp-content\/uploads\/2020\/03\/Logo2.jpg","width":470,"height":110,"caption":"Whisk(e)y and More"},"image":{"@id":"https:\/\/www.whiskey-and-more.de\/Shop\/#\/schema\/logo\/image\/"},"sameAs":["https:\/\/de-de.facebook.com\/Whiskey-and-More-Spaden-1072860722859564\/about"]}]}},"jetpack_sharing_enabled":true,"_links":{"self":[{"href":"https:\/\/www.whiskey-and-more.de\/Shop\/wp-json\/wp\/v2\/product\/6773","targetHints":{"allow":["GET"]}}],"collection":[{"href":"https:\/\/www.whiskey-and-more.de\/Shop\/wp-json\/wp\/v2\/product"}],"about":[{"href":"https:\/\/www.whiskey-and-more.de\/Shop\/wp-json\/wp\/v2\/types\/product"}],"replies":[{"embeddable":true,"href":"https:\/\/www.whiskey-and-more.de\/Shop\/wp-json\/wp\/v2\/comments?post=6773"}],"wp:featuredmedia":[{"embeddable":true,"href":"https:\/\/www.whiskey-and-more.de\/Shop\/wp-json\/wp\/v2\/media\/6774"}],"wp:attachment":[{"href":"https:\/\/www.whiskey-and-more.de\/Shop\/wp-json\/wp\/v2\/media?parent=6773"}],"wp:term":[{"taxonomy":"product_brand","embeddable":true,"href":"https:\/\/www.whiskey-and-more.de\/Shop\/wp-json\/wp\/v2\/product_brand?post=6773"},{"taxonomy":"product_cat","embeddable":true,"href":"https:\/\/www.whiskey-and-more.de\/Shop\/wp-json\/wp\/v2\/product_cat?post=6773"},{"taxonomy":"product_tag","embeddable":true,"href":"https:\/\/www.whiskey-and-more.de\/Shop\/wp-json\/wp\/v2\/product_tag?post=6773"}],"curies":[{"name":"wp","href":"https:\/\/api.w.org\/{rel}","templated":true}]}}