{"id":7058,"date":"2025-03-17T16:26:40","date_gmt":"2025-03-17T15:26:40","guid":{"rendered":"https:\/\/www.whiskey-and-more.de\/Shop\/?post_type=product&#038;p=7058"},"modified":"2026-01-27T16:03:53","modified_gmt":"2026-01-27T15:03:53","slug":"frc-platypus-7-y-o-rum-australia-sherry-cask-rum","status":"publish","type":"product","link":"https:\/\/www.whiskey-and-more.de\/Shop\/produkt\/frc-platypus-7-y-o-rum-australia-sherry-cask-rum\/","title":{"rendered":"FRC &#8211; Platypus 7 y.o. Rum &#8211; Australia Sherry Cask Rum"},"content":{"rendered":"<div class=\"wrapper_left\">\n<div class=\"wrapper_left\">\n<div class=\"attributes_display_divider\">&#8211; nicht k\u00fchlfiltriert<\/div>\n<div class=\"attributes_display_divider\">&#8211; ohne Farbstoff<\/div>\n<div>&#8211; abgef\u00fcllt in Trinkst\u00e4rke mit 43 % vol.<\/div>\n<div><\/div>\n<div>\n<h2>Tasting Notes<\/h2>\n<p>Nase: Dunkle Fr\u00fcchte und Sherryt\u00f6ne verbinden sich mit Ankl\u00e4ngen von Banane und Schokolade, abgerundet durch Eichenholzw\u00fcrze.<br \/>\nGaumen: Die W\u00fcrze setzt sich fort, begleitet von weicher Vanille, Beerennoten, Rosinen, Karamell und Pfeffer.<br \/>\nNachklang: Rosinen, Sherry und Eichenholz werden von mentholartiger Frische erg\u00e4nzt.<\/p>\n<\/div>\n<div>\n<p>&nbsp;<\/p>\n<p>Kurios &amp; komplex:<br \/>\nFRC widmet dem Schnabeltier eine australische Sonderedition.<\/p>\n<p>Ah, ein bipolarer Biber? Eine entfremdete Ente, vielleicht? Oder doch eher ein Otter auf Abwegen? Nein, dieses lebende Fossil ist von allem etwas und daher g\u00e4nzlich einzigartig: ein Schnabeltier (engl. platypus)! Die Verk\u00f6rperung eines biologischen Kuriosums geh\u00f6rt zur Klasse der S\u00e4ugetiere, legt aber trotzdem Eier. Okay \u2026 Dieser eigensinnigen Praxis folgt das Tierchen mit Paddelf\u00fc\u00dfen, Pelz und Schnabel ausschlie\u00dflich im Osten und S\u00fcdosten Australiens.<\/p>\n<p>Spannend, rar, komplex und unvergesslich \u2013 das sind Eigenschaften, mit denen sich auch der unabh\u00e4ngige Abf\u00fcller FRC bestens auskennt. Nach der Quokka Edition, einer fl\u00fcssigen Hommage an das beschwingte Beuteltier, widmet FRC nun mit dem Schnabeltier der n\u00e4chsten australischen Tierart einen eigenen Rum.<\/p>\n<p>F\u00fcr die Platypus Edition 7 y.o. arbeiteten die Norddeutschen erneut mit Australiens \u00e4ltester registrierter Brennerei zusammen. Die Beenleigh Artisan Distillers brannten den Small-Batch-Rum aus Melasse in Column wie auch Pot Still und lagerten ihn f\u00fcnf Jahre unter der australischen Sonne in Bourbon Casks. Zur komplexen Kr\u00f6nung wurde das limitierte Erlebnis f\u00fcr zwei Jahre auf dem europ\u00e4ischen Kontinent in Oloroso und Pedro Xim\u00e9nez Sherry Casks veredelt.<\/p>\n<\/div>\n<\/div>\n<\/div>\n","protected":false},"excerpt":{"rendered":"<p>&#8211; nicht k\u00fchlfiltriert &#8211; ohne Farbstoff &#8211; abgef\u00fcllt in Trinkst\u00e4rke mit 43 % vol. Tasting Notes Nase: Dunkle Fr\u00fcchte und Sherryt\u00f6ne verbinden sich mit Ankl\u00e4ngen von Banane und Schokolade, abgerundet durch Eichenholzw\u00fcrze. Gaumen: Die W\u00fcrze setzt sich fort, begleitet von weicher Vanille, Beerennoten, Rosinen, Karamell und Pfeffer. Nachklang: Rosinen, Sherry und Eichenholz werden von mentholartiger [&hellip;]<\/p>\n","protected":false},"featured_media":7059,"comment_status":"open","ping_status":"closed","template":"","meta":[],"product_brand":[],"product_cat":[18],"product_tag":[1766],"class_list":{"0":"post-7058","1":"product","2":"type-product","3":"status-publish","4":"has-post-thumbnail","6":"product_cat-rum-und-rumspirituosen","7":"product_tag-frc-platypus-7-y-o-rum-australia-sherry-cask-rum","9":"first","10":"outofstock","11":"taxable","12":"shipping-taxable","13":"purchasable","14":"product-type-simple"},"yoast_head":"<!-- This site is optimized with the Yoast SEO plugin v27.6 - https:\/\/yoast.com\/product\/yoast-seo-wordpress\/ -->\n<title>FRC - Platypus 7 y.o. Rum - Australia Sherry Cask Rum - W&amp;M Shop<\/title>\n<meta name=\"description\" content=\"FRC - Platypus 7 y.o. Rum - Australia Sherry Cask Rum bei whisk(e)y and more.de Ihr Onlineshop und Marktplatz f\u00fcr Whisky, Whiskey, Rum, Rhum, Gin und mehr. Sie finden auf whiskey-and-more.de Irish, Schottisch, American, Single Malts, Blended Whiskys bekannter und unbekannter Marken. Wir haben stets Whisky aus Schottland, Irland und der Welt, dauerhaft auf Lager.\" \/>\n<meta name=\"robots\" content=\"index, follow, max-snippet:-1, max-image-preview:large, max-video-preview:-1\" \/>\n<link rel=\"canonical\" href=\"https:\/\/www.whiskey-and-more.de\/Shop\/produkt\/frc-platypus-7-y-o-rum-australia-sherry-cask-rum\/\" \/>\n<meta property=\"og:locale\" content=\"de_DE\" \/>\n<meta property=\"og:type\" content=\"article\" \/>\n<meta property=\"og:title\" content=\"FRC - Platypus 7 y.o. Rum - Australia Sherry Cask Rum - W&amp;M Shop\" \/>\n<meta property=\"og:description\" content=\"FRC - Platypus 7 y.o. Rum - Australia Sherry Cask Rum bei whisk(e)y and more.de Ihr Onlineshop und Marktplatz f\u00fcr Whisky, Whiskey, Rum, Rhum, Gin und mehr. Sie finden auf whiskey-and-more.de Irish, Schottisch, American, Single Malts, Blended Whiskys bekannter und unbekannter Marken. Wir haben stets Whisky aus Schottland, Irland und der Welt, dauerhaft auf Lager.\" \/>\n<meta property=\"og:url\" content=\"https:\/\/www.whiskey-and-more.de\/Shop\/produkt\/frc-platypus-7-y-o-rum-australia-sherry-cask-rum\/\" \/>\n<meta property=\"og:site_name\" content=\"W&amp;M Shop\" \/>\n<meta property=\"article:publisher\" content=\"https:\/\/de-de.facebook.com\/Whiskey-and-More-Spaden-1072860722859564\/about\" \/>\n<meta property=\"article:modified_time\" content=\"2026-01-27T15:03:53+00:00\" \/>\n<meta property=\"og:image\" content=\"https:\/\/www.whiskey-and-more.de\/Shop\/wp-content\/uploads\/2025\/03\/FRC-Platypus-7-y.o.-Rum-Australia-Sherry-Cask-Rum.jpg\" \/>\n\t<meta property=\"og:image:width\" content=\"2000\" \/>\n\t<meta property=\"og:image:height\" content=\"2000\" \/>\n\t<meta property=\"og:image:type\" content=\"image\/jpeg\" \/>\n<meta name=\"twitter:card\" content=\"summary_large_image\" \/>\n<meta name=\"twitter:label1\" content=\"Gesch\u00e4tzte Lesezeit\" \/>\n\t<meta name=\"twitter:data1\" content=\"2\u00a0Minuten\" \/>\n<script type=\"application\/ld+json\" class=\"yoast-schema-graph\">{\"@context\":\"https:\\\/\\\/schema.org\",\"@graph\":[{\"@type\":\"WebPage\",\"@id\":\"https:\\\/\\\/www.whiskey-and-more.de\\\/Shop\\\/produkt\\\/frc-platypus-7-y-o-rum-australia-sherry-cask-rum\\\/\",\"url\":\"https:\\\/\\\/www.whiskey-and-more.de\\\/Shop\\\/produkt\\\/frc-platypus-7-y-o-rum-australia-sherry-cask-rum\\\/\",\"name\":\"FRC - Platypus 7 y.o. Rum - Australia Sherry Cask Rum - W&amp;M Shop\",\"isPartOf\":{\"@id\":\"https:\\\/\\\/www.whiskey-and-more.de\\\/Shop\\\/#website\"},\"primaryImageOfPage\":{\"@id\":\"https:\\\/\\\/www.whiskey-and-more.de\\\/Shop\\\/produkt\\\/frc-platypus-7-y-o-rum-australia-sherry-cask-rum\\\/#primaryimage\"},\"image\":{\"@id\":\"https:\\\/\\\/www.whiskey-and-more.de\\\/Shop\\\/produkt\\\/frc-platypus-7-y-o-rum-australia-sherry-cask-rum\\\/#primaryimage\"},\"thumbnailUrl\":\"https:\\\/\\\/www.whiskey-and-more.de\\\/Shop\\\/wp-content\\\/uploads\\\/2025\\\/03\\\/FRC-Platypus-7-y.o.-Rum-Australia-Sherry-Cask-Rum.jpg\",\"datePublished\":\"2025-03-17T15:26:40+00:00\",\"dateModified\":\"2026-01-27T15:03:53+00:00\",\"description\":\"FRC - Platypus 7 y.o. Rum - Australia Sherry Cask Rum bei whisk(e)y and more.de Ihr Onlineshop und Marktplatz f\u00fcr Whisky, Whiskey, Rum, Rhum, Gin und mehr. Sie finden auf whiskey-and-more.de Irish, Schottisch, American, Single Malts, Blended Whiskys bekannter und unbekannter Marken. Wir haben stets Whisky aus Schottland, Irland und der Welt, dauerhaft auf Lager.\",\"breadcrumb\":{\"@id\":\"https:\\\/\\\/www.whiskey-and-more.de\\\/Shop\\\/produkt\\\/frc-platypus-7-y-o-rum-australia-sherry-cask-rum\\\/#breadcrumb\"},\"inLanguage\":\"de\",\"potentialAction\":[{\"@type\":\"ReadAction\",\"target\":[\"https:\\\/\\\/www.whiskey-and-more.de\\\/Shop\\\/produkt\\\/frc-platypus-7-y-o-rum-australia-sherry-cask-rum\\\/\"]}]},{\"@type\":\"ImageObject\",\"inLanguage\":\"de\",\"@id\":\"https:\\\/\\\/www.whiskey-and-more.de\\\/Shop\\\/produkt\\\/frc-platypus-7-y-o-rum-australia-sherry-cask-rum\\\/#primaryimage\",\"url\":\"https:\\\/\\\/www.whiskey-and-more.de\\\/Shop\\\/wp-content\\\/uploads\\\/2025\\\/03\\\/FRC-Platypus-7-y.o.-Rum-Australia-Sherry-Cask-Rum.jpg\",\"contentUrl\":\"https:\\\/\\\/www.whiskey-and-more.de\\\/Shop\\\/wp-content\\\/uploads\\\/2025\\\/03\\\/FRC-Platypus-7-y.o.-Rum-Australia-Sherry-Cask-Rum.jpg\",\"width\":\"2000\",\"height\":\"2000\",\"caption\":\"FRC - Platypus 7 y.o. Rum - Australia Sherry Cask Rum\"},{\"@type\":\"BreadcrumbList\",\"@id\":\"https:\\\/\\\/www.whiskey-and-more.de\\\/Shop\\\/produkt\\\/frc-platypus-7-y-o-rum-australia-sherry-cask-rum\\\/#breadcrumb\",\"itemListElement\":[{\"@type\":\"ListItem\",\"position\":1,\"name\":\"Startseite\",\"item\":\"https:\\\/\\\/www.whiskey-and-more.de\\\/Shop\\\/\"},{\"@type\":\"ListItem\",\"position\":2,\"name\":\"Home\",\"item\":\"https:\\\/\\\/www.whiskey-and-more.de\\\/Shop\\\/shop\\\/\"},{\"@type\":\"ListItem\",\"position\":3,\"name\":\"Rum\\\/Rumspirituosen\",\"item\":\"https:\\\/\\\/www.whiskey-and-more.de\\\/Shop\\\/produkt-kategorie\\\/rum-und-rumspirituosen\\\/\"},{\"@type\":\"ListItem\",\"position\":4,\"name\":\"FRC &#8211; Platypus 7 y.o. Rum &#8211; Australia Sherry Cask Rum\"}]},{\"@type\":\"WebSite\",\"@id\":\"https:\\\/\\\/www.whiskey-and-more.de\\\/Shop\\\/#website\",\"url\":\"https:\\\/\\\/www.whiskey-and-more.de\\\/Shop\\\/\",\"name\":\"W&amp;M Shop\",\"description\":\"Der Online Shop von Whisk(e)y and More. Online Marktplatz f\u00fcr Whiskey, Whisky und mehr.\",\"publisher\":{\"@id\":\"https:\\\/\\\/www.whiskey-and-more.de\\\/Shop\\\/#organization\"},\"potentialAction\":[{\"@type\":\"SearchAction\",\"target\":{\"@type\":\"EntryPoint\",\"urlTemplate\":\"https:\\\/\\\/www.whiskey-and-more.de\\\/Shop\\\/?s={search_term_string}\"},\"query-input\":{\"@type\":\"PropertyValueSpecification\",\"valueRequired\":true,\"valueName\":\"search_term_string\"}}],\"inLanguage\":\"de\"},{\"@type\":\"Organization\",\"@id\":\"https:\\\/\\\/www.whiskey-and-more.de\\\/Shop\\\/#organization\",\"name\":\"Whisk(e)y and More\",\"url\":\"https:\\\/\\\/www.whiskey-and-more.de\\\/Shop\\\/\",\"logo\":{\"@type\":\"ImageObject\",\"inLanguage\":\"de\",\"@id\":\"https:\\\/\\\/www.whiskey-and-more.de\\\/Shop\\\/#\\\/schema\\\/logo\\\/image\\\/\",\"url\":\"https:\\\/\\\/www.whiskey-and-more.de\\\/Shop\\\/wp-content\\\/uploads\\\/2020\\\/03\\\/Logo2.jpg\",\"contentUrl\":\"https:\\\/\\\/www.whiskey-and-more.de\\\/Shop\\\/wp-content\\\/uploads\\\/2020\\\/03\\\/Logo2.jpg\",\"width\":470,\"height\":110,\"caption\":\"Whisk(e)y and More\"},\"image\":{\"@id\":\"https:\\\/\\\/www.whiskey-and-more.de\\\/Shop\\\/#\\\/schema\\\/logo\\\/image\\\/\"},\"sameAs\":[\"https:\\\/\\\/de-de.facebook.com\\\/Whiskey-and-More-Spaden-1072860722859564\\\/about\"]}]}<\/script>\n<!-- \/ Yoast SEO plugin. -->","yoast_head_json":{"title":"FRC - Platypus 7 y.o. Rum - Australia Sherry Cask Rum - W&amp;M Shop","description":"FRC - Platypus 7 y.o. Rum - Australia Sherry Cask Rum bei whisk(e)y and more.de Ihr Onlineshop und Marktplatz f\u00fcr Whisky, Whiskey, Rum, Rhum, Gin und mehr. Sie finden auf whiskey-and-more.de Irish, Schottisch, American, Single Malts, Blended Whiskys bekannter und unbekannter Marken. Wir haben stets Whisky aus Schottland, Irland und der Welt, dauerhaft auf Lager.","robots":{"index":"index","follow":"follow","max-snippet":"max-snippet:-1","max-image-preview":"max-image-preview:large","max-video-preview":"max-video-preview:-1"},"canonical":"https:\/\/www.whiskey-and-more.de\/Shop\/produkt\/frc-platypus-7-y-o-rum-australia-sherry-cask-rum\/","og_locale":"de_DE","og_type":"article","og_title":"FRC - Platypus 7 y.o. Rum - Australia Sherry Cask Rum - W&amp;M Shop","og_description":"FRC - Platypus 7 y.o. Rum - Australia Sherry Cask Rum bei whisk(e)y and more.de Ihr Onlineshop und Marktplatz f\u00fcr Whisky, Whiskey, Rum, Rhum, Gin und mehr. Sie finden auf whiskey-and-more.de Irish, Schottisch, American, Single Malts, Blended Whiskys bekannter und unbekannter Marken. Wir haben stets Whisky aus Schottland, Irland und der Welt, dauerhaft auf Lager.","og_url":"https:\/\/www.whiskey-and-more.de\/Shop\/produkt\/frc-platypus-7-y-o-rum-australia-sherry-cask-rum\/","og_site_name":"W&amp;M Shop","article_publisher":"https:\/\/de-de.facebook.com\/Whiskey-and-More-Spaden-1072860722859564\/about","article_modified_time":"2026-01-27T15:03:53+00:00","og_image":[{"width":2000,"height":2000,"url":"https:\/\/www.whiskey-and-more.de\/Shop\/wp-content\/uploads\/2025\/03\/FRC-Platypus-7-y.o.-Rum-Australia-Sherry-Cask-Rum.jpg","type":"image\/jpeg"}],"twitter_card":"summary_large_image","twitter_misc":{"Gesch\u00e4tzte Lesezeit":"2\u00a0Minuten"},"schema":{"@context":"https:\/\/schema.org","@graph":[{"@type":"WebPage","@id":"https:\/\/www.whiskey-and-more.de\/Shop\/produkt\/frc-platypus-7-y-o-rum-australia-sherry-cask-rum\/","url":"https:\/\/www.whiskey-and-more.de\/Shop\/produkt\/frc-platypus-7-y-o-rum-australia-sherry-cask-rum\/","name":"FRC - Platypus 7 y.o. Rum - Australia Sherry Cask Rum - W&amp;M Shop","isPartOf":{"@id":"https:\/\/www.whiskey-and-more.de\/Shop\/#website"},"primaryImageOfPage":{"@id":"https:\/\/www.whiskey-and-more.de\/Shop\/produkt\/frc-platypus-7-y-o-rum-australia-sherry-cask-rum\/#primaryimage"},"image":{"@id":"https:\/\/www.whiskey-and-more.de\/Shop\/produkt\/frc-platypus-7-y-o-rum-australia-sherry-cask-rum\/#primaryimage"},"thumbnailUrl":"https:\/\/www.whiskey-and-more.de\/Shop\/wp-content\/uploads\/2025\/03\/FRC-Platypus-7-y.o.-Rum-Australia-Sherry-Cask-Rum.jpg","datePublished":"2025-03-17T15:26:40+00:00","dateModified":"2026-01-27T15:03:53+00:00","description":"FRC - Platypus 7 y.o. Rum - Australia Sherry Cask Rum bei whisk(e)y and more.de Ihr Onlineshop und Marktplatz f\u00fcr Whisky, Whiskey, Rum, Rhum, Gin und mehr. Sie finden auf whiskey-and-more.de Irish, Schottisch, American, Single Malts, Blended Whiskys bekannter und unbekannter Marken. Wir haben stets Whisky aus Schottland, Irland und der Welt, dauerhaft auf Lager.","breadcrumb":{"@id":"https:\/\/www.whiskey-and-more.de\/Shop\/produkt\/frc-platypus-7-y-o-rum-australia-sherry-cask-rum\/#breadcrumb"},"inLanguage":"de","potentialAction":[{"@type":"ReadAction","target":["https:\/\/www.whiskey-and-more.de\/Shop\/produkt\/frc-platypus-7-y-o-rum-australia-sherry-cask-rum\/"]}]},{"@type":"ImageObject","inLanguage":"de","@id":"https:\/\/www.whiskey-and-more.de\/Shop\/produkt\/frc-platypus-7-y-o-rum-australia-sherry-cask-rum\/#primaryimage","url":"https:\/\/www.whiskey-and-more.de\/Shop\/wp-content\/uploads\/2025\/03\/FRC-Platypus-7-y.o.-Rum-Australia-Sherry-Cask-Rum.jpg","contentUrl":"https:\/\/www.whiskey-and-more.de\/Shop\/wp-content\/uploads\/2025\/03\/FRC-Platypus-7-y.o.-Rum-Australia-Sherry-Cask-Rum.jpg","width":"2000","height":"2000","caption":"FRC - Platypus 7 y.o. Rum - Australia Sherry Cask Rum"},{"@type":"BreadcrumbList","@id":"https:\/\/www.whiskey-and-more.de\/Shop\/produkt\/frc-platypus-7-y-o-rum-australia-sherry-cask-rum\/#breadcrumb","itemListElement":[{"@type":"ListItem","position":1,"name":"Startseite","item":"https:\/\/www.whiskey-and-more.de\/Shop\/"},{"@type":"ListItem","position":2,"name":"Home","item":"https:\/\/www.whiskey-and-more.de\/Shop\/shop\/"},{"@type":"ListItem","position":3,"name":"Rum\/Rumspirituosen","item":"https:\/\/www.whiskey-and-more.de\/Shop\/produkt-kategorie\/rum-und-rumspirituosen\/"},{"@type":"ListItem","position":4,"name":"FRC &#8211; Platypus 7 y.o. Rum &#8211; Australia Sherry Cask Rum"}]},{"@type":"WebSite","@id":"https:\/\/www.whiskey-and-more.de\/Shop\/#website","url":"https:\/\/www.whiskey-and-more.de\/Shop\/","name":"W&amp;M Shop","description":"Der Online Shop von Whisk(e)y and More. Online Marktplatz f\u00fcr Whiskey, Whisky und mehr.","publisher":{"@id":"https:\/\/www.whiskey-and-more.de\/Shop\/#organization"},"potentialAction":[{"@type":"SearchAction","target":{"@type":"EntryPoint","urlTemplate":"https:\/\/www.whiskey-and-more.de\/Shop\/?s={search_term_string}"},"query-input":{"@type":"PropertyValueSpecification","valueRequired":true,"valueName":"search_term_string"}}],"inLanguage":"de"},{"@type":"Organization","@id":"https:\/\/www.whiskey-and-more.de\/Shop\/#organization","name":"Whisk(e)y and More","url":"https:\/\/www.whiskey-and-more.de\/Shop\/","logo":{"@type":"ImageObject","inLanguage":"de","@id":"https:\/\/www.whiskey-and-more.de\/Shop\/#\/schema\/logo\/image\/","url":"https:\/\/www.whiskey-and-more.de\/Shop\/wp-content\/uploads\/2020\/03\/Logo2.jpg","contentUrl":"https:\/\/www.whiskey-and-more.de\/Shop\/wp-content\/uploads\/2020\/03\/Logo2.jpg","width":470,"height":110,"caption":"Whisk(e)y and More"},"image":{"@id":"https:\/\/www.whiskey-and-more.de\/Shop\/#\/schema\/logo\/image\/"},"sameAs":["https:\/\/de-de.facebook.com\/Whiskey-and-More-Spaden-1072860722859564\/about"]}]}},"jetpack_sharing_enabled":true,"_links":{"self":[{"href":"https:\/\/www.whiskey-and-more.de\/Shop\/wp-json\/wp\/v2\/product\/7058","targetHints":{"allow":["GET"]}}],"collection":[{"href":"https:\/\/www.whiskey-and-more.de\/Shop\/wp-json\/wp\/v2\/product"}],"about":[{"href":"https:\/\/www.whiskey-and-more.de\/Shop\/wp-json\/wp\/v2\/types\/product"}],"replies":[{"embeddable":true,"href":"https:\/\/www.whiskey-and-more.de\/Shop\/wp-json\/wp\/v2\/comments?post=7058"}],"wp:featuredmedia":[{"embeddable":true,"href":"https:\/\/www.whiskey-and-more.de\/Shop\/wp-json\/wp\/v2\/media\/7059"}],"wp:attachment":[{"href":"https:\/\/www.whiskey-and-more.de\/Shop\/wp-json\/wp\/v2\/media?parent=7058"}],"wp:term":[{"taxonomy":"product_brand","embeddable":true,"href":"https:\/\/www.whiskey-and-more.de\/Shop\/wp-json\/wp\/v2\/product_brand?post=7058"},{"taxonomy":"product_cat","embeddable":true,"href":"https:\/\/www.whiskey-and-more.de\/Shop\/wp-json\/wp\/v2\/product_cat?post=7058"},{"taxonomy":"product_tag","embeddable":true,"href":"https:\/\/www.whiskey-and-more.de\/Shop\/wp-json\/wp\/v2\/product_tag?post=7058"}],"curies":[{"name":"wp","href":"https:\/\/api.w.org\/{rel}","templated":true}]}}