{"id":7166,"date":"2025-05-02T14:59:16","date_gmt":"2025-05-02T12:59:16","guid":{"rendered":"https:\/\/www.whiskey-and-more.de\/Shop\/?post_type=product&#038;p=7166"},"modified":"2026-03-24T17:47:49","modified_gmt":"2026-03-24T16:47:49","slug":"caol-ila-2014-2023-8-y-o-tokaji-wine-cask-finish-murray-mcdavid-benchmark","status":"publish","type":"product","link":"https:\/\/www.whiskey-and-more.de\/Shop\/produkt\/caol-ila-2014-2023-8-y-o-tokaji-wine-cask-finish-murray-mcdavid-benchmark\/","title":{"rendered":"Caol Ila 2014\/2023 &#8211; 8 y.o. &#8211; Tokaji Wine Cask Finish &#8211; Murray McDavid &#8211; Benchmar1"},"content":{"rendered":"<div class=\"wrapper_left\">\n<div class=\"wrapper_left\">&#8211; Single Malt Scotch Whisky<br \/>\n&#8211; nicht gef\u00e4rbt<\/div>\n<div class=\"wrapper_left\">&#8211; nicht k\u00fchlgefiltert<\/div>\n<div class=\"wrapper_left\">&#8211; abgef\u00fcllt in Fassst\u00e4rke mit 50 % vol.<\/div>\n<div>&#8211; 18 y.o. \/ Distilled: 2014 &#8211; Bottled: 2023<\/div>\n<div>&#8211; Tokaji Wine Cask Finish<\/div>\n<div>&#8211; Murray McDavid Benchmark Serie<\/div>\n<div><\/div>\n<div>\n<div class=\"wrapper_left\">Seit 1994 steht Murray McDavid f\u00fcr die \u201eArt of Maturation\u201c \u2013 die hohe Kunst der Reifung schottischer Whiskys in mit Wein und Spirituosen vorbelegten F\u00e4ssern. Vollst\u00e4ndig oder f\u00fcr ein mehrmonatiges Finale in der Fassvielfalt perfektioniert: Die unabh\u00e4ngigen und unverf\u00e4lschten Abf\u00fcllungen des Hauses sind reich an Komplexit\u00e4t und Charakter.<\/p>\n<p>Der Caol Ila 2014\/2023 entstammt dem Herzst\u00fcck von Murray McDavid: der Reihe Benchmark. Die Islay-Ikone produziert einen kr\u00e4ftigen, lebendigen Single Malt. Den ungest\u00fcmen Traum f\u00fcr Torfliebhaber z\u00e4hmte der Head of Whisky Creations, Dean Jode, in frisch geleerten Tokajer-Weinf\u00e4ssern, in denen der Small Batch Whisky Eleganz und Raffinesse entwickelte.<\/p>\n<p>Nach zwei Jahren in den luxuri\u00f6s-s\u00fc\u00dfen Barriques ist der Islay-Malt ein gelungenes Beispiel f\u00fcr die Anziehungskraft von Gegens\u00e4tzen: Bei einem \u00fcppigen Mundgef\u00fchl trifft gegrillter Pfirsich auf rauchigen Honig, tropisches Rauchmalz und warme Glut.<\/p><\/div>\n<\/div>\n<\/div>\n","protected":false},"excerpt":{"rendered":"<p>Region: Islay<\/p>\n","protected":false},"featured_media":7167,"comment_status":"open","ping_status":"closed","template":"","meta":[],"product_brand":[],"product_cat":[41,36],"product_tag":[1795,1536,98,99],"class_list":{"0":"post-7166","1":"product","2":"type-product","3":"status-publish","4":"has-post-thumbnail","6":"product_cat-schottland","7":"product_cat-whiskey_whisky","8":"product_tag-caol-ila-2014-2023-8-y-o-tokaji-wine-cask-finish-murray-mcdavid-benchmark","9":"product_tag-murray-mcdavid","10":"product_tag-nicht-gefaerbt","11":"product_tag-nicht-kuehlgefiltert","13":"first","14":"outofstock","15":"taxable","16":"shipping-taxable","17":"purchasable","18":"product-type-simple"},"yoast_head":"<!-- This site is optimized with the Yoast SEO plugin v27.4 - https:\/\/yoast.com\/product\/yoast-seo-wordpress\/ -->\n<title>Caol Ila 2014\/2023 - 8 y.o. - Tokaji Wine Cask Finish - Murray McDavid - Benchmar1 - W&amp;M Shop<\/title>\n<meta name=\"description\" content=\"Caol Ila 2014\/2023 - 8 y.o. - Tokaji Wine Cask Finish - Murray McDavid - Benchmark bei whisk(e)y and more.de Ihr Onlineshop und Marktplatz f\u00fcr Whisky, Whiskey, Rum, Rhum, Gin und mehr. Sie finden auf whiskey-and-more.de Irish, Schottisch, American, Single Malts, Blended Whiskys bekannter und unbekannter Marken. Wir haben stets Whisky aus Schottland, Irland und der Welt, dauerhaft auf Lager.\" \/>\n<meta name=\"robots\" content=\"index, follow, max-snippet:-1, max-image-preview:large, max-video-preview:-1\" \/>\n<link rel=\"canonical\" href=\"https:\/\/www.whiskey-and-more.de\/Shop\/produkt\/caol-ila-2014-2023-8-y-o-tokaji-wine-cask-finish-murray-mcdavid-benchmark\/\" \/>\n<meta property=\"og:locale\" content=\"de_DE\" \/>\n<meta property=\"og:type\" content=\"article\" \/>\n<meta property=\"og:title\" content=\"Caol Ila 2014\/2023 - 8 y.o. - Tokaji Wine Cask Finish - Murray McDavid - Benchmar1 - W&amp;M Shop\" \/>\n<meta property=\"og:description\" content=\"Caol Ila 2014\/2023 - 8 y.o. - Tokaji Wine Cask Finish - Murray McDavid - Benchmark bei whisk(e)y and more.de Ihr Onlineshop und Marktplatz f\u00fcr Whisky, Whiskey, Rum, Rhum, Gin und mehr. Sie finden auf whiskey-and-more.de Irish, Schottisch, American, Single Malts, Blended Whiskys bekannter und unbekannter Marken. Wir haben stets Whisky aus Schottland, Irland und der Welt, dauerhaft auf Lager.\" \/>\n<meta property=\"og:url\" content=\"https:\/\/www.whiskey-and-more.de\/Shop\/produkt\/caol-ila-2014-2023-8-y-o-tokaji-wine-cask-finish-murray-mcdavid-benchmark\/\" \/>\n<meta property=\"og:site_name\" content=\"W&amp;M Shop\" \/>\n<meta property=\"article:publisher\" content=\"https:\/\/de-de.facebook.com\/Whiskey-and-More-Spaden-1072860722859564\/about\" \/>\n<meta property=\"article:modified_time\" content=\"2026-03-24T16:47:49+00:00\" \/>\n<meta property=\"og:image\" content=\"https:\/\/www.whiskey-and-more.de\/Shop\/wp-content\/uploads\/2025\/05\/Caol-Ila-2014-2023-8-y.o.-Tokaji-Wine-Cask-Finish-Murray-McDavid-Benchmark.jpg\" \/>\n\t<meta property=\"og:image:width\" content=\"2000\" \/>\n\t<meta property=\"og:image:height\" content=\"2000\" \/>\n\t<meta property=\"og:image:type\" content=\"image\/jpeg\" \/>\n<meta name=\"twitter:card\" content=\"summary_large_image\" \/>\n<meta name=\"twitter:label1\" content=\"Gesch\u00e4tzte Lesezeit\" \/>\n\t<meta name=\"twitter:data1\" content=\"2\u00a0Minuten\" \/>\n<script type=\"application\/ld+json\" class=\"yoast-schema-graph\">{\"@context\":\"https:\\\/\\\/schema.org\",\"@graph\":[{\"@type\":\"WebPage\",\"@id\":\"https:\\\/\\\/www.whiskey-and-more.de\\\/Shop\\\/produkt\\\/caol-ila-2014-2023-8-y-o-tokaji-wine-cask-finish-murray-mcdavid-benchmark\\\/\",\"url\":\"https:\\\/\\\/www.whiskey-and-more.de\\\/Shop\\\/produkt\\\/caol-ila-2014-2023-8-y-o-tokaji-wine-cask-finish-murray-mcdavid-benchmark\\\/\",\"name\":\"Caol Ila 2014\\\/2023 - 8 y.o. - Tokaji Wine Cask Finish - Murray McDavid - Benchmar1 - W&amp;M Shop\",\"isPartOf\":{\"@id\":\"https:\\\/\\\/www.whiskey-and-more.de\\\/Shop\\\/#website\"},\"primaryImageOfPage\":{\"@id\":\"https:\\\/\\\/www.whiskey-and-more.de\\\/Shop\\\/produkt\\\/caol-ila-2014-2023-8-y-o-tokaji-wine-cask-finish-murray-mcdavid-benchmark\\\/#primaryimage\"},\"image\":{\"@id\":\"https:\\\/\\\/www.whiskey-and-more.de\\\/Shop\\\/produkt\\\/caol-ila-2014-2023-8-y-o-tokaji-wine-cask-finish-murray-mcdavid-benchmark\\\/#primaryimage\"},\"thumbnailUrl\":\"https:\\\/\\\/www.whiskey-and-more.de\\\/Shop\\\/wp-content\\\/uploads\\\/2025\\\/05\\\/Caol-Ila-2014-2023-8-y.o.-Tokaji-Wine-Cask-Finish-Murray-McDavid-Benchmark.jpg\",\"datePublished\":\"2025-05-02T12:59:16+00:00\",\"dateModified\":\"2026-03-24T16:47:49+00:00\",\"description\":\"Caol Ila 2014\\\/2023 - 8 y.o. - Tokaji Wine Cask Finish - Murray McDavid - Benchmark bei whisk(e)y and more.de Ihr Onlineshop und Marktplatz f\u00fcr Whisky, Whiskey, Rum, Rhum, Gin und mehr. Sie finden auf whiskey-and-more.de Irish, Schottisch, American, Single Malts, Blended Whiskys bekannter und unbekannter Marken. Wir haben stets Whisky aus Schottland, Irland und der Welt, dauerhaft auf Lager.\",\"breadcrumb\":{\"@id\":\"https:\\\/\\\/www.whiskey-and-more.de\\\/Shop\\\/produkt\\\/caol-ila-2014-2023-8-y-o-tokaji-wine-cask-finish-murray-mcdavid-benchmark\\\/#breadcrumb\"},\"inLanguage\":\"de\",\"potentialAction\":[{\"@type\":\"ReadAction\",\"target\":[\"https:\\\/\\\/www.whiskey-and-more.de\\\/Shop\\\/produkt\\\/caol-ila-2014-2023-8-y-o-tokaji-wine-cask-finish-murray-mcdavid-benchmark\\\/\"]}]},{\"@type\":\"ImageObject\",\"inLanguage\":\"de\",\"@id\":\"https:\\\/\\\/www.whiskey-and-more.de\\\/Shop\\\/produkt\\\/caol-ila-2014-2023-8-y-o-tokaji-wine-cask-finish-murray-mcdavid-benchmark\\\/#primaryimage\",\"url\":\"https:\\\/\\\/www.whiskey-and-more.de\\\/Shop\\\/wp-content\\\/uploads\\\/2025\\\/05\\\/Caol-Ila-2014-2023-8-y.o.-Tokaji-Wine-Cask-Finish-Murray-McDavid-Benchmark.jpg\",\"contentUrl\":\"https:\\\/\\\/www.whiskey-and-more.de\\\/Shop\\\/wp-content\\\/uploads\\\/2025\\\/05\\\/Caol-Ila-2014-2023-8-y.o.-Tokaji-Wine-Cask-Finish-Murray-McDavid-Benchmark.jpg\",\"width\":\"2000\",\"height\":\"2000\",\"caption\":\"Caol Ila 2014\\\/2023 - 8 y.o. - Tokaji Wine Cask Finish - Murray McDavid - Benchmark\"},{\"@type\":\"BreadcrumbList\",\"@id\":\"https:\\\/\\\/www.whiskey-and-more.de\\\/Shop\\\/produkt\\\/caol-ila-2014-2023-8-y-o-tokaji-wine-cask-finish-murray-mcdavid-benchmark\\\/#breadcrumb\",\"itemListElement\":[{\"@type\":\"ListItem\",\"position\":1,\"name\":\"Startseite\",\"item\":\"https:\\\/\\\/www.whiskey-and-more.de\\\/Shop\\\/\"},{\"@type\":\"ListItem\",\"position\":2,\"name\":\"Home\",\"item\":\"https:\\\/\\\/www.whiskey-and-more.de\\\/Shop\\\/shop\\\/\"},{\"@type\":\"ListItem\",\"position\":3,\"name\":\"Whisk(e)y\",\"item\":\"https:\\\/\\\/www.whiskey-and-more.de\\\/Shop\\\/produkt-kategorie\\\/whiskey_whisky\\\/\"},{\"@type\":\"ListItem\",\"position\":4,\"name\":\"Caol Ila 2014\\\/2023 &#8211; 8 y.o. &#8211; Tokaji Wine Cask Finish &#8211; Murray McDavid &#8211; Benchmar1\"}]},{\"@type\":\"WebSite\",\"@id\":\"https:\\\/\\\/www.whiskey-and-more.de\\\/Shop\\\/#website\",\"url\":\"https:\\\/\\\/www.whiskey-and-more.de\\\/Shop\\\/\",\"name\":\"W&amp;M Shop\",\"description\":\"Der Online Shop von Whisk(e)y and More. Online Marktplatz f\u00fcr Whiskey, Whisky und mehr.\",\"publisher\":{\"@id\":\"https:\\\/\\\/www.whiskey-and-more.de\\\/Shop\\\/#organization\"},\"potentialAction\":[{\"@type\":\"SearchAction\",\"target\":{\"@type\":\"EntryPoint\",\"urlTemplate\":\"https:\\\/\\\/www.whiskey-and-more.de\\\/Shop\\\/?s={search_term_string}\"},\"query-input\":{\"@type\":\"PropertyValueSpecification\",\"valueRequired\":true,\"valueName\":\"search_term_string\"}}],\"inLanguage\":\"de\"},{\"@type\":\"Organization\",\"@id\":\"https:\\\/\\\/www.whiskey-and-more.de\\\/Shop\\\/#organization\",\"name\":\"Whisk(e)y and More\",\"url\":\"https:\\\/\\\/www.whiskey-and-more.de\\\/Shop\\\/\",\"logo\":{\"@type\":\"ImageObject\",\"inLanguage\":\"de\",\"@id\":\"https:\\\/\\\/www.whiskey-and-more.de\\\/Shop\\\/#\\\/schema\\\/logo\\\/image\\\/\",\"url\":\"https:\\\/\\\/www.whiskey-and-more.de\\\/Shop\\\/wp-content\\\/uploads\\\/2020\\\/03\\\/Logo2.jpg\",\"contentUrl\":\"https:\\\/\\\/www.whiskey-and-more.de\\\/Shop\\\/wp-content\\\/uploads\\\/2020\\\/03\\\/Logo2.jpg\",\"width\":470,\"height\":110,\"caption\":\"Whisk(e)y and More\"},\"image\":{\"@id\":\"https:\\\/\\\/www.whiskey-and-more.de\\\/Shop\\\/#\\\/schema\\\/logo\\\/image\\\/\"},\"sameAs\":[\"https:\\\/\\\/de-de.facebook.com\\\/Whiskey-and-More-Spaden-1072860722859564\\\/about\"]}]}<\/script>\n<!-- \/ Yoast SEO plugin. -->","yoast_head_json":{"title":"Caol Ila 2014\/2023 - 8 y.o. - Tokaji Wine Cask Finish - Murray McDavid - Benchmar1 - W&amp;M Shop","description":"Caol Ila 2014\/2023 - 8 y.o. - Tokaji Wine Cask Finish - Murray McDavid - Benchmark bei whisk(e)y and more.de Ihr Onlineshop und Marktplatz f\u00fcr Whisky, Whiskey, Rum, Rhum, Gin und mehr. Sie finden auf whiskey-and-more.de Irish, Schottisch, American, Single Malts, Blended Whiskys bekannter und unbekannter Marken. Wir haben stets Whisky aus Schottland, Irland und der Welt, dauerhaft auf Lager.","robots":{"index":"index","follow":"follow","max-snippet":"max-snippet:-1","max-image-preview":"max-image-preview:large","max-video-preview":"max-video-preview:-1"},"canonical":"https:\/\/www.whiskey-and-more.de\/Shop\/produkt\/caol-ila-2014-2023-8-y-o-tokaji-wine-cask-finish-murray-mcdavid-benchmark\/","og_locale":"de_DE","og_type":"article","og_title":"Caol Ila 2014\/2023 - 8 y.o. - Tokaji Wine Cask Finish - Murray McDavid - Benchmar1 - W&amp;M Shop","og_description":"Caol Ila 2014\/2023 - 8 y.o. - Tokaji Wine Cask Finish - Murray McDavid - Benchmark bei whisk(e)y and more.de Ihr Onlineshop und Marktplatz f\u00fcr Whisky, Whiskey, Rum, Rhum, Gin und mehr. Sie finden auf whiskey-and-more.de Irish, Schottisch, American, Single Malts, Blended Whiskys bekannter und unbekannter Marken. Wir haben stets Whisky aus Schottland, Irland und der Welt, dauerhaft auf Lager.","og_url":"https:\/\/www.whiskey-and-more.de\/Shop\/produkt\/caol-ila-2014-2023-8-y-o-tokaji-wine-cask-finish-murray-mcdavid-benchmark\/","og_site_name":"W&amp;M Shop","article_publisher":"https:\/\/de-de.facebook.com\/Whiskey-and-More-Spaden-1072860722859564\/about","article_modified_time":"2026-03-24T16:47:49+00:00","og_image":[{"width":2000,"height":2000,"url":"https:\/\/www.whiskey-and-more.de\/Shop\/wp-content\/uploads\/2025\/05\/Caol-Ila-2014-2023-8-y.o.-Tokaji-Wine-Cask-Finish-Murray-McDavid-Benchmark.jpg","type":"image\/jpeg"}],"twitter_card":"summary_large_image","twitter_misc":{"Gesch\u00e4tzte Lesezeit":"2\u00a0Minuten"},"schema":{"@context":"https:\/\/schema.org","@graph":[{"@type":"WebPage","@id":"https:\/\/www.whiskey-and-more.de\/Shop\/produkt\/caol-ila-2014-2023-8-y-o-tokaji-wine-cask-finish-murray-mcdavid-benchmark\/","url":"https:\/\/www.whiskey-and-more.de\/Shop\/produkt\/caol-ila-2014-2023-8-y-o-tokaji-wine-cask-finish-murray-mcdavid-benchmark\/","name":"Caol Ila 2014\/2023 - 8 y.o. - Tokaji Wine Cask Finish - Murray McDavid - Benchmar1 - W&amp;M Shop","isPartOf":{"@id":"https:\/\/www.whiskey-and-more.de\/Shop\/#website"},"primaryImageOfPage":{"@id":"https:\/\/www.whiskey-and-more.de\/Shop\/produkt\/caol-ila-2014-2023-8-y-o-tokaji-wine-cask-finish-murray-mcdavid-benchmark\/#primaryimage"},"image":{"@id":"https:\/\/www.whiskey-and-more.de\/Shop\/produkt\/caol-ila-2014-2023-8-y-o-tokaji-wine-cask-finish-murray-mcdavid-benchmark\/#primaryimage"},"thumbnailUrl":"https:\/\/www.whiskey-and-more.de\/Shop\/wp-content\/uploads\/2025\/05\/Caol-Ila-2014-2023-8-y.o.-Tokaji-Wine-Cask-Finish-Murray-McDavid-Benchmark.jpg","datePublished":"2025-05-02T12:59:16+00:00","dateModified":"2026-03-24T16:47:49+00:00","description":"Caol Ila 2014\/2023 - 8 y.o. - Tokaji Wine Cask Finish - Murray McDavid - Benchmark bei whisk(e)y and more.de Ihr Onlineshop und Marktplatz f\u00fcr Whisky, Whiskey, Rum, Rhum, Gin und mehr. Sie finden auf whiskey-and-more.de Irish, Schottisch, American, Single Malts, Blended Whiskys bekannter und unbekannter Marken. Wir haben stets Whisky aus Schottland, Irland und der Welt, dauerhaft auf Lager.","breadcrumb":{"@id":"https:\/\/www.whiskey-and-more.de\/Shop\/produkt\/caol-ila-2014-2023-8-y-o-tokaji-wine-cask-finish-murray-mcdavid-benchmark\/#breadcrumb"},"inLanguage":"de","potentialAction":[{"@type":"ReadAction","target":["https:\/\/www.whiskey-and-more.de\/Shop\/produkt\/caol-ila-2014-2023-8-y-o-tokaji-wine-cask-finish-murray-mcdavid-benchmark\/"]}]},{"@type":"ImageObject","inLanguage":"de","@id":"https:\/\/www.whiskey-and-more.de\/Shop\/produkt\/caol-ila-2014-2023-8-y-o-tokaji-wine-cask-finish-murray-mcdavid-benchmark\/#primaryimage","url":"https:\/\/www.whiskey-and-more.de\/Shop\/wp-content\/uploads\/2025\/05\/Caol-Ila-2014-2023-8-y.o.-Tokaji-Wine-Cask-Finish-Murray-McDavid-Benchmark.jpg","contentUrl":"https:\/\/www.whiskey-and-more.de\/Shop\/wp-content\/uploads\/2025\/05\/Caol-Ila-2014-2023-8-y.o.-Tokaji-Wine-Cask-Finish-Murray-McDavid-Benchmark.jpg","width":"2000","height":"2000","caption":"Caol Ila 2014\/2023 - 8 y.o. - Tokaji Wine Cask Finish - Murray McDavid - Benchmark"},{"@type":"BreadcrumbList","@id":"https:\/\/www.whiskey-and-more.de\/Shop\/produkt\/caol-ila-2014-2023-8-y-o-tokaji-wine-cask-finish-murray-mcdavid-benchmark\/#breadcrumb","itemListElement":[{"@type":"ListItem","position":1,"name":"Startseite","item":"https:\/\/www.whiskey-and-more.de\/Shop\/"},{"@type":"ListItem","position":2,"name":"Home","item":"https:\/\/www.whiskey-and-more.de\/Shop\/shop\/"},{"@type":"ListItem","position":3,"name":"Whisk(e)y","item":"https:\/\/www.whiskey-and-more.de\/Shop\/produkt-kategorie\/whiskey_whisky\/"},{"@type":"ListItem","position":4,"name":"Caol Ila 2014\/2023 &#8211; 8 y.o. &#8211; Tokaji Wine Cask Finish &#8211; Murray McDavid &#8211; Benchmar1"}]},{"@type":"WebSite","@id":"https:\/\/www.whiskey-and-more.de\/Shop\/#website","url":"https:\/\/www.whiskey-and-more.de\/Shop\/","name":"W&amp;M Shop","description":"Der Online Shop von Whisk(e)y and More. Online Marktplatz f\u00fcr Whiskey, Whisky und mehr.","publisher":{"@id":"https:\/\/www.whiskey-and-more.de\/Shop\/#organization"},"potentialAction":[{"@type":"SearchAction","target":{"@type":"EntryPoint","urlTemplate":"https:\/\/www.whiskey-and-more.de\/Shop\/?s={search_term_string}"},"query-input":{"@type":"PropertyValueSpecification","valueRequired":true,"valueName":"search_term_string"}}],"inLanguage":"de"},{"@type":"Organization","@id":"https:\/\/www.whiskey-and-more.de\/Shop\/#organization","name":"Whisk(e)y and More","url":"https:\/\/www.whiskey-and-more.de\/Shop\/","logo":{"@type":"ImageObject","inLanguage":"de","@id":"https:\/\/www.whiskey-and-more.de\/Shop\/#\/schema\/logo\/image\/","url":"https:\/\/www.whiskey-and-more.de\/Shop\/wp-content\/uploads\/2020\/03\/Logo2.jpg","contentUrl":"https:\/\/www.whiskey-and-more.de\/Shop\/wp-content\/uploads\/2020\/03\/Logo2.jpg","width":470,"height":110,"caption":"Whisk(e)y and More"},"image":{"@id":"https:\/\/www.whiskey-and-more.de\/Shop\/#\/schema\/logo\/image\/"},"sameAs":["https:\/\/de-de.facebook.com\/Whiskey-and-More-Spaden-1072860722859564\/about"]}]}},"jetpack_sharing_enabled":true,"_links":{"self":[{"href":"https:\/\/www.whiskey-and-more.de\/Shop\/wp-json\/wp\/v2\/product\/7166","targetHints":{"allow":["GET"]}}],"collection":[{"href":"https:\/\/www.whiskey-and-more.de\/Shop\/wp-json\/wp\/v2\/product"}],"about":[{"href":"https:\/\/www.whiskey-and-more.de\/Shop\/wp-json\/wp\/v2\/types\/product"}],"replies":[{"embeddable":true,"href":"https:\/\/www.whiskey-and-more.de\/Shop\/wp-json\/wp\/v2\/comments?post=7166"}],"wp:featuredmedia":[{"embeddable":true,"href":"https:\/\/www.whiskey-and-more.de\/Shop\/wp-json\/wp\/v2\/media\/7167"}],"wp:attachment":[{"href":"https:\/\/www.whiskey-and-more.de\/Shop\/wp-json\/wp\/v2\/media?parent=7166"}],"wp:term":[{"taxonomy":"product_brand","embeddable":true,"href":"https:\/\/www.whiskey-and-more.de\/Shop\/wp-json\/wp\/v2\/product_brand?post=7166"},{"taxonomy":"product_cat","embeddable":true,"href":"https:\/\/www.whiskey-and-more.de\/Shop\/wp-json\/wp\/v2\/product_cat?post=7166"},{"taxonomy":"product_tag","embeddable":true,"href":"https:\/\/www.whiskey-and-more.de\/Shop\/wp-json\/wp\/v2\/product_tag?post=7166"}],"curies":[{"name":"wp","href":"https:\/\/api.w.org\/{rel}","templated":true}]}}