{"id":7292,"date":"2025-08-01T14:13:19","date_gmt":"2025-08-01T12:13:19","guid":{"rendered":"https:\/\/www.whiskey-and-more.de\/Shop\/?post_type=product&#038;p=7292"},"modified":"2025-10-08T17:40:22","modified_gmt":"2025-10-08T15:40:22","slug":"knockdhu-2008-2025-16-y-o-signatory-cask-strength-2nd-fill-oloroso-sherry-butt-7","status":"publish","type":"product","link":"https:\/\/www.whiskey-and-more.de\/Shop\/produkt\/knockdhu-2008-2025-16-y-o-signatory-cask-strength-2nd-fill-oloroso-sherry-butt-7\/","title":{"rendered":"Knockdhu 2008\/2025 &#8211; 16 y.o. &#8211; Signatory Cask Strength 2nd Fill Oloroso Sherry Butt #7"},"content":{"rendered":"<div class=\"wrapper_left\">\n<div class=\"wrapper_left\">\n<div class=\"wrapper_left\">\n<div class=\"wrapper_left\">&#8211; Speyside Single Malt Scotch Whisky<\/div>\n<div class=\"wrapper_left\">&#8211; Cask Strength Collection<br \/>\n&#8211; abgef\u00fcllt in Fassst\u00e4rke mit 56,9 % vol.<br \/>\n&#8211; gereift in 2nd Fill Oloroso Sherry Butt<\/div>\n<div class=\"wrapper_left\">&#8211; nicht gef\u00e4rbt<br \/>\n&#8211; nicht k\u00fchlfiltriert<\/div>\n<div><\/div>\n<div>\n<div class=\"wrapper_left\">Single Malts der Knockdhu Distillery (auch unter dem Namen AnCnoc bekannt) schmecken u.a. dank traditionellen Worm Tubs ebenfalls fruchtig und vollmundig \u2013 umso mehr nach Vollreifung im Sherry Butt. Nach \u00fcber 16 Jahren k\u00f6nnen anspruchsvolle Genie\u00dfer mit dem Knockdhu 2008\/2025 einen raren unabh\u00e4ngigen Blick auf den Speyside-Whisky ergattern.<\/div>\n<\/div>\n<div><\/div>\n<\/div>\n<\/div>\n<\/div>\n","protected":false},"excerpt":{"rendered":"<p>Region: Speyside<\/p>\n","protected":false},"featured_media":7293,"comment_status":"open","ping_status":"closed","template":"","meta":[],"product_brand":[],"product_cat":[41,36],"product_tag":[1832,85,84],"class_list":{"0":"post-7292","1":"product","2":"type-product","3":"status-publish","4":"has-post-thumbnail","6":"product_cat-schottland","7":"product_cat-whiskey_whisky","8":"product_tag-knockdhu-2008-2025-16-y-o-signatory-cask-strength-2nd-fill-oloroso-sherry-butt-7","9":"product_tag-no-colouring","10":"product_tag-unchillfiltered","12":"first","13":"outofstock","14":"taxable","15":"shipping-taxable","16":"purchasable","17":"product-type-simple"},"yoast_head":"<!-- This site is optimized with the Yoast SEO plugin v27.4 - https:\/\/yoast.com\/product\/yoast-seo-wordpress\/ -->\n<title>Knockdhu 2008\/2025 - 16 y.o. - Signatory Cask Strength 2nd Fill Oloroso Sherry Butt #7 - W&amp;M Shop<\/title>\n<meta name=\"description\" content=\"Knockdhu 2008\/2025 - 16 y.o. - Signatory Cask Strength 2nd Fill Oloroso Sherry Butt #7 bei whisk(e)y and more.de Ihr Onlineshop und Marktplatz f\u00fcr Whisky, Whiskey, Rum, Rhum, Gin und mehr. Sie finden auf whiskey-and-more.de Irish, Schottisch, American, Single Malts, Blended Whiskys bekannter und unbekannter Marken. Wir haben stets Whisky aus Schottland, Irland und der Welt, dauerhaft auf Lager.\" \/>\n<meta name=\"robots\" content=\"index, follow, max-snippet:-1, max-image-preview:large, max-video-preview:-1\" \/>\n<link rel=\"canonical\" href=\"https:\/\/www.whiskey-and-more.de\/Shop\/produkt\/knockdhu-2008-2025-16-y-o-signatory-cask-strength-2nd-fill-oloroso-sherry-butt-7\/\" \/>\n<meta property=\"og:locale\" content=\"de_DE\" \/>\n<meta property=\"og:type\" content=\"article\" \/>\n<meta property=\"og:title\" content=\"Knockdhu 2008\/2025 - 16 y.o. - Signatory Cask Strength 2nd Fill Oloroso Sherry Butt #7 - W&amp;M Shop\" \/>\n<meta property=\"og:description\" content=\"Knockdhu 2008\/2025 - 16 y.o. - Signatory Cask Strength 2nd Fill Oloroso Sherry Butt #7 bei whisk(e)y and more.de Ihr Onlineshop und Marktplatz f\u00fcr Whisky, Whiskey, Rum, Rhum, Gin und mehr. Sie finden auf whiskey-and-more.de Irish, Schottisch, American, Single Malts, Blended Whiskys bekannter und unbekannter Marken. Wir haben stets Whisky aus Schottland, Irland und der Welt, dauerhaft auf Lager.\" \/>\n<meta property=\"og:url\" content=\"https:\/\/www.whiskey-and-more.de\/Shop\/produkt\/knockdhu-2008-2025-16-y-o-signatory-cask-strength-2nd-fill-oloroso-sherry-butt-7\/\" \/>\n<meta property=\"og:site_name\" content=\"W&amp;M Shop\" \/>\n<meta property=\"article:publisher\" content=\"https:\/\/de-de.facebook.com\/Whiskey-and-More-Spaden-1072860722859564\/about\" \/>\n<meta property=\"article:modified_time\" content=\"2025-10-08T15:40:22+00:00\" \/>\n<meta property=\"og:image\" content=\"https:\/\/www.whiskey-and-more.de\/Shop\/wp-content\/uploads\/2025\/08\/Knockdhu-2008-2025-16-y.o.-Signatory-Cask-Strength-2nd-Fill-Oloroso-Sherry-Butt-7.jpg\" \/>\n\t<meta property=\"og:image:width\" content=\"2000\" \/>\n\t<meta property=\"og:image:height\" content=\"2000\" \/>\n\t<meta property=\"og:image:type\" content=\"image\/jpeg\" \/>\n<meta name=\"twitter:card\" content=\"summary_large_image\" \/>\n<meta name=\"twitter:label1\" content=\"Gesch\u00e4tzte Lesezeit\" \/>\n\t<meta name=\"twitter:data1\" content=\"1\u00a0Minute\" \/>\n<script type=\"application\/ld+json\" class=\"yoast-schema-graph\">{\"@context\":\"https:\\\/\\\/schema.org\",\"@graph\":[{\"@type\":\"WebPage\",\"@id\":\"https:\\\/\\\/www.whiskey-and-more.de\\\/Shop\\\/produkt\\\/knockdhu-2008-2025-16-y-o-signatory-cask-strength-2nd-fill-oloroso-sherry-butt-7\\\/\",\"url\":\"https:\\\/\\\/www.whiskey-and-more.de\\\/Shop\\\/produkt\\\/knockdhu-2008-2025-16-y-o-signatory-cask-strength-2nd-fill-oloroso-sherry-butt-7\\\/\",\"name\":\"Knockdhu 2008\\\/2025 - 16 y.o. - Signatory Cask Strength 2nd Fill Oloroso Sherry Butt #7 - W&amp;M Shop\",\"isPartOf\":{\"@id\":\"https:\\\/\\\/www.whiskey-and-more.de\\\/Shop\\\/#website\"},\"primaryImageOfPage\":{\"@id\":\"https:\\\/\\\/www.whiskey-and-more.de\\\/Shop\\\/produkt\\\/knockdhu-2008-2025-16-y-o-signatory-cask-strength-2nd-fill-oloroso-sherry-butt-7\\\/#primaryimage\"},\"image\":{\"@id\":\"https:\\\/\\\/www.whiskey-and-more.de\\\/Shop\\\/produkt\\\/knockdhu-2008-2025-16-y-o-signatory-cask-strength-2nd-fill-oloroso-sherry-butt-7\\\/#primaryimage\"},\"thumbnailUrl\":\"https:\\\/\\\/www.whiskey-and-more.de\\\/Shop\\\/wp-content\\\/uploads\\\/2025\\\/08\\\/Knockdhu-2008-2025-16-y.o.-Signatory-Cask-Strength-2nd-Fill-Oloroso-Sherry-Butt-7.jpg\",\"datePublished\":\"2025-08-01T12:13:19+00:00\",\"dateModified\":\"2025-10-08T15:40:22+00:00\",\"description\":\"Knockdhu 2008\\\/2025 - 16 y.o. - Signatory Cask Strength 2nd Fill Oloroso Sherry Butt #7 bei whisk(e)y and more.de Ihr Onlineshop und Marktplatz f\u00fcr Whisky, Whiskey, Rum, Rhum, Gin und mehr. Sie finden auf whiskey-and-more.de Irish, Schottisch, American, Single Malts, Blended Whiskys bekannter und unbekannter Marken. Wir haben stets Whisky aus Schottland, Irland und der Welt, dauerhaft auf Lager.\",\"breadcrumb\":{\"@id\":\"https:\\\/\\\/www.whiskey-and-more.de\\\/Shop\\\/produkt\\\/knockdhu-2008-2025-16-y-o-signatory-cask-strength-2nd-fill-oloroso-sherry-butt-7\\\/#breadcrumb\"},\"inLanguage\":\"de\",\"potentialAction\":[{\"@type\":\"ReadAction\",\"target\":[\"https:\\\/\\\/www.whiskey-and-more.de\\\/Shop\\\/produkt\\\/knockdhu-2008-2025-16-y-o-signatory-cask-strength-2nd-fill-oloroso-sherry-butt-7\\\/\"]}]},{\"@type\":\"ImageObject\",\"inLanguage\":\"de\",\"@id\":\"https:\\\/\\\/www.whiskey-and-more.de\\\/Shop\\\/produkt\\\/knockdhu-2008-2025-16-y-o-signatory-cask-strength-2nd-fill-oloroso-sherry-butt-7\\\/#primaryimage\",\"url\":\"https:\\\/\\\/www.whiskey-and-more.de\\\/Shop\\\/wp-content\\\/uploads\\\/2025\\\/08\\\/Knockdhu-2008-2025-16-y.o.-Signatory-Cask-Strength-2nd-Fill-Oloroso-Sherry-Butt-7.jpg\",\"contentUrl\":\"https:\\\/\\\/www.whiskey-and-more.de\\\/Shop\\\/wp-content\\\/uploads\\\/2025\\\/08\\\/Knockdhu-2008-2025-16-y.o.-Signatory-Cask-Strength-2nd-Fill-Oloroso-Sherry-Butt-7.jpg\",\"width\":\"2000\",\"height\":\"2000\",\"caption\":\"Knockdhu 2008\\\/2025 - 16 y.o. - Signatory Cask Strength 2nd Fill Oloroso Sherry Butt #7\"},{\"@type\":\"BreadcrumbList\",\"@id\":\"https:\\\/\\\/www.whiskey-and-more.de\\\/Shop\\\/produkt\\\/knockdhu-2008-2025-16-y-o-signatory-cask-strength-2nd-fill-oloroso-sherry-butt-7\\\/#breadcrumb\",\"itemListElement\":[{\"@type\":\"ListItem\",\"position\":1,\"name\":\"Startseite\",\"item\":\"https:\\\/\\\/www.whiskey-and-more.de\\\/Shop\\\/\"},{\"@type\":\"ListItem\",\"position\":2,\"name\":\"Home\",\"item\":\"https:\\\/\\\/www.whiskey-and-more.de\\\/Shop\\\/shop\\\/\"},{\"@type\":\"ListItem\",\"position\":3,\"name\":\"Whisk(e)y\",\"item\":\"https:\\\/\\\/www.whiskey-and-more.de\\\/Shop\\\/produkt-kategorie\\\/whiskey_whisky\\\/\"},{\"@type\":\"ListItem\",\"position\":4,\"name\":\"Knockdhu 2008\\\/2025 &#8211; 16 y.o. &#8211; Signatory Cask Strength 2nd Fill Oloroso Sherry Butt #7\"}]},{\"@type\":\"WebSite\",\"@id\":\"https:\\\/\\\/www.whiskey-and-more.de\\\/Shop\\\/#website\",\"url\":\"https:\\\/\\\/www.whiskey-and-more.de\\\/Shop\\\/\",\"name\":\"W&amp;M Shop\",\"description\":\"Der Online Shop von Whisk(e)y and More. Online Marktplatz f\u00fcr Whiskey, Whisky und mehr.\",\"publisher\":{\"@id\":\"https:\\\/\\\/www.whiskey-and-more.de\\\/Shop\\\/#organization\"},\"potentialAction\":[{\"@type\":\"SearchAction\",\"target\":{\"@type\":\"EntryPoint\",\"urlTemplate\":\"https:\\\/\\\/www.whiskey-and-more.de\\\/Shop\\\/?s={search_term_string}\"},\"query-input\":{\"@type\":\"PropertyValueSpecification\",\"valueRequired\":true,\"valueName\":\"search_term_string\"}}],\"inLanguage\":\"de\"},{\"@type\":\"Organization\",\"@id\":\"https:\\\/\\\/www.whiskey-and-more.de\\\/Shop\\\/#organization\",\"name\":\"Whisk(e)y and More\",\"url\":\"https:\\\/\\\/www.whiskey-and-more.de\\\/Shop\\\/\",\"logo\":{\"@type\":\"ImageObject\",\"inLanguage\":\"de\",\"@id\":\"https:\\\/\\\/www.whiskey-and-more.de\\\/Shop\\\/#\\\/schema\\\/logo\\\/image\\\/\",\"url\":\"https:\\\/\\\/www.whiskey-and-more.de\\\/Shop\\\/wp-content\\\/uploads\\\/2020\\\/03\\\/Logo2.jpg\",\"contentUrl\":\"https:\\\/\\\/www.whiskey-and-more.de\\\/Shop\\\/wp-content\\\/uploads\\\/2020\\\/03\\\/Logo2.jpg\",\"width\":470,\"height\":110,\"caption\":\"Whisk(e)y and More\"},\"image\":{\"@id\":\"https:\\\/\\\/www.whiskey-and-more.de\\\/Shop\\\/#\\\/schema\\\/logo\\\/image\\\/\"},\"sameAs\":[\"https:\\\/\\\/de-de.facebook.com\\\/Whiskey-and-More-Spaden-1072860722859564\\\/about\"]}]}<\/script>\n<!-- \/ Yoast SEO plugin. -->","yoast_head_json":{"title":"Knockdhu 2008\/2025 - 16 y.o. - Signatory Cask Strength 2nd Fill Oloroso Sherry Butt #7 - W&amp;M Shop","description":"Knockdhu 2008\/2025 - 16 y.o. - Signatory Cask Strength 2nd Fill Oloroso Sherry Butt #7 bei whisk(e)y and more.de Ihr Onlineshop und Marktplatz f\u00fcr Whisky, Whiskey, Rum, Rhum, Gin und mehr. Sie finden auf whiskey-and-more.de Irish, Schottisch, American, Single Malts, Blended Whiskys bekannter und unbekannter Marken. Wir haben stets Whisky aus Schottland, Irland und der Welt, dauerhaft auf Lager.","robots":{"index":"index","follow":"follow","max-snippet":"max-snippet:-1","max-image-preview":"max-image-preview:large","max-video-preview":"max-video-preview:-1"},"canonical":"https:\/\/www.whiskey-and-more.de\/Shop\/produkt\/knockdhu-2008-2025-16-y-o-signatory-cask-strength-2nd-fill-oloroso-sherry-butt-7\/","og_locale":"de_DE","og_type":"article","og_title":"Knockdhu 2008\/2025 - 16 y.o. - Signatory Cask Strength 2nd Fill Oloroso Sherry Butt #7 - W&amp;M Shop","og_description":"Knockdhu 2008\/2025 - 16 y.o. - Signatory Cask Strength 2nd Fill Oloroso Sherry Butt #7 bei whisk(e)y and more.de Ihr Onlineshop und Marktplatz f\u00fcr Whisky, Whiskey, Rum, Rhum, Gin und mehr. Sie finden auf whiskey-and-more.de Irish, Schottisch, American, Single Malts, Blended Whiskys bekannter und unbekannter Marken. Wir haben stets Whisky aus Schottland, Irland und der Welt, dauerhaft auf Lager.","og_url":"https:\/\/www.whiskey-and-more.de\/Shop\/produkt\/knockdhu-2008-2025-16-y-o-signatory-cask-strength-2nd-fill-oloroso-sherry-butt-7\/","og_site_name":"W&amp;M Shop","article_publisher":"https:\/\/de-de.facebook.com\/Whiskey-and-More-Spaden-1072860722859564\/about","article_modified_time":"2025-10-08T15:40:22+00:00","og_image":[{"width":2000,"height":2000,"url":"https:\/\/www.whiskey-and-more.de\/Shop\/wp-content\/uploads\/2025\/08\/Knockdhu-2008-2025-16-y.o.-Signatory-Cask-Strength-2nd-Fill-Oloroso-Sherry-Butt-7.jpg","type":"image\/jpeg"}],"twitter_card":"summary_large_image","twitter_misc":{"Gesch\u00e4tzte Lesezeit":"1\u00a0Minute"},"schema":{"@context":"https:\/\/schema.org","@graph":[{"@type":"WebPage","@id":"https:\/\/www.whiskey-and-more.de\/Shop\/produkt\/knockdhu-2008-2025-16-y-o-signatory-cask-strength-2nd-fill-oloroso-sherry-butt-7\/","url":"https:\/\/www.whiskey-and-more.de\/Shop\/produkt\/knockdhu-2008-2025-16-y-o-signatory-cask-strength-2nd-fill-oloroso-sherry-butt-7\/","name":"Knockdhu 2008\/2025 - 16 y.o. - Signatory Cask Strength 2nd Fill Oloroso Sherry Butt #7 - W&amp;M Shop","isPartOf":{"@id":"https:\/\/www.whiskey-and-more.de\/Shop\/#website"},"primaryImageOfPage":{"@id":"https:\/\/www.whiskey-and-more.de\/Shop\/produkt\/knockdhu-2008-2025-16-y-o-signatory-cask-strength-2nd-fill-oloroso-sherry-butt-7\/#primaryimage"},"image":{"@id":"https:\/\/www.whiskey-and-more.de\/Shop\/produkt\/knockdhu-2008-2025-16-y-o-signatory-cask-strength-2nd-fill-oloroso-sherry-butt-7\/#primaryimage"},"thumbnailUrl":"https:\/\/www.whiskey-and-more.de\/Shop\/wp-content\/uploads\/2025\/08\/Knockdhu-2008-2025-16-y.o.-Signatory-Cask-Strength-2nd-Fill-Oloroso-Sherry-Butt-7.jpg","datePublished":"2025-08-01T12:13:19+00:00","dateModified":"2025-10-08T15:40:22+00:00","description":"Knockdhu 2008\/2025 - 16 y.o. - Signatory Cask Strength 2nd Fill Oloroso Sherry Butt #7 bei whisk(e)y and more.de Ihr Onlineshop und Marktplatz f\u00fcr Whisky, Whiskey, Rum, Rhum, Gin und mehr. Sie finden auf whiskey-and-more.de Irish, Schottisch, American, Single Malts, Blended Whiskys bekannter und unbekannter Marken. Wir haben stets Whisky aus Schottland, Irland und der Welt, dauerhaft auf Lager.","breadcrumb":{"@id":"https:\/\/www.whiskey-and-more.de\/Shop\/produkt\/knockdhu-2008-2025-16-y-o-signatory-cask-strength-2nd-fill-oloroso-sherry-butt-7\/#breadcrumb"},"inLanguage":"de","potentialAction":[{"@type":"ReadAction","target":["https:\/\/www.whiskey-and-more.de\/Shop\/produkt\/knockdhu-2008-2025-16-y-o-signatory-cask-strength-2nd-fill-oloroso-sherry-butt-7\/"]}]},{"@type":"ImageObject","inLanguage":"de","@id":"https:\/\/www.whiskey-and-more.de\/Shop\/produkt\/knockdhu-2008-2025-16-y-o-signatory-cask-strength-2nd-fill-oloroso-sherry-butt-7\/#primaryimage","url":"https:\/\/www.whiskey-and-more.de\/Shop\/wp-content\/uploads\/2025\/08\/Knockdhu-2008-2025-16-y.o.-Signatory-Cask-Strength-2nd-Fill-Oloroso-Sherry-Butt-7.jpg","contentUrl":"https:\/\/www.whiskey-and-more.de\/Shop\/wp-content\/uploads\/2025\/08\/Knockdhu-2008-2025-16-y.o.-Signatory-Cask-Strength-2nd-Fill-Oloroso-Sherry-Butt-7.jpg","width":"2000","height":"2000","caption":"Knockdhu 2008\/2025 - 16 y.o. - Signatory Cask Strength 2nd Fill Oloroso Sherry Butt #7"},{"@type":"BreadcrumbList","@id":"https:\/\/www.whiskey-and-more.de\/Shop\/produkt\/knockdhu-2008-2025-16-y-o-signatory-cask-strength-2nd-fill-oloroso-sherry-butt-7\/#breadcrumb","itemListElement":[{"@type":"ListItem","position":1,"name":"Startseite","item":"https:\/\/www.whiskey-and-more.de\/Shop\/"},{"@type":"ListItem","position":2,"name":"Home","item":"https:\/\/www.whiskey-and-more.de\/Shop\/shop\/"},{"@type":"ListItem","position":3,"name":"Whisk(e)y","item":"https:\/\/www.whiskey-and-more.de\/Shop\/produkt-kategorie\/whiskey_whisky\/"},{"@type":"ListItem","position":4,"name":"Knockdhu 2008\/2025 &#8211; 16 y.o. &#8211; Signatory Cask Strength 2nd Fill Oloroso Sherry Butt #7"}]},{"@type":"WebSite","@id":"https:\/\/www.whiskey-and-more.de\/Shop\/#website","url":"https:\/\/www.whiskey-and-more.de\/Shop\/","name":"W&amp;M Shop","description":"Der Online Shop von Whisk(e)y and More. Online Marktplatz f\u00fcr Whiskey, Whisky und mehr.","publisher":{"@id":"https:\/\/www.whiskey-and-more.de\/Shop\/#organization"},"potentialAction":[{"@type":"SearchAction","target":{"@type":"EntryPoint","urlTemplate":"https:\/\/www.whiskey-and-more.de\/Shop\/?s={search_term_string}"},"query-input":{"@type":"PropertyValueSpecification","valueRequired":true,"valueName":"search_term_string"}}],"inLanguage":"de"},{"@type":"Organization","@id":"https:\/\/www.whiskey-and-more.de\/Shop\/#organization","name":"Whisk(e)y and More","url":"https:\/\/www.whiskey-and-more.de\/Shop\/","logo":{"@type":"ImageObject","inLanguage":"de","@id":"https:\/\/www.whiskey-and-more.de\/Shop\/#\/schema\/logo\/image\/","url":"https:\/\/www.whiskey-and-more.de\/Shop\/wp-content\/uploads\/2020\/03\/Logo2.jpg","contentUrl":"https:\/\/www.whiskey-and-more.de\/Shop\/wp-content\/uploads\/2020\/03\/Logo2.jpg","width":470,"height":110,"caption":"Whisk(e)y and More"},"image":{"@id":"https:\/\/www.whiskey-and-more.de\/Shop\/#\/schema\/logo\/image\/"},"sameAs":["https:\/\/de-de.facebook.com\/Whiskey-and-More-Spaden-1072860722859564\/about"]}]}},"jetpack_sharing_enabled":true,"_links":{"self":[{"href":"https:\/\/www.whiskey-and-more.de\/Shop\/wp-json\/wp\/v2\/product\/7292","targetHints":{"allow":["GET"]}}],"collection":[{"href":"https:\/\/www.whiskey-and-more.de\/Shop\/wp-json\/wp\/v2\/product"}],"about":[{"href":"https:\/\/www.whiskey-and-more.de\/Shop\/wp-json\/wp\/v2\/types\/product"}],"replies":[{"embeddable":true,"href":"https:\/\/www.whiskey-and-more.de\/Shop\/wp-json\/wp\/v2\/comments?post=7292"}],"wp:featuredmedia":[{"embeddable":true,"href":"https:\/\/www.whiskey-and-more.de\/Shop\/wp-json\/wp\/v2\/media\/7293"}],"wp:attachment":[{"href":"https:\/\/www.whiskey-and-more.de\/Shop\/wp-json\/wp\/v2\/media?parent=7292"}],"wp:term":[{"taxonomy":"product_brand","embeddable":true,"href":"https:\/\/www.whiskey-and-more.de\/Shop\/wp-json\/wp\/v2\/product_brand?post=7292"},{"taxonomy":"product_cat","embeddable":true,"href":"https:\/\/www.whiskey-and-more.de\/Shop\/wp-json\/wp\/v2\/product_cat?post=7292"},{"taxonomy":"product_tag","embeddable":true,"href":"https:\/\/www.whiskey-and-more.de\/Shop\/wp-json\/wp\/v2\/product_tag?post=7292"}],"curies":[{"name":"wp","href":"https:\/\/api.w.org\/{rel}","templated":true}]}}