{"id":7310,"date":"2025-09-03T16:23:38","date_gmt":"2025-09-03T14:23:38","guid":{"rendered":"https:\/\/www.whiskey-and-more.de\/Shop\/?post_type=product&#038;p=7310"},"modified":"2026-03-30T10:27:51","modified_gmt":"2026-03-30T08:27:51","slug":"glentauchers-2009-2025-16-y-o-1st-fill-oloroso-casks-signatory-100-proof-exceptional-cask-edition-11","status":"publish","type":"product","link":"https:\/\/www.whiskey-and-more.de\/Shop\/produkt\/glentauchers-2009-2025-16-y-o-1st-fill-oloroso-casks-signatory-100-proof-exceptional-cask-edition-11\/","title":{"rendered":"Glentauchers 2009\/2025 &#8211; 16 y.o. &#8211; 1st Fill Oloroso Casks &#8211; Signatory 100 PROOF Exceptional Cask Edition #11"},"content":{"rendered":"<div class=\"wrapper_left\">\n<div class=\"wrapper_left\"><span style=\"color: #000000;\">&#8211; Speyside Single Malt Scotch Whisky<\/span><br \/>\n<span style=\"color: #000000;\">&#8211; abgef\u00fcllt in Fassst\u00e4rke von 57,1 % vol.<\/span><br \/>\n<span style=\"color: #000000;\">&#8211; Reifung\u00a0 in First Fill Oloroso Sherry Butts<\/span><\/div>\n<div><span style=\"color: #000000;\">&#8211; Dest. 2009\u00a0 \/ 16 y.o.<\/span><\/div>\n<div class=\"wrapper_left\"><span style=\"color: #000000;\">&#8211; nicht gef\u00e4rbt<\/span><br \/>\n<span style=\"color: #000000;\">&#8211; nicht k\u00fchlfiltriert<\/span><\/div>\n<\/div>\n<div><\/div>\n<div class=\"wrapper_left\">\n<div>\n<div class=\"wrapper_left\">\n<div class=\"wrapper_left\">\n<p>Neue 100 Proof Exceptional Casks von Signatory Vintage<\/p>\n<p>In der 100 Proof Edition von Signatory Vintage treffen nicht nur hohe Prozente auf niedrige Preise. Mit den Exceptional Casks der Reihe pr\u00e4sentiert der unabh\u00e4ngige Abf\u00fcller lange gereifte Whiskys f\u00fcr anspruchsvolle Genie\u00dfer \u2013 erstklassig, aber erschwinglich. Zwei neue Preis-Genuss-Tipps aus Sherryf\u00e4ssern stehen jetzt bereit.<\/p>\n<p>Mit dabei: eine von Jim Murrays \u201eTop Five\u201c Brennereien. Single Malts von Glentauchers sind selten, denn der Speyside-Whisky ist eine Kernzutat des Ballantine\u2019s Blends. Signatory lie\u00df den Glentauchers 2009\/2025 ganze 16 Jahre in First Fill Oloroso Sherry Butts ruhen und erg\u00e4nzte den leichten, floralen Brennereicharakter so um Waldbeeren, Rosinen und Zimtmandeln.<\/p>\n<\/div>\n<\/div>\n<\/div>\n<\/div>\n","protected":false},"excerpt":{"rendered":"<p>Region: Speyside<\/p>\n","protected":false},"featured_media":7311,"comment_status":"open","ping_status":"closed","template":"","meta":[],"product_brand":[],"product_cat":[41,36],"product_tag":[1837],"class_list":{"0":"post-7310","1":"product","2":"type-product","3":"status-publish","4":"has-post-thumbnail","6":"product_cat-schottland","7":"product_cat-whiskey_whisky","8":"product_tag-glentauchers-2009-2025-16-y-o-1st-fill-oloroso-casks-signatory-100-proof-exceptional-cask-edition-11","10":"first","11":"outofstock","12":"taxable","13":"shipping-taxable","14":"purchasable","15":"product-type-simple"},"yoast_head":"<!-- This site is optimized with the Yoast SEO plugin v27.4 - https:\/\/yoast.com\/product\/yoast-seo-wordpress\/ -->\n<title>Glentauchers 2009\/2025 - 16 y.o. - 1st Fill Oloroso Casks - Signatory 100 PROOF Exceptional Cask Edition #11 - W&amp;M Shop<\/title>\n<meta name=\"description\" content=\"Glentauchers 2009\/2025 - 16 y.o. - 1st Fill Oloroso Casks - Signatory 100 PROOF Exceptional Cask Edition #11 bei whisk(e)y and more.de Ihr Onlineshop und Marktplatz f\u00fcr Whisky, Whiskey, Rum, Rhum, Gin und mehr. Sie finden auf whiskey-and-more.de Irish, Schottisch, American, Single Malts, Blended Whiskys bekannter und unbekannter Marken. Wir haben stets Whisky aus Schottland, Irland und der Welt, dauerhaft auf Lager.\" \/>\n<meta name=\"robots\" content=\"index, follow, max-snippet:-1, max-image-preview:large, max-video-preview:-1\" \/>\n<link rel=\"canonical\" href=\"https:\/\/www.whiskey-and-more.de\/Shop\/produkt\/glentauchers-2009-2025-16-y-o-1st-fill-oloroso-casks-signatory-100-proof-exceptional-cask-edition-11\/\" \/>\n<meta property=\"og:locale\" content=\"de_DE\" \/>\n<meta property=\"og:type\" content=\"article\" \/>\n<meta property=\"og:title\" content=\"Glentauchers 2009\/2025 - 16 y.o. - 1st Fill Oloroso Casks - Signatory 100 PROOF Exceptional Cask Edition #11 - W&amp;M Shop\" \/>\n<meta property=\"og:description\" content=\"Glentauchers 2009\/2025 - 16 y.o. - 1st Fill Oloroso Casks - Signatory 100 PROOF Exceptional Cask Edition #11 bei whisk(e)y and more.de Ihr Onlineshop und Marktplatz f\u00fcr Whisky, Whiskey, Rum, Rhum, Gin und mehr. Sie finden auf whiskey-and-more.de Irish, Schottisch, American, Single Malts, Blended Whiskys bekannter und unbekannter Marken. Wir haben stets Whisky aus Schottland, Irland und der Welt, dauerhaft auf Lager.\" \/>\n<meta property=\"og:url\" content=\"https:\/\/www.whiskey-and-more.de\/Shop\/produkt\/glentauchers-2009-2025-16-y-o-1st-fill-oloroso-casks-signatory-100-proof-exceptional-cask-edition-11\/\" \/>\n<meta property=\"og:site_name\" content=\"W&amp;M Shop\" \/>\n<meta property=\"article:publisher\" content=\"https:\/\/de-de.facebook.com\/Whiskey-and-More-Spaden-1072860722859564\/about\" \/>\n<meta property=\"article:modified_time\" content=\"2026-03-30T08:27:51+00:00\" \/>\n<meta property=\"og:image\" content=\"https:\/\/www.whiskey-and-more.de\/Shop\/wp-content\/uploads\/2025\/09\/Glentauchers-2009-2025-16-y.o.-1st-Fill-Oloroso-Casks-Signatory-100-PROOF-Exceptional-Cask-Edition-11.jpg\" \/>\n\t<meta property=\"og:image:width\" content=\"2000\" \/>\n\t<meta property=\"og:image:height\" content=\"2000\" \/>\n\t<meta property=\"og:image:type\" content=\"image\/jpeg\" \/>\n<meta name=\"twitter:card\" content=\"summary_large_image\" \/>\n<meta name=\"twitter:label1\" content=\"Gesch\u00e4tzte Lesezeit\" \/>\n\t<meta name=\"twitter:data1\" content=\"1\u00a0Minute\" \/>\n<script type=\"application\/ld+json\" class=\"yoast-schema-graph\">{\"@context\":\"https:\\\/\\\/schema.org\",\"@graph\":[{\"@type\":\"WebPage\",\"@id\":\"https:\\\/\\\/www.whiskey-and-more.de\\\/Shop\\\/produkt\\\/glentauchers-2009-2025-16-y-o-1st-fill-oloroso-casks-signatory-100-proof-exceptional-cask-edition-11\\\/\",\"url\":\"https:\\\/\\\/www.whiskey-and-more.de\\\/Shop\\\/produkt\\\/glentauchers-2009-2025-16-y-o-1st-fill-oloroso-casks-signatory-100-proof-exceptional-cask-edition-11\\\/\",\"name\":\"Glentauchers 2009\\\/2025 - 16 y.o. - 1st Fill Oloroso Casks - Signatory 100 PROOF Exceptional Cask Edition #11 - W&amp;M Shop\",\"isPartOf\":{\"@id\":\"https:\\\/\\\/www.whiskey-and-more.de\\\/Shop\\\/#website\"},\"primaryImageOfPage\":{\"@id\":\"https:\\\/\\\/www.whiskey-and-more.de\\\/Shop\\\/produkt\\\/glentauchers-2009-2025-16-y-o-1st-fill-oloroso-casks-signatory-100-proof-exceptional-cask-edition-11\\\/#primaryimage\"},\"image\":{\"@id\":\"https:\\\/\\\/www.whiskey-and-more.de\\\/Shop\\\/produkt\\\/glentauchers-2009-2025-16-y-o-1st-fill-oloroso-casks-signatory-100-proof-exceptional-cask-edition-11\\\/#primaryimage\"},\"thumbnailUrl\":\"https:\\\/\\\/www.whiskey-and-more.de\\\/Shop\\\/wp-content\\\/uploads\\\/2025\\\/09\\\/Glentauchers-2009-2025-16-y.o.-1st-Fill-Oloroso-Casks-Signatory-100-PROOF-Exceptional-Cask-Edition-11.jpg\",\"datePublished\":\"2025-09-03T14:23:38+00:00\",\"dateModified\":\"2026-03-30T08:27:51+00:00\",\"description\":\"Glentauchers 2009\\\/2025 - 16 y.o. - 1st Fill Oloroso Casks - Signatory 100 PROOF Exceptional Cask Edition #11 bei whisk(e)y and more.de Ihr Onlineshop und Marktplatz f\u00fcr Whisky, Whiskey, Rum, Rhum, Gin und mehr. Sie finden auf whiskey-and-more.de Irish, Schottisch, American, Single Malts, Blended Whiskys bekannter und unbekannter Marken. Wir haben stets Whisky aus Schottland, Irland und der Welt, dauerhaft auf Lager.\",\"breadcrumb\":{\"@id\":\"https:\\\/\\\/www.whiskey-and-more.de\\\/Shop\\\/produkt\\\/glentauchers-2009-2025-16-y-o-1st-fill-oloroso-casks-signatory-100-proof-exceptional-cask-edition-11\\\/#breadcrumb\"},\"inLanguage\":\"de\",\"potentialAction\":[{\"@type\":\"ReadAction\",\"target\":[\"https:\\\/\\\/www.whiskey-and-more.de\\\/Shop\\\/produkt\\\/glentauchers-2009-2025-16-y-o-1st-fill-oloroso-casks-signatory-100-proof-exceptional-cask-edition-11\\\/\"]}]},{\"@type\":\"ImageObject\",\"inLanguage\":\"de\",\"@id\":\"https:\\\/\\\/www.whiskey-and-more.de\\\/Shop\\\/produkt\\\/glentauchers-2009-2025-16-y-o-1st-fill-oloroso-casks-signatory-100-proof-exceptional-cask-edition-11\\\/#primaryimage\",\"url\":\"https:\\\/\\\/www.whiskey-and-more.de\\\/Shop\\\/wp-content\\\/uploads\\\/2025\\\/09\\\/Glentauchers-2009-2025-16-y.o.-1st-Fill-Oloroso-Casks-Signatory-100-PROOF-Exceptional-Cask-Edition-11.jpg\",\"contentUrl\":\"https:\\\/\\\/www.whiskey-and-more.de\\\/Shop\\\/wp-content\\\/uploads\\\/2025\\\/09\\\/Glentauchers-2009-2025-16-y.o.-1st-Fill-Oloroso-Casks-Signatory-100-PROOF-Exceptional-Cask-Edition-11.jpg\",\"width\":\"2000\",\"height\":\"2000\",\"caption\":\"Glentauchers 2009\\\/2025 - 16 y.o. - 1st Fill Oloroso Casks - Signatory 100 PROOF Exceptional Cask Edition #11\"},{\"@type\":\"BreadcrumbList\",\"@id\":\"https:\\\/\\\/www.whiskey-and-more.de\\\/Shop\\\/produkt\\\/glentauchers-2009-2025-16-y-o-1st-fill-oloroso-casks-signatory-100-proof-exceptional-cask-edition-11\\\/#breadcrumb\",\"itemListElement\":[{\"@type\":\"ListItem\",\"position\":1,\"name\":\"Startseite\",\"item\":\"https:\\\/\\\/www.whiskey-and-more.de\\\/Shop\\\/\"},{\"@type\":\"ListItem\",\"position\":2,\"name\":\"Home\",\"item\":\"https:\\\/\\\/www.whiskey-and-more.de\\\/Shop\\\/shop\\\/\"},{\"@type\":\"ListItem\",\"position\":3,\"name\":\"Whisk(e)y\",\"item\":\"https:\\\/\\\/www.whiskey-and-more.de\\\/Shop\\\/produkt-kategorie\\\/whiskey_whisky\\\/\"},{\"@type\":\"ListItem\",\"position\":4,\"name\":\"Glentauchers 2009\\\/2025 &#8211; 16 y.o. &#8211; 1st Fill Oloroso Casks &#8211; Signatory 100 PROOF Exceptional Cask Edition #11\"}]},{\"@type\":\"WebSite\",\"@id\":\"https:\\\/\\\/www.whiskey-and-more.de\\\/Shop\\\/#website\",\"url\":\"https:\\\/\\\/www.whiskey-and-more.de\\\/Shop\\\/\",\"name\":\"W&amp;M Shop\",\"description\":\"Der Online Shop von Whisk(e)y and More. Online Marktplatz f\u00fcr Whiskey, Whisky und mehr.\",\"publisher\":{\"@id\":\"https:\\\/\\\/www.whiskey-and-more.de\\\/Shop\\\/#organization\"},\"potentialAction\":[{\"@type\":\"SearchAction\",\"target\":{\"@type\":\"EntryPoint\",\"urlTemplate\":\"https:\\\/\\\/www.whiskey-and-more.de\\\/Shop\\\/?s={search_term_string}\"},\"query-input\":{\"@type\":\"PropertyValueSpecification\",\"valueRequired\":true,\"valueName\":\"search_term_string\"}}],\"inLanguage\":\"de\"},{\"@type\":\"Organization\",\"@id\":\"https:\\\/\\\/www.whiskey-and-more.de\\\/Shop\\\/#organization\",\"name\":\"Whisk(e)y and More\",\"url\":\"https:\\\/\\\/www.whiskey-and-more.de\\\/Shop\\\/\",\"logo\":{\"@type\":\"ImageObject\",\"inLanguage\":\"de\",\"@id\":\"https:\\\/\\\/www.whiskey-and-more.de\\\/Shop\\\/#\\\/schema\\\/logo\\\/image\\\/\",\"url\":\"https:\\\/\\\/www.whiskey-and-more.de\\\/Shop\\\/wp-content\\\/uploads\\\/2020\\\/03\\\/Logo2.jpg\",\"contentUrl\":\"https:\\\/\\\/www.whiskey-and-more.de\\\/Shop\\\/wp-content\\\/uploads\\\/2020\\\/03\\\/Logo2.jpg\",\"width\":470,\"height\":110,\"caption\":\"Whisk(e)y and More\"},\"image\":{\"@id\":\"https:\\\/\\\/www.whiskey-and-more.de\\\/Shop\\\/#\\\/schema\\\/logo\\\/image\\\/\"},\"sameAs\":[\"https:\\\/\\\/de-de.facebook.com\\\/Whiskey-and-More-Spaden-1072860722859564\\\/about\"]}]}<\/script>\n<!-- \/ Yoast SEO plugin. -->","yoast_head_json":{"title":"Glentauchers 2009\/2025 - 16 y.o. - 1st Fill Oloroso Casks - Signatory 100 PROOF Exceptional Cask Edition #11 - W&amp;M Shop","description":"Glentauchers 2009\/2025 - 16 y.o. - 1st Fill Oloroso Casks - Signatory 100 PROOF Exceptional Cask Edition #11 bei whisk(e)y and more.de Ihr Onlineshop und Marktplatz f\u00fcr Whisky, Whiskey, Rum, Rhum, Gin und mehr. Sie finden auf whiskey-and-more.de Irish, Schottisch, American, Single Malts, Blended Whiskys bekannter und unbekannter Marken. Wir haben stets Whisky aus Schottland, Irland und der Welt, dauerhaft auf Lager.","robots":{"index":"index","follow":"follow","max-snippet":"max-snippet:-1","max-image-preview":"max-image-preview:large","max-video-preview":"max-video-preview:-1"},"canonical":"https:\/\/www.whiskey-and-more.de\/Shop\/produkt\/glentauchers-2009-2025-16-y-o-1st-fill-oloroso-casks-signatory-100-proof-exceptional-cask-edition-11\/","og_locale":"de_DE","og_type":"article","og_title":"Glentauchers 2009\/2025 - 16 y.o. - 1st Fill Oloroso Casks - Signatory 100 PROOF Exceptional Cask Edition #11 - W&amp;M Shop","og_description":"Glentauchers 2009\/2025 - 16 y.o. - 1st Fill Oloroso Casks - Signatory 100 PROOF Exceptional Cask Edition #11 bei whisk(e)y and more.de Ihr Onlineshop und Marktplatz f\u00fcr Whisky, Whiskey, Rum, Rhum, Gin und mehr. Sie finden auf whiskey-and-more.de Irish, Schottisch, American, Single Malts, Blended Whiskys bekannter und unbekannter Marken. Wir haben stets Whisky aus Schottland, Irland und der Welt, dauerhaft auf Lager.","og_url":"https:\/\/www.whiskey-and-more.de\/Shop\/produkt\/glentauchers-2009-2025-16-y-o-1st-fill-oloroso-casks-signatory-100-proof-exceptional-cask-edition-11\/","og_site_name":"W&amp;M Shop","article_publisher":"https:\/\/de-de.facebook.com\/Whiskey-and-More-Spaden-1072860722859564\/about","article_modified_time":"2026-03-30T08:27:51+00:00","og_image":[{"width":2000,"height":2000,"url":"https:\/\/www.whiskey-and-more.de\/Shop\/wp-content\/uploads\/2025\/09\/Glentauchers-2009-2025-16-y.o.-1st-Fill-Oloroso-Casks-Signatory-100-PROOF-Exceptional-Cask-Edition-11.jpg","type":"image\/jpeg"}],"twitter_card":"summary_large_image","twitter_misc":{"Gesch\u00e4tzte Lesezeit":"1\u00a0Minute"},"schema":{"@context":"https:\/\/schema.org","@graph":[{"@type":"WebPage","@id":"https:\/\/www.whiskey-and-more.de\/Shop\/produkt\/glentauchers-2009-2025-16-y-o-1st-fill-oloroso-casks-signatory-100-proof-exceptional-cask-edition-11\/","url":"https:\/\/www.whiskey-and-more.de\/Shop\/produkt\/glentauchers-2009-2025-16-y-o-1st-fill-oloroso-casks-signatory-100-proof-exceptional-cask-edition-11\/","name":"Glentauchers 2009\/2025 - 16 y.o. - 1st Fill Oloroso Casks - Signatory 100 PROOF Exceptional Cask Edition #11 - W&amp;M Shop","isPartOf":{"@id":"https:\/\/www.whiskey-and-more.de\/Shop\/#website"},"primaryImageOfPage":{"@id":"https:\/\/www.whiskey-and-more.de\/Shop\/produkt\/glentauchers-2009-2025-16-y-o-1st-fill-oloroso-casks-signatory-100-proof-exceptional-cask-edition-11\/#primaryimage"},"image":{"@id":"https:\/\/www.whiskey-and-more.de\/Shop\/produkt\/glentauchers-2009-2025-16-y-o-1st-fill-oloroso-casks-signatory-100-proof-exceptional-cask-edition-11\/#primaryimage"},"thumbnailUrl":"https:\/\/www.whiskey-and-more.de\/Shop\/wp-content\/uploads\/2025\/09\/Glentauchers-2009-2025-16-y.o.-1st-Fill-Oloroso-Casks-Signatory-100-PROOF-Exceptional-Cask-Edition-11.jpg","datePublished":"2025-09-03T14:23:38+00:00","dateModified":"2026-03-30T08:27:51+00:00","description":"Glentauchers 2009\/2025 - 16 y.o. - 1st Fill Oloroso Casks - Signatory 100 PROOF Exceptional Cask Edition #11 bei whisk(e)y and more.de Ihr Onlineshop und Marktplatz f\u00fcr Whisky, Whiskey, Rum, Rhum, Gin und mehr. Sie finden auf whiskey-and-more.de Irish, Schottisch, American, Single Malts, Blended Whiskys bekannter und unbekannter Marken. Wir haben stets Whisky aus Schottland, Irland und der Welt, dauerhaft auf Lager.","breadcrumb":{"@id":"https:\/\/www.whiskey-and-more.de\/Shop\/produkt\/glentauchers-2009-2025-16-y-o-1st-fill-oloroso-casks-signatory-100-proof-exceptional-cask-edition-11\/#breadcrumb"},"inLanguage":"de","potentialAction":[{"@type":"ReadAction","target":["https:\/\/www.whiskey-and-more.de\/Shop\/produkt\/glentauchers-2009-2025-16-y-o-1st-fill-oloroso-casks-signatory-100-proof-exceptional-cask-edition-11\/"]}]},{"@type":"ImageObject","inLanguage":"de","@id":"https:\/\/www.whiskey-and-more.de\/Shop\/produkt\/glentauchers-2009-2025-16-y-o-1st-fill-oloroso-casks-signatory-100-proof-exceptional-cask-edition-11\/#primaryimage","url":"https:\/\/www.whiskey-and-more.de\/Shop\/wp-content\/uploads\/2025\/09\/Glentauchers-2009-2025-16-y.o.-1st-Fill-Oloroso-Casks-Signatory-100-PROOF-Exceptional-Cask-Edition-11.jpg","contentUrl":"https:\/\/www.whiskey-and-more.de\/Shop\/wp-content\/uploads\/2025\/09\/Glentauchers-2009-2025-16-y.o.-1st-Fill-Oloroso-Casks-Signatory-100-PROOF-Exceptional-Cask-Edition-11.jpg","width":"2000","height":"2000","caption":"Glentauchers 2009\/2025 - 16 y.o. - 1st Fill Oloroso Casks - Signatory 100 PROOF Exceptional Cask Edition #11"},{"@type":"BreadcrumbList","@id":"https:\/\/www.whiskey-and-more.de\/Shop\/produkt\/glentauchers-2009-2025-16-y-o-1st-fill-oloroso-casks-signatory-100-proof-exceptional-cask-edition-11\/#breadcrumb","itemListElement":[{"@type":"ListItem","position":1,"name":"Startseite","item":"https:\/\/www.whiskey-and-more.de\/Shop\/"},{"@type":"ListItem","position":2,"name":"Home","item":"https:\/\/www.whiskey-and-more.de\/Shop\/shop\/"},{"@type":"ListItem","position":3,"name":"Whisk(e)y","item":"https:\/\/www.whiskey-and-more.de\/Shop\/produkt-kategorie\/whiskey_whisky\/"},{"@type":"ListItem","position":4,"name":"Glentauchers 2009\/2025 &#8211; 16 y.o. &#8211; 1st Fill Oloroso Casks &#8211; Signatory 100 PROOF Exceptional Cask Edition #11"}]},{"@type":"WebSite","@id":"https:\/\/www.whiskey-and-more.de\/Shop\/#website","url":"https:\/\/www.whiskey-and-more.de\/Shop\/","name":"W&amp;M Shop","description":"Der Online Shop von Whisk(e)y and More. Online Marktplatz f\u00fcr Whiskey, Whisky und mehr.","publisher":{"@id":"https:\/\/www.whiskey-and-more.de\/Shop\/#organization"},"potentialAction":[{"@type":"SearchAction","target":{"@type":"EntryPoint","urlTemplate":"https:\/\/www.whiskey-and-more.de\/Shop\/?s={search_term_string}"},"query-input":{"@type":"PropertyValueSpecification","valueRequired":true,"valueName":"search_term_string"}}],"inLanguage":"de"},{"@type":"Organization","@id":"https:\/\/www.whiskey-and-more.de\/Shop\/#organization","name":"Whisk(e)y and More","url":"https:\/\/www.whiskey-and-more.de\/Shop\/","logo":{"@type":"ImageObject","inLanguage":"de","@id":"https:\/\/www.whiskey-and-more.de\/Shop\/#\/schema\/logo\/image\/","url":"https:\/\/www.whiskey-and-more.de\/Shop\/wp-content\/uploads\/2020\/03\/Logo2.jpg","contentUrl":"https:\/\/www.whiskey-and-more.de\/Shop\/wp-content\/uploads\/2020\/03\/Logo2.jpg","width":470,"height":110,"caption":"Whisk(e)y and More"},"image":{"@id":"https:\/\/www.whiskey-and-more.de\/Shop\/#\/schema\/logo\/image\/"},"sameAs":["https:\/\/de-de.facebook.com\/Whiskey-and-More-Spaden-1072860722859564\/about"]}]}},"jetpack_sharing_enabled":true,"_links":{"self":[{"href":"https:\/\/www.whiskey-and-more.de\/Shop\/wp-json\/wp\/v2\/product\/7310","targetHints":{"allow":["GET"]}}],"collection":[{"href":"https:\/\/www.whiskey-and-more.de\/Shop\/wp-json\/wp\/v2\/product"}],"about":[{"href":"https:\/\/www.whiskey-and-more.de\/Shop\/wp-json\/wp\/v2\/types\/product"}],"replies":[{"embeddable":true,"href":"https:\/\/www.whiskey-and-more.de\/Shop\/wp-json\/wp\/v2\/comments?post=7310"}],"wp:featuredmedia":[{"embeddable":true,"href":"https:\/\/www.whiskey-and-more.de\/Shop\/wp-json\/wp\/v2\/media\/7311"}],"wp:attachment":[{"href":"https:\/\/www.whiskey-and-more.de\/Shop\/wp-json\/wp\/v2\/media?parent=7310"}],"wp:term":[{"taxonomy":"product_brand","embeddable":true,"href":"https:\/\/www.whiskey-and-more.de\/Shop\/wp-json\/wp\/v2\/product_brand?post=7310"},{"taxonomy":"product_cat","embeddable":true,"href":"https:\/\/www.whiskey-and-more.de\/Shop\/wp-json\/wp\/v2\/product_cat?post=7310"},{"taxonomy":"product_tag","embeddable":true,"href":"https:\/\/www.whiskey-and-more.de\/Shop\/wp-json\/wp\/v2\/product_tag?post=7310"}],"curies":[{"name":"wp","href":"https:\/\/api.w.org\/{rel}","templated":true}]}}