{"id":7331,"date":"2025-09-05T16:03:33","date_gmt":"2025-09-05T14:03:33","guid":{"rendered":"https:\/\/www.whiskey-and-more.de\/Shop\/?post_type=product&#038;p=7331"},"modified":"2025-11-11T10:49:17","modified_gmt":"2025-11-11T09:49:17","slug":"dragonjuice-10-y-o-speyside-single-malt-whisky-batch-2-whisky-druid","status":"publish","type":"product","link":"https:\/\/www.whiskey-and-more.de\/Shop\/produkt\/dragonjuice-10-y-o-speyside-single-malt-whisky-batch-2-whisky-druid\/","title":{"rendered":"Dragonjuice 10 y.o. Speyside Single Malt Whisky &#8211; Batch #2 &#8211; Whisky Druid"},"content":{"rendered":"<div class=\"wrapper_left\">\n<div class=\"wrapper_left\">\n<div class=\"wrapper_left\">&#8211; Speyside Single Malt Scotch Whisky<\/div>\n<div class=\"wrapper_left\">&#8211; nicht gef\u00e4rbt<br \/>\n&#8211; nicht k\u00fchlfiltriert<\/div>\n<div class=\"wrapper_left\">&#8211; abgef\u00fcllt in Fassst\u00e4rke mit 50,2% vol.<\/div>\n<\/div>\n<div><\/div>\n<div class=\"wrapper_left\">\n<div>\n<p>Qualit\u00e4tsvoller Single Malt Scotch, Hochgenuss und kleine Preise in einer Abf\u00fcllung vereint? Dieser Zaubertrick gelingt dem Whisky-Druiden auch mit seinem Dragonjuice 10 y.o. &#8211; Speyside Batch 2. Gebrannt wurde das Elixier f\u00fcr Anspruchsvolle in einer unabh\u00e4ngigen Speyside-Brennerei \u2013 gereift in einer k\u00f6stlichen Kombination aus Lik\u00f6rweinf\u00e4ssern.<\/p>\n<p>Vorbelegt mit Pedro Xim\u00e9nez Sherry, Ruby Portwein und portugiesischem Moscatel, \u00fcbten sie ihre Fassmagie auf den Single Malt aus: Fruchtkompott trifft so auf Milchschokolade, karamellisierter brauner Zucker auf reife Brombeeren und eine feine Kr\u00e4uterw\u00fcrze auf dunkle Trauben. Diese zauberhafte Kombination kommt bei kr\u00e4ftigen 50,2% vol. voll zum Tragen und ben\u00f6tigt f\u00fcr ihren Effekt weder K\u00fchlfiltrierung noch Farbstoff.<\/p>\n<\/div>\n<div><\/div>\n<div>\n<h4><strong>Tasting Notes<\/strong><\/h4>\n<p>Nase: Rosinen, dunkles Fruchtkompott, leicht karamellisierter brauner Zucker, Milchschokolade, dunkle Trauben, dazwischen ein spritziger Funk von roten Johannisbeeren. Die Fruchtnoten werden mit der Zeit frischer, tendieren zu roten Beerenfr\u00fcchten.<\/p>\n<p>Gaumen: Geschmeidig rund und angenehm weich, karamellisierter brauner Zucker, feine Kr\u00e4uterw\u00fcrze, geht \u00fcber in fruchtige S\u00fc\u00dfe, dunkle Trauben, reife Brombeeren, ab und zu blitzt die leicht s\u00e4uerliche Frische auf, der Alkohol ist rundum gut eingebunden.<\/p>\n<p>Nachklang: Weich, warm, mittellang, dabei fruchtig mit angenehmer S\u00fc\u00dfe und dezenter Kr\u00e4uternote.<\/p>\n<\/div>\n<\/div>\n<\/div>\n","protected":false},"excerpt":{"rendered":"<p>Region: Speyside<\/p>\n","protected":false},"featured_media":7332,"comment_status":"open","ping_status":"closed","template":"","meta":[],"product_brand":[],"product_cat":[41,36],"product_tag":[1846,74],"class_list":{"0":"post-7331","1":"product","2":"type-product","3":"status-publish","4":"has-post-thumbnail","6":"product_cat-schottland","7":"product_cat-whiskey_whisky","8":"product_tag-dragonjuice-10-y-o-speyside-single-malt-whisky-batch-2-whisky-druid","9":"product_tag-single-malt-whisky","11":"first","12":"instock","13":"taxable","14":"shipping-taxable","15":"purchasable","16":"product-type-simple"},"yoast_head":"<!-- This site is optimized with the Yoast SEO plugin v27.4 - https:\/\/yoast.com\/product\/yoast-seo-wordpress\/ -->\n<title>Dragonjuice 10 y.o. Speyside Single Malt Whisky - Batch #2 - Whisky Druid - W&amp;M Shop<\/title>\n<meta name=\"description\" content=\"Dragonjuice 10 y.o. Speyside Single Malt Whisky - Batch #2 - Whisky Druid bei whisk(e)y and more.de Ihr Onlineshop und Marktplatz f\u00fcr Whisky, Whiskey, Rum, Rhum, Gin und mehr. Sie finden auf whiskey-and-more.de Irish, Schottisch, American, Single Malts, Blended Whiskys bekannter und unbekannter Marken. Wir haben stets Whisky aus Schottland, Irland und der Welt, dauerhaft auf Lager.\" \/>\n<meta name=\"robots\" content=\"index, follow, max-snippet:-1, max-image-preview:large, max-video-preview:-1\" \/>\n<link rel=\"canonical\" href=\"https:\/\/www.whiskey-and-more.de\/Shop\/produkt\/dragonjuice-10-y-o-speyside-single-malt-whisky-batch-2-whisky-druid\/\" \/>\n<meta property=\"og:locale\" content=\"de_DE\" \/>\n<meta property=\"og:type\" content=\"article\" \/>\n<meta property=\"og:title\" content=\"Dragonjuice 10 y.o. Speyside Single Malt Whisky - Batch #2 - Whisky Druid - W&amp;M Shop\" \/>\n<meta property=\"og:description\" content=\"Dragonjuice 10 y.o. Speyside Single Malt Whisky - Batch #2 - Whisky Druid bei whisk(e)y and more.de Ihr Onlineshop und Marktplatz f\u00fcr Whisky, Whiskey, Rum, Rhum, Gin und mehr. Sie finden auf whiskey-and-more.de Irish, Schottisch, American, Single Malts, Blended Whiskys bekannter und unbekannter Marken. Wir haben stets Whisky aus Schottland, Irland und der Welt, dauerhaft auf Lager.\" \/>\n<meta property=\"og:url\" content=\"https:\/\/www.whiskey-and-more.de\/Shop\/produkt\/dragonjuice-10-y-o-speyside-single-malt-whisky-batch-2-whisky-druid\/\" \/>\n<meta property=\"og:site_name\" content=\"W&amp;M Shop\" \/>\n<meta property=\"article:publisher\" content=\"https:\/\/de-de.facebook.com\/Whiskey-and-More-Spaden-1072860722859564\/about\" \/>\n<meta property=\"article:modified_time\" content=\"2025-11-11T09:49:17+00:00\" \/>\n<meta property=\"og:image\" content=\"https:\/\/www.whiskey-and-more.de\/Shop\/wp-content\/uploads\/2025\/09\/Dragonjuice-10-y.o.-Speyside-Single-Malt-Whisky-Batch-2-Whisky-Druid.jpg\" \/>\n\t<meta property=\"og:image:width\" content=\"2000\" \/>\n\t<meta property=\"og:image:height\" content=\"2000\" \/>\n\t<meta property=\"og:image:type\" content=\"image\/jpeg\" \/>\n<meta name=\"twitter:card\" content=\"summary_large_image\" \/>\n<meta name=\"twitter:label1\" content=\"Gesch\u00e4tzte Lesezeit\" \/>\n\t<meta name=\"twitter:data1\" content=\"2\u00a0Minuten\" \/>\n<script type=\"application\/ld+json\" class=\"yoast-schema-graph\">{\"@context\":\"https:\\\/\\\/schema.org\",\"@graph\":[{\"@type\":\"WebPage\",\"@id\":\"https:\\\/\\\/www.whiskey-and-more.de\\\/Shop\\\/produkt\\\/dragonjuice-10-y-o-speyside-single-malt-whisky-batch-2-whisky-druid\\\/\",\"url\":\"https:\\\/\\\/www.whiskey-and-more.de\\\/Shop\\\/produkt\\\/dragonjuice-10-y-o-speyside-single-malt-whisky-batch-2-whisky-druid\\\/\",\"name\":\"Dragonjuice 10 y.o. Speyside Single Malt Whisky - Batch #2 - Whisky Druid - W&amp;M Shop\",\"isPartOf\":{\"@id\":\"https:\\\/\\\/www.whiskey-and-more.de\\\/Shop\\\/#website\"},\"primaryImageOfPage\":{\"@id\":\"https:\\\/\\\/www.whiskey-and-more.de\\\/Shop\\\/produkt\\\/dragonjuice-10-y-o-speyside-single-malt-whisky-batch-2-whisky-druid\\\/#primaryimage\"},\"image\":{\"@id\":\"https:\\\/\\\/www.whiskey-and-more.de\\\/Shop\\\/produkt\\\/dragonjuice-10-y-o-speyside-single-malt-whisky-batch-2-whisky-druid\\\/#primaryimage\"},\"thumbnailUrl\":\"https:\\\/\\\/www.whiskey-and-more.de\\\/Shop\\\/wp-content\\\/uploads\\\/2025\\\/09\\\/Dragonjuice-10-y.o.-Speyside-Single-Malt-Whisky-Batch-2-Whisky-Druid.jpg\",\"datePublished\":\"2025-09-05T14:03:33+00:00\",\"dateModified\":\"2025-11-11T09:49:17+00:00\",\"description\":\"Dragonjuice 10 y.o. Speyside Single Malt Whisky - Batch #2 - Whisky Druid bei whisk(e)y and more.de Ihr Onlineshop und Marktplatz f\u00fcr Whisky, Whiskey, Rum, Rhum, Gin und mehr. Sie finden auf whiskey-and-more.de Irish, Schottisch, American, Single Malts, Blended Whiskys bekannter und unbekannter Marken. Wir haben stets Whisky aus Schottland, Irland und der Welt, dauerhaft auf Lager.\",\"breadcrumb\":{\"@id\":\"https:\\\/\\\/www.whiskey-and-more.de\\\/Shop\\\/produkt\\\/dragonjuice-10-y-o-speyside-single-malt-whisky-batch-2-whisky-druid\\\/#breadcrumb\"},\"inLanguage\":\"de\",\"potentialAction\":[{\"@type\":\"ReadAction\",\"target\":[\"https:\\\/\\\/www.whiskey-and-more.de\\\/Shop\\\/produkt\\\/dragonjuice-10-y-o-speyside-single-malt-whisky-batch-2-whisky-druid\\\/\"]}]},{\"@type\":\"ImageObject\",\"inLanguage\":\"de\",\"@id\":\"https:\\\/\\\/www.whiskey-and-more.de\\\/Shop\\\/produkt\\\/dragonjuice-10-y-o-speyside-single-malt-whisky-batch-2-whisky-druid\\\/#primaryimage\",\"url\":\"https:\\\/\\\/www.whiskey-and-more.de\\\/Shop\\\/wp-content\\\/uploads\\\/2025\\\/09\\\/Dragonjuice-10-y.o.-Speyside-Single-Malt-Whisky-Batch-2-Whisky-Druid.jpg\",\"contentUrl\":\"https:\\\/\\\/www.whiskey-and-more.de\\\/Shop\\\/wp-content\\\/uploads\\\/2025\\\/09\\\/Dragonjuice-10-y.o.-Speyside-Single-Malt-Whisky-Batch-2-Whisky-Druid.jpg\",\"width\":\"2000\",\"height\":\"2000\",\"caption\":\"Dragonjuice 10 y.o. Speyside Single Malt Whisky - Batch #2 - Whisky Druid\"},{\"@type\":\"BreadcrumbList\",\"@id\":\"https:\\\/\\\/www.whiskey-and-more.de\\\/Shop\\\/produkt\\\/dragonjuice-10-y-o-speyside-single-malt-whisky-batch-2-whisky-druid\\\/#breadcrumb\",\"itemListElement\":[{\"@type\":\"ListItem\",\"position\":1,\"name\":\"Startseite\",\"item\":\"https:\\\/\\\/www.whiskey-and-more.de\\\/Shop\\\/\"},{\"@type\":\"ListItem\",\"position\":2,\"name\":\"Home\",\"item\":\"https:\\\/\\\/www.whiskey-and-more.de\\\/Shop\\\/shop\\\/\"},{\"@type\":\"ListItem\",\"position\":3,\"name\":\"Whisk(e)y\",\"item\":\"https:\\\/\\\/www.whiskey-and-more.de\\\/Shop\\\/produkt-kategorie\\\/whiskey_whisky\\\/\"},{\"@type\":\"ListItem\",\"position\":4,\"name\":\"Dragonjuice 10 y.o. Speyside Single Malt Whisky &#8211; Batch #2 &#8211; Whisky Druid\"}]},{\"@type\":\"WebSite\",\"@id\":\"https:\\\/\\\/www.whiskey-and-more.de\\\/Shop\\\/#website\",\"url\":\"https:\\\/\\\/www.whiskey-and-more.de\\\/Shop\\\/\",\"name\":\"W&amp;M Shop\",\"description\":\"Der Online Shop von Whisk(e)y and More. Online Marktplatz f\u00fcr Whiskey, Whisky und mehr.\",\"publisher\":{\"@id\":\"https:\\\/\\\/www.whiskey-and-more.de\\\/Shop\\\/#organization\"},\"potentialAction\":[{\"@type\":\"SearchAction\",\"target\":{\"@type\":\"EntryPoint\",\"urlTemplate\":\"https:\\\/\\\/www.whiskey-and-more.de\\\/Shop\\\/?s={search_term_string}\"},\"query-input\":{\"@type\":\"PropertyValueSpecification\",\"valueRequired\":true,\"valueName\":\"search_term_string\"}}],\"inLanguage\":\"de\"},{\"@type\":\"Organization\",\"@id\":\"https:\\\/\\\/www.whiskey-and-more.de\\\/Shop\\\/#organization\",\"name\":\"Whisk(e)y and More\",\"url\":\"https:\\\/\\\/www.whiskey-and-more.de\\\/Shop\\\/\",\"logo\":{\"@type\":\"ImageObject\",\"inLanguage\":\"de\",\"@id\":\"https:\\\/\\\/www.whiskey-and-more.de\\\/Shop\\\/#\\\/schema\\\/logo\\\/image\\\/\",\"url\":\"https:\\\/\\\/www.whiskey-and-more.de\\\/Shop\\\/wp-content\\\/uploads\\\/2020\\\/03\\\/Logo2.jpg\",\"contentUrl\":\"https:\\\/\\\/www.whiskey-and-more.de\\\/Shop\\\/wp-content\\\/uploads\\\/2020\\\/03\\\/Logo2.jpg\",\"width\":470,\"height\":110,\"caption\":\"Whisk(e)y and More\"},\"image\":{\"@id\":\"https:\\\/\\\/www.whiskey-and-more.de\\\/Shop\\\/#\\\/schema\\\/logo\\\/image\\\/\"},\"sameAs\":[\"https:\\\/\\\/de-de.facebook.com\\\/Whiskey-and-More-Spaden-1072860722859564\\\/about\"]}]}<\/script>\n<!-- \/ Yoast SEO plugin. -->","yoast_head_json":{"title":"Dragonjuice 10 y.o. Speyside Single Malt Whisky - Batch #2 - Whisky Druid - W&amp;M Shop","description":"Dragonjuice 10 y.o. Speyside Single Malt Whisky - Batch #2 - Whisky Druid bei whisk(e)y and more.de Ihr Onlineshop und Marktplatz f\u00fcr Whisky, Whiskey, Rum, Rhum, Gin und mehr. Sie finden auf whiskey-and-more.de Irish, Schottisch, American, Single Malts, Blended Whiskys bekannter und unbekannter Marken. Wir haben stets Whisky aus Schottland, Irland und der Welt, dauerhaft auf Lager.","robots":{"index":"index","follow":"follow","max-snippet":"max-snippet:-1","max-image-preview":"max-image-preview:large","max-video-preview":"max-video-preview:-1"},"canonical":"https:\/\/www.whiskey-and-more.de\/Shop\/produkt\/dragonjuice-10-y-o-speyside-single-malt-whisky-batch-2-whisky-druid\/","og_locale":"de_DE","og_type":"article","og_title":"Dragonjuice 10 y.o. Speyside Single Malt Whisky - Batch #2 - Whisky Druid - W&amp;M Shop","og_description":"Dragonjuice 10 y.o. Speyside Single Malt Whisky - Batch #2 - Whisky Druid bei whisk(e)y and more.de Ihr Onlineshop und Marktplatz f\u00fcr Whisky, Whiskey, Rum, Rhum, Gin und mehr. Sie finden auf whiskey-and-more.de Irish, Schottisch, American, Single Malts, Blended Whiskys bekannter und unbekannter Marken. Wir haben stets Whisky aus Schottland, Irland und der Welt, dauerhaft auf Lager.","og_url":"https:\/\/www.whiskey-and-more.de\/Shop\/produkt\/dragonjuice-10-y-o-speyside-single-malt-whisky-batch-2-whisky-druid\/","og_site_name":"W&amp;M Shop","article_publisher":"https:\/\/de-de.facebook.com\/Whiskey-and-More-Spaden-1072860722859564\/about","article_modified_time":"2025-11-11T09:49:17+00:00","og_image":[{"width":2000,"height":2000,"url":"https:\/\/www.whiskey-and-more.de\/Shop\/wp-content\/uploads\/2025\/09\/Dragonjuice-10-y.o.-Speyside-Single-Malt-Whisky-Batch-2-Whisky-Druid.jpg","type":"image\/jpeg"}],"twitter_card":"summary_large_image","twitter_misc":{"Gesch\u00e4tzte Lesezeit":"2\u00a0Minuten"},"schema":{"@context":"https:\/\/schema.org","@graph":[{"@type":"WebPage","@id":"https:\/\/www.whiskey-and-more.de\/Shop\/produkt\/dragonjuice-10-y-o-speyside-single-malt-whisky-batch-2-whisky-druid\/","url":"https:\/\/www.whiskey-and-more.de\/Shop\/produkt\/dragonjuice-10-y-o-speyside-single-malt-whisky-batch-2-whisky-druid\/","name":"Dragonjuice 10 y.o. Speyside Single Malt Whisky - Batch #2 - Whisky Druid - W&amp;M Shop","isPartOf":{"@id":"https:\/\/www.whiskey-and-more.de\/Shop\/#website"},"primaryImageOfPage":{"@id":"https:\/\/www.whiskey-and-more.de\/Shop\/produkt\/dragonjuice-10-y-o-speyside-single-malt-whisky-batch-2-whisky-druid\/#primaryimage"},"image":{"@id":"https:\/\/www.whiskey-and-more.de\/Shop\/produkt\/dragonjuice-10-y-o-speyside-single-malt-whisky-batch-2-whisky-druid\/#primaryimage"},"thumbnailUrl":"https:\/\/www.whiskey-and-more.de\/Shop\/wp-content\/uploads\/2025\/09\/Dragonjuice-10-y.o.-Speyside-Single-Malt-Whisky-Batch-2-Whisky-Druid.jpg","datePublished":"2025-09-05T14:03:33+00:00","dateModified":"2025-11-11T09:49:17+00:00","description":"Dragonjuice 10 y.o. Speyside Single Malt Whisky - Batch #2 - Whisky Druid bei whisk(e)y and more.de Ihr Onlineshop und Marktplatz f\u00fcr Whisky, Whiskey, Rum, Rhum, Gin und mehr. Sie finden auf whiskey-and-more.de Irish, Schottisch, American, Single Malts, Blended Whiskys bekannter und unbekannter Marken. Wir haben stets Whisky aus Schottland, Irland und der Welt, dauerhaft auf Lager.","breadcrumb":{"@id":"https:\/\/www.whiskey-and-more.de\/Shop\/produkt\/dragonjuice-10-y-o-speyside-single-malt-whisky-batch-2-whisky-druid\/#breadcrumb"},"inLanguage":"de","potentialAction":[{"@type":"ReadAction","target":["https:\/\/www.whiskey-and-more.de\/Shop\/produkt\/dragonjuice-10-y-o-speyside-single-malt-whisky-batch-2-whisky-druid\/"]}]},{"@type":"ImageObject","inLanguage":"de","@id":"https:\/\/www.whiskey-and-more.de\/Shop\/produkt\/dragonjuice-10-y-o-speyside-single-malt-whisky-batch-2-whisky-druid\/#primaryimage","url":"https:\/\/www.whiskey-and-more.de\/Shop\/wp-content\/uploads\/2025\/09\/Dragonjuice-10-y.o.-Speyside-Single-Malt-Whisky-Batch-2-Whisky-Druid.jpg","contentUrl":"https:\/\/www.whiskey-and-more.de\/Shop\/wp-content\/uploads\/2025\/09\/Dragonjuice-10-y.o.-Speyside-Single-Malt-Whisky-Batch-2-Whisky-Druid.jpg","width":"2000","height":"2000","caption":"Dragonjuice 10 y.o. Speyside Single Malt Whisky - Batch #2 - Whisky Druid"},{"@type":"BreadcrumbList","@id":"https:\/\/www.whiskey-and-more.de\/Shop\/produkt\/dragonjuice-10-y-o-speyside-single-malt-whisky-batch-2-whisky-druid\/#breadcrumb","itemListElement":[{"@type":"ListItem","position":1,"name":"Startseite","item":"https:\/\/www.whiskey-and-more.de\/Shop\/"},{"@type":"ListItem","position":2,"name":"Home","item":"https:\/\/www.whiskey-and-more.de\/Shop\/shop\/"},{"@type":"ListItem","position":3,"name":"Whisk(e)y","item":"https:\/\/www.whiskey-and-more.de\/Shop\/produkt-kategorie\/whiskey_whisky\/"},{"@type":"ListItem","position":4,"name":"Dragonjuice 10 y.o. Speyside Single Malt Whisky &#8211; Batch #2 &#8211; Whisky Druid"}]},{"@type":"WebSite","@id":"https:\/\/www.whiskey-and-more.de\/Shop\/#website","url":"https:\/\/www.whiskey-and-more.de\/Shop\/","name":"W&amp;M Shop","description":"Der Online Shop von Whisk(e)y and More. Online Marktplatz f\u00fcr Whiskey, Whisky und mehr.","publisher":{"@id":"https:\/\/www.whiskey-and-more.de\/Shop\/#organization"},"potentialAction":[{"@type":"SearchAction","target":{"@type":"EntryPoint","urlTemplate":"https:\/\/www.whiskey-and-more.de\/Shop\/?s={search_term_string}"},"query-input":{"@type":"PropertyValueSpecification","valueRequired":true,"valueName":"search_term_string"}}],"inLanguage":"de"},{"@type":"Organization","@id":"https:\/\/www.whiskey-and-more.de\/Shop\/#organization","name":"Whisk(e)y and More","url":"https:\/\/www.whiskey-and-more.de\/Shop\/","logo":{"@type":"ImageObject","inLanguage":"de","@id":"https:\/\/www.whiskey-and-more.de\/Shop\/#\/schema\/logo\/image\/","url":"https:\/\/www.whiskey-and-more.de\/Shop\/wp-content\/uploads\/2020\/03\/Logo2.jpg","contentUrl":"https:\/\/www.whiskey-and-more.de\/Shop\/wp-content\/uploads\/2020\/03\/Logo2.jpg","width":470,"height":110,"caption":"Whisk(e)y and More"},"image":{"@id":"https:\/\/www.whiskey-and-more.de\/Shop\/#\/schema\/logo\/image\/"},"sameAs":["https:\/\/de-de.facebook.com\/Whiskey-and-More-Spaden-1072860722859564\/about"]}]}},"jetpack_sharing_enabled":true,"_links":{"self":[{"href":"https:\/\/www.whiskey-and-more.de\/Shop\/wp-json\/wp\/v2\/product\/7331","targetHints":{"allow":["GET"]}}],"collection":[{"href":"https:\/\/www.whiskey-and-more.de\/Shop\/wp-json\/wp\/v2\/product"}],"about":[{"href":"https:\/\/www.whiskey-and-more.de\/Shop\/wp-json\/wp\/v2\/types\/product"}],"replies":[{"embeddable":true,"href":"https:\/\/www.whiskey-and-more.de\/Shop\/wp-json\/wp\/v2\/comments?post=7331"}],"wp:featuredmedia":[{"embeddable":true,"href":"https:\/\/www.whiskey-and-more.de\/Shop\/wp-json\/wp\/v2\/media\/7332"}],"wp:attachment":[{"href":"https:\/\/www.whiskey-and-more.de\/Shop\/wp-json\/wp\/v2\/media?parent=7331"}],"wp:term":[{"taxonomy":"product_brand","embeddable":true,"href":"https:\/\/www.whiskey-and-more.de\/Shop\/wp-json\/wp\/v2\/product_brand?post=7331"},{"taxonomy":"product_cat","embeddable":true,"href":"https:\/\/www.whiskey-and-more.de\/Shop\/wp-json\/wp\/v2\/product_cat?post=7331"},{"taxonomy":"product_tag","embeddable":true,"href":"https:\/\/www.whiskey-and-more.de\/Shop\/wp-json\/wp\/v2\/product_tag?post=7331"}],"curies":[{"name":"wp","href":"https:\/\/api.w.org\/{rel}","templated":true}]}}