{"id":7363,"date":"2025-09-20T11:03:44","date_gmt":"2025-09-20T09:03:44","guid":{"rendered":"https:\/\/www.whiskey-and-more.de\/Shop\/?post_type=product&#038;p=7363"},"modified":"2025-11-11T10:47:51","modified_gmt":"2025-11-11T09:47:51","slug":"lochlea-distillery-orchard-oak-bourbon-new-oak-calvados-casks","status":"publish","type":"product","link":"https:\/\/www.whiskey-and-more.de\/Shop\/produkt\/lochlea-distillery-orchard-oak-bourbon-new-oak-calvados-casks\/","title":{"rendered":"Lochlea Distillery Orchard &#038; Oak &#8211; Bourbon, New Oak &#038; Calvados Casks"},"content":{"rendered":"<p>&#8211; Single Malt Scotch aus den Lowlands<br \/>\n&#8211; abgef\u00fcllt in Trinkst\u00e4rke mit 46 % vol.<br \/>\n&#8211; Gereift in Bourbon, New Oak &amp; Calvados Casks<br \/>\n&#8211; nicht k\u00fchlfiltriert<br \/>\n&#8211; nicht gef\u00e4rbt<\/p>\n<p>Sie ist eine <strong>schottische Rarit\u00e4t<\/strong>: Die Lochlea Distillery ist <strong>unabh\u00e4ngig, familiengef\u00fchrt <\/strong>\u2013 und baut als eine von wenigen Destillerien Schottlands ihre <strong>Gerste selbst<\/strong> an. So entstehen authentische Single Malts, gepr\u00e4gt von der Gerste ihrer Region und einem <strong>f\u00fcr die Lowlands au\u00dfergew\u00f6hnlichen Geschmacksprofil<\/strong>.<\/p>\n<div class=\"wrapper_left\">\n<p>Seasonal Releases waren gestern \u2013 jetzt kommt die Lochlea Core Range! Im Standardsortiment erg\u00e4nzt die unabh\u00e4ngige Farmbrennerei ihren Our Barley um drei weitere Abf\u00fcllungen. Diese bauen auf beliebten saisonalen Ver\u00f6ffentlichungen auf, bieten Lochlea-Fans aber das ganze Jahr \u00fcber ein gleichbleibendes Erlebnis. Als Single Estate Whiskys werden sie zu 100 Prozent aus der eigenen Gerste der Brennerei hergestellt, vor Ort destilliert und gereift.<\/p>\n<p>Der Orchard &amp; Oak ist ein heller, fruchtbetonter Single Malt aus Bourbon, Virgin American Oak und Calvados Casks. Lebhafte Noten von frischem Apfel kombiniert er mit buttrigem Karamell und s\u00fc\u00dfer Eiche, einer weichen, grasigen Frische und einem sanften, w\u00fcrzigen Abgang.<\/p>\n<\/div>\n","protected":false},"excerpt":{"rendered":"<p>Single Malt Scotch aus den Lowlands<\/p>\n","protected":false},"featured_media":7365,"comment_status":"open","ping_status":"closed","template":"","meta":[],"product_brand":[],"product_cat":[41,36],"product_tag":[1857,109,1858,98,99,1347],"class_list":{"0":"post-7363","1":"product","2":"type-product","3":"status-publish","4":"has-post-thumbnail","6":"product_cat-schottland","7":"product_cat-whiskey_whisky","8":"product_tag-lochlea-distillery-orchard-oak-bourbon","9":"product_tag-lowlands","10":"product_tag-new-oak-calvados-casks","11":"product_tag-nicht-gefaerbt","12":"product_tag-nicht-kuehlgefiltert","13":"product_tag-single-malt-scotch-whisky","15":"first","16":"instock","17":"taxable","18":"shipping-taxable","19":"purchasable","20":"product-type-simple"},"yoast_head":"<!-- This site is optimized with the Yoast SEO plugin v27.4 - https:\/\/yoast.com\/product\/yoast-seo-wordpress\/ -->\n<title>Lochlea Distillery Orchard &amp; Oak - Bourbon, New Oak &amp; Calvados Casks - W&amp;M Shop<\/title>\n<meta name=\"description\" content=\"Lochlea Distillery Orchard &amp; Oak - Bourbon, New Oak &amp; Calvados Casks bei whisk(e)y and more.de Ihr Onlineshop und Marktplatz f\u00fcr Whisky, Whiskey, Rum, Rhum, Gin und mehr. Sie finden auf whiskey-and-more.de Irish, Schottisch, American, Single Malts, Blended Whiskys bekannter und unbekannter Marken. Wir haben stets Whisky aus Schottland, Irland und der Welt, dauerhaft auf Lager.\" \/>\n<meta name=\"robots\" content=\"index, follow, max-snippet:-1, max-image-preview:large, max-video-preview:-1\" \/>\n<link rel=\"canonical\" href=\"https:\/\/www.whiskey-and-more.de\/Shop\/produkt\/lochlea-distillery-orchard-oak-bourbon-new-oak-calvados-casks\/\" \/>\n<meta property=\"og:locale\" content=\"de_DE\" \/>\n<meta property=\"og:type\" content=\"article\" \/>\n<meta property=\"og:title\" content=\"Lochlea Distillery Orchard &amp; Oak - Bourbon, New Oak &amp; Calvados Casks - W&amp;M Shop\" \/>\n<meta property=\"og:description\" content=\"Lochlea Distillery Orchard &amp; Oak - Bourbon, New Oak &amp; Calvados Casks bei whisk(e)y and more.de Ihr Onlineshop und Marktplatz f\u00fcr Whisky, Whiskey, Rum, Rhum, Gin und mehr. Sie finden auf whiskey-and-more.de Irish, Schottisch, American, Single Malts, Blended Whiskys bekannter und unbekannter Marken. Wir haben stets Whisky aus Schottland, Irland und der Welt, dauerhaft auf Lager.\" \/>\n<meta property=\"og:url\" content=\"https:\/\/www.whiskey-and-more.de\/Shop\/produkt\/lochlea-distillery-orchard-oak-bourbon-new-oak-calvados-casks\/\" \/>\n<meta property=\"og:site_name\" content=\"W&amp;M Shop\" \/>\n<meta property=\"article:publisher\" content=\"https:\/\/de-de.facebook.com\/Whiskey-and-More-Spaden-1072860722859564\/about\" \/>\n<meta property=\"article:modified_time\" content=\"2025-11-11T09:47:51+00:00\" \/>\n<meta property=\"og:image\" content=\"https:\/\/www.whiskey-and-more.de\/Shop\/wp-content\/uploads\/2025\/09\/Lochlea-Distillery-Orchard-Oak-Bourbon-New-Oak-Calvados-Casks-1.jpg\" \/>\n\t<meta property=\"og:image:width\" content=\"2000\" \/>\n\t<meta property=\"og:image:height\" content=\"2000\" \/>\n\t<meta property=\"og:image:type\" content=\"image\/jpeg\" \/>\n<meta name=\"twitter:card\" content=\"summary_large_image\" \/>\n<meta name=\"twitter:label1\" content=\"Gesch\u00e4tzte Lesezeit\" \/>\n\t<meta name=\"twitter:data1\" content=\"2\u00a0Minuten\" \/>\n<script type=\"application\/ld+json\" class=\"yoast-schema-graph\">{\"@context\":\"https:\\\/\\\/schema.org\",\"@graph\":[{\"@type\":\"WebPage\",\"@id\":\"https:\\\/\\\/www.whiskey-and-more.de\\\/Shop\\\/produkt\\\/lochlea-distillery-orchard-oak-bourbon-new-oak-calvados-casks\\\/\",\"url\":\"https:\\\/\\\/www.whiskey-and-more.de\\\/Shop\\\/produkt\\\/lochlea-distillery-orchard-oak-bourbon-new-oak-calvados-casks\\\/\",\"name\":\"Lochlea Distillery Orchard & Oak - Bourbon, New Oak & Calvados Casks - W&amp;M Shop\",\"isPartOf\":{\"@id\":\"https:\\\/\\\/www.whiskey-and-more.de\\\/Shop\\\/#website\"},\"primaryImageOfPage\":{\"@id\":\"https:\\\/\\\/www.whiskey-and-more.de\\\/Shop\\\/produkt\\\/lochlea-distillery-orchard-oak-bourbon-new-oak-calvados-casks\\\/#primaryimage\"},\"image\":{\"@id\":\"https:\\\/\\\/www.whiskey-and-more.de\\\/Shop\\\/produkt\\\/lochlea-distillery-orchard-oak-bourbon-new-oak-calvados-casks\\\/#primaryimage\"},\"thumbnailUrl\":\"https:\\\/\\\/www.whiskey-and-more.de\\\/Shop\\\/wp-content\\\/uploads\\\/2025\\\/09\\\/Lochlea-Distillery-Orchard-Oak-Bourbon-New-Oak-Calvados-Casks-1.jpg\",\"datePublished\":\"2025-09-20T09:03:44+00:00\",\"dateModified\":\"2025-11-11T09:47:51+00:00\",\"description\":\"Lochlea Distillery Orchard & Oak - Bourbon, New Oak & Calvados Casks bei whisk(e)y and more.de Ihr Onlineshop und Marktplatz f\u00fcr Whisky, Whiskey, Rum, Rhum, Gin und mehr. Sie finden auf whiskey-and-more.de Irish, Schottisch, American, Single Malts, Blended Whiskys bekannter und unbekannter Marken. Wir haben stets Whisky aus Schottland, Irland und der Welt, dauerhaft auf Lager.\",\"breadcrumb\":{\"@id\":\"https:\\\/\\\/www.whiskey-and-more.de\\\/Shop\\\/produkt\\\/lochlea-distillery-orchard-oak-bourbon-new-oak-calvados-casks\\\/#breadcrumb\"},\"inLanguage\":\"de\",\"potentialAction\":[{\"@type\":\"ReadAction\",\"target\":[\"https:\\\/\\\/www.whiskey-and-more.de\\\/Shop\\\/produkt\\\/lochlea-distillery-orchard-oak-bourbon-new-oak-calvados-casks\\\/\"]}]},{\"@type\":\"ImageObject\",\"inLanguage\":\"de\",\"@id\":\"https:\\\/\\\/www.whiskey-and-more.de\\\/Shop\\\/produkt\\\/lochlea-distillery-orchard-oak-bourbon-new-oak-calvados-casks\\\/#primaryimage\",\"url\":\"https:\\\/\\\/www.whiskey-and-more.de\\\/Shop\\\/wp-content\\\/uploads\\\/2025\\\/09\\\/Lochlea-Distillery-Orchard-Oak-Bourbon-New-Oak-Calvados-Casks-1.jpg\",\"contentUrl\":\"https:\\\/\\\/www.whiskey-and-more.de\\\/Shop\\\/wp-content\\\/uploads\\\/2025\\\/09\\\/Lochlea-Distillery-Orchard-Oak-Bourbon-New-Oak-Calvados-Casks-1.jpg\",\"width\":\"2000\",\"height\":\"2000\",\"caption\":\"Lochlea Distillery Orchard & Oak - Bourbon, New Oak & Calvados Casks\"},{\"@type\":\"BreadcrumbList\",\"@id\":\"https:\\\/\\\/www.whiskey-and-more.de\\\/Shop\\\/produkt\\\/lochlea-distillery-orchard-oak-bourbon-new-oak-calvados-casks\\\/#breadcrumb\",\"itemListElement\":[{\"@type\":\"ListItem\",\"position\":1,\"name\":\"Startseite\",\"item\":\"https:\\\/\\\/www.whiskey-and-more.de\\\/Shop\\\/\"},{\"@type\":\"ListItem\",\"position\":2,\"name\":\"Home\",\"item\":\"https:\\\/\\\/www.whiskey-and-more.de\\\/Shop\\\/shop\\\/\"},{\"@type\":\"ListItem\",\"position\":3,\"name\":\"Whisk(e)y\",\"item\":\"https:\\\/\\\/www.whiskey-and-more.de\\\/Shop\\\/produkt-kategorie\\\/whiskey_whisky\\\/\"},{\"@type\":\"ListItem\",\"position\":4,\"name\":\"Lochlea Distillery Orchard &#038; Oak &#8211; Bourbon, New Oak &#038; Calvados Casks\"}]},{\"@type\":\"WebSite\",\"@id\":\"https:\\\/\\\/www.whiskey-and-more.de\\\/Shop\\\/#website\",\"url\":\"https:\\\/\\\/www.whiskey-and-more.de\\\/Shop\\\/\",\"name\":\"W&amp;M Shop\",\"description\":\"Der Online Shop von Whisk(e)y and More. Online Marktplatz f\u00fcr Whiskey, Whisky und mehr.\",\"publisher\":{\"@id\":\"https:\\\/\\\/www.whiskey-and-more.de\\\/Shop\\\/#organization\"},\"potentialAction\":[{\"@type\":\"SearchAction\",\"target\":{\"@type\":\"EntryPoint\",\"urlTemplate\":\"https:\\\/\\\/www.whiskey-and-more.de\\\/Shop\\\/?s={search_term_string}\"},\"query-input\":{\"@type\":\"PropertyValueSpecification\",\"valueRequired\":true,\"valueName\":\"search_term_string\"}}],\"inLanguage\":\"de\"},{\"@type\":\"Organization\",\"@id\":\"https:\\\/\\\/www.whiskey-and-more.de\\\/Shop\\\/#organization\",\"name\":\"Whisk(e)y and More\",\"url\":\"https:\\\/\\\/www.whiskey-and-more.de\\\/Shop\\\/\",\"logo\":{\"@type\":\"ImageObject\",\"inLanguage\":\"de\",\"@id\":\"https:\\\/\\\/www.whiskey-and-more.de\\\/Shop\\\/#\\\/schema\\\/logo\\\/image\\\/\",\"url\":\"https:\\\/\\\/www.whiskey-and-more.de\\\/Shop\\\/wp-content\\\/uploads\\\/2020\\\/03\\\/Logo2.jpg\",\"contentUrl\":\"https:\\\/\\\/www.whiskey-and-more.de\\\/Shop\\\/wp-content\\\/uploads\\\/2020\\\/03\\\/Logo2.jpg\",\"width\":470,\"height\":110,\"caption\":\"Whisk(e)y and More\"},\"image\":{\"@id\":\"https:\\\/\\\/www.whiskey-and-more.de\\\/Shop\\\/#\\\/schema\\\/logo\\\/image\\\/\"},\"sameAs\":[\"https:\\\/\\\/de-de.facebook.com\\\/Whiskey-and-More-Spaden-1072860722859564\\\/about\"]}]}<\/script>\n<!-- \/ Yoast SEO plugin. -->","yoast_head_json":{"title":"Lochlea Distillery Orchard & Oak - Bourbon, New Oak & Calvados Casks - W&amp;M Shop","description":"Lochlea Distillery Orchard & Oak - Bourbon, New Oak & Calvados Casks bei whisk(e)y and more.de Ihr Onlineshop und Marktplatz f\u00fcr Whisky, Whiskey, Rum, Rhum, Gin und mehr. Sie finden auf whiskey-and-more.de Irish, Schottisch, American, Single Malts, Blended Whiskys bekannter und unbekannter Marken. Wir haben stets Whisky aus Schottland, Irland und der Welt, dauerhaft auf Lager.","robots":{"index":"index","follow":"follow","max-snippet":"max-snippet:-1","max-image-preview":"max-image-preview:large","max-video-preview":"max-video-preview:-1"},"canonical":"https:\/\/www.whiskey-and-more.de\/Shop\/produkt\/lochlea-distillery-orchard-oak-bourbon-new-oak-calvados-casks\/","og_locale":"de_DE","og_type":"article","og_title":"Lochlea Distillery Orchard & Oak - Bourbon, New Oak & Calvados Casks - W&amp;M Shop","og_description":"Lochlea Distillery Orchard & Oak - Bourbon, New Oak & Calvados Casks bei whisk(e)y and more.de Ihr Onlineshop und Marktplatz f\u00fcr Whisky, Whiskey, Rum, Rhum, Gin und mehr. Sie finden auf whiskey-and-more.de Irish, Schottisch, American, Single Malts, Blended Whiskys bekannter und unbekannter Marken. Wir haben stets Whisky aus Schottland, Irland und der Welt, dauerhaft auf Lager.","og_url":"https:\/\/www.whiskey-and-more.de\/Shop\/produkt\/lochlea-distillery-orchard-oak-bourbon-new-oak-calvados-casks\/","og_site_name":"W&amp;M Shop","article_publisher":"https:\/\/de-de.facebook.com\/Whiskey-and-More-Spaden-1072860722859564\/about","article_modified_time":"2025-11-11T09:47:51+00:00","og_image":[{"width":2000,"height":2000,"url":"https:\/\/www.whiskey-and-more.de\/Shop\/wp-content\/uploads\/2025\/09\/Lochlea-Distillery-Orchard-Oak-Bourbon-New-Oak-Calvados-Casks-1.jpg","type":"image\/jpeg"}],"twitter_card":"summary_large_image","twitter_misc":{"Gesch\u00e4tzte Lesezeit":"2\u00a0Minuten"},"schema":{"@context":"https:\/\/schema.org","@graph":[{"@type":"WebPage","@id":"https:\/\/www.whiskey-and-more.de\/Shop\/produkt\/lochlea-distillery-orchard-oak-bourbon-new-oak-calvados-casks\/","url":"https:\/\/www.whiskey-and-more.de\/Shop\/produkt\/lochlea-distillery-orchard-oak-bourbon-new-oak-calvados-casks\/","name":"Lochlea Distillery Orchard & Oak - Bourbon, New Oak & Calvados Casks - W&amp;M Shop","isPartOf":{"@id":"https:\/\/www.whiskey-and-more.de\/Shop\/#website"},"primaryImageOfPage":{"@id":"https:\/\/www.whiskey-and-more.de\/Shop\/produkt\/lochlea-distillery-orchard-oak-bourbon-new-oak-calvados-casks\/#primaryimage"},"image":{"@id":"https:\/\/www.whiskey-and-more.de\/Shop\/produkt\/lochlea-distillery-orchard-oak-bourbon-new-oak-calvados-casks\/#primaryimage"},"thumbnailUrl":"https:\/\/www.whiskey-and-more.de\/Shop\/wp-content\/uploads\/2025\/09\/Lochlea-Distillery-Orchard-Oak-Bourbon-New-Oak-Calvados-Casks-1.jpg","datePublished":"2025-09-20T09:03:44+00:00","dateModified":"2025-11-11T09:47:51+00:00","description":"Lochlea Distillery Orchard & Oak - Bourbon, New Oak & Calvados Casks bei whisk(e)y and more.de Ihr Onlineshop und Marktplatz f\u00fcr Whisky, Whiskey, Rum, Rhum, Gin und mehr. Sie finden auf whiskey-and-more.de Irish, Schottisch, American, Single Malts, Blended Whiskys bekannter und unbekannter Marken. Wir haben stets Whisky aus Schottland, Irland und der Welt, dauerhaft auf Lager.","breadcrumb":{"@id":"https:\/\/www.whiskey-and-more.de\/Shop\/produkt\/lochlea-distillery-orchard-oak-bourbon-new-oak-calvados-casks\/#breadcrumb"},"inLanguage":"de","potentialAction":[{"@type":"ReadAction","target":["https:\/\/www.whiskey-and-more.de\/Shop\/produkt\/lochlea-distillery-orchard-oak-bourbon-new-oak-calvados-casks\/"]}]},{"@type":"ImageObject","inLanguage":"de","@id":"https:\/\/www.whiskey-and-more.de\/Shop\/produkt\/lochlea-distillery-orchard-oak-bourbon-new-oak-calvados-casks\/#primaryimage","url":"https:\/\/www.whiskey-and-more.de\/Shop\/wp-content\/uploads\/2025\/09\/Lochlea-Distillery-Orchard-Oak-Bourbon-New-Oak-Calvados-Casks-1.jpg","contentUrl":"https:\/\/www.whiskey-and-more.de\/Shop\/wp-content\/uploads\/2025\/09\/Lochlea-Distillery-Orchard-Oak-Bourbon-New-Oak-Calvados-Casks-1.jpg","width":"2000","height":"2000","caption":"Lochlea Distillery Orchard & Oak - Bourbon, New Oak & Calvados Casks"},{"@type":"BreadcrumbList","@id":"https:\/\/www.whiskey-and-more.de\/Shop\/produkt\/lochlea-distillery-orchard-oak-bourbon-new-oak-calvados-casks\/#breadcrumb","itemListElement":[{"@type":"ListItem","position":1,"name":"Startseite","item":"https:\/\/www.whiskey-and-more.de\/Shop\/"},{"@type":"ListItem","position":2,"name":"Home","item":"https:\/\/www.whiskey-and-more.de\/Shop\/shop\/"},{"@type":"ListItem","position":3,"name":"Whisk(e)y","item":"https:\/\/www.whiskey-and-more.de\/Shop\/produkt-kategorie\/whiskey_whisky\/"},{"@type":"ListItem","position":4,"name":"Lochlea Distillery Orchard &#038; Oak &#8211; Bourbon, New Oak &#038; Calvados Casks"}]},{"@type":"WebSite","@id":"https:\/\/www.whiskey-and-more.de\/Shop\/#website","url":"https:\/\/www.whiskey-and-more.de\/Shop\/","name":"W&amp;M Shop","description":"Der Online Shop von Whisk(e)y and More. Online Marktplatz f\u00fcr Whiskey, Whisky und mehr.","publisher":{"@id":"https:\/\/www.whiskey-and-more.de\/Shop\/#organization"},"potentialAction":[{"@type":"SearchAction","target":{"@type":"EntryPoint","urlTemplate":"https:\/\/www.whiskey-and-more.de\/Shop\/?s={search_term_string}"},"query-input":{"@type":"PropertyValueSpecification","valueRequired":true,"valueName":"search_term_string"}}],"inLanguage":"de"},{"@type":"Organization","@id":"https:\/\/www.whiskey-and-more.de\/Shop\/#organization","name":"Whisk(e)y and More","url":"https:\/\/www.whiskey-and-more.de\/Shop\/","logo":{"@type":"ImageObject","inLanguage":"de","@id":"https:\/\/www.whiskey-and-more.de\/Shop\/#\/schema\/logo\/image\/","url":"https:\/\/www.whiskey-and-more.de\/Shop\/wp-content\/uploads\/2020\/03\/Logo2.jpg","contentUrl":"https:\/\/www.whiskey-and-more.de\/Shop\/wp-content\/uploads\/2020\/03\/Logo2.jpg","width":470,"height":110,"caption":"Whisk(e)y and More"},"image":{"@id":"https:\/\/www.whiskey-and-more.de\/Shop\/#\/schema\/logo\/image\/"},"sameAs":["https:\/\/de-de.facebook.com\/Whiskey-and-More-Spaden-1072860722859564\/about"]}]}},"jetpack_sharing_enabled":true,"_links":{"self":[{"href":"https:\/\/www.whiskey-and-more.de\/Shop\/wp-json\/wp\/v2\/product\/7363","targetHints":{"allow":["GET"]}}],"collection":[{"href":"https:\/\/www.whiskey-and-more.de\/Shop\/wp-json\/wp\/v2\/product"}],"about":[{"href":"https:\/\/www.whiskey-and-more.de\/Shop\/wp-json\/wp\/v2\/types\/product"}],"replies":[{"embeddable":true,"href":"https:\/\/www.whiskey-and-more.de\/Shop\/wp-json\/wp\/v2\/comments?post=7363"}],"wp:featuredmedia":[{"embeddable":true,"href":"https:\/\/www.whiskey-and-more.de\/Shop\/wp-json\/wp\/v2\/media\/7365"}],"wp:attachment":[{"href":"https:\/\/www.whiskey-and-more.de\/Shop\/wp-json\/wp\/v2\/media?parent=7363"}],"wp:term":[{"taxonomy":"product_brand","embeddable":true,"href":"https:\/\/www.whiskey-and-more.de\/Shop\/wp-json\/wp\/v2\/product_brand?post=7363"},{"taxonomy":"product_cat","embeddable":true,"href":"https:\/\/www.whiskey-and-more.de\/Shop\/wp-json\/wp\/v2\/product_cat?post=7363"},{"taxonomy":"product_tag","embeddable":true,"href":"https:\/\/www.whiskey-and-more.de\/Shop\/wp-json\/wp\/v2\/product_tag?post=7363"}],"curies":[{"name":"wp","href":"https:\/\/api.w.org\/{rel}","templated":true}]}}