{"id":7461,"date":"2025-10-28T16:34:09","date_gmt":"2025-10-28T15:34:09","guid":{"rendered":"https:\/\/www.whiskey-and-more.de\/Shop\/?post_type=product&#038;p=7461"},"modified":"2025-11-11T10:46:04","modified_gmt":"2025-11-11T09:46:04","slug":"jack-daniels-10-y-o-batch-4","status":"publish","type":"product","link":"https:\/\/www.whiskey-and-more.de\/Shop\/produkt\/jack-daniels-10-y-o-batch-4\/","title":{"rendered":"Jack Daniels 10 y.o. Batch 4"},"content":{"rendered":"<p>&#8211; Tennessee Whiskey- abgef\u00fcllt in Trinkst\u00e4rke mit 40 % vol.<br \/>\n&#8211; Limited Edition<br \/>\n&#8211; abgef\u00fcllt in Trinkst\u00e4rke mit 48,5 % vol.<br \/>\n&#8211; k\u00fchlfiltriert<br \/>\n&#8211; nicht gef\u00e4rbt<\/p>\n<p>10 Jahre Geduld \u2013 Ein Whiskey wie kein Zweiter. JACK DANIEL&#8217;S \u00a010 Years Old Tennessee Whiskey ist mehr als nur ein gereifter Tennessee Whiskey \u2013 er ist ein Statement. Zum ersten Mal seit \u00fcber einem Jahrhundert pr\u00e4sentiert JACK DANIEL&#8217;S wieder einen Whiskey mit Altersangabe. Und dieser hat es in sich: ganze zehn Jahre Ruhezeit im Fass sorgen f\u00fcr ein Geschmackserlebnis, das Tiefe, Komplexit\u00e4t und die charakteristische Milde von JACK DANIEL&#8217;S vereint.<\/p>\n<p data-start=\"857\" data-end=\"1178\">Das Besondere: Die F\u00e4sser wurden mehrfach innerhalb der Lagerh\u00e4user bewegt, um den Reifeprozess durch wechselnde Temperaturen und Luftfeuchtigkeit zu perfektionieren. Heraus kommt ein Whiskey mit Noten von dunklem Karamell, Eiche, Vanille und einem Hauch Rauch \u2013 kr\u00e4ftig, vollmundig und \u00fcberraschend weich bei 48,5 % Vol.<\/p>\n<p data-start=\"1180\" data-end=\"1377\">JACK DANIEL&#8217;S \u00a010 Years Old Tennessee Whiskey ist ein echtes Sammlerst\u00fcck \u2013 limitiert, nummeriert und mit handverlesener Qualit\u00e4t aus Lynchburg. Ein Muss f\u00fcr Kenner und all jene, die den besonderen Moment sch\u00e4tzen.<\/p>\n<p>In Kentucky und Tennessee herrschen extremere klimatische Bedingungen als in Schottland. Die hei\u00dfen Sommer und kalten Winter f\u00fchren dazu, dass sich die Holzf\u00e4sser st\u00e4rker<br \/>\nausdehnen und zusammenziehen. Dadurch interagiert das Destillat intensiver mit dem Holz.<br \/>\nDiese intensivere Fassreifung beschleunigt den Reifeprozess. Ein 4- bis 6-j\u00e4hriger Bourbon kann dadurch die Komplexit\u00e4t eines viel \u00e4lteren Scotch erreichen.<br \/>\nEin weiterer Effekt ist der h\u00f6here &#8222;Angel&#8217;s Share&#8220; (Anteil der Verdunstung). Nach 10 oder mehr Jahren ist der Fl\u00fcssigkeitsverlust so erheblich, dass \u00e4ltere amerikanische<br \/>\nWhiskeys mit Altersangabe sehr selten und einzigartig sind.<\/p>\n<p id=\"D0V6MMH\"><strong>Geschmacksprofil<\/strong><\/p>\n<p>Die Zutaten des Jack Daniel\u2019s 10-j\u00e4hrigen Tennessee Whiskey stimmen mit dem klassischen Jack Daniel\u2019s Tennessee Whiskey \u00fcberein &#8211; 80% Mais, 12% gem\u00e4lzte Gerste und 8% Roggen.<br \/>\nDer frisch destillierte Whiskey wird noch vor Abf\u00fcllung in die F\u00e4sser durch eine 3 Meter hohe Schicht aus Zucker-Ahorn-Holzkohle Tropfen f\u00fcr Tropfen gefiltert. Unterschiedliche Lagerbedingungen innerhalb von 10 Jahren schaffen im Ergebnis den intensiven und einzigartigen Charakter von Jack Daniel\u2019s 10 Year-Old.#<\/p>\n<p>Erstmals in Europa verf\u00fcgbar \u2013 nur eine sehr begrenzte Flaschenanzahl in Deutschland. Einer der wenigen age-stated American Whiskeys auf dem Markt \u2013 ein echtes Sammlerst\u00fcck.<br \/>\n*Batch 1-3 wurde nur in den USA &amp; Kanada verkauft.<\/p>\n<p>FARBE: dunkelbraun<\/p>\n<p>GESCHMACK: Betonte Eichenholz-Nuancen mit Frucht- und Kakaonoten<\/p>\n<p>AROMA: Vorherrschende Noten von Eiche, Buttertoffee und Tabak<\/p>\n<p>&nbsp;<\/p>\n","protected":false},"excerpt":{"rendered":"<p>Tennessee Whiskey<\/p>\n","protected":false},"featured_media":7475,"comment_status":"open","ping_status":"closed","template":"","meta":[],"product_brand":[],"product_cat":[43,36],"product_tag":[1875,89,69,194],"class_list":{"0":"post-7461","1":"product","2":"type-product","3":"status-publish","4":"has-post-thumbnail","6":"product_cat-usakanada","7":"product_cat-whiskey_whisky","8":"product_tag-jack-daniels-10-y-o-batch-4","9":"product_tag-limited-edition","10":"product_tag-originalabfuellung","11":"product_tag-usa","13":"first","14":"instock","15":"taxable","16":"shipping-taxable","17":"purchasable","18":"product-type-simple"},"yoast_head":"<!-- This site is optimized with the Yoast SEO plugin v27.6 - https:\/\/yoast.com\/product\/yoast-seo-wordpress\/ -->\n<title>Jack Daniels 10 y.o. Batch 4 - W&amp;M Shop<\/title>\n<meta name=\"description\" content=\"Jack Daniels 10 y.o. Batch 4 bei whisk(e)y and more.de Ihr Onlineshop und Marktplatz f\u00fcr Whisky, Whiskey, Rum, Rhum, Gin und mehr. Sie finden auf whiskey-and-more.de Irish, Schottisch, American, Single Malts, Blended Whiskys bekannter und unbekannter Marken. Wir haben stets Whisky aus Schottland, Irland und der Welt, dauerhaft auf Lager.\" \/>\n<meta name=\"robots\" content=\"index, follow, max-snippet:-1, max-image-preview:large, max-video-preview:-1\" \/>\n<link rel=\"canonical\" href=\"https:\/\/www.whiskey-and-more.de\/Shop\/produkt\/jack-daniels-10-y-o-batch-4\/\" \/>\n<meta property=\"og:locale\" content=\"de_DE\" \/>\n<meta property=\"og:type\" content=\"article\" \/>\n<meta property=\"og:title\" content=\"Jack Daniels 10 y.o. Batch 4 - W&amp;M Shop\" \/>\n<meta property=\"og:description\" content=\"Jack Daniels 10 y.o. Batch 4 bei whisk(e)y and more.de Ihr Onlineshop und Marktplatz f\u00fcr Whisky, Whiskey, Rum, Rhum, Gin und mehr. Sie finden auf whiskey-and-more.de Irish, Schottisch, American, Single Malts, Blended Whiskys bekannter und unbekannter Marken. Wir haben stets Whisky aus Schottland, Irland und der Welt, dauerhaft auf Lager.\" \/>\n<meta property=\"og:url\" content=\"https:\/\/www.whiskey-and-more.de\/Shop\/produkt\/jack-daniels-10-y-o-batch-4\/\" \/>\n<meta property=\"og:site_name\" content=\"W&amp;M Shop\" \/>\n<meta property=\"article:publisher\" content=\"https:\/\/de-de.facebook.com\/Whiskey-and-More-Spaden-1072860722859564\/about\" \/>\n<meta property=\"article:modified_time\" content=\"2025-11-11T09:46:04+00:00\" \/>\n<meta property=\"og:image\" content=\"https:\/\/www.whiskey-and-more.de\/Shop\/wp-content\/uploads\/2025\/10\/Jack-Daniels-10-y.o.-Batch-4-scaled.jpg\" \/>\n\t<meta property=\"og:image:width\" content=\"1920\" \/>\n\t<meta property=\"og:image:height\" content=\"2560\" \/>\n\t<meta property=\"og:image:type\" content=\"image\/jpeg\" \/>\n<meta name=\"twitter:card\" content=\"summary_large_image\" \/>\n<meta name=\"twitter:label1\" content=\"Gesch\u00e4tzte Lesezeit\" \/>\n\t<meta name=\"twitter:data1\" content=\"3\u00a0Minuten\" \/>\n<script type=\"application\/ld+json\" class=\"yoast-schema-graph\">{\"@context\":\"https:\\\/\\\/schema.org\",\"@graph\":[{\"@type\":\"WebPage\",\"@id\":\"https:\\\/\\\/www.whiskey-and-more.de\\\/Shop\\\/produkt\\\/jack-daniels-10-y-o-batch-4\\\/\",\"url\":\"https:\\\/\\\/www.whiskey-and-more.de\\\/Shop\\\/produkt\\\/jack-daniels-10-y-o-batch-4\\\/\",\"name\":\"Jack Daniels 10 y.o. Batch 4 - W&amp;M Shop\",\"isPartOf\":{\"@id\":\"https:\\\/\\\/www.whiskey-and-more.de\\\/Shop\\\/#website\"},\"primaryImageOfPage\":{\"@id\":\"https:\\\/\\\/www.whiskey-and-more.de\\\/Shop\\\/produkt\\\/jack-daniels-10-y-o-batch-4\\\/#primaryimage\"},\"image\":{\"@id\":\"https:\\\/\\\/www.whiskey-and-more.de\\\/Shop\\\/produkt\\\/jack-daniels-10-y-o-batch-4\\\/#primaryimage\"},\"thumbnailUrl\":\"https:\\\/\\\/www.whiskey-and-more.de\\\/Shop\\\/wp-content\\\/uploads\\\/2025\\\/10\\\/Jack-Daniels-10-y.o.-Batch-4-scaled.jpg\",\"datePublished\":\"2025-10-28T15:34:09+00:00\",\"dateModified\":\"2025-11-11T09:46:04+00:00\",\"description\":\"Jack Daniels 10 y.o. Batch 4 bei whisk(e)y and more.de Ihr Onlineshop und Marktplatz f\u00fcr Whisky, Whiskey, Rum, Rhum, Gin und mehr. Sie finden auf whiskey-and-more.de Irish, Schottisch, American, Single Malts, Blended Whiskys bekannter und unbekannter Marken. Wir haben stets Whisky aus Schottland, Irland und der Welt, dauerhaft auf Lager.\",\"breadcrumb\":{\"@id\":\"https:\\\/\\\/www.whiskey-and-more.de\\\/Shop\\\/produkt\\\/jack-daniels-10-y-o-batch-4\\\/#breadcrumb\"},\"inLanguage\":\"de\",\"potentialAction\":[{\"@type\":\"ReadAction\",\"target\":[\"https:\\\/\\\/www.whiskey-and-more.de\\\/Shop\\\/produkt\\\/jack-daniels-10-y-o-batch-4\\\/\"]}]},{\"@type\":\"ImageObject\",\"inLanguage\":\"de\",\"@id\":\"https:\\\/\\\/www.whiskey-and-more.de\\\/Shop\\\/produkt\\\/jack-daniels-10-y-o-batch-4\\\/#primaryimage\",\"url\":\"https:\\\/\\\/www.whiskey-and-more.de\\\/Shop\\\/wp-content\\\/uploads\\\/2025\\\/10\\\/Jack-Daniels-10-y.o.-Batch-4-scaled.jpg\",\"contentUrl\":\"https:\\\/\\\/www.whiskey-and-more.de\\\/Shop\\\/wp-content\\\/uploads\\\/2025\\\/10\\\/Jack-Daniels-10-y.o.-Batch-4-scaled.jpg\",\"width\":\"1920\",\"height\":\"2560\",\"caption\":\"Jack Daniels 10 y.o. Batch 4\"},{\"@type\":\"BreadcrumbList\",\"@id\":\"https:\\\/\\\/www.whiskey-and-more.de\\\/Shop\\\/produkt\\\/jack-daniels-10-y-o-batch-4\\\/#breadcrumb\",\"itemListElement\":[{\"@type\":\"ListItem\",\"position\":1,\"name\":\"Startseite\",\"item\":\"https:\\\/\\\/www.whiskey-and-more.de\\\/Shop\\\/\"},{\"@type\":\"ListItem\",\"position\":2,\"name\":\"Home\",\"item\":\"https:\\\/\\\/www.whiskey-and-more.de\\\/Shop\\\/shop\\\/\"},{\"@type\":\"ListItem\",\"position\":3,\"name\":\"Whisk(e)y\",\"item\":\"https:\\\/\\\/www.whiskey-and-more.de\\\/Shop\\\/produkt-kategorie\\\/whiskey_whisky\\\/\"},{\"@type\":\"ListItem\",\"position\":4,\"name\":\"Jack Daniels 10 y.o. Batch 4\"}]},{\"@type\":\"WebSite\",\"@id\":\"https:\\\/\\\/www.whiskey-and-more.de\\\/Shop\\\/#website\",\"url\":\"https:\\\/\\\/www.whiskey-and-more.de\\\/Shop\\\/\",\"name\":\"W&amp;M Shop\",\"description\":\"Der Online Shop von Whisk(e)y and More. Online Marktplatz f\u00fcr Whiskey, Whisky und mehr.\",\"publisher\":{\"@id\":\"https:\\\/\\\/www.whiskey-and-more.de\\\/Shop\\\/#organization\"},\"potentialAction\":[{\"@type\":\"SearchAction\",\"target\":{\"@type\":\"EntryPoint\",\"urlTemplate\":\"https:\\\/\\\/www.whiskey-and-more.de\\\/Shop\\\/?s={search_term_string}\"},\"query-input\":{\"@type\":\"PropertyValueSpecification\",\"valueRequired\":true,\"valueName\":\"search_term_string\"}}],\"inLanguage\":\"de\"},{\"@type\":\"Organization\",\"@id\":\"https:\\\/\\\/www.whiskey-and-more.de\\\/Shop\\\/#organization\",\"name\":\"Whisk(e)y and More\",\"url\":\"https:\\\/\\\/www.whiskey-and-more.de\\\/Shop\\\/\",\"logo\":{\"@type\":\"ImageObject\",\"inLanguage\":\"de\",\"@id\":\"https:\\\/\\\/www.whiskey-and-more.de\\\/Shop\\\/#\\\/schema\\\/logo\\\/image\\\/\",\"url\":\"https:\\\/\\\/www.whiskey-and-more.de\\\/Shop\\\/wp-content\\\/uploads\\\/2020\\\/03\\\/Logo2.jpg\",\"contentUrl\":\"https:\\\/\\\/www.whiskey-and-more.de\\\/Shop\\\/wp-content\\\/uploads\\\/2020\\\/03\\\/Logo2.jpg\",\"width\":470,\"height\":110,\"caption\":\"Whisk(e)y and More\"},\"image\":{\"@id\":\"https:\\\/\\\/www.whiskey-and-more.de\\\/Shop\\\/#\\\/schema\\\/logo\\\/image\\\/\"},\"sameAs\":[\"https:\\\/\\\/de-de.facebook.com\\\/Whiskey-and-More-Spaden-1072860722859564\\\/about\"]}]}<\/script>\n<!-- \/ Yoast SEO plugin. -->","yoast_head_json":{"title":"Jack Daniels 10 y.o. Batch 4 - W&amp;M Shop","description":"Jack Daniels 10 y.o. Batch 4 bei whisk(e)y and more.de Ihr Onlineshop und Marktplatz f\u00fcr Whisky, Whiskey, Rum, Rhum, Gin und mehr. Sie finden auf whiskey-and-more.de Irish, Schottisch, American, Single Malts, Blended Whiskys bekannter und unbekannter Marken. Wir haben stets Whisky aus Schottland, Irland und der Welt, dauerhaft auf Lager.","robots":{"index":"index","follow":"follow","max-snippet":"max-snippet:-1","max-image-preview":"max-image-preview:large","max-video-preview":"max-video-preview:-1"},"canonical":"https:\/\/www.whiskey-and-more.de\/Shop\/produkt\/jack-daniels-10-y-o-batch-4\/","og_locale":"de_DE","og_type":"article","og_title":"Jack Daniels 10 y.o. Batch 4 - W&amp;M Shop","og_description":"Jack Daniels 10 y.o. Batch 4 bei whisk(e)y and more.de Ihr Onlineshop und Marktplatz f\u00fcr Whisky, Whiskey, Rum, Rhum, Gin und mehr. Sie finden auf whiskey-and-more.de Irish, Schottisch, American, Single Malts, Blended Whiskys bekannter und unbekannter Marken. Wir haben stets Whisky aus Schottland, Irland und der Welt, dauerhaft auf Lager.","og_url":"https:\/\/www.whiskey-and-more.de\/Shop\/produkt\/jack-daniels-10-y-o-batch-4\/","og_site_name":"W&amp;M Shop","article_publisher":"https:\/\/de-de.facebook.com\/Whiskey-and-More-Spaden-1072860722859564\/about","article_modified_time":"2025-11-11T09:46:04+00:00","og_image":[{"width":1920,"height":2560,"url":"https:\/\/www.whiskey-and-more.de\/Shop\/wp-content\/uploads\/2025\/10\/Jack-Daniels-10-y.o.-Batch-4-scaled.jpg","type":"image\/jpeg"}],"twitter_card":"summary_large_image","twitter_misc":{"Gesch\u00e4tzte Lesezeit":"3\u00a0Minuten"},"schema":{"@context":"https:\/\/schema.org","@graph":[{"@type":"WebPage","@id":"https:\/\/www.whiskey-and-more.de\/Shop\/produkt\/jack-daniels-10-y-o-batch-4\/","url":"https:\/\/www.whiskey-and-more.de\/Shop\/produkt\/jack-daniels-10-y-o-batch-4\/","name":"Jack Daniels 10 y.o. Batch 4 - W&amp;M Shop","isPartOf":{"@id":"https:\/\/www.whiskey-and-more.de\/Shop\/#website"},"primaryImageOfPage":{"@id":"https:\/\/www.whiskey-and-more.de\/Shop\/produkt\/jack-daniels-10-y-o-batch-4\/#primaryimage"},"image":{"@id":"https:\/\/www.whiskey-and-more.de\/Shop\/produkt\/jack-daniels-10-y-o-batch-4\/#primaryimage"},"thumbnailUrl":"https:\/\/www.whiskey-and-more.de\/Shop\/wp-content\/uploads\/2025\/10\/Jack-Daniels-10-y.o.-Batch-4-scaled.jpg","datePublished":"2025-10-28T15:34:09+00:00","dateModified":"2025-11-11T09:46:04+00:00","description":"Jack Daniels 10 y.o. Batch 4 bei whisk(e)y and more.de Ihr Onlineshop und Marktplatz f\u00fcr Whisky, Whiskey, Rum, Rhum, Gin und mehr. Sie finden auf whiskey-and-more.de Irish, Schottisch, American, Single Malts, Blended Whiskys bekannter und unbekannter Marken. Wir haben stets Whisky aus Schottland, Irland und der Welt, dauerhaft auf Lager.","breadcrumb":{"@id":"https:\/\/www.whiskey-and-more.de\/Shop\/produkt\/jack-daniels-10-y-o-batch-4\/#breadcrumb"},"inLanguage":"de","potentialAction":[{"@type":"ReadAction","target":["https:\/\/www.whiskey-and-more.de\/Shop\/produkt\/jack-daniels-10-y-o-batch-4\/"]}]},{"@type":"ImageObject","inLanguage":"de","@id":"https:\/\/www.whiskey-and-more.de\/Shop\/produkt\/jack-daniels-10-y-o-batch-4\/#primaryimage","url":"https:\/\/www.whiskey-and-more.de\/Shop\/wp-content\/uploads\/2025\/10\/Jack-Daniels-10-y.o.-Batch-4-scaled.jpg","contentUrl":"https:\/\/www.whiskey-and-more.de\/Shop\/wp-content\/uploads\/2025\/10\/Jack-Daniels-10-y.o.-Batch-4-scaled.jpg","width":"1920","height":"2560","caption":"Jack Daniels 10 y.o. Batch 4"},{"@type":"BreadcrumbList","@id":"https:\/\/www.whiskey-and-more.de\/Shop\/produkt\/jack-daniels-10-y-o-batch-4\/#breadcrumb","itemListElement":[{"@type":"ListItem","position":1,"name":"Startseite","item":"https:\/\/www.whiskey-and-more.de\/Shop\/"},{"@type":"ListItem","position":2,"name":"Home","item":"https:\/\/www.whiskey-and-more.de\/Shop\/shop\/"},{"@type":"ListItem","position":3,"name":"Whisk(e)y","item":"https:\/\/www.whiskey-and-more.de\/Shop\/produkt-kategorie\/whiskey_whisky\/"},{"@type":"ListItem","position":4,"name":"Jack Daniels 10 y.o. Batch 4"}]},{"@type":"WebSite","@id":"https:\/\/www.whiskey-and-more.de\/Shop\/#website","url":"https:\/\/www.whiskey-and-more.de\/Shop\/","name":"W&amp;M Shop","description":"Der Online Shop von Whisk(e)y and More. Online Marktplatz f\u00fcr Whiskey, Whisky und mehr.","publisher":{"@id":"https:\/\/www.whiskey-and-more.de\/Shop\/#organization"},"potentialAction":[{"@type":"SearchAction","target":{"@type":"EntryPoint","urlTemplate":"https:\/\/www.whiskey-and-more.de\/Shop\/?s={search_term_string}"},"query-input":{"@type":"PropertyValueSpecification","valueRequired":true,"valueName":"search_term_string"}}],"inLanguage":"de"},{"@type":"Organization","@id":"https:\/\/www.whiskey-and-more.de\/Shop\/#organization","name":"Whisk(e)y and More","url":"https:\/\/www.whiskey-and-more.de\/Shop\/","logo":{"@type":"ImageObject","inLanguage":"de","@id":"https:\/\/www.whiskey-and-more.de\/Shop\/#\/schema\/logo\/image\/","url":"https:\/\/www.whiskey-and-more.de\/Shop\/wp-content\/uploads\/2020\/03\/Logo2.jpg","contentUrl":"https:\/\/www.whiskey-and-more.de\/Shop\/wp-content\/uploads\/2020\/03\/Logo2.jpg","width":470,"height":110,"caption":"Whisk(e)y and More"},"image":{"@id":"https:\/\/www.whiskey-and-more.de\/Shop\/#\/schema\/logo\/image\/"},"sameAs":["https:\/\/de-de.facebook.com\/Whiskey-and-More-Spaden-1072860722859564\/about"]}]}},"jetpack_sharing_enabled":true,"_links":{"self":[{"href":"https:\/\/www.whiskey-and-more.de\/Shop\/wp-json\/wp\/v2\/product\/7461","targetHints":{"allow":["GET"]}}],"collection":[{"href":"https:\/\/www.whiskey-and-more.de\/Shop\/wp-json\/wp\/v2\/product"}],"about":[{"href":"https:\/\/www.whiskey-and-more.de\/Shop\/wp-json\/wp\/v2\/types\/product"}],"replies":[{"embeddable":true,"href":"https:\/\/www.whiskey-and-more.de\/Shop\/wp-json\/wp\/v2\/comments?post=7461"}],"wp:featuredmedia":[{"embeddable":true,"href":"https:\/\/www.whiskey-and-more.de\/Shop\/wp-json\/wp\/v2\/media\/7475"}],"wp:attachment":[{"href":"https:\/\/www.whiskey-and-more.de\/Shop\/wp-json\/wp\/v2\/media?parent=7461"}],"wp:term":[{"taxonomy":"product_brand","embeddable":true,"href":"https:\/\/www.whiskey-and-more.de\/Shop\/wp-json\/wp\/v2\/product_brand?post=7461"},{"taxonomy":"product_cat","embeddable":true,"href":"https:\/\/www.whiskey-and-more.de\/Shop\/wp-json\/wp\/v2\/product_cat?post=7461"},{"taxonomy":"product_tag","embeddable":true,"href":"https:\/\/www.whiskey-and-more.de\/Shop\/wp-json\/wp\/v2\/product_tag?post=7461"}],"curies":[{"name":"wp","href":"https:\/\/api.w.org\/{rel}","templated":true}]}}