{"id":7630,"date":"2026-01-28T15:35:51","date_gmt":"2026-01-28T14:35:51","guid":{"rendered":"https:\/\/www.whiskey-and-more.de\/Shop\/?post_type=product&#038;p=7630"},"modified":"2026-01-28T15:39:50","modified_gmt":"2026-01-28T14:39:50","slug":"glen-ord-2016-2025-9-y-o-1st-2nd-fill-oloroso-sherry-casks-signatory-100-proof-edition-66","status":"publish","type":"product","link":"https:\/\/www.whiskey-and-more.de\/Shop\/produkt\/glen-ord-2016-2025-9-y-o-1st-2nd-fill-oloroso-sherry-casks-signatory-100-proof-edition-66\/","title":{"rendered":"Glen Ord 2016\/2025 &#8211; 9 y.o. &#8211; 1st &#038; 2nd Fill Oloroso Sherry Casks &#8211; Signatory 100 PROOF Edition #66"},"content":{"rendered":"<div class=\"wrapper_left\">\n<div class=\"wrapper_left\"><span style=\"color: #000000;\">&#8211; Highland Single Malt Scotch Whisky<\/span><br \/>\n<span style=\"color: #000000;\">&#8211; abgef\u00fcllt in Fassst\u00e4rke von 57,1 % vol.<\/span><br \/>\n<span style=\"color: #000000;\">&#8211; Reifung\u00a0 in 1st Fill Oloroso Sherry HHDs &amp; 2nd Fill Oloroso Sherry Butts<\/span><\/div>\n<div><span style=\"color: #000000;\">&#8211; Dest. 2016 \/ 9 y.o.<\/span><\/div>\n<div class=\"wrapper_left\"><span style=\"color: #000000;\">&#8211; nicht gef\u00e4rbt<\/span><br \/>\n<span style=\"color: #000000;\">&#8211; nicht k\u00fchlfiltriert<\/span><\/div>\n<div><\/div>\n<\/div>\n<div>\n<p>Unabh\u00e4ngig abgef\u00fcllte Qualit\u00e4tswhiskys von angemessenem Alter, die hohe Volumenprozente mit einem niedrigen Preis verbinden: Das ist die Signatory Vintage 100 Proof Edition in Kurzform. 100 Proof? Das macht einheitlich 57,1 Volumenprozente. Ihre vorteilhaften Eigenschaften demonstriert die Reihe jetzt mit vier Neuheiten.<\/p>\n<div class=\"wrapper_left\">Mit dem Glen Ord 2016\/2025 geht es in den Norden Schottlands. Neun Jahre Reifezeit in First Fill Oloroso Sherry Hogsheads sowie Second Fill Oloroso Sherry Butts verleihen dem Whisky eine saftige Sherry-Pr\u00e4gung \u2013 vollmundig, tief und angenehm w\u00e4rmend.<\/div>\n<\/div>\n","protected":false},"excerpt":{"rendered":"<p>Region: Highlands<\/p>\n","protected":false},"featured_media":7631,"comment_status":"open","ping_status":"closed","template":"","meta":[],"product_brand":[],"product_cat":[41,36],"product_tag":[1914],"class_list":{"0":"post-7630","1":"product","2":"type-product","3":"status-publish","4":"has-post-thumbnail","6":"product_cat-schottland","7":"product_cat-whiskey_whisky","8":"product_tag-glen-ord-2016-2025-9-y-o-1st-2nd-fill-oloroso-sherry-casks-signatory-100-proof-edition-66","10":"first","11":"instock","12":"taxable","13":"shipping-taxable","14":"purchasable","15":"product-type-simple"},"yoast_head":"<!-- This site is optimized with the Yoast SEO plugin v27.4 - https:\/\/yoast.com\/product\/yoast-seo-wordpress\/ -->\n<title>Glen Ord 2016\/2025 - 9 y.o. - 1st &amp; 2nd Fill Oloroso Sherry Casks - Signatory 100 PROOF Edition #66 - W&amp;M Shop<\/title>\n<meta name=\"description\" content=\"Glen Ord 2016\/2025 - 9 y.o. - 1st &amp; 2nd Fill Oloroso Sherry Casks - Signatory 100 PROOF Edition #66 bei whisk(e)y and more.de Ihr Onlineshop und Marktplatz f\u00fcr Whisky, Whiskey, Rum, Rhum, Gin und mehr. Sie finden auf whiskey-and-more.de Irish, Schottisch, American, Single Malts, Blended Whiskys bekannter und unbekannter Marken. Wir haben stets Whisky aus Schottland, Irland und der Welt, dauerhaft auf Lager.\" \/>\n<meta name=\"robots\" content=\"index, follow, max-snippet:-1, max-image-preview:large, max-video-preview:-1\" \/>\n<link rel=\"canonical\" href=\"https:\/\/www.whiskey-and-more.de\/Shop\/produkt\/glen-ord-2016-2025-9-y-o-1st-2nd-fill-oloroso-sherry-casks-signatory-100-proof-edition-66\/\" \/>\n<meta property=\"og:locale\" content=\"de_DE\" \/>\n<meta property=\"og:type\" content=\"article\" \/>\n<meta property=\"og:title\" content=\"Glen Ord 2016\/2025 - 9 y.o. - 1st &amp; 2nd Fill Oloroso Sherry Casks - Signatory 100 PROOF Edition #66 - W&amp;M Shop\" \/>\n<meta property=\"og:description\" content=\"Glen Ord 2016\/2025 - 9 y.o. - 1st &amp; 2nd Fill Oloroso Sherry Casks - Signatory 100 PROOF Edition #66 bei whisk(e)y and more.de Ihr Onlineshop und Marktplatz f\u00fcr Whisky, Whiskey, Rum, Rhum, Gin und mehr. Sie finden auf whiskey-and-more.de Irish, Schottisch, American, Single Malts, Blended Whiskys bekannter und unbekannter Marken. Wir haben stets Whisky aus Schottland, Irland und der Welt, dauerhaft auf Lager.\" \/>\n<meta property=\"og:url\" content=\"https:\/\/www.whiskey-and-more.de\/Shop\/produkt\/glen-ord-2016-2025-9-y-o-1st-2nd-fill-oloroso-sherry-casks-signatory-100-proof-edition-66\/\" \/>\n<meta property=\"og:site_name\" content=\"W&amp;M Shop\" \/>\n<meta property=\"article:publisher\" content=\"https:\/\/de-de.facebook.com\/Whiskey-and-More-Spaden-1072860722859564\/about\" \/>\n<meta property=\"article:modified_time\" content=\"2026-01-28T14:39:50+00:00\" \/>\n<meta property=\"og:image\" content=\"https:\/\/www.whiskey-and-more.de\/Shop\/wp-content\/uploads\/2026\/01\/Glen-Ord-2016-2025-9-y.o.-1st-2nd-Fill-Oloroso-Sherry-Casks-Signatory-100-PROOF-Edition-66.jpg\" \/>\n\t<meta property=\"og:image:width\" content=\"2000\" \/>\n\t<meta property=\"og:image:height\" content=\"2000\" \/>\n\t<meta property=\"og:image:type\" content=\"image\/jpeg\" \/>\n<meta name=\"twitter:card\" content=\"summary_large_image\" \/>\n<meta name=\"twitter:label1\" content=\"Gesch\u00e4tzte Lesezeit\" \/>\n\t<meta name=\"twitter:data1\" content=\"1\u00a0Minute\" \/>\n<script type=\"application\/ld+json\" class=\"yoast-schema-graph\">{\"@context\":\"https:\\\/\\\/schema.org\",\"@graph\":[{\"@type\":\"WebPage\",\"@id\":\"https:\\\/\\\/www.whiskey-and-more.de\\\/Shop\\\/produkt\\\/glen-ord-2016-2025-9-y-o-1st-2nd-fill-oloroso-sherry-casks-signatory-100-proof-edition-66\\\/\",\"url\":\"https:\\\/\\\/www.whiskey-and-more.de\\\/Shop\\\/produkt\\\/glen-ord-2016-2025-9-y-o-1st-2nd-fill-oloroso-sherry-casks-signatory-100-proof-edition-66\\\/\",\"name\":\"Glen Ord 2016\\\/2025 - 9 y.o. - 1st & 2nd Fill Oloroso Sherry Casks - Signatory 100 PROOF Edition #66 - W&amp;M Shop\",\"isPartOf\":{\"@id\":\"https:\\\/\\\/www.whiskey-and-more.de\\\/Shop\\\/#website\"},\"primaryImageOfPage\":{\"@id\":\"https:\\\/\\\/www.whiskey-and-more.de\\\/Shop\\\/produkt\\\/glen-ord-2016-2025-9-y-o-1st-2nd-fill-oloroso-sherry-casks-signatory-100-proof-edition-66\\\/#primaryimage\"},\"image\":{\"@id\":\"https:\\\/\\\/www.whiskey-and-more.de\\\/Shop\\\/produkt\\\/glen-ord-2016-2025-9-y-o-1st-2nd-fill-oloroso-sherry-casks-signatory-100-proof-edition-66\\\/#primaryimage\"},\"thumbnailUrl\":\"https:\\\/\\\/www.whiskey-and-more.de\\\/Shop\\\/wp-content\\\/uploads\\\/2026\\\/01\\\/Glen-Ord-2016-2025-9-y.o.-1st-2nd-Fill-Oloroso-Sherry-Casks-Signatory-100-PROOF-Edition-66.jpg\",\"datePublished\":\"2026-01-28T14:35:51+00:00\",\"dateModified\":\"2026-01-28T14:39:50+00:00\",\"description\":\"Glen Ord 2016\\\/2025 - 9 y.o. - 1st & 2nd Fill Oloroso Sherry Casks - Signatory 100 PROOF Edition #66 bei whisk(e)y and more.de Ihr Onlineshop und Marktplatz f\u00fcr Whisky, Whiskey, Rum, Rhum, Gin und mehr. Sie finden auf whiskey-and-more.de Irish, Schottisch, American, Single Malts, Blended Whiskys bekannter und unbekannter Marken. Wir haben stets Whisky aus Schottland, Irland und der Welt, dauerhaft auf Lager.\",\"breadcrumb\":{\"@id\":\"https:\\\/\\\/www.whiskey-and-more.de\\\/Shop\\\/produkt\\\/glen-ord-2016-2025-9-y-o-1st-2nd-fill-oloroso-sherry-casks-signatory-100-proof-edition-66\\\/#breadcrumb\"},\"inLanguage\":\"de\",\"potentialAction\":[{\"@type\":\"ReadAction\",\"target\":[\"https:\\\/\\\/www.whiskey-and-more.de\\\/Shop\\\/produkt\\\/glen-ord-2016-2025-9-y-o-1st-2nd-fill-oloroso-sherry-casks-signatory-100-proof-edition-66\\\/\"]}]},{\"@type\":\"ImageObject\",\"inLanguage\":\"de\",\"@id\":\"https:\\\/\\\/www.whiskey-and-more.de\\\/Shop\\\/produkt\\\/glen-ord-2016-2025-9-y-o-1st-2nd-fill-oloroso-sherry-casks-signatory-100-proof-edition-66\\\/#primaryimage\",\"url\":\"https:\\\/\\\/www.whiskey-and-more.de\\\/Shop\\\/wp-content\\\/uploads\\\/2026\\\/01\\\/Glen-Ord-2016-2025-9-y.o.-1st-2nd-Fill-Oloroso-Sherry-Casks-Signatory-100-PROOF-Edition-66.jpg\",\"contentUrl\":\"https:\\\/\\\/www.whiskey-and-more.de\\\/Shop\\\/wp-content\\\/uploads\\\/2026\\\/01\\\/Glen-Ord-2016-2025-9-y.o.-1st-2nd-Fill-Oloroso-Sherry-Casks-Signatory-100-PROOF-Edition-66.jpg\",\"width\":\"2000\",\"height\":\"2000\",\"caption\":\"Glen Ord 2016\\\/2025 - 9 y.o. - 1st & 2nd Fill Oloroso Sherry Casks - Signatory 100 PROOF Edition #66\"},{\"@type\":\"BreadcrumbList\",\"@id\":\"https:\\\/\\\/www.whiskey-and-more.de\\\/Shop\\\/produkt\\\/glen-ord-2016-2025-9-y-o-1st-2nd-fill-oloroso-sherry-casks-signatory-100-proof-edition-66\\\/#breadcrumb\",\"itemListElement\":[{\"@type\":\"ListItem\",\"position\":1,\"name\":\"Startseite\",\"item\":\"https:\\\/\\\/www.whiskey-and-more.de\\\/Shop\\\/\"},{\"@type\":\"ListItem\",\"position\":2,\"name\":\"Home\",\"item\":\"https:\\\/\\\/www.whiskey-and-more.de\\\/Shop\\\/shop\\\/\"},{\"@type\":\"ListItem\",\"position\":3,\"name\":\"Whisk(e)y\",\"item\":\"https:\\\/\\\/www.whiskey-and-more.de\\\/Shop\\\/produkt-kategorie\\\/whiskey_whisky\\\/\"},{\"@type\":\"ListItem\",\"position\":4,\"name\":\"Glen Ord 2016\\\/2025 &#8211; 9 y.o. &#8211; 1st &#038; 2nd Fill Oloroso Sherry Casks &#8211; Signatory 100 PROOF Edition #66\"}]},{\"@type\":\"WebSite\",\"@id\":\"https:\\\/\\\/www.whiskey-and-more.de\\\/Shop\\\/#website\",\"url\":\"https:\\\/\\\/www.whiskey-and-more.de\\\/Shop\\\/\",\"name\":\"W&amp;M Shop\",\"description\":\"Der Online Shop von Whisk(e)y and More. Online Marktplatz f\u00fcr Whiskey, Whisky und mehr.\",\"publisher\":{\"@id\":\"https:\\\/\\\/www.whiskey-and-more.de\\\/Shop\\\/#organization\"},\"potentialAction\":[{\"@type\":\"SearchAction\",\"target\":{\"@type\":\"EntryPoint\",\"urlTemplate\":\"https:\\\/\\\/www.whiskey-and-more.de\\\/Shop\\\/?s={search_term_string}\"},\"query-input\":{\"@type\":\"PropertyValueSpecification\",\"valueRequired\":true,\"valueName\":\"search_term_string\"}}],\"inLanguage\":\"de\"},{\"@type\":\"Organization\",\"@id\":\"https:\\\/\\\/www.whiskey-and-more.de\\\/Shop\\\/#organization\",\"name\":\"Whisk(e)y and More\",\"url\":\"https:\\\/\\\/www.whiskey-and-more.de\\\/Shop\\\/\",\"logo\":{\"@type\":\"ImageObject\",\"inLanguage\":\"de\",\"@id\":\"https:\\\/\\\/www.whiskey-and-more.de\\\/Shop\\\/#\\\/schema\\\/logo\\\/image\\\/\",\"url\":\"https:\\\/\\\/www.whiskey-and-more.de\\\/Shop\\\/wp-content\\\/uploads\\\/2020\\\/03\\\/Logo2.jpg\",\"contentUrl\":\"https:\\\/\\\/www.whiskey-and-more.de\\\/Shop\\\/wp-content\\\/uploads\\\/2020\\\/03\\\/Logo2.jpg\",\"width\":470,\"height\":110,\"caption\":\"Whisk(e)y and More\"},\"image\":{\"@id\":\"https:\\\/\\\/www.whiskey-and-more.de\\\/Shop\\\/#\\\/schema\\\/logo\\\/image\\\/\"},\"sameAs\":[\"https:\\\/\\\/de-de.facebook.com\\\/Whiskey-and-More-Spaden-1072860722859564\\\/about\"]}]}<\/script>\n<!-- \/ Yoast SEO plugin. -->","yoast_head_json":{"title":"Glen Ord 2016\/2025 - 9 y.o. - 1st & 2nd Fill Oloroso Sherry Casks - Signatory 100 PROOF Edition #66 - W&amp;M Shop","description":"Glen Ord 2016\/2025 - 9 y.o. - 1st & 2nd Fill Oloroso Sherry Casks - Signatory 100 PROOF Edition #66 bei whisk(e)y and more.de Ihr Onlineshop und Marktplatz f\u00fcr Whisky, Whiskey, Rum, Rhum, Gin und mehr. Sie finden auf whiskey-and-more.de Irish, Schottisch, American, Single Malts, Blended Whiskys bekannter und unbekannter Marken. Wir haben stets Whisky aus Schottland, Irland und der Welt, dauerhaft auf Lager.","robots":{"index":"index","follow":"follow","max-snippet":"max-snippet:-1","max-image-preview":"max-image-preview:large","max-video-preview":"max-video-preview:-1"},"canonical":"https:\/\/www.whiskey-and-more.de\/Shop\/produkt\/glen-ord-2016-2025-9-y-o-1st-2nd-fill-oloroso-sherry-casks-signatory-100-proof-edition-66\/","og_locale":"de_DE","og_type":"article","og_title":"Glen Ord 2016\/2025 - 9 y.o. - 1st & 2nd Fill Oloroso Sherry Casks - Signatory 100 PROOF Edition #66 - W&amp;M Shop","og_description":"Glen Ord 2016\/2025 - 9 y.o. - 1st & 2nd Fill Oloroso Sherry Casks - Signatory 100 PROOF Edition #66 bei whisk(e)y and more.de Ihr Onlineshop und Marktplatz f\u00fcr Whisky, Whiskey, Rum, Rhum, Gin und mehr. Sie finden auf whiskey-and-more.de Irish, Schottisch, American, Single Malts, Blended Whiskys bekannter und unbekannter Marken. Wir haben stets Whisky aus Schottland, Irland und der Welt, dauerhaft auf Lager.","og_url":"https:\/\/www.whiskey-and-more.de\/Shop\/produkt\/glen-ord-2016-2025-9-y-o-1st-2nd-fill-oloroso-sherry-casks-signatory-100-proof-edition-66\/","og_site_name":"W&amp;M Shop","article_publisher":"https:\/\/de-de.facebook.com\/Whiskey-and-More-Spaden-1072860722859564\/about","article_modified_time":"2026-01-28T14:39:50+00:00","og_image":[{"width":2000,"height":2000,"url":"https:\/\/www.whiskey-and-more.de\/Shop\/wp-content\/uploads\/2026\/01\/Glen-Ord-2016-2025-9-y.o.-1st-2nd-Fill-Oloroso-Sherry-Casks-Signatory-100-PROOF-Edition-66.jpg","type":"image\/jpeg"}],"twitter_card":"summary_large_image","twitter_misc":{"Gesch\u00e4tzte Lesezeit":"1\u00a0Minute"},"schema":{"@context":"https:\/\/schema.org","@graph":[{"@type":"WebPage","@id":"https:\/\/www.whiskey-and-more.de\/Shop\/produkt\/glen-ord-2016-2025-9-y-o-1st-2nd-fill-oloroso-sherry-casks-signatory-100-proof-edition-66\/","url":"https:\/\/www.whiskey-and-more.de\/Shop\/produkt\/glen-ord-2016-2025-9-y-o-1st-2nd-fill-oloroso-sherry-casks-signatory-100-proof-edition-66\/","name":"Glen Ord 2016\/2025 - 9 y.o. - 1st & 2nd Fill Oloroso Sherry Casks - Signatory 100 PROOF Edition #66 - W&amp;M Shop","isPartOf":{"@id":"https:\/\/www.whiskey-and-more.de\/Shop\/#website"},"primaryImageOfPage":{"@id":"https:\/\/www.whiskey-and-more.de\/Shop\/produkt\/glen-ord-2016-2025-9-y-o-1st-2nd-fill-oloroso-sherry-casks-signatory-100-proof-edition-66\/#primaryimage"},"image":{"@id":"https:\/\/www.whiskey-and-more.de\/Shop\/produkt\/glen-ord-2016-2025-9-y-o-1st-2nd-fill-oloroso-sherry-casks-signatory-100-proof-edition-66\/#primaryimage"},"thumbnailUrl":"https:\/\/www.whiskey-and-more.de\/Shop\/wp-content\/uploads\/2026\/01\/Glen-Ord-2016-2025-9-y.o.-1st-2nd-Fill-Oloroso-Sherry-Casks-Signatory-100-PROOF-Edition-66.jpg","datePublished":"2026-01-28T14:35:51+00:00","dateModified":"2026-01-28T14:39:50+00:00","description":"Glen Ord 2016\/2025 - 9 y.o. - 1st & 2nd Fill Oloroso Sherry Casks - Signatory 100 PROOF Edition #66 bei whisk(e)y and more.de Ihr Onlineshop und Marktplatz f\u00fcr Whisky, Whiskey, Rum, Rhum, Gin und mehr. Sie finden auf whiskey-and-more.de Irish, Schottisch, American, Single Malts, Blended Whiskys bekannter und unbekannter Marken. Wir haben stets Whisky aus Schottland, Irland und der Welt, dauerhaft auf Lager.","breadcrumb":{"@id":"https:\/\/www.whiskey-and-more.de\/Shop\/produkt\/glen-ord-2016-2025-9-y-o-1st-2nd-fill-oloroso-sherry-casks-signatory-100-proof-edition-66\/#breadcrumb"},"inLanguage":"de","potentialAction":[{"@type":"ReadAction","target":["https:\/\/www.whiskey-and-more.de\/Shop\/produkt\/glen-ord-2016-2025-9-y-o-1st-2nd-fill-oloroso-sherry-casks-signatory-100-proof-edition-66\/"]}]},{"@type":"ImageObject","inLanguage":"de","@id":"https:\/\/www.whiskey-and-more.de\/Shop\/produkt\/glen-ord-2016-2025-9-y-o-1st-2nd-fill-oloroso-sherry-casks-signatory-100-proof-edition-66\/#primaryimage","url":"https:\/\/www.whiskey-and-more.de\/Shop\/wp-content\/uploads\/2026\/01\/Glen-Ord-2016-2025-9-y.o.-1st-2nd-Fill-Oloroso-Sherry-Casks-Signatory-100-PROOF-Edition-66.jpg","contentUrl":"https:\/\/www.whiskey-and-more.de\/Shop\/wp-content\/uploads\/2026\/01\/Glen-Ord-2016-2025-9-y.o.-1st-2nd-Fill-Oloroso-Sherry-Casks-Signatory-100-PROOF-Edition-66.jpg","width":"2000","height":"2000","caption":"Glen Ord 2016\/2025 - 9 y.o. - 1st & 2nd Fill Oloroso Sherry Casks - Signatory 100 PROOF Edition #66"},{"@type":"BreadcrumbList","@id":"https:\/\/www.whiskey-and-more.de\/Shop\/produkt\/glen-ord-2016-2025-9-y-o-1st-2nd-fill-oloroso-sherry-casks-signatory-100-proof-edition-66\/#breadcrumb","itemListElement":[{"@type":"ListItem","position":1,"name":"Startseite","item":"https:\/\/www.whiskey-and-more.de\/Shop\/"},{"@type":"ListItem","position":2,"name":"Home","item":"https:\/\/www.whiskey-and-more.de\/Shop\/shop\/"},{"@type":"ListItem","position":3,"name":"Whisk(e)y","item":"https:\/\/www.whiskey-and-more.de\/Shop\/produkt-kategorie\/whiskey_whisky\/"},{"@type":"ListItem","position":4,"name":"Glen Ord 2016\/2025 &#8211; 9 y.o. &#8211; 1st &#038; 2nd Fill Oloroso Sherry Casks &#8211; Signatory 100 PROOF Edition #66"}]},{"@type":"WebSite","@id":"https:\/\/www.whiskey-and-more.de\/Shop\/#website","url":"https:\/\/www.whiskey-and-more.de\/Shop\/","name":"W&amp;M Shop","description":"Der Online Shop von Whisk(e)y and More. Online Marktplatz f\u00fcr Whiskey, Whisky und mehr.","publisher":{"@id":"https:\/\/www.whiskey-and-more.de\/Shop\/#organization"},"potentialAction":[{"@type":"SearchAction","target":{"@type":"EntryPoint","urlTemplate":"https:\/\/www.whiskey-and-more.de\/Shop\/?s={search_term_string}"},"query-input":{"@type":"PropertyValueSpecification","valueRequired":true,"valueName":"search_term_string"}}],"inLanguage":"de"},{"@type":"Organization","@id":"https:\/\/www.whiskey-and-more.de\/Shop\/#organization","name":"Whisk(e)y and More","url":"https:\/\/www.whiskey-and-more.de\/Shop\/","logo":{"@type":"ImageObject","inLanguage":"de","@id":"https:\/\/www.whiskey-and-more.de\/Shop\/#\/schema\/logo\/image\/","url":"https:\/\/www.whiskey-and-more.de\/Shop\/wp-content\/uploads\/2020\/03\/Logo2.jpg","contentUrl":"https:\/\/www.whiskey-and-more.de\/Shop\/wp-content\/uploads\/2020\/03\/Logo2.jpg","width":470,"height":110,"caption":"Whisk(e)y and More"},"image":{"@id":"https:\/\/www.whiskey-and-more.de\/Shop\/#\/schema\/logo\/image\/"},"sameAs":["https:\/\/de-de.facebook.com\/Whiskey-and-More-Spaden-1072860722859564\/about"]}]}},"jetpack_sharing_enabled":true,"_links":{"self":[{"href":"https:\/\/www.whiskey-and-more.de\/Shop\/wp-json\/wp\/v2\/product\/7630","targetHints":{"allow":["GET"]}}],"collection":[{"href":"https:\/\/www.whiskey-and-more.de\/Shop\/wp-json\/wp\/v2\/product"}],"about":[{"href":"https:\/\/www.whiskey-and-more.de\/Shop\/wp-json\/wp\/v2\/types\/product"}],"replies":[{"embeddable":true,"href":"https:\/\/www.whiskey-and-more.de\/Shop\/wp-json\/wp\/v2\/comments?post=7630"}],"wp:featuredmedia":[{"embeddable":true,"href":"https:\/\/www.whiskey-and-more.de\/Shop\/wp-json\/wp\/v2\/media\/7631"}],"wp:attachment":[{"href":"https:\/\/www.whiskey-and-more.de\/Shop\/wp-json\/wp\/v2\/media?parent=7630"}],"wp:term":[{"taxonomy":"product_brand","embeddable":true,"href":"https:\/\/www.whiskey-and-more.de\/Shop\/wp-json\/wp\/v2\/product_brand?post=7630"},{"taxonomy":"product_cat","embeddable":true,"href":"https:\/\/www.whiskey-and-more.de\/Shop\/wp-json\/wp\/v2\/product_cat?post=7630"},{"taxonomy":"product_tag","embeddable":true,"href":"https:\/\/www.whiskey-and-more.de\/Shop\/wp-json\/wp\/v2\/product_tag?post=7630"}],"curies":[{"name":"wp","href":"https:\/\/api.w.org\/{rel}","templated":true}]}}