{"id":7668,"date":"2026-02-23T16:41:03","date_gmt":"2026-02-23T15:41:03","guid":{"rendered":"https:\/\/www.whiskey-and-more.de\/Shop\/?post_type=product&#038;p=7668"},"modified":"2026-02-23T17:10:22","modified_gmt":"2026-02-23T16:10:22","slug":"an-cnoc-12-y-o","status":"publish","type":"product","link":"https:\/\/www.whiskey-and-more.de\/Shop\/produkt\/an-cnoc-12-y-o\/","title":{"rendered":"An Cnoc 12 y.o."},"content":{"rendered":"<div class=\"wrapper_left\">\n<div class=\"wrapper_left\">&#8211; Highland Single Malt Scotch Whisky<br \/>\n&#8211; abgef\u00fcllt in Trinkst\u00e4rke von 40 % vol.<\/div>\n<div>&#8211; Ex-Bourbon Barrels \/ Sherry Casks<\/div>\n<div class=\"wrapper_left\">&#8211; mit Farbstoff<br \/>\n&#8211; k\u00fchlfiltriert<\/div>\n<div><\/div>\n<p>Tasting Notes<br \/>\nLeicht und komplex, weich aber dennoch herausfordernd, denn mit jedem Schwenken des Whiskyglases wird eine neue \u00dcberraschung enth\u00fcllt. Ein Schluck Whisky, der f\u00fcr jeden etwas Besonderes bereith\u00e4lt. Farbe von hellem Bernstein mit einer leicht gelben Schattierung. Sehr weich und aromatisch in der Nase, mit einem Hauch von Honig und Zitrone im Vordergrund. Auf der Zunge zun\u00e4chst<br \/>\ns\u00fc\u00df mit angenehmer Frucht und einem langen, sanften Finish. Leicht und doch komplex, sanft und doch herausfordernd.<\/p>\n<\/div>\n<div class=\"wrapper_left\">Ausbau\/Reifung<br \/>\nIn zwei kupfernen Pot Stills gebrannt \u2013 beide Stills ungew\u00f6hnlich gro\u00df, mit allm\u00e4hlich verengenden, konischen H\u00e4lsen; Form und Gr\u00f6\u00dfe gew\u00e4hren einen hohen R\u00fccklauf in die Stills \u2013 anschlie\u00dfend K\u00fchlung in einem gusseisernen Worm-Tub. \u00dcber 12 Jahre gereift in Ex-Bourbon F\u00e4ssern aus amerikanischer Eiche sowie Ex-Sherry F\u00e4ssern aus Spanischer Eiche mit anschlie\u00dfender Verm\u00e4hlung (= vatting<\/div>\n","protected":false},"excerpt":{"rendered":"<p>Region: Speyside<\/p>\n","protected":false},"featured_media":7669,"comment_status":"open","ping_status":"closed","template":"","meta":[],"product_brand":[],"product_cat":[41,36],"product_tag":[1927,1490,69],"class_list":{"0":"post-7668","1":"product","2":"type-product","3":"status-publish","4":"has-post-thumbnail","6":"product_cat-schottland","7":"product_cat-whiskey_whisky","8":"product_tag-an-cnoc-12-y-o","9":"product_tag-highland-single-malt-scotch-whisky","10":"product_tag-originalabfuellung","12":"first","13":"instock","14":"taxable","15":"shipping-taxable","16":"purchasable","17":"product-type-simple"},"yoast_head":"<!-- This site is optimized with the Yoast SEO plugin v27.3 - https:\/\/yoast.com\/product\/yoast-seo-wordpress\/ -->\n<title>An Cnoc 12 y.o. - W&amp;M Shop<\/title>\n<meta name=\"description\" content=\"An Cnoc 12 y.o. bei whisk(e)y and more.de Ihr Onlineshop und Marktplatz f\u00fcr Whisky, Whiskey, Rum, Rhum, Gin und mehr. Sie finden auf whiskey-and-more.de Irish, Schottisch, American, Single Malts, Blended Whiskys bekannter und unbekannter Marken. Wir haben stets Whisky aus Schottland, Irland und der Welt, dauerhaft auf Lager.\" \/>\n<meta name=\"robots\" content=\"index, follow, max-snippet:-1, max-image-preview:large, max-video-preview:-1\" \/>\n<link rel=\"canonical\" href=\"https:\/\/www.whiskey-and-more.de\/Shop\/produkt\/an-cnoc-12-y-o\/\" \/>\n<meta property=\"og:locale\" content=\"de_DE\" \/>\n<meta property=\"og:type\" content=\"article\" \/>\n<meta property=\"og:title\" content=\"An Cnoc 12 y.o. - W&amp;M Shop\" \/>\n<meta property=\"og:description\" content=\"An Cnoc 12 y.o. bei whisk(e)y and more.de Ihr Onlineshop und Marktplatz f\u00fcr Whisky, Whiskey, Rum, Rhum, Gin und mehr. Sie finden auf whiskey-and-more.de Irish, Schottisch, American, Single Malts, Blended Whiskys bekannter und unbekannter Marken. Wir haben stets Whisky aus Schottland, Irland und der Welt, dauerhaft auf Lager.\" \/>\n<meta property=\"og:url\" content=\"https:\/\/www.whiskey-and-more.de\/Shop\/produkt\/an-cnoc-12-y-o\/\" \/>\n<meta property=\"og:site_name\" content=\"W&amp;M Shop\" \/>\n<meta property=\"article:publisher\" content=\"https:\/\/de-de.facebook.com\/Whiskey-and-More-Spaden-1072860722859564\/about\" \/>\n<meta property=\"article:modified_time\" content=\"2026-02-23T16:10:22+00:00\" \/>\n<meta property=\"og:image\" content=\"https:\/\/www.whiskey-and-more.de\/Shop\/wp-content\/uploads\/2026\/02\/An-Cnoc-12-y.o-scaled.jpeg\" \/>\n\t<meta property=\"og:image:width\" content=\"1920\" \/>\n\t<meta property=\"og:image:height\" content=\"2560\" \/>\n\t<meta property=\"og:image:type\" content=\"image\/jpeg\" \/>\n<meta name=\"twitter:card\" content=\"summary_large_image\" \/>\n<meta name=\"twitter:label1\" content=\"Gesch\u00e4tzte Lesezeit\" \/>\n\t<meta name=\"twitter:data1\" content=\"2\u00a0Minuten\" \/>\n<script type=\"application\/ld+json\" class=\"yoast-schema-graph\">{\"@context\":\"https:\\\/\\\/schema.org\",\"@graph\":[{\"@type\":\"WebPage\",\"@id\":\"https:\\\/\\\/www.whiskey-and-more.de\\\/Shop\\\/produkt\\\/an-cnoc-12-y-o\\\/\",\"url\":\"https:\\\/\\\/www.whiskey-and-more.de\\\/Shop\\\/produkt\\\/an-cnoc-12-y-o\\\/\",\"name\":\"An Cnoc 12 y.o. - W&amp;M Shop\",\"isPartOf\":{\"@id\":\"https:\\\/\\\/www.whiskey-and-more.de\\\/Shop\\\/#website\"},\"primaryImageOfPage\":{\"@id\":\"https:\\\/\\\/www.whiskey-and-more.de\\\/Shop\\\/produkt\\\/an-cnoc-12-y-o\\\/#primaryimage\"},\"image\":{\"@id\":\"https:\\\/\\\/www.whiskey-and-more.de\\\/Shop\\\/produkt\\\/an-cnoc-12-y-o\\\/#primaryimage\"},\"thumbnailUrl\":\"https:\\\/\\\/www.whiskey-and-more.de\\\/Shop\\\/wp-content\\\/uploads\\\/2026\\\/02\\\/An-Cnoc-12-y.o-scaled.jpeg\",\"datePublished\":\"2026-02-23T15:41:03+00:00\",\"dateModified\":\"2026-02-23T16:10:22+00:00\",\"description\":\"An Cnoc 12 y.o. bei whisk(e)y and more.de Ihr Onlineshop und Marktplatz f\u00fcr Whisky, Whiskey, Rum, Rhum, Gin und mehr. Sie finden auf whiskey-and-more.de Irish, Schottisch, American, Single Malts, Blended Whiskys bekannter und unbekannter Marken. Wir haben stets Whisky aus Schottland, Irland und der Welt, dauerhaft auf Lager.\",\"breadcrumb\":{\"@id\":\"https:\\\/\\\/www.whiskey-and-more.de\\\/Shop\\\/produkt\\\/an-cnoc-12-y-o\\\/#breadcrumb\"},\"inLanguage\":\"de\",\"potentialAction\":[{\"@type\":\"ReadAction\",\"target\":[\"https:\\\/\\\/www.whiskey-and-more.de\\\/Shop\\\/produkt\\\/an-cnoc-12-y-o\\\/\"]}]},{\"@type\":\"ImageObject\",\"inLanguage\":\"de\",\"@id\":\"https:\\\/\\\/www.whiskey-and-more.de\\\/Shop\\\/produkt\\\/an-cnoc-12-y-o\\\/#primaryimage\",\"url\":\"https:\\\/\\\/www.whiskey-and-more.de\\\/Shop\\\/wp-content\\\/uploads\\\/2026\\\/02\\\/An-Cnoc-12-y.o-scaled.jpeg\",\"contentUrl\":\"https:\\\/\\\/www.whiskey-and-more.de\\\/Shop\\\/wp-content\\\/uploads\\\/2026\\\/02\\\/An-Cnoc-12-y.o-scaled.jpeg\",\"width\":\"1920\",\"height\":\"2560\",\"caption\":\"An Cnoc 12 y.o.\"},{\"@type\":\"BreadcrumbList\",\"@id\":\"https:\\\/\\\/www.whiskey-and-more.de\\\/Shop\\\/produkt\\\/an-cnoc-12-y-o\\\/#breadcrumb\",\"itemListElement\":[{\"@type\":\"ListItem\",\"position\":1,\"name\":\"Startseite\",\"item\":\"https:\\\/\\\/www.whiskey-and-more.de\\\/Shop\\\/\"},{\"@type\":\"ListItem\",\"position\":2,\"name\":\"Home\",\"item\":\"https:\\\/\\\/www.whiskey-and-more.de\\\/Shop\\\/shop\\\/\"},{\"@type\":\"ListItem\",\"position\":3,\"name\":\"Whisk(e)y\",\"item\":\"https:\\\/\\\/www.whiskey-and-more.de\\\/Shop\\\/produkt-kategorie\\\/whiskey_whisky\\\/\"},{\"@type\":\"ListItem\",\"position\":4,\"name\":\"An Cnoc 12 y.o.\"}]},{\"@type\":\"WebSite\",\"@id\":\"https:\\\/\\\/www.whiskey-and-more.de\\\/Shop\\\/#website\",\"url\":\"https:\\\/\\\/www.whiskey-and-more.de\\\/Shop\\\/\",\"name\":\"W&amp;M Shop\",\"description\":\"Der Online Shop von Whisk(e)y and More. Online Marktplatz f\u00fcr Whiskey, Whisky und mehr.\",\"publisher\":{\"@id\":\"https:\\\/\\\/www.whiskey-and-more.de\\\/Shop\\\/#organization\"},\"potentialAction\":[{\"@type\":\"SearchAction\",\"target\":{\"@type\":\"EntryPoint\",\"urlTemplate\":\"https:\\\/\\\/www.whiskey-and-more.de\\\/Shop\\\/?s={search_term_string}\"},\"query-input\":{\"@type\":\"PropertyValueSpecification\",\"valueRequired\":true,\"valueName\":\"search_term_string\"}}],\"inLanguage\":\"de\"},{\"@type\":\"Organization\",\"@id\":\"https:\\\/\\\/www.whiskey-and-more.de\\\/Shop\\\/#organization\",\"name\":\"Whisk(e)y and More\",\"url\":\"https:\\\/\\\/www.whiskey-and-more.de\\\/Shop\\\/\",\"logo\":{\"@type\":\"ImageObject\",\"inLanguage\":\"de\",\"@id\":\"https:\\\/\\\/www.whiskey-and-more.de\\\/Shop\\\/#\\\/schema\\\/logo\\\/image\\\/\",\"url\":\"https:\\\/\\\/www.whiskey-and-more.de\\\/Shop\\\/wp-content\\\/uploads\\\/2020\\\/03\\\/Logo2.jpg\",\"contentUrl\":\"https:\\\/\\\/www.whiskey-and-more.de\\\/Shop\\\/wp-content\\\/uploads\\\/2020\\\/03\\\/Logo2.jpg\",\"width\":470,\"height\":110,\"caption\":\"Whisk(e)y and More\"},\"image\":{\"@id\":\"https:\\\/\\\/www.whiskey-and-more.de\\\/Shop\\\/#\\\/schema\\\/logo\\\/image\\\/\"},\"sameAs\":[\"https:\\\/\\\/de-de.facebook.com\\\/Whiskey-and-More-Spaden-1072860722859564\\\/about\"]}]}<\/script>\n<!-- \/ Yoast SEO plugin. -->","yoast_head_json":{"title":"An Cnoc 12 y.o. - W&amp;M Shop","description":"An Cnoc 12 y.o. bei whisk(e)y and more.de Ihr Onlineshop und Marktplatz f\u00fcr Whisky, Whiskey, Rum, Rhum, Gin und mehr. Sie finden auf whiskey-and-more.de Irish, Schottisch, American, Single Malts, Blended Whiskys bekannter und unbekannter Marken. Wir haben stets Whisky aus Schottland, Irland und der Welt, dauerhaft auf Lager.","robots":{"index":"index","follow":"follow","max-snippet":"max-snippet:-1","max-image-preview":"max-image-preview:large","max-video-preview":"max-video-preview:-1"},"canonical":"https:\/\/www.whiskey-and-more.de\/Shop\/produkt\/an-cnoc-12-y-o\/","og_locale":"de_DE","og_type":"article","og_title":"An Cnoc 12 y.o. - W&amp;M Shop","og_description":"An Cnoc 12 y.o. bei whisk(e)y and more.de Ihr Onlineshop und Marktplatz f\u00fcr Whisky, Whiskey, Rum, Rhum, Gin und mehr. Sie finden auf whiskey-and-more.de Irish, Schottisch, American, Single Malts, Blended Whiskys bekannter und unbekannter Marken. Wir haben stets Whisky aus Schottland, Irland und der Welt, dauerhaft auf Lager.","og_url":"https:\/\/www.whiskey-and-more.de\/Shop\/produkt\/an-cnoc-12-y-o\/","og_site_name":"W&amp;M Shop","article_publisher":"https:\/\/de-de.facebook.com\/Whiskey-and-More-Spaden-1072860722859564\/about","article_modified_time":"2026-02-23T16:10:22+00:00","og_image":[{"width":1920,"height":2560,"url":"https:\/\/www.whiskey-and-more.de\/Shop\/wp-content\/uploads\/2026\/02\/An-Cnoc-12-y.o-scaled.jpeg","type":"image\/jpeg"}],"twitter_card":"summary_large_image","twitter_misc":{"Gesch\u00e4tzte Lesezeit":"2\u00a0Minuten"},"schema":{"@context":"https:\/\/schema.org","@graph":[{"@type":"WebPage","@id":"https:\/\/www.whiskey-and-more.de\/Shop\/produkt\/an-cnoc-12-y-o\/","url":"https:\/\/www.whiskey-and-more.de\/Shop\/produkt\/an-cnoc-12-y-o\/","name":"An Cnoc 12 y.o. - W&amp;M Shop","isPartOf":{"@id":"https:\/\/www.whiskey-and-more.de\/Shop\/#website"},"primaryImageOfPage":{"@id":"https:\/\/www.whiskey-and-more.de\/Shop\/produkt\/an-cnoc-12-y-o\/#primaryimage"},"image":{"@id":"https:\/\/www.whiskey-and-more.de\/Shop\/produkt\/an-cnoc-12-y-o\/#primaryimage"},"thumbnailUrl":"https:\/\/www.whiskey-and-more.de\/Shop\/wp-content\/uploads\/2026\/02\/An-Cnoc-12-y.o-scaled.jpeg","datePublished":"2026-02-23T15:41:03+00:00","dateModified":"2026-02-23T16:10:22+00:00","description":"An Cnoc 12 y.o. bei whisk(e)y and more.de Ihr Onlineshop und Marktplatz f\u00fcr Whisky, Whiskey, Rum, Rhum, Gin und mehr. Sie finden auf whiskey-and-more.de Irish, Schottisch, American, Single Malts, Blended Whiskys bekannter und unbekannter Marken. Wir haben stets Whisky aus Schottland, Irland und der Welt, dauerhaft auf Lager.","breadcrumb":{"@id":"https:\/\/www.whiskey-and-more.de\/Shop\/produkt\/an-cnoc-12-y-o\/#breadcrumb"},"inLanguage":"de","potentialAction":[{"@type":"ReadAction","target":["https:\/\/www.whiskey-and-more.de\/Shop\/produkt\/an-cnoc-12-y-o\/"]}]},{"@type":"ImageObject","inLanguage":"de","@id":"https:\/\/www.whiskey-and-more.de\/Shop\/produkt\/an-cnoc-12-y-o\/#primaryimage","url":"https:\/\/www.whiskey-and-more.de\/Shop\/wp-content\/uploads\/2026\/02\/An-Cnoc-12-y.o-scaled.jpeg","contentUrl":"https:\/\/www.whiskey-and-more.de\/Shop\/wp-content\/uploads\/2026\/02\/An-Cnoc-12-y.o-scaled.jpeg","width":"1920","height":"2560","caption":"An Cnoc 12 y.o."},{"@type":"BreadcrumbList","@id":"https:\/\/www.whiskey-and-more.de\/Shop\/produkt\/an-cnoc-12-y-o\/#breadcrumb","itemListElement":[{"@type":"ListItem","position":1,"name":"Startseite","item":"https:\/\/www.whiskey-and-more.de\/Shop\/"},{"@type":"ListItem","position":2,"name":"Home","item":"https:\/\/www.whiskey-and-more.de\/Shop\/shop\/"},{"@type":"ListItem","position":3,"name":"Whisk(e)y","item":"https:\/\/www.whiskey-and-more.de\/Shop\/produkt-kategorie\/whiskey_whisky\/"},{"@type":"ListItem","position":4,"name":"An Cnoc 12 y.o."}]},{"@type":"WebSite","@id":"https:\/\/www.whiskey-and-more.de\/Shop\/#website","url":"https:\/\/www.whiskey-and-more.de\/Shop\/","name":"W&amp;M Shop","description":"Der Online Shop von Whisk(e)y and More. Online Marktplatz f\u00fcr Whiskey, Whisky und mehr.","publisher":{"@id":"https:\/\/www.whiskey-and-more.de\/Shop\/#organization"},"potentialAction":[{"@type":"SearchAction","target":{"@type":"EntryPoint","urlTemplate":"https:\/\/www.whiskey-and-more.de\/Shop\/?s={search_term_string}"},"query-input":{"@type":"PropertyValueSpecification","valueRequired":true,"valueName":"search_term_string"}}],"inLanguage":"de"},{"@type":"Organization","@id":"https:\/\/www.whiskey-and-more.de\/Shop\/#organization","name":"Whisk(e)y and More","url":"https:\/\/www.whiskey-and-more.de\/Shop\/","logo":{"@type":"ImageObject","inLanguage":"de","@id":"https:\/\/www.whiskey-and-more.de\/Shop\/#\/schema\/logo\/image\/","url":"https:\/\/www.whiskey-and-more.de\/Shop\/wp-content\/uploads\/2020\/03\/Logo2.jpg","contentUrl":"https:\/\/www.whiskey-and-more.de\/Shop\/wp-content\/uploads\/2020\/03\/Logo2.jpg","width":470,"height":110,"caption":"Whisk(e)y and More"},"image":{"@id":"https:\/\/www.whiskey-and-more.de\/Shop\/#\/schema\/logo\/image\/"},"sameAs":["https:\/\/de-de.facebook.com\/Whiskey-and-More-Spaden-1072860722859564\/about"]}]}},"jetpack_sharing_enabled":true,"_links":{"self":[{"href":"https:\/\/www.whiskey-and-more.de\/Shop\/wp-json\/wp\/v2\/product\/7668","targetHints":{"allow":["GET"]}}],"collection":[{"href":"https:\/\/www.whiskey-and-more.de\/Shop\/wp-json\/wp\/v2\/product"}],"about":[{"href":"https:\/\/www.whiskey-and-more.de\/Shop\/wp-json\/wp\/v2\/types\/product"}],"replies":[{"embeddable":true,"href":"https:\/\/www.whiskey-and-more.de\/Shop\/wp-json\/wp\/v2\/comments?post=7668"}],"wp:featuredmedia":[{"embeddable":true,"href":"https:\/\/www.whiskey-and-more.de\/Shop\/wp-json\/wp\/v2\/media\/7669"}],"wp:attachment":[{"href":"https:\/\/www.whiskey-and-more.de\/Shop\/wp-json\/wp\/v2\/media?parent=7668"}],"wp:term":[{"taxonomy":"product_brand","embeddable":true,"href":"https:\/\/www.whiskey-and-more.de\/Shop\/wp-json\/wp\/v2\/product_brand?post=7668"},{"taxonomy":"product_cat","embeddable":true,"href":"https:\/\/www.whiskey-and-more.de\/Shop\/wp-json\/wp\/v2\/product_cat?post=7668"},{"taxonomy":"product_tag","embeddable":true,"href":"https:\/\/www.whiskey-and-more.de\/Shop\/wp-json\/wp\/v2\/product_tag?post=7668"}],"curies":[{"name":"wp","href":"https:\/\/api.w.org\/{rel}","templated":true}]}}