{"id":7748,"date":"2026-02-27T11:52:45","date_gmt":"2026-02-27T10:52:45","guid":{"rendered":"https:\/\/www.whiskey-and-more.de\/Shop\/?post_type=product&#038;p=7748"},"modified":"2026-02-27T11:56:49","modified_gmt":"2026-02-27T10:56:49","slug":"bruichladdich-islay-barley-2014-islay-single-malt-scotch-whisky","status":"publish","type":"product","link":"https:\/\/www.whiskey-and-more.de\/Shop\/produkt\/bruichladdich-islay-barley-2014-islay-single-malt-scotch-whisky\/","title":{"rendered":"Bruichladdich Islay Barley 2014 &#8211; Islay Single Malt Scotch Whisky"},"content":{"rendered":"<div class=\"wrapper_left\">\n<div class=\"wrapper_left\">\n<div class=\"wrapper_left\">&#8211; Islay Single Malt Scotch Whisky<\/div>\n<div class=\"wrapper_left\">&#8211; abgef\u00fcllt in Trinkst\u00e4rke mit 50 % vol.<\/div>\n<div>&#8211; nicht k\u00fchlgefiltert<\/div>\n<div>&#8211; ohne Farbstoff<\/div>\n<div>&#8211; unpeated<\/div>\n<div><\/div>\n<p>Feiern Sie den reinsten Ausdruck des Terroirs mit Bruichladdich Islay Barley 2014. Vollst\u00e4ndig r\u00fcckverfolgbar und mit hoher Herkunftssicherheit, erg\u00e4nzt ein Medley aus Aprikose und Pfirsich den getreidebetonten Single Malt mit einer subtilen maritimen Note, die auf die Ernte, Destillation und Reifung des Whiskys auf Islay hinweist.<\/p><\/div>\n<\/div>\n","protected":false},"excerpt":{"rendered":"<p>Region: Islay<\/p>\n","protected":false},"featured_media":7749,"comment_status":"open","ping_status":"closed","template":"","meta":[],"product_brand":[],"product_cat":[41,36],"product_tag":[1963,68],"class_list":{"0":"post-7748","1":"product","2":"type-product","3":"status-publish","4":"has-post-thumbnail","6":"product_cat-schottland","7":"product_cat-whiskey_whisky","8":"product_tag-bruichladdich-islay-barley-2014-islay-single-malt-scotch-whisky","9":"product_tag-islay-single-malt-scotch-whisky","11":"first","12":"instock","13":"taxable","14":"shipping-taxable","15":"purchasable","16":"product-type-simple"},"yoast_head":"<!-- This site is optimized with the Yoast SEO plugin v27.4 - https:\/\/yoast.com\/product\/yoast-seo-wordpress\/ -->\n<title>Bruichladdich Islay Barley 2014 - Islay Single Malt Scotch Whisky - W&amp;M Shop<\/title>\n<meta name=\"description\" content=\"Bruichladdich Islay Barley 2014 - Islay Single Malt Scotch Whisky bei whisk(e)y and more.de Ihr Onlineshop und Marktplatz f\u00fcr Whisky, Whiskey, Rum, Rhum, Gin und mehr. Sie finden auf whiskey-and-more.de Irish, Schottisch, American, Single Malts, Blended Whiskys bekannter und unbekannter Marken. Wir haben stets Whisky aus Schottland, Irland und der Welt, dauerhaft auf Lager.\" \/>\n<meta name=\"robots\" content=\"index, follow, max-snippet:-1, max-image-preview:large, max-video-preview:-1\" \/>\n<link rel=\"canonical\" href=\"https:\/\/www.whiskey-and-more.de\/Shop\/produkt\/bruichladdich-islay-barley-2014-islay-single-malt-scotch-whisky\/\" \/>\n<meta property=\"og:locale\" content=\"de_DE\" \/>\n<meta property=\"og:type\" content=\"article\" \/>\n<meta property=\"og:title\" content=\"Bruichladdich Islay Barley 2014 - Islay Single Malt Scotch Whisky - W&amp;M Shop\" \/>\n<meta property=\"og:description\" content=\"Bruichladdich Islay Barley 2014 - Islay Single Malt Scotch Whisky bei whisk(e)y and more.de Ihr Onlineshop und Marktplatz f\u00fcr Whisky, Whiskey, Rum, Rhum, Gin und mehr. Sie finden auf whiskey-and-more.de Irish, Schottisch, American, Single Malts, Blended Whiskys bekannter und unbekannter Marken. Wir haben stets Whisky aus Schottland, Irland und der Welt, dauerhaft auf Lager.\" \/>\n<meta property=\"og:url\" content=\"https:\/\/www.whiskey-and-more.de\/Shop\/produkt\/bruichladdich-islay-barley-2014-islay-single-malt-scotch-whisky\/\" \/>\n<meta property=\"og:site_name\" content=\"W&amp;M Shop\" \/>\n<meta property=\"article:publisher\" content=\"https:\/\/de-de.facebook.com\/Whiskey-and-More-Spaden-1072860722859564\/about\" \/>\n<meta property=\"article:modified_time\" content=\"2026-02-27T10:56:49+00:00\" \/>\n<meta property=\"og:image\" content=\"https:\/\/www.whiskey-and-more.de\/Shop\/wp-content\/uploads\/2026\/02\/Bruichladdich-Islay-Barley-2014-e1772189775743.webp\" \/>\n\t<meta property=\"og:image:width\" content=\"664\" \/>\n\t<meta property=\"og:image:height\" content=\"1685\" \/>\n\t<meta property=\"og:image:type\" content=\"image\/webp\" \/>\n<meta name=\"twitter:card\" content=\"summary_large_image\" \/>\n<meta name=\"twitter:label1\" content=\"Gesch\u00e4tzte Lesezeit\" \/>\n\t<meta name=\"twitter:data1\" content=\"1\u00a0Minute\" \/>\n<script type=\"application\/ld+json\" class=\"yoast-schema-graph\">{\"@context\":\"https:\\\/\\\/schema.org\",\"@graph\":[{\"@type\":\"WebPage\",\"@id\":\"https:\\\/\\\/www.whiskey-and-more.de\\\/Shop\\\/produkt\\\/bruichladdich-islay-barley-2014-islay-single-malt-scotch-whisky\\\/\",\"url\":\"https:\\\/\\\/www.whiskey-and-more.de\\\/Shop\\\/produkt\\\/bruichladdich-islay-barley-2014-islay-single-malt-scotch-whisky\\\/\",\"name\":\"Bruichladdich Islay Barley 2014 - Islay Single Malt Scotch Whisky - W&amp;M Shop\",\"isPartOf\":{\"@id\":\"https:\\\/\\\/www.whiskey-and-more.de\\\/Shop\\\/#website\"},\"primaryImageOfPage\":{\"@id\":\"https:\\\/\\\/www.whiskey-and-more.de\\\/Shop\\\/produkt\\\/bruichladdich-islay-barley-2014-islay-single-malt-scotch-whisky\\\/#primaryimage\"},\"image\":{\"@id\":\"https:\\\/\\\/www.whiskey-and-more.de\\\/Shop\\\/produkt\\\/bruichladdich-islay-barley-2014-islay-single-malt-scotch-whisky\\\/#primaryimage\"},\"thumbnailUrl\":\"https:\\\/\\\/www.whiskey-and-more.de\\\/Shop\\\/wp-content\\\/uploads\\\/2026\\\/02\\\/Bruichladdich-Islay-Barley-2014-e1772189775743.webp\",\"datePublished\":\"2026-02-27T10:52:45+00:00\",\"dateModified\":\"2026-02-27T10:56:49+00:00\",\"description\":\"Bruichladdich Islay Barley 2014 - Islay Single Malt Scotch Whisky bei whisk(e)y and more.de Ihr Onlineshop und Marktplatz f\u00fcr Whisky, Whiskey, Rum, Rhum, Gin und mehr. Sie finden auf whiskey-and-more.de Irish, Schottisch, American, Single Malts, Blended Whiskys bekannter und unbekannter Marken. Wir haben stets Whisky aus Schottland, Irland und der Welt, dauerhaft auf Lager.\",\"breadcrumb\":{\"@id\":\"https:\\\/\\\/www.whiskey-and-more.de\\\/Shop\\\/produkt\\\/bruichladdich-islay-barley-2014-islay-single-malt-scotch-whisky\\\/#breadcrumb\"},\"inLanguage\":\"de\",\"potentialAction\":[{\"@type\":\"ReadAction\",\"target\":[\"https:\\\/\\\/www.whiskey-and-more.de\\\/Shop\\\/produkt\\\/bruichladdich-islay-barley-2014-islay-single-malt-scotch-whisky\\\/\"]}]},{\"@type\":\"ImageObject\",\"inLanguage\":\"de\",\"@id\":\"https:\\\/\\\/www.whiskey-and-more.de\\\/Shop\\\/produkt\\\/bruichladdich-islay-barley-2014-islay-single-malt-scotch-whisky\\\/#primaryimage\",\"url\":\"https:\\\/\\\/www.whiskey-and-more.de\\\/Shop\\\/wp-content\\\/uploads\\\/2026\\\/02\\\/Bruichladdich-Islay-Barley-2014-e1772189775743.webp\",\"contentUrl\":\"https:\\\/\\\/www.whiskey-and-more.de\\\/Shop\\\/wp-content\\\/uploads\\\/2026\\\/02\\\/Bruichladdich-Islay-Barley-2014-e1772189775743.webp\",\"width\":664,\"height\":1685,\"caption\":\"Bruichladdich Islay Barley 2014 - Islay Single Malt Scotch Whisky\"},{\"@type\":\"BreadcrumbList\",\"@id\":\"https:\\\/\\\/www.whiskey-and-more.de\\\/Shop\\\/produkt\\\/bruichladdich-islay-barley-2014-islay-single-malt-scotch-whisky\\\/#breadcrumb\",\"itemListElement\":[{\"@type\":\"ListItem\",\"position\":1,\"name\":\"Startseite\",\"item\":\"https:\\\/\\\/www.whiskey-and-more.de\\\/Shop\\\/\"},{\"@type\":\"ListItem\",\"position\":2,\"name\":\"Home\",\"item\":\"https:\\\/\\\/www.whiskey-and-more.de\\\/Shop\\\/shop\\\/\"},{\"@type\":\"ListItem\",\"position\":3,\"name\":\"Whisk(e)y\",\"item\":\"https:\\\/\\\/www.whiskey-and-more.de\\\/Shop\\\/produkt-kategorie\\\/whiskey_whisky\\\/\"},{\"@type\":\"ListItem\",\"position\":4,\"name\":\"Bruichladdich Islay Barley 2014 &#8211; Islay Single Malt Scotch Whisky\"}]},{\"@type\":\"WebSite\",\"@id\":\"https:\\\/\\\/www.whiskey-and-more.de\\\/Shop\\\/#website\",\"url\":\"https:\\\/\\\/www.whiskey-and-more.de\\\/Shop\\\/\",\"name\":\"W&amp;M Shop\",\"description\":\"Der Online Shop von Whisk(e)y and More. Online Marktplatz f\u00fcr Whiskey, Whisky und mehr.\",\"publisher\":{\"@id\":\"https:\\\/\\\/www.whiskey-and-more.de\\\/Shop\\\/#organization\"},\"potentialAction\":[{\"@type\":\"SearchAction\",\"target\":{\"@type\":\"EntryPoint\",\"urlTemplate\":\"https:\\\/\\\/www.whiskey-and-more.de\\\/Shop\\\/?s={search_term_string}\"},\"query-input\":{\"@type\":\"PropertyValueSpecification\",\"valueRequired\":true,\"valueName\":\"search_term_string\"}}],\"inLanguage\":\"de\"},{\"@type\":\"Organization\",\"@id\":\"https:\\\/\\\/www.whiskey-and-more.de\\\/Shop\\\/#organization\",\"name\":\"Whisk(e)y and More\",\"url\":\"https:\\\/\\\/www.whiskey-and-more.de\\\/Shop\\\/\",\"logo\":{\"@type\":\"ImageObject\",\"inLanguage\":\"de\",\"@id\":\"https:\\\/\\\/www.whiskey-and-more.de\\\/Shop\\\/#\\\/schema\\\/logo\\\/image\\\/\",\"url\":\"https:\\\/\\\/www.whiskey-and-more.de\\\/Shop\\\/wp-content\\\/uploads\\\/2020\\\/03\\\/Logo2.jpg\",\"contentUrl\":\"https:\\\/\\\/www.whiskey-and-more.de\\\/Shop\\\/wp-content\\\/uploads\\\/2020\\\/03\\\/Logo2.jpg\",\"width\":470,\"height\":110,\"caption\":\"Whisk(e)y and More\"},\"image\":{\"@id\":\"https:\\\/\\\/www.whiskey-and-more.de\\\/Shop\\\/#\\\/schema\\\/logo\\\/image\\\/\"},\"sameAs\":[\"https:\\\/\\\/de-de.facebook.com\\\/Whiskey-and-More-Spaden-1072860722859564\\\/about\"]}]}<\/script>\n<!-- \/ Yoast SEO plugin. -->","yoast_head_json":{"title":"Bruichladdich Islay Barley 2014 - Islay Single Malt Scotch Whisky - W&amp;M Shop","description":"Bruichladdich Islay Barley 2014 - Islay Single Malt Scotch Whisky bei whisk(e)y and more.de Ihr Onlineshop und Marktplatz f\u00fcr Whisky, Whiskey, Rum, Rhum, Gin und mehr. Sie finden auf whiskey-and-more.de Irish, Schottisch, American, Single Malts, Blended Whiskys bekannter und unbekannter Marken. Wir haben stets Whisky aus Schottland, Irland und der Welt, dauerhaft auf Lager.","robots":{"index":"index","follow":"follow","max-snippet":"max-snippet:-1","max-image-preview":"max-image-preview:large","max-video-preview":"max-video-preview:-1"},"canonical":"https:\/\/www.whiskey-and-more.de\/Shop\/produkt\/bruichladdich-islay-barley-2014-islay-single-malt-scotch-whisky\/","og_locale":"de_DE","og_type":"article","og_title":"Bruichladdich Islay Barley 2014 - Islay Single Malt Scotch Whisky - W&amp;M Shop","og_description":"Bruichladdich Islay Barley 2014 - Islay Single Malt Scotch Whisky bei whisk(e)y and more.de Ihr Onlineshop und Marktplatz f\u00fcr Whisky, Whiskey, Rum, Rhum, Gin und mehr. Sie finden auf whiskey-and-more.de Irish, Schottisch, American, Single Malts, Blended Whiskys bekannter und unbekannter Marken. Wir haben stets Whisky aus Schottland, Irland und der Welt, dauerhaft auf Lager.","og_url":"https:\/\/www.whiskey-and-more.de\/Shop\/produkt\/bruichladdich-islay-barley-2014-islay-single-malt-scotch-whisky\/","og_site_name":"W&amp;M Shop","article_publisher":"https:\/\/de-de.facebook.com\/Whiskey-and-More-Spaden-1072860722859564\/about","article_modified_time":"2026-02-27T10:56:49+00:00","og_image":[{"width":664,"height":1685,"url":"https:\/\/www.whiskey-and-more.de\/Shop\/wp-content\/uploads\/2026\/02\/Bruichladdich-Islay-Barley-2014-e1772189775743.webp","type":"image\/webp"}],"twitter_card":"summary_large_image","twitter_misc":{"Gesch\u00e4tzte Lesezeit":"1\u00a0Minute"},"schema":{"@context":"https:\/\/schema.org","@graph":[{"@type":"WebPage","@id":"https:\/\/www.whiskey-and-more.de\/Shop\/produkt\/bruichladdich-islay-barley-2014-islay-single-malt-scotch-whisky\/","url":"https:\/\/www.whiskey-and-more.de\/Shop\/produkt\/bruichladdich-islay-barley-2014-islay-single-malt-scotch-whisky\/","name":"Bruichladdich Islay Barley 2014 - Islay Single Malt Scotch Whisky - W&amp;M Shop","isPartOf":{"@id":"https:\/\/www.whiskey-and-more.de\/Shop\/#website"},"primaryImageOfPage":{"@id":"https:\/\/www.whiskey-and-more.de\/Shop\/produkt\/bruichladdich-islay-barley-2014-islay-single-malt-scotch-whisky\/#primaryimage"},"image":{"@id":"https:\/\/www.whiskey-and-more.de\/Shop\/produkt\/bruichladdich-islay-barley-2014-islay-single-malt-scotch-whisky\/#primaryimage"},"thumbnailUrl":"https:\/\/www.whiskey-and-more.de\/Shop\/wp-content\/uploads\/2026\/02\/Bruichladdich-Islay-Barley-2014-e1772189775743.webp","datePublished":"2026-02-27T10:52:45+00:00","dateModified":"2026-02-27T10:56:49+00:00","description":"Bruichladdich Islay Barley 2014 - Islay Single Malt Scotch Whisky bei whisk(e)y and more.de Ihr Onlineshop und Marktplatz f\u00fcr Whisky, Whiskey, Rum, Rhum, Gin und mehr. Sie finden auf whiskey-and-more.de Irish, Schottisch, American, Single Malts, Blended Whiskys bekannter und unbekannter Marken. Wir haben stets Whisky aus Schottland, Irland und der Welt, dauerhaft auf Lager.","breadcrumb":{"@id":"https:\/\/www.whiskey-and-more.de\/Shop\/produkt\/bruichladdich-islay-barley-2014-islay-single-malt-scotch-whisky\/#breadcrumb"},"inLanguage":"de","potentialAction":[{"@type":"ReadAction","target":["https:\/\/www.whiskey-and-more.de\/Shop\/produkt\/bruichladdich-islay-barley-2014-islay-single-malt-scotch-whisky\/"]}]},{"@type":"ImageObject","inLanguage":"de","@id":"https:\/\/www.whiskey-and-more.de\/Shop\/produkt\/bruichladdich-islay-barley-2014-islay-single-malt-scotch-whisky\/#primaryimage","url":"https:\/\/www.whiskey-and-more.de\/Shop\/wp-content\/uploads\/2026\/02\/Bruichladdich-Islay-Barley-2014-e1772189775743.webp","contentUrl":"https:\/\/www.whiskey-and-more.de\/Shop\/wp-content\/uploads\/2026\/02\/Bruichladdich-Islay-Barley-2014-e1772189775743.webp","width":664,"height":1685,"caption":"Bruichladdich Islay Barley 2014 - Islay Single Malt Scotch Whisky"},{"@type":"BreadcrumbList","@id":"https:\/\/www.whiskey-and-more.de\/Shop\/produkt\/bruichladdich-islay-barley-2014-islay-single-malt-scotch-whisky\/#breadcrumb","itemListElement":[{"@type":"ListItem","position":1,"name":"Startseite","item":"https:\/\/www.whiskey-and-more.de\/Shop\/"},{"@type":"ListItem","position":2,"name":"Home","item":"https:\/\/www.whiskey-and-more.de\/Shop\/shop\/"},{"@type":"ListItem","position":3,"name":"Whisk(e)y","item":"https:\/\/www.whiskey-and-more.de\/Shop\/produkt-kategorie\/whiskey_whisky\/"},{"@type":"ListItem","position":4,"name":"Bruichladdich Islay Barley 2014 &#8211; Islay Single Malt Scotch Whisky"}]},{"@type":"WebSite","@id":"https:\/\/www.whiskey-and-more.de\/Shop\/#website","url":"https:\/\/www.whiskey-and-more.de\/Shop\/","name":"W&amp;M Shop","description":"Der Online Shop von Whisk(e)y and More. Online Marktplatz f\u00fcr Whiskey, Whisky und mehr.","publisher":{"@id":"https:\/\/www.whiskey-and-more.de\/Shop\/#organization"},"potentialAction":[{"@type":"SearchAction","target":{"@type":"EntryPoint","urlTemplate":"https:\/\/www.whiskey-and-more.de\/Shop\/?s={search_term_string}"},"query-input":{"@type":"PropertyValueSpecification","valueRequired":true,"valueName":"search_term_string"}}],"inLanguage":"de"},{"@type":"Organization","@id":"https:\/\/www.whiskey-and-more.de\/Shop\/#organization","name":"Whisk(e)y and More","url":"https:\/\/www.whiskey-and-more.de\/Shop\/","logo":{"@type":"ImageObject","inLanguage":"de","@id":"https:\/\/www.whiskey-and-more.de\/Shop\/#\/schema\/logo\/image\/","url":"https:\/\/www.whiskey-and-more.de\/Shop\/wp-content\/uploads\/2020\/03\/Logo2.jpg","contentUrl":"https:\/\/www.whiskey-and-more.de\/Shop\/wp-content\/uploads\/2020\/03\/Logo2.jpg","width":470,"height":110,"caption":"Whisk(e)y and More"},"image":{"@id":"https:\/\/www.whiskey-and-more.de\/Shop\/#\/schema\/logo\/image\/"},"sameAs":["https:\/\/de-de.facebook.com\/Whiskey-and-More-Spaden-1072860722859564\/about"]}]}},"jetpack_sharing_enabled":true,"_links":{"self":[{"href":"https:\/\/www.whiskey-and-more.de\/Shop\/wp-json\/wp\/v2\/product\/7748","targetHints":{"allow":["GET"]}}],"collection":[{"href":"https:\/\/www.whiskey-and-more.de\/Shop\/wp-json\/wp\/v2\/product"}],"about":[{"href":"https:\/\/www.whiskey-and-more.de\/Shop\/wp-json\/wp\/v2\/types\/product"}],"replies":[{"embeddable":true,"href":"https:\/\/www.whiskey-and-more.de\/Shop\/wp-json\/wp\/v2\/comments?post=7748"}],"wp:featuredmedia":[{"embeddable":true,"href":"https:\/\/www.whiskey-and-more.de\/Shop\/wp-json\/wp\/v2\/media\/7749"}],"wp:attachment":[{"href":"https:\/\/www.whiskey-and-more.de\/Shop\/wp-json\/wp\/v2\/media?parent=7748"}],"wp:term":[{"taxonomy":"product_brand","embeddable":true,"href":"https:\/\/www.whiskey-and-more.de\/Shop\/wp-json\/wp\/v2\/product_brand?post=7748"},{"taxonomy":"product_cat","embeddable":true,"href":"https:\/\/www.whiskey-and-more.de\/Shop\/wp-json\/wp\/v2\/product_cat?post=7748"},{"taxonomy":"product_tag","embeddable":true,"href":"https:\/\/www.whiskey-and-more.de\/Shop\/wp-json\/wp\/v2\/product_tag?post=7748"}],"curies":[{"name":"wp","href":"https:\/\/api.w.org\/{rel}","templated":true}]}}