{"id":8140,"date":"2026-05-04T15:54:50","date_gmt":"2026-05-04T13:54:50","guid":{"rendered":"https:\/\/www.whiskey-and-more.de\/Shop\/?post_type=product&#038;p=8140"},"modified":"2026-05-11T16:32:15","modified_gmt":"2026-05-11T14:32:15","slug":"clynelish-2016-2026-10-y-o-refill-oloroso-sherry-new-wood-casks-signatory-100-proof-edition-77","status":"publish","type":"product","link":"https:\/\/www.whiskey-and-more.de\/Shop\/produkt\/clynelish-2016-2026-10-y-o-refill-oloroso-sherry-new-wood-casks-signatory-100-proof-edition-77\/","title":{"rendered":"Clynelish 2016\/2026 &#8211; 10 y.o. &#8211; Refill Oloroso Sherry &#038; New Wood Casks &#8211; Signatory 100 PROOF Edition #77"},"content":{"rendered":"<div class=\"wrapper_left\">\n<div class=\"wrapper_left\">\n<div class=\"wrapper_left\">\n<div class=\"wrapper_left\">&#8211; Highland Single Malt Scotch Whisky<\/div>\n<div class=\"wrapper_left\">&#8211; 100 Proof Edition #77<\/div>\n<div class=\"wrapper_left\">&#8211; abgef\u00fcllt in Trinkst\u00e4rke mit 57,1 % vol.<br \/>\n&#8211; Refill Oloroso Sherry\u00a0 + New Fill Hogsheads<\/div>\n<div class=\"wrapper_left\">&#8211; nicht gef\u00e4rbt<br \/>\n&#8211; nicht k\u00fchlfiltriert<\/div>\n<div><\/div>\n<div>\n<div class=\"wrapper_left\">Das Bouquet er\u00f6ffnet mit den f\u00fcr das Haus typischen Noten von <b>Bienenwachs<\/b> und Heidekraut, die sich harmonisch mit dem Duft von gebackenen \u00c4pfeln und ger\u00f6steten Mandeln verbinden. Am Gaumen entfaltet sich eine beeindruckende Viskosit\u00e4t, die von s\u00fc\u00dfem Honig und einer feinen Sherryw\u00fcrze getragen wird. Die Kraft des Alkohols transportiert die Aromen von Eichenholz und Kr\u00e4utern bis in einen langanhaltenden, wachsigen Nachklang, der die Komplexit\u00e4t dieser 10-j\u00e4hrigen Reifung unterstreicht.<\/div>\n<\/div>\n<\/div>\n<\/div>\n<\/div>\n","protected":false},"excerpt":{"rendered":"<p>Region: Highlands<\/p>\n","protected":false},"featured_media":8141,"comment_status":"open","ping_status":"closed","template":"","meta":[],"product_brand":[],"product_cat":[41,36],"product_tag":[2148,85,84],"class_list":{"0":"post-8140","1":"product","2":"type-product","3":"status-publish","4":"has-post-thumbnail","6":"product_cat-schottland","7":"product_cat-whiskey_whisky","8":"product_tag-clynelish-2016-2026-10-y-o-refill-oloroso-sherry-new-wood-casks-signatory-100-proof-edition-77","9":"product_tag-no-colouring","10":"product_tag-unchillfiltered","12":"first","13":"instock","14":"taxable","15":"shipping-taxable","16":"purchasable","17":"product-type-simple"},"yoast_head":"<!-- This site is optimized with the Yoast SEO plugin v27.6 - https:\/\/yoast.com\/product\/yoast-seo-wordpress\/ -->\n<title>Clynelish 2016\/2026 - 10 y.o. - Refill Oloroso Sherry &amp; New Wood Casks - Signatory 100 PROOF Edition #77 - W&amp;M Shop<\/title>\n<meta name=\"description\" content=\"Clynelish 2016\/2026 - 10 y.o. - Refill Oloroso Sherry &amp; New Wood Casks - Signatory 100 PROOF Edition #77 bei whisk(e)y and more.de Ihr Onlineshop und Marktplatz f\u00fcr Whisky, Whiskey, Rum, Rhum, Gin und mehr. Sie finden auf whiskey-and-more.de Irish, Schottisch, American, Single Malts, Blended Whiskys bekannter und unbekannter Marken. Wir haben stets Whisky aus Schottland, Irland und der Welt, dauerhaft auf Lager.\" \/>\n<meta name=\"robots\" content=\"index, follow, max-snippet:-1, max-image-preview:large, max-video-preview:-1\" \/>\n<link rel=\"canonical\" href=\"https:\/\/www.whiskey-and-more.de\/Shop\/produkt\/clynelish-2016-2026-10-y-o-refill-oloroso-sherry-new-wood-casks-signatory-100-proof-edition-77\/\" \/>\n<meta property=\"og:locale\" content=\"de_DE\" \/>\n<meta property=\"og:type\" content=\"article\" \/>\n<meta property=\"og:title\" content=\"Clynelish 2016\/2026 - 10 y.o. - Refill Oloroso Sherry &amp; New Wood Casks - Signatory 100 PROOF Edition #77 - W&amp;M Shop\" \/>\n<meta property=\"og:description\" content=\"Clynelish 2016\/2026 - 10 y.o. - Refill Oloroso Sherry &amp; New Wood Casks - Signatory 100 PROOF Edition #77 bei whisk(e)y and more.de Ihr Onlineshop und Marktplatz f\u00fcr Whisky, Whiskey, Rum, Rhum, Gin und mehr. Sie finden auf whiskey-and-more.de Irish, Schottisch, American, Single Malts, Blended Whiskys bekannter und unbekannter Marken. Wir haben stets Whisky aus Schottland, Irland und der Welt, dauerhaft auf Lager.\" \/>\n<meta property=\"og:url\" content=\"https:\/\/www.whiskey-and-more.de\/Shop\/produkt\/clynelish-2016-2026-10-y-o-refill-oloroso-sherry-new-wood-casks-signatory-100-proof-edition-77\/\" \/>\n<meta property=\"og:site_name\" content=\"W&amp;M Shop\" \/>\n<meta property=\"article:publisher\" content=\"https:\/\/de-de.facebook.com\/Whiskey-and-More-Spaden-1072860722859564\/about\" \/>\n<meta property=\"article:modified_time\" content=\"2026-05-11T14:32:15+00:00\" \/>\n<meta property=\"og:image\" content=\"https:\/\/www.whiskey-and-more.de\/Shop\/wp-content\/uploads\/2026\/05\/Clynelish-2016-2026-10-y.o.-Refill-Oloroso-Sherry-New-Wood-Casks-Signatory-100-PROOF-Edition-77.jpg\" \/>\n\t<meta property=\"og:image:width\" content=\"2000\" \/>\n\t<meta property=\"og:image:height\" content=\"2000\" \/>\n\t<meta property=\"og:image:type\" content=\"image\/jpeg\" \/>\n<meta name=\"twitter:card\" content=\"summary_large_image\" \/>\n<meta name=\"twitter:label1\" content=\"Gesch\u00e4tzte Lesezeit\" \/>\n\t<meta name=\"twitter:data1\" content=\"1\u00a0Minute\" \/>\n<script type=\"application\/ld+json\" class=\"yoast-schema-graph\">{\"@context\":\"https:\\\/\\\/schema.org\",\"@graph\":[{\"@type\":\"WebPage\",\"@id\":\"https:\\\/\\\/www.whiskey-and-more.de\\\/Shop\\\/produkt\\\/clynelish-2016-2026-10-y-o-refill-oloroso-sherry-new-wood-casks-signatory-100-proof-edition-77\\\/\",\"url\":\"https:\\\/\\\/www.whiskey-and-more.de\\\/Shop\\\/produkt\\\/clynelish-2016-2026-10-y-o-refill-oloroso-sherry-new-wood-casks-signatory-100-proof-edition-77\\\/\",\"name\":\"Clynelish 2016\\\/2026 - 10 y.o. - Refill Oloroso Sherry & New Wood Casks - Signatory 100 PROOF Edition #77 - W&amp;M Shop\",\"isPartOf\":{\"@id\":\"https:\\\/\\\/www.whiskey-and-more.de\\\/Shop\\\/#website\"},\"primaryImageOfPage\":{\"@id\":\"https:\\\/\\\/www.whiskey-and-more.de\\\/Shop\\\/produkt\\\/clynelish-2016-2026-10-y-o-refill-oloroso-sherry-new-wood-casks-signatory-100-proof-edition-77\\\/#primaryimage\"},\"image\":{\"@id\":\"https:\\\/\\\/www.whiskey-and-more.de\\\/Shop\\\/produkt\\\/clynelish-2016-2026-10-y-o-refill-oloroso-sherry-new-wood-casks-signatory-100-proof-edition-77\\\/#primaryimage\"},\"thumbnailUrl\":\"https:\\\/\\\/www.whiskey-and-more.de\\\/Shop\\\/wp-content\\\/uploads\\\/2026\\\/05\\\/Clynelish-2016-2026-10-y.o.-Refill-Oloroso-Sherry-New-Wood-Casks-Signatory-100-PROOF-Edition-77.jpg\",\"datePublished\":\"2026-05-04T13:54:50+00:00\",\"dateModified\":\"2026-05-11T14:32:15+00:00\",\"description\":\"Clynelish 2016\\\/2026 - 10 y.o. - Refill Oloroso Sherry & New Wood Casks - Signatory 100 PROOF Edition #77 bei whisk(e)y and more.de Ihr Onlineshop und Marktplatz f\u00fcr Whisky, Whiskey, Rum, Rhum, Gin und mehr. Sie finden auf whiskey-and-more.de Irish, Schottisch, American, Single Malts, Blended Whiskys bekannter und unbekannter Marken. Wir haben stets Whisky aus Schottland, Irland und der Welt, dauerhaft auf Lager.\",\"breadcrumb\":{\"@id\":\"https:\\\/\\\/www.whiskey-and-more.de\\\/Shop\\\/produkt\\\/clynelish-2016-2026-10-y-o-refill-oloroso-sherry-new-wood-casks-signatory-100-proof-edition-77\\\/#breadcrumb\"},\"inLanguage\":\"de\",\"potentialAction\":[{\"@type\":\"ReadAction\",\"target\":[\"https:\\\/\\\/www.whiskey-and-more.de\\\/Shop\\\/produkt\\\/clynelish-2016-2026-10-y-o-refill-oloroso-sherry-new-wood-casks-signatory-100-proof-edition-77\\\/\"]}]},{\"@type\":\"ImageObject\",\"inLanguage\":\"de\",\"@id\":\"https:\\\/\\\/www.whiskey-and-more.de\\\/Shop\\\/produkt\\\/clynelish-2016-2026-10-y-o-refill-oloroso-sherry-new-wood-casks-signatory-100-proof-edition-77\\\/#primaryimage\",\"url\":\"https:\\\/\\\/www.whiskey-and-more.de\\\/Shop\\\/wp-content\\\/uploads\\\/2026\\\/05\\\/Clynelish-2016-2026-10-y.o.-Refill-Oloroso-Sherry-New-Wood-Casks-Signatory-100-PROOF-Edition-77.jpg\",\"contentUrl\":\"https:\\\/\\\/www.whiskey-and-more.de\\\/Shop\\\/wp-content\\\/uploads\\\/2026\\\/05\\\/Clynelish-2016-2026-10-y.o.-Refill-Oloroso-Sherry-New-Wood-Casks-Signatory-100-PROOF-Edition-77.jpg\",\"width\":\"2000\",\"height\":\"2000\",\"caption\":\"Clynelish 2016\\\/2026 - 10 y.o. - Refill Oloroso Sherry & New Wood Casks - Signatory 100 PROOF Edition #77\"},{\"@type\":\"BreadcrumbList\",\"@id\":\"https:\\\/\\\/www.whiskey-and-more.de\\\/Shop\\\/produkt\\\/clynelish-2016-2026-10-y-o-refill-oloroso-sherry-new-wood-casks-signatory-100-proof-edition-77\\\/#breadcrumb\",\"itemListElement\":[{\"@type\":\"ListItem\",\"position\":1,\"name\":\"Startseite\",\"item\":\"https:\\\/\\\/www.whiskey-and-more.de\\\/Shop\\\/\"},{\"@type\":\"ListItem\",\"position\":2,\"name\":\"Home\",\"item\":\"https:\\\/\\\/www.whiskey-and-more.de\\\/Shop\\\/shop\\\/\"},{\"@type\":\"ListItem\",\"position\":3,\"name\":\"Whisk(e)y\",\"item\":\"https:\\\/\\\/www.whiskey-and-more.de\\\/Shop\\\/produkt-kategorie\\\/whiskey_whisky\\\/\"},{\"@type\":\"ListItem\",\"position\":4,\"name\":\"Clynelish 2016\\\/2026 &#8211; 10 y.o. &#8211; Refill Oloroso Sherry &#038; New Wood Casks &#8211; Signatory 100 PROOF Edition #77\"}]},{\"@type\":\"WebSite\",\"@id\":\"https:\\\/\\\/www.whiskey-and-more.de\\\/Shop\\\/#website\",\"url\":\"https:\\\/\\\/www.whiskey-and-more.de\\\/Shop\\\/\",\"name\":\"W&amp;M Shop\",\"description\":\"Der Online Shop von Whisk(e)y and More. Online Marktplatz f\u00fcr Whiskey, Whisky und mehr.\",\"publisher\":{\"@id\":\"https:\\\/\\\/www.whiskey-and-more.de\\\/Shop\\\/#organization\"},\"potentialAction\":[{\"@type\":\"SearchAction\",\"target\":{\"@type\":\"EntryPoint\",\"urlTemplate\":\"https:\\\/\\\/www.whiskey-and-more.de\\\/Shop\\\/?s={search_term_string}\"},\"query-input\":{\"@type\":\"PropertyValueSpecification\",\"valueRequired\":true,\"valueName\":\"search_term_string\"}}],\"inLanguage\":\"de\"},{\"@type\":\"Organization\",\"@id\":\"https:\\\/\\\/www.whiskey-and-more.de\\\/Shop\\\/#organization\",\"name\":\"Whisk(e)y and More\",\"url\":\"https:\\\/\\\/www.whiskey-and-more.de\\\/Shop\\\/\",\"logo\":{\"@type\":\"ImageObject\",\"inLanguage\":\"de\",\"@id\":\"https:\\\/\\\/www.whiskey-and-more.de\\\/Shop\\\/#\\\/schema\\\/logo\\\/image\\\/\",\"url\":\"https:\\\/\\\/www.whiskey-and-more.de\\\/Shop\\\/wp-content\\\/uploads\\\/2020\\\/03\\\/Logo2.jpg\",\"contentUrl\":\"https:\\\/\\\/www.whiskey-and-more.de\\\/Shop\\\/wp-content\\\/uploads\\\/2020\\\/03\\\/Logo2.jpg\",\"width\":470,\"height\":110,\"caption\":\"Whisk(e)y and More\"},\"image\":{\"@id\":\"https:\\\/\\\/www.whiskey-and-more.de\\\/Shop\\\/#\\\/schema\\\/logo\\\/image\\\/\"},\"sameAs\":[\"https:\\\/\\\/de-de.facebook.com\\\/Whiskey-and-More-Spaden-1072860722859564\\\/about\"]}]}<\/script>\n<!-- \/ Yoast SEO plugin. -->","yoast_head_json":{"title":"Clynelish 2016\/2026 - 10 y.o. - Refill Oloroso Sherry & New Wood Casks - Signatory 100 PROOF Edition #77 - W&amp;M Shop","description":"Clynelish 2016\/2026 - 10 y.o. - Refill Oloroso Sherry & New Wood Casks - Signatory 100 PROOF Edition #77 bei whisk(e)y and more.de Ihr Onlineshop und Marktplatz f\u00fcr Whisky, Whiskey, Rum, Rhum, Gin und mehr. Sie finden auf whiskey-and-more.de Irish, Schottisch, American, Single Malts, Blended Whiskys bekannter und unbekannter Marken. Wir haben stets Whisky aus Schottland, Irland und der Welt, dauerhaft auf Lager.","robots":{"index":"index","follow":"follow","max-snippet":"max-snippet:-1","max-image-preview":"max-image-preview:large","max-video-preview":"max-video-preview:-1"},"canonical":"https:\/\/www.whiskey-and-more.de\/Shop\/produkt\/clynelish-2016-2026-10-y-o-refill-oloroso-sherry-new-wood-casks-signatory-100-proof-edition-77\/","og_locale":"de_DE","og_type":"article","og_title":"Clynelish 2016\/2026 - 10 y.o. - Refill Oloroso Sherry & New Wood Casks - Signatory 100 PROOF Edition #77 - W&amp;M Shop","og_description":"Clynelish 2016\/2026 - 10 y.o. - Refill Oloroso Sherry & New Wood Casks - Signatory 100 PROOF Edition #77 bei whisk(e)y and more.de Ihr Onlineshop und Marktplatz f\u00fcr Whisky, Whiskey, Rum, Rhum, Gin und mehr. Sie finden auf whiskey-and-more.de Irish, Schottisch, American, Single Malts, Blended Whiskys bekannter und unbekannter Marken. Wir haben stets Whisky aus Schottland, Irland und der Welt, dauerhaft auf Lager.","og_url":"https:\/\/www.whiskey-and-more.de\/Shop\/produkt\/clynelish-2016-2026-10-y-o-refill-oloroso-sherry-new-wood-casks-signatory-100-proof-edition-77\/","og_site_name":"W&amp;M Shop","article_publisher":"https:\/\/de-de.facebook.com\/Whiskey-and-More-Spaden-1072860722859564\/about","article_modified_time":"2026-05-11T14:32:15+00:00","og_image":[{"width":2000,"height":2000,"url":"https:\/\/www.whiskey-and-more.de\/Shop\/wp-content\/uploads\/2026\/05\/Clynelish-2016-2026-10-y.o.-Refill-Oloroso-Sherry-New-Wood-Casks-Signatory-100-PROOF-Edition-77.jpg","type":"image\/jpeg"}],"twitter_card":"summary_large_image","twitter_misc":{"Gesch\u00e4tzte Lesezeit":"1\u00a0Minute"},"schema":{"@context":"https:\/\/schema.org","@graph":[{"@type":"WebPage","@id":"https:\/\/www.whiskey-and-more.de\/Shop\/produkt\/clynelish-2016-2026-10-y-o-refill-oloroso-sherry-new-wood-casks-signatory-100-proof-edition-77\/","url":"https:\/\/www.whiskey-and-more.de\/Shop\/produkt\/clynelish-2016-2026-10-y-o-refill-oloroso-sherry-new-wood-casks-signatory-100-proof-edition-77\/","name":"Clynelish 2016\/2026 - 10 y.o. - Refill Oloroso Sherry & New Wood Casks - Signatory 100 PROOF Edition #77 - W&amp;M Shop","isPartOf":{"@id":"https:\/\/www.whiskey-and-more.de\/Shop\/#website"},"primaryImageOfPage":{"@id":"https:\/\/www.whiskey-and-more.de\/Shop\/produkt\/clynelish-2016-2026-10-y-o-refill-oloroso-sherry-new-wood-casks-signatory-100-proof-edition-77\/#primaryimage"},"image":{"@id":"https:\/\/www.whiskey-and-more.de\/Shop\/produkt\/clynelish-2016-2026-10-y-o-refill-oloroso-sherry-new-wood-casks-signatory-100-proof-edition-77\/#primaryimage"},"thumbnailUrl":"https:\/\/www.whiskey-and-more.de\/Shop\/wp-content\/uploads\/2026\/05\/Clynelish-2016-2026-10-y.o.-Refill-Oloroso-Sherry-New-Wood-Casks-Signatory-100-PROOF-Edition-77.jpg","datePublished":"2026-05-04T13:54:50+00:00","dateModified":"2026-05-11T14:32:15+00:00","description":"Clynelish 2016\/2026 - 10 y.o. - Refill Oloroso Sherry & New Wood Casks - Signatory 100 PROOF Edition #77 bei whisk(e)y and more.de Ihr Onlineshop und Marktplatz f\u00fcr Whisky, Whiskey, Rum, Rhum, Gin und mehr. Sie finden auf whiskey-and-more.de Irish, Schottisch, American, Single Malts, Blended Whiskys bekannter und unbekannter Marken. Wir haben stets Whisky aus Schottland, Irland und der Welt, dauerhaft auf Lager.","breadcrumb":{"@id":"https:\/\/www.whiskey-and-more.de\/Shop\/produkt\/clynelish-2016-2026-10-y-o-refill-oloroso-sherry-new-wood-casks-signatory-100-proof-edition-77\/#breadcrumb"},"inLanguage":"de","potentialAction":[{"@type":"ReadAction","target":["https:\/\/www.whiskey-and-more.de\/Shop\/produkt\/clynelish-2016-2026-10-y-o-refill-oloroso-sherry-new-wood-casks-signatory-100-proof-edition-77\/"]}]},{"@type":"ImageObject","inLanguage":"de","@id":"https:\/\/www.whiskey-and-more.de\/Shop\/produkt\/clynelish-2016-2026-10-y-o-refill-oloroso-sherry-new-wood-casks-signatory-100-proof-edition-77\/#primaryimage","url":"https:\/\/www.whiskey-and-more.de\/Shop\/wp-content\/uploads\/2026\/05\/Clynelish-2016-2026-10-y.o.-Refill-Oloroso-Sherry-New-Wood-Casks-Signatory-100-PROOF-Edition-77.jpg","contentUrl":"https:\/\/www.whiskey-and-more.de\/Shop\/wp-content\/uploads\/2026\/05\/Clynelish-2016-2026-10-y.o.-Refill-Oloroso-Sherry-New-Wood-Casks-Signatory-100-PROOF-Edition-77.jpg","width":"2000","height":"2000","caption":"Clynelish 2016\/2026 - 10 y.o. - Refill Oloroso Sherry & New Wood Casks - Signatory 100 PROOF Edition #77"},{"@type":"BreadcrumbList","@id":"https:\/\/www.whiskey-and-more.de\/Shop\/produkt\/clynelish-2016-2026-10-y-o-refill-oloroso-sherry-new-wood-casks-signatory-100-proof-edition-77\/#breadcrumb","itemListElement":[{"@type":"ListItem","position":1,"name":"Startseite","item":"https:\/\/www.whiskey-and-more.de\/Shop\/"},{"@type":"ListItem","position":2,"name":"Home","item":"https:\/\/www.whiskey-and-more.de\/Shop\/shop\/"},{"@type":"ListItem","position":3,"name":"Whisk(e)y","item":"https:\/\/www.whiskey-and-more.de\/Shop\/produkt-kategorie\/whiskey_whisky\/"},{"@type":"ListItem","position":4,"name":"Clynelish 2016\/2026 &#8211; 10 y.o. &#8211; Refill Oloroso Sherry &#038; New Wood Casks &#8211; Signatory 100 PROOF Edition #77"}]},{"@type":"WebSite","@id":"https:\/\/www.whiskey-and-more.de\/Shop\/#website","url":"https:\/\/www.whiskey-and-more.de\/Shop\/","name":"W&amp;M Shop","description":"Der Online Shop von Whisk(e)y and More. Online Marktplatz f\u00fcr Whiskey, Whisky und mehr.","publisher":{"@id":"https:\/\/www.whiskey-and-more.de\/Shop\/#organization"},"potentialAction":[{"@type":"SearchAction","target":{"@type":"EntryPoint","urlTemplate":"https:\/\/www.whiskey-and-more.de\/Shop\/?s={search_term_string}"},"query-input":{"@type":"PropertyValueSpecification","valueRequired":true,"valueName":"search_term_string"}}],"inLanguage":"de"},{"@type":"Organization","@id":"https:\/\/www.whiskey-and-more.de\/Shop\/#organization","name":"Whisk(e)y and More","url":"https:\/\/www.whiskey-and-more.de\/Shop\/","logo":{"@type":"ImageObject","inLanguage":"de","@id":"https:\/\/www.whiskey-and-more.de\/Shop\/#\/schema\/logo\/image\/","url":"https:\/\/www.whiskey-and-more.de\/Shop\/wp-content\/uploads\/2020\/03\/Logo2.jpg","contentUrl":"https:\/\/www.whiskey-and-more.de\/Shop\/wp-content\/uploads\/2020\/03\/Logo2.jpg","width":470,"height":110,"caption":"Whisk(e)y and More"},"image":{"@id":"https:\/\/www.whiskey-and-more.de\/Shop\/#\/schema\/logo\/image\/"},"sameAs":["https:\/\/de-de.facebook.com\/Whiskey-and-More-Spaden-1072860722859564\/about"]}]}},"jetpack_sharing_enabled":true,"_links":{"self":[{"href":"https:\/\/www.whiskey-and-more.de\/Shop\/wp-json\/wp\/v2\/product\/8140","targetHints":{"allow":["GET"]}}],"collection":[{"href":"https:\/\/www.whiskey-and-more.de\/Shop\/wp-json\/wp\/v2\/product"}],"about":[{"href":"https:\/\/www.whiskey-and-more.de\/Shop\/wp-json\/wp\/v2\/types\/product"}],"replies":[{"embeddable":true,"href":"https:\/\/www.whiskey-and-more.de\/Shop\/wp-json\/wp\/v2\/comments?post=8140"}],"wp:featuredmedia":[{"embeddable":true,"href":"https:\/\/www.whiskey-and-more.de\/Shop\/wp-json\/wp\/v2\/media\/8141"}],"wp:attachment":[{"href":"https:\/\/www.whiskey-and-more.de\/Shop\/wp-json\/wp\/v2\/media?parent=8140"}],"wp:term":[{"taxonomy":"product_brand","embeddable":true,"href":"https:\/\/www.whiskey-and-more.de\/Shop\/wp-json\/wp\/v2\/product_brand?post=8140"},{"taxonomy":"product_cat","embeddable":true,"href":"https:\/\/www.whiskey-and-more.de\/Shop\/wp-json\/wp\/v2\/product_cat?post=8140"},{"taxonomy":"product_tag","embeddable":true,"href":"https:\/\/www.whiskey-and-more.de\/Shop\/wp-json\/wp\/v2\/product_tag?post=8140"}],"curies":[{"name":"wp","href":"https:\/\/api.w.org\/{rel}","templated":true}]}}