{"id":8142,"date":"2026-05-04T17:33:15","date_gmt":"2026-05-04T15:33:15","guid":{"rendered":"https:\/\/www.whiskey-and-more.de\/Shop\/?post_type=product&#038;p=8142"},"modified":"2026-05-04T17:37:35","modified_gmt":"2026-05-04T15:37:35","slug":"isle-of-raasay-single-malt-whisky-the-chinkapin","status":"publish","type":"product","link":"https:\/\/www.whiskey-and-more.de\/Shop\/produkt\/isle-of-raasay-single-malt-whisky-the-chinkapin\/","title":{"rendered":"Isle of Raasay Single Malt Whisky &#8211; The Chinkapin"},"content":{"rendered":"<p>&#8211; Single Malt Scotch von den Hebriden<br \/>\n&#8211; abgef\u00fcllt in Fassst\u00e4rke mit 50,2 % vol.<br \/>\n&#8211; Gereift in\u00a0 Chinkapin Oak Cask<br \/>\n&#8211; nicht k\u00fchlfiltriert<br \/>\n&#8211; nicht gef\u00e4rbt<\/p>\n<h3>Hebridische Pionierarbeit und die Kraft der Chinkapin-Eiche<\/h3>\n<p>Die Isle of Raasay Distillery, die erste legale Brennerei auf einer Insel mit langer Geschichte der Schwarzbrennerei, setzt bei diesem Release auf eine Besonderheit: die seltene <b>Chinkapin-Eiche<\/b>. F\u00fcr die Komposition wird sowohl getorfter als auch ungetorfter Spirit verwendet, der separat in neuen sowie wiederbelegten F\u00e4ssern dieser speziellen nordamerikanischen Eichenart reifte. Das mineralreiche Wasser der Insel, welches durch vulkanisches Gestein und jurassischen Sandstein gefiltert wird, bildet das Fundament f\u00fcr diesen Single Malt, der zu 100 % auf der Insel destilliert, gereift und abgef\u00fcllt wurde.<\/p>\n<h3>Ein Zusammenspiel von BBQ-Rauch und herbstlicher S\u00fc\u00dfe<\/h3>\n<p>In der Nase verbindet sich ein dezenter Holzrauch mit den tiefen Aromen von Backpflaumen, Rosinen und Schwarzkirschen, w\u00e4hrend ger\u00f6stete Eiche f\u00fcr Struktur sorgt. Am Gaumen entfaltet die Abf\u00fcllung bei kr\u00e4ftigen 50,2 % Vol. ihre volle Komplexit\u00e4t: Herzhafter <b>ger\u00e4ucherter Schinken<\/b> trifft auf die S\u00fc\u00dfe von Ahornsirup und cremigem Karamell. Die f\u00fcr diese Eichenart typischen w\u00fcrzigen Noten von Zimt harmonieren dabei hervorragend mit einer lebendigen Note von <b>heller Limette<\/b>, die dem dichten K\u00f6rper eine elegante Leichtigkeit verleiht.<\/p>\n<p>&nbsp;<\/p>\n<p>&nbsp;<\/p>\n","protected":false},"excerpt":{"rendered":"<p>Single Malt Scotch von den Hebriden<\/p>\n","protected":false},"featured_media":8143,"comment_status":"open","ping_status":"closed","template":"","meta":[],"product_brand":[],"product_cat":[41,36],"product_tag":[2149,98,99],"class_list":{"0":"post-8142","1":"product","2":"type-product","3":"status-publish","4":"has-post-thumbnail","6":"product_cat-schottland","7":"product_cat-whiskey_whisky","8":"product_tag-isle-of-raasay-single-malt-whisky-the-chinkapin","9":"product_tag-nicht-gefaerbt","10":"product_tag-nicht-kuehlgefiltert","12":"first","13":"instock","14":"taxable","15":"shipping-taxable","16":"purchasable","17":"product-type-simple"},"yoast_head":"<!-- This site is optimized with the Yoast SEO plugin v27.6 - https:\/\/yoast.com\/product\/yoast-seo-wordpress\/ -->\n<title>Isle of Raasay Single Malt Whisky - The Chinkapin - W&amp;M Shop<\/title>\n<meta name=\"description\" content=\"Isle of Raasay Single Malt Whisky - The Chinkapin bei whisk(e)y and more.de Ihr Onlineshop und Marktplatz f\u00fcr Whisky, Whiskey, Rum, Rhum, Gin und mehr. Sie finden auf whiskey-and-more.de Irish, Schottisch, American, Single Malts, Blended Whiskys bekannter und unbekannter Marken. Wir haben stets Whisky aus Schottland, Irland und der Welt, dauerhaft auf Lager.\" \/>\n<meta name=\"robots\" content=\"index, follow, max-snippet:-1, max-image-preview:large, max-video-preview:-1\" \/>\n<link rel=\"canonical\" href=\"https:\/\/www.whiskey-and-more.de\/Shop\/produkt\/isle-of-raasay-single-malt-whisky-the-chinkapin\/\" \/>\n<meta property=\"og:locale\" content=\"de_DE\" \/>\n<meta property=\"og:type\" content=\"article\" \/>\n<meta property=\"og:title\" content=\"Isle of Raasay Single Malt Whisky - The Chinkapin - W&amp;M Shop\" \/>\n<meta property=\"og:description\" content=\"Isle of Raasay Single Malt Whisky - The Chinkapin bei whisk(e)y and more.de Ihr Onlineshop und Marktplatz f\u00fcr Whisky, Whiskey, Rum, Rhum, Gin und mehr. Sie finden auf whiskey-and-more.de Irish, Schottisch, American, Single Malts, Blended Whiskys bekannter und unbekannter Marken. Wir haben stets Whisky aus Schottland, Irland und der Welt, dauerhaft auf Lager.\" \/>\n<meta property=\"og:url\" content=\"https:\/\/www.whiskey-and-more.de\/Shop\/produkt\/isle-of-raasay-single-malt-whisky-the-chinkapin\/\" \/>\n<meta property=\"og:site_name\" content=\"W&amp;M Shop\" \/>\n<meta property=\"article:publisher\" content=\"https:\/\/de-de.facebook.com\/Whiskey-and-More-Spaden-1072860722859564\/about\" \/>\n<meta property=\"article:modified_time\" content=\"2026-05-04T15:37:35+00:00\" \/>\n<meta property=\"og:image\" content=\"https:\/\/www.whiskey-and-more.de\/Shop\/wp-content\/uploads\/2026\/05\/Isle-of-Raasay-Single-Malt-Whisky-The-Chinkapin.jpg\" \/>\n\t<meta property=\"og:image:width\" content=\"2000\" \/>\n\t<meta property=\"og:image:height\" content=\"2000\" \/>\n\t<meta property=\"og:image:type\" content=\"image\/jpeg\" \/>\n<meta name=\"twitter:card\" content=\"summary_large_image\" \/>\n<meta name=\"twitter:label1\" content=\"Gesch\u00e4tzte Lesezeit\" \/>\n\t<meta name=\"twitter:data1\" content=\"2\u00a0Minuten\" \/>\n<script type=\"application\/ld+json\" class=\"yoast-schema-graph\">{\"@context\":\"https:\\\/\\\/schema.org\",\"@graph\":[{\"@type\":\"WebPage\",\"@id\":\"https:\\\/\\\/www.whiskey-and-more.de\\\/Shop\\\/produkt\\\/isle-of-raasay-single-malt-whisky-the-chinkapin\\\/\",\"url\":\"https:\\\/\\\/www.whiskey-and-more.de\\\/Shop\\\/produkt\\\/isle-of-raasay-single-malt-whisky-the-chinkapin\\\/\",\"name\":\"Isle of Raasay Single Malt Whisky - The Chinkapin - W&amp;M Shop\",\"isPartOf\":{\"@id\":\"https:\\\/\\\/www.whiskey-and-more.de\\\/Shop\\\/#website\"},\"primaryImageOfPage\":{\"@id\":\"https:\\\/\\\/www.whiskey-and-more.de\\\/Shop\\\/produkt\\\/isle-of-raasay-single-malt-whisky-the-chinkapin\\\/#primaryimage\"},\"image\":{\"@id\":\"https:\\\/\\\/www.whiskey-and-more.de\\\/Shop\\\/produkt\\\/isle-of-raasay-single-malt-whisky-the-chinkapin\\\/#primaryimage\"},\"thumbnailUrl\":\"https:\\\/\\\/www.whiskey-and-more.de\\\/Shop\\\/wp-content\\\/uploads\\\/2026\\\/05\\\/Isle-of-Raasay-Single-Malt-Whisky-The-Chinkapin.jpg\",\"datePublished\":\"2026-05-04T15:33:15+00:00\",\"dateModified\":\"2026-05-04T15:37:35+00:00\",\"description\":\"Isle of Raasay Single Malt Whisky - The Chinkapin bei whisk(e)y and more.de Ihr Onlineshop und Marktplatz f\u00fcr Whisky, Whiskey, Rum, Rhum, Gin und mehr. Sie finden auf whiskey-and-more.de Irish, Schottisch, American, Single Malts, Blended Whiskys bekannter und unbekannter Marken. Wir haben stets Whisky aus Schottland, Irland und der Welt, dauerhaft auf Lager.\",\"breadcrumb\":{\"@id\":\"https:\\\/\\\/www.whiskey-and-more.de\\\/Shop\\\/produkt\\\/isle-of-raasay-single-malt-whisky-the-chinkapin\\\/#breadcrumb\"},\"inLanguage\":\"de\",\"potentialAction\":[{\"@type\":\"ReadAction\",\"target\":[\"https:\\\/\\\/www.whiskey-and-more.de\\\/Shop\\\/produkt\\\/isle-of-raasay-single-malt-whisky-the-chinkapin\\\/\"]}]},{\"@type\":\"ImageObject\",\"inLanguage\":\"de\",\"@id\":\"https:\\\/\\\/www.whiskey-and-more.de\\\/Shop\\\/produkt\\\/isle-of-raasay-single-malt-whisky-the-chinkapin\\\/#primaryimage\",\"url\":\"https:\\\/\\\/www.whiskey-and-more.de\\\/Shop\\\/wp-content\\\/uploads\\\/2026\\\/05\\\/Isle-of-Raasay-Single-Malt-Whisky-The-Chinkapin.jpg\",\"contentUrl\":\"https:\\\/\\\/www.whiskey-and-more.de\\\/Shop\\\/wp-content\\\/uploads\\\/2026\\\/05\\\/Isle-of-Raasay-Single-Malt-Whisky-The-Chinkapin.jpg\",\"width\":\"2000\",\"height\":\"2000\",\"caption\":\"Isle of Raasay Single Malt Whisky - The Chinkapin\"},{\"@type\":\"BreadcrumbList\",\"@id\":\"https:\\\/\\\/www.whiskey-and-more.de\\\/Shop\\\/produkt\\\/isle-of-raasay-single-malt-whisky-the-chinkapin\\\/#breadcrumb\",\"itemListElement\":[{\"@type\":\"ListItem\",\"position\":1,\"name\":\"Startseite\",\"item\":\"https:\\\/\\\/www.whiskey-and-more.de\\\/Shop\\\/\"},{\"@type\":\"ListItem\",\"position\":2,\"name\":\"Home\",\"item\":\"https:\\\/\\\/www.whiskey-and-more.de\\\/Shop\\\/shop\\\/\"},{\"@type\":\"ListItem\",\"position\":3,\"name\":\"Whisk(e)y\",\"item\":\"https:\\\/\\\/www.whiskey-and-more.de\\\/Shop\\\/produkt-kategorie\\\/whiskey_whisky\\\/\"},{\"@type\":\"ListItem\",\"position\":4,\"name\":\"Isle of Raasay Single Malt Whisky &#8211; The Chinkapin\"}]},{\"@type\":\"WebSite\",\"@id\":\"https:\\\/\\\/www.whiskey-and-more.de\\\/Shop\\\/#website\",\"url\":\"https:\\\/\\\/www.whiskey-and-more.de\\\/Shop\\\/\",\"name\":\"W&amp;M Shop\",\"description\":\"Der Online Shop von Whisk(e)y and More. Online Marktplatz f\u00fcr Whiskey, Whisky und mehr.\",\"publisher\":{\"@id\":\"https:\\\/\\\/www.whiskey-and-more.de\\\/Shop\\\/#organization\"},\"potentialAction\":[{\"@type\":\"SearchAction\",\"target\":{\"@type\":\"EntryPoint\",\"urlTemplate\":\"https:\\\/\\\/www.whiskey-and-more.de\\\/Shop\\\/?s={search_term_string}\"},\"query-input\":{\"@type\":\"PropertyValueSpecification\",\"valueRequired\":true,\"valueName\":\"search_term_string\"}}],\"inLanguage\":\"de\"},{\"@type\":\"Organization\",\"@id\":\"https:\\\/\\\/www.whiskey-and-more.de\\\/Shop\\\/#organization\",\"name\":\"Whisk(e)y and More\",\"url\":\"https:\\\/\\\/www.whiskey-and-more.de\\\/Shop\\\/\",\"logo\":{\"@type\":\"ImageObject\",\"inLanguage\":\"de\",\"@id\":\"https:\\\/\\\/www.whiskey-and-more.de\\\/Shop\\\/#\\\/schema\\\/logo\\\/image\\\/\",\"url\":\"https:\\\/\\\/www.whiskey-and-more.de\\\/Shop\\\/wp-content\\\/uploads\\\/2020\\\/03\\\/Logo2.jpg\",\"contentUrl\":\"https:\\\/\\\/www.whiskey-and-more.de\\\/Shop\\\/wp-content\\\/uploads\\\/2020\\\/03\\\/Logo2.jpg\",\"width\":470,\"height\":110,\"caption\":\"Whisk(e)y and More\"},\"image\":{\"@id\":\"https:\\\/\\\/www.whiskey-and-more.de\\\/Shop\\\/#\\\/schema\\\/logo\\\/image\\\/\"},\"sameAs\":[\"https:\\\/\\\/de-de.facebook.com\\\/Whiskey-and-More-Spaden-1072860722859564\\\/about\"]}]}<\/script>\n<!-- \/ Yoast SEO plugin. -->","yoast_head_json":{"title":"Isle of Raasay Single Malt Whisky - The Chinkapin - W&amp;M Shop","description":"Isle of Raasay Single Malt Whisky - The Chinkapin bei whisk(e)y and more.de Ihr Onlineshop und Marktplatz f\u00fcr Whisky, Whiskey, Rum, Rhum, Gin und mehr. Sie finden auf whiskey-and-more.de Irish, Schottisch, American, Single Malts, Blended Whiskys bekannter und unbekannter Marken. Wir haben stets Whisky aus Schottland, Irland und der Welt, dauerhaft auf Lager.","robots":{"index":"index","follow":"follow","max-snippet":"max-snippet:-1","max-image-preview":"max-image-preview:large","max-video-preview":"max-video-preview:-1"},"canonical":"https:\/\/www.whiskey-and-more.de\/Shop\/produkt\/isle-of-raasay-single-malt-whisky-the-chinkapin\/","og_locale":"de_DE","og_type":"article","og_title":"Isle of Raasay Single Malt Whisky - The Chinkapin - W&amp;M Shop","og_description":"Isle of Raasay Single Malt Whisky - The Chinkapin bei whisk(e)y and more.de Ihr Onlineshop und Marktplatz f\u00fcr Whisky, Whiskey, Rum, Rhum, Gin und mehr. Sie finden auf whiskey-and-more.de Irish, Schottisch, American, Single Malts, Blended Whiskys bekannter und unbekannter Marken. Wir haben stets Whisky aus Schottland, Irland und der Welt, dauerhaft auf Lager.","og_url":"https:\/\/www.whiskey-and-more.de\/Shop\/produkt\/isle-of-raasay-single-malt-whisky-the-chinkapin\/","og_site_name":"W&amp;M Shop","article_publisher":"https:\/\/de-de.facebook.com\/Whiskey-and-More-Spaden-1072860722859564\/about","article_modified_time":"2026-05-04T15:37:35+00:00","og_image":[{"width":2000,"height":2000,"url":"https:\/\/www.whiskey-and-more.de\/Shop\/wp-content\/uploads\/2026\/05\/Isle-of-Raasay-Single-Malt-Whisky-The-Chinkapin.jpg","type":"image\/jpeg"}],"twitter_card":"summary_large_image","twitter_misc":{"Gesch\u00e4tzte Lesezeit":"2\u00a0Minuten"},"schema":{"@context":"https:\/\/schema.org","@graph":[{"@type":"WebPage","@id":"https:\/\/www.whiskey-and-more.de\/Shop\/produkt\/isle-of-raasay-single-malt-whisky-the-chinkapin\/","url":"https:\/\/www.whiskey-and-more.de\/Shop\/produkt\/isle-of-raasay-single-malt-whisky-the-chinkapin\/","name":"Isle of Raasay Single Malt Whisky - The Chinkapin - W&amp;M Shop","isPartOf":{"@id":"https:\/\/www.whiskey-and-more.de\/Shop\/#website"},"primaryImageOfPage":{"@id":"https:\/\/www.whiskey-and-more.de\/Shop\/produkt\/isle-of-raasay-single-malt-whisky-the-chinkapin\/#primaryimage"},"image":{"@id":"https:\/\/www.whiskey-and-more.de\/Shop\/produkt\/isle-of-raasay-single-malt-whisky-the-chinkapin\/#primaryimage"},"thumbnailUrl":"https:\/\/www.whiskey-and-more.de\/Shop\/wp-content\/uploads\/2026\/05\/Isle-of-Raasay-Single-Malt-Whisky-The-Chinkapin.jpg","datePublished":"2026-05-04T15:33:15+00:00","dateModified":"2026-05-04T15:37:35+00:00","description":"Isle of Raasay Single Malt Whisky - The Chinkapin bei whisk(e)y and more.de Ihr Onlineshop und Marktplatz f\u00fcr Whisky, Whiskey, Rum, Rhum, Gin und mehr. Sie finden auf whiskey-and-more.de Irish, Schottisch, American, Single Malts, Blended Whiskys bekannter und unbekannter Marken. Wir haben stets Whisky aus Schottland, Irland und der Welt, dauerhaft auf Lager.","breadcrumb":{"@id":"https:\/\/www.whiskey-and-more.de\/Shop\/produkt\/isle-of-raasay-single-malt-whisky-the-chinkapin\/#breadcrumb"},"inLanguage":"de","potentialAction":[{"@type":"ReadAction","target":["https:\/\/www.whiskey-and-more.de\/Shop\/produkt\/isle-of-raasay-single-malt-whisky-the-chinkapin\/"]}]},{"@type":"ImageObject","inLanguage":"de","@id":"https:\/\/www.whiskey-and-more.de\/Shop\/produkt\/isle-of-raasay-single-malt-whisky-the-chinkapin\/#primaryimage","url":"https:\/\/www.whiskey-and-more.de\/Shop\/wp-content\/uploads\/2026\/05\/Isle-of-Raasay-Single-Malt-Whisky-The-Chinkapin.jpg","contentUrl":"https:\/\/www.whiskey-and-more.de\/Shop\/wp-content\/uploads\/2026\/05\/Isle-of-Raasay-Single-Malt-Whisky-The-Chinkapin.jpg","width":"2000","height":"2000","caption":"Isle of Raasay Single Malt Whisky - The Chinkapin"},{"@type":"BreadcrumbList","@id":"https:\/\/www.whiskey-and-more.de\/Shop\/produkt\/isle-of-raasay-single-malt-whisky-the-chinkapin\/#breadcrumb","itemListElement":[{"@type":"ListItem","position":1,"name":"Startseite","item":"https:\/\/www.whiskey-and-more.de\/Shop\/"},{"@type":"ListItem","position":2,"name":"Home","item":"https:\/\/www.whiskey-and-more.de\/Shop\/shop\/"},{"@type":"ListItem","position":3,"name":"Whisk(e)y","item":"https:\/\/www.whiskey-and-more.de\/Shop\/produkt-kategorie\/whiskey_whisky\/"},{"@type":"ListItem","position":4,"name":"Isle of Raasay Single Malt Whisky &#8211; The Chinkapin"}]},{"@type":"WebSite","@id":"https:\/\/www.whiskey-and-more.de\/Shop\/#website","url":"https:\/\/www.whiskey-and-more.de\/Shop\/","name":"W&amp;M Shop","description":"Der Online Shop von Whisk(e)y and More. Online Marktplatz f\u00fcr Whiskey, Whisky und mehr.","publisher":{"@id":"https:\/\/www.whiskey-and-more.de\/Shop\/#organization"},"potentialAction":[{"@type":"SearchAction","target":{"@type":"EntryPoint","urlTemplate":"https:\/\/www.whiskey-and-more.de\/Shop\/?s={search_term_string}"},"query-input":{"@type":"PropertyValueSpecification","valueRequired":true,"valueName":"search_term_string"}}],"inLanguage":"de"},{"@type":"Organization","@id":"https:\/\/www.whiskey-and-more.de\/Shop\/#organization","name":"Whisk(e)y and More","url":"https:\/\/www.whiskey-and-more.de\/Shop\/","logo":{"@type":"ImageObject","inLanguage":"de","@id":"https:\/\/www.whiskey-and-more.de\/Shop\/#\/schema\/logo\/image\/","url":"https:\/\/www.whiskey-and-more.de\/Shop\/wp-content\/uploads\/2020\/03\/Logo2.jpg","contentUrl":"https:\/\/www.whiskey-and-more.de\/Shop\/wp-content\/uploads\/2020\/03\/Logo2.jpg","width":470,"height":110,"caption":"Whisk(e)y and More"},"image":{"@id":"https:\/\/www.whiskey-and-more.de\/Shop\/#\/schema\/logo\/image\/"},"sameAs":["https:\/\/de-de.facebook.com\/Whiskey-and-More-Spaden-1072860722859564\/about"]}]}},"jetpack_sharing_enabled":true,"_links":{"self":[{"href":"https:\/\/www.whiskey-and-more.de\/Shop\/wp-json\/wp\/v2\/product\/8142","targetHints":{"allow":["GET"]}}],"collection":[{"href":"https:\/\/www.whiskey-and-more.de\/Shop\/wp-json\/wp\/v2\/product"}],"about":[{"href":"https:\/\/www.whiskey-and-more.de\/Shop\/wp-json\/wp\/v2\/types\/product"}],"replies":[{"embeddable":true,"href":"https:\/\/www.whiskey-and-more.de\/Shop\/wp-json\/wp\/v2\/comments?post=8142"}],"wp:featuredmedia":[{"embeddable":true,"href":"https:\/\/www.whiskey-and-more.de\/Shop\/wp-json\/wp\/v2\/media\/8143"}],"wp:attachment":[{"href":"https:\/\/www.whiskey-and-more.de\/Shop\/wp-json\/wp\/v2\/media?parent=8142"}],"wp:term":[{"taxonomy":"product_brand","embeddable":true,"href":"https:\/\/www.whiskey-and-more.de\/Shop\/wp-json\/wp\/v2\/product_brand?post=8142"},{"taxonomy":"product_cat","embeddable":true,"href":"https:\/\/www.whiskey-and-more.de\/Shop\/wp-json\/wp\/v2\/product_cat?post=8142"},{"taxonomy":"product_tag","embeddable":true,"href":"https:\/\/www.whiskey-and-more.de\/Shop\/wp-json\/wp\/v2\/product_tag?post=8142"}],"curies":[{"name":"wp","href":"https:\/\/api.w.org\/{rel}","templated":true}]}}