{"id":8150,"date":"2026-05-05T15:12:56","date_gmt":"2026-05-05T13:12:56","guid":{"rendered":"https:\/\/www.whiskey-and-more.de\/Shop\/?post_type=product&#038;p=8150"},"modified":"2026-05-05T15:21:08","modified_gmt":"2026-05-05T13:21:08","slug":"speyside-m-2011-2026-14-y-o-signatory-small-batch-edition-20","status":"publish","type":"product","link":"https:\/\/www.whiskey-and-more.de\/Shop\/produkt\/speyside-m-2011-2026-14-y-o-signatory-small-batch-edition-20\/","title":{"rendered":"Speyside M 2011\/2026 &#8211; 14 y.o. &#8211; Signatory Small Batch Edition #20"},"content":{"rendered":"<div class=\"wrapper_left\">\n<div class=\"wrapper_left\">&#8211; Single Malt Scotch Whisky<br \/>\n&#8211; abgef\u00fcllt in Trinkst\u00e4rke von 48,2 % vol.<br \/>\n&#8211; 1st Fill PX Sherry Butt Finish<\/div>\n<div>&#8211; Dest. 2011\u00a0 \/ 14 y.o.<\/div>\n<div class=\"wrapper_left\">&#8211; nicht gef\u00e4rbt<br \/>\n&#8211; nicht k\u00fchlfiltriert<\/div>\n<div><\/div>\n<div>\n<div class=\"wrapper_left\">\n<h3>Die Kunst der Veredelung in Pedro Xim\u00e9nez Butts<\/h3>\n<p>Die Experten des unabh\u00e4ngigen Abf\u00fcllers Signatory Vintage haben f\u00fcr diese Small Batch Edition #20 einen Single Malt ausgew\u00e4hlt, der im Jahr 2011 destilliert wurde. Nach seiner prim\u00e4ren Reifezeit erfuhr der Whisky eine entscheidende Nachreifung in <b>First Fill Pedro Xim\u00e9nez Sherry Butts<\/b>. Diese speziellen F\u00e4sser sind bekannt f\u00fcr ihre intensive Aromenabgabe und verleihen dem Brand eine bemerkenswerte Dichte. Mit einer Abf\u00fcllst\u00e4rke von 48,2 % Vol. kommt der Charakter der Speyside kraftvoll zur Geltung, wobei konsequent auf K\u00e4ltefiltration und den Zusatz von Farbstoffen verzichtet wurde, um die nat\u00fcrliche Textur zu bewahren.<\/p>\n<h3>Ein Bukett aus dunklen Fr\u00fcchten und edlem Leder<\/h3>\n<p>In der Nase entfaltet sich ein komplexes Zusammenspiel aus <b>Datteln, Feigen und Rosinen<\/b>, das von einer dezenten Ledernote und warmem Karamell elegant untermalt wird. Am Gaumen pr\u00e4sentiert sich der Malt vollmundig und cremig; hier treten Noten von butterigem Toffee und feine <b>marzipanartige Nuancen<\/b> in den Vordergrund. Die Struktur ist gepr\u00e4gt von einer harmonischen Balance zwischen der S\u00fc\u00dfe des Sherrys und einer hintergr\u00fcndigen W\u00fcrze. Der langanhaltende Nachhall verabschiedet sich mit Ankl\u00e4ngen von Waln\u00fcssen und reifen Pflaumen, die noch lange am Gaumen verweilen<\/p>\n<\/div>\n<\/div>\n<\/div>\n","protected":false},"excerpt":{"rendered":"<p>Region: Speyside<\/p>\n","protected":false},"featured_media":8151,"comment_status":"open","ping_status":"closed","template":"","meta":[],"product_brand":[],"product_cat":[41,36],"product_tag":[2152],"class_list":{"0":"post-8150","1":"product","2":"type-product","3":"status-publish","4":"has-post-thumbnail","6":"product_cat-schottland","7":"product_cat-whiskey_whisky","8":"product_tag-speyside-m-2011-2026-14-y-o-signatory-small-batch-edition-20","10":"first","11":"instock","12":"taxable","13":"shipping-taxable","14":"purchasable","15":"product-type-simple"},"yoast_head":"<!-- This site is optimized with the Yoast SEO plugin v27.5 - https:\/\/yoast.com\/product\/yoast-seo-wordpress\/ -->\n<title>Speyside M 2011\/2026 - 14 y.o. - Signatory Small Batch Edition #20 - W&amp;M Shop<\/title>\n<meta name=\"description\" content=\"Speyside M 2011\/2026 - 14 y.o. - Signatory Small Batch Edition #20 bei whisk(e)y and more.de Ihr Onlineshop und Marktplatz f\u00fcr Whisky, Whiskey, Rum, Rhum, Gin und mehr. Sie finden auf whiskey-and-more.de Irish, Schottisch, American, Single Malts, Blended Whiskys bekannter und unbekannter Marken. Wir haben stets Whisky aus Schottland, Irland und der Welt, dauerhaft auf Lager.\" \/>\n<meta name=\"robots\" content=\"index, follow, max-snippet:-1, max-image-preview:large, max-video-preview:-1\" \/>\n<link rel=\"canonical\" href=\"https:\/\/www.whiskey-and-more.de\/Shop\/produkt\/speyside-m-2011-2026-14-y-o-signatory-small-batch-edition-20\/\" \/>\n<meta property=\"og:locale\" content=\"de_DE\" \/>\n<meta property=\"og:type\" content=\"article\" \/>\n<meta property=\"og:title\" content=\"Speyside M 2011\/2026 - 14 y.o. - Signatory Small Batch Edition #20 - W&amp;M Shop\" \/>\n<meta property=\"og:description\" content=\"Speyside M 2011\/2026 - 14 y.o. - Signatory Small Batch Edition #20 bei whisk(e)y and more.de Ihr Onlineshop und Marktplatz f\u00fcr Whisky, Whiskey, Rum, Rhum, Gin und mehr. Sie finden auf whiskey-and-more.de Irish, Schottisch, American, Single Malts, Blended Whiskys bekannter und unbekannter Marken. Wir haben stets Whisky aus Schottland, Irland und der Welt, dauerhaft auf Lager.\" \/>\n<meta property=\"og:url\" content=\"https:\/\/www.whiskey-and-more.de\/Shop\/produkt\/speyside-m-2011-2026-14-y-o-signatory-small-batch-edition-20\/\" \/>\n<meta property=\"og:site_name\" content=\"W&amp;M Shop\" \/>\n<meta property=\"article:publisher\" content=\"https:\/\/de-de.facebook.com\/Whiskey-and-More-Spaden-1072860722859564\/about\" \/>\n<meta property=\"article:modified_time\" content=\"2026-05-05T13:21:08+00:00\" \/>\n<meta property=\"og:image\" content=\"https:\/\/www.whiskey-and-more.de\/Shop\/wp-content\/uploads\/2026\/05\/Speyside-M-2011-2026-14-y.o.-Signatory-Small-Batch-Edition-20.jpg\" \/>\n\t<meta property=\"og:image:width\" content=\"2000\" \/>\n\t<meta property=\"og:image:height\" content=\"2000\" \/>\n\t<meta property=\"og:image:type\" content=\"image\/jpeg\" \/>\n<meta name=\"twitter:card\" content=\"summary_large_image\" \/>\n<meta name=\"twitter:label1\" content=\"Gesch\u00e4tzte Lesezeit\" \/>\n\t<meta name=\"twitter:data1\" content=\"2\u00a0Minuten\" \/>\n<script type=\"application\/ld+json\" class=\"yoast-schema-graph\">{\"@context\":\"https:\\\/\\\/schema.org\",\"@graph\":[{\"@type\":\"WebPage\",\"@id\":\"https:\\\/\\\/www.whiskey-and-more.de\\\/Shop\\\/produkt\\\/speyside-m-2011-2026-14-y-o-signatory-small-batch-edition-20\\\/\",\"url\":\"https:\\\/\\\/www.whiskey-and-more.de\\\/Shop\\\/produkt\\\/speyside-m-2011-2026-14-y-o-signatory-small-batch-edition-20\\\/\",\"name\":\"Speyside M 2011\\\/2026 - 14 y.o. - Signatory Small Batch Edition #20 - W&amp;M Shop\",\"isPartOf\":{\"@id\":\"https:\\\/\\\/www.whiskey-and-more.de\\\/Shop\\\/#website\"},\"primaryImageOfPage\":{\"@id\":\"https:\\\/\\\/www.whiskey-and-more.de\\\/Shop\\\/produkt\\\/speyside-m-2011-2026-14-y-o-signatory-small-batch-edition-20\\\/#primaryimage\"},\"image\":{\"@id\":\"https:\\\/\\\/www.whiskey-and-more.de\\\/Shop\\\/produkt\\\/speyside-m-2011-2026-14-y-o-signatory-small-batch-edition-20\\\/#primaryimage\"},\"thumbnailUrl\":\"https:\\\/\\\/www.whiskey-and-more.de\\\/Shop\\\/wp-content\\\/uploads\\\/2026\\\/05\\\/Speyside-M-2011-2026-14-y.o.-Signatory-Small-Batch-Edition-20.jpg\",\"datePublished\":\"2026-05-05T13:12:56+00:00\",\"dateModified\":\"2026-05-05T13:21:08+00:00\",\"description\":\"Speyside M 2011\\\/2026 - 14 y.o. - Signatory Small Batch Edition #20 bei whisk(e)y and more.de Ihr Onlineshop und Marktplatz f\u00fcr Whisky, Whiskey, Rum, Rhum, Gin und mehr. Sie finden auf whiskey-and-more.de Irish, Schottisch, American, Single Malts, Blended Whiskys bekannter und unbekannter Marken. Wir haben stets Whisky aus Schottland, Irland und der Welt, dauerhaft auf Lager.\",\"breadcrumb\":{\"@id\":\"https:\\\/\\\/www.whiskey-and-more.de\\\/Shop\\\/produkt\\\/speyside-m-2011-2026-14-y-o-signatory-small-batch-edition-20\\\/#breadcrumb\"},\"inLanguage\":\"de\",\"potentialAction\":[{\"@type\":\"ReadAction\",\"target\":[\"https:\\\/\\\/www.whiskey-and-more.de\\\/Shop\\\/produkt\\\/speyside-m-2011-2026-14-y-o-signatory-small-batch-edition-20\\\/\"]}]},{\"@type\":\"ImageObject\",\"inLanguage\":\"de\",\"@id\":\"https:\\\/\\\/www.whiskey-and-more.de\\\/Shop\\\/produkt\\\/speyside-m-2011-2026-14-y-o-signatory-small-batch-edition-20\\\/#primaryimage\",\"url\":\"https:\\\/\\\/www.whiskey-and-more.de\\\/Shop\\\/wp-content\\\/uploads\\\/2026\\\/05\\\/Speyside-M-2011-2026-14-y.o.-Signatory-Small-Batch-Edition-20.jpg\",\"contentUrl\":\"https:\\\/\\\/www.whiskey-and-more.de\\\/Shop\\\/wp-content\\\/uploads\\\/2026\\\/05\\\/Speyside-M-2011-2026-14-y.o.-Signatory-Small-Batch-Edition-20.jpg\",\"width\":\"2000\",\"height\":\"2000\",\"caption\":\"Speyside M 2011\\\/2026 - 14 y.o. - Signatory Small Batch Edition #20\"},{\"@type\":\"BreadcrumbList\",\"@id\":\"https:\\\/\\\/www.whiskey-and-more.de\\\/Shop\\\/produkt\\\/speyside-m-2011-2026-14-y-o-signatory-small-batch-edition-20\\\/#breadcrumb\",\"itemListElement\":[{\"@type\":\"ListItem\",\"position\":1,\"name\":\"Startseite\",\"item\":\"https:\\\/\\\/www.whiskey-and-more.de\\\/Shop\\\/\"},{\"@type\":\"ListItem\",\"position\":2,\"name\":\"Home\",\"item\":\"https:\\\/\\\/www.whiskey-and-more.de\\\/Shop\\\/shop\\\/\"},{\"@type\":\"ListItem\",\"position\":3,\"name\":\"Whisk(e)y\",\"item\":\"https:\\\/\\\/www.whiskey-and-more.de\\\/Shop\\\/produkt-kategorie\\\/whiskey_whisky\\\/\"},{\"@type\":\"ListItem\",\"position\":4,\"name\":\"Speyside M 2011\\\/2026 &#8211; 14 y.o. &#8211; Signatory Small Batch Edition #20\"}]},{\"@type\":\"WebSite\",\"@id\":\"https:\\\/\\\/www.whiskey-and-more.de\\\/Shop\\\/#website\",\"url\":\"https:\\\/\\\/www.whiskey-and-more.de\\\/Shop\\\/\",\"name\":\"W&amp;M Shop\",\"description\":\"Der Online Shop von Whisk(e)y and More. Online Marktplatz f\u00fcr Whiskey, Whisky und mehr.\",\"publisher\":{\"@id\":\"https:\\\/\\\/www.whiskey-and-more.de\\\/Shop\\\/#organization\"},\"potentialAction\":[{\"@type\":\"SearchAction\",\"target\":{\"@type\":\"EntryPoint\",\"urlTemplate\":\"https:\\\/\\\/www.whiskey-and-more.de\\\/Shop\\\/?s={search_term_string}\"},\"query-input\":{\"@type\":\"PropertyValueSpecification\",\"valueRequired\":true,\"valueName\":\"search_term_string\"}}],\"inLanguage\":\"de\"},{\"@type\":\"Organization\",\"@id\":\"https:\\\/\\\/www.whiskey-and-more.de\\\/Shop\\\/#organization\",\"name\":\"Whisk(e)y and More\",\"url\":\"https:\\\/\\\/www.whiskey-and-more.de\\\/Shop\\\/\",\"logo\":{\"@type\":\"ImageObject\",\"inLanguage\":\"de\",\"@id\":\"https:\\\/\\\/www.whiskey-and-more.de\\\/Shop\\\/#\\\/schema\\\/logo\\\/image\\\/\",\"url\":\"https:\\\/\\\/www.whiskey-and-more.de\\\/Shop\\\/wp-content\\\/uploads\\\/2020\\\/03\\\/Logo2.jpg\",\"contentUrl\":\"https:\\\/\\\/www.whiskey-and-more.de\\\/Shop\\\/wp-content\\\/uploads\\\/2020\\\/03\\\/Logo2.jpg\",\"width\":470,\"height\":110,\"caption\":\"Whisk(e)y and More\"},\"image\":{\"@id\":\"https:\\\/\\\/www.whiskey-and-more.de\\\/Shop\\\/#\\\/schema\\\/logo\\\/image\\\/\"},\"sameAs\":[\"https:\\\/\\\/de-de.facebook.com\\\/Whiskey-and-More-Spaden-1072860722859564\\\/about\"]}]}<\/script>\n<!-- \/ Yoast SEO plugin. -->","yoast_head_json":{"title":"Speyside M 2011\/2026 - 14 y.o. - Signatory Small Batch Edition #20 - W&amp;M Shop","description":"Speyside M 2011\/2026 - 14 y.o. - Signatory Small Batch Edition #20 bei whisk(e)y and more.de Ihr Onlineshop und Marktplatz f\u00fcr Whisky, Whiskey, Rum, Rhum, Gin und mehr. Sie finden auf whiskey-and-more.de Irish, Schottisch, American, Single Malts, Blended Whiskys bekannter und unbekannter Marken. Wir haben stets Whisky aus Schottland, Irland und der Welt, dauerhaft auf Lager.","robots":{"index":"index","follow":"follow","max-snippet":"max-snippet:-1","max-image-preview":"max-image-preview:large","max-video-preview":"max-video-preview:-1"},"canonical":"https:\/\/www.whiskey-and-more.de\/Shop\/produkt\/speyside-m-2011-2026-14-y-o-signatory-small-batch-edition-20\/","og_locale":"de_DE","og_type":"article","og_title":"Speyside M 2011\/2026 - 14 y.o. - Signatory Small Batch Edition #20 - W&amp;M Shop","og_description":"Speyside M 2011\/2026 - 14 y.o. - Signatory Small Batch Edition #20 bei whisk(e)y and more.de Ihr Onlineshop und Marktplatz f\u00fcr Whisky, Whiskey, Rum, Rhum, Gin und mehr. Sie finden auf whiskey-and-more.de Irish, Schottisch, American, Single Malts, Blended Whiskys bekannter und unbekannter Marken. Wir haben stets Whisky aus Schottland, Irland und der Welt, dauerhaft auf Lager.","og_url":"https:\/\/www.whiskey-and-more.de\/Shop\/produkt\/speyside-m-2011-2026-14-y-o-signatory-small-batch-edition-20\/","og_site_name":"W&amp;M Shop","article_publisher":"https:\/\/de-de.facebook.com\/Whiskey-and-More-Spaden-1072860722859564\/about","article_modified_time":"2026-05-05T13:21:08+00:00","og_image":[{"width":2000,"height":2000,"url":"https:\/\/www.whiskey-and-more.de\/Shop\/wp-content\/uploads\/2026\/05\/Speyside-M-2011-2026-14-y.o.-Signatory-Small-Batch-Edition-20.jpg","type":"image\/jpeg"}],"twitter_card":"summary_large_image","twitter_misc":{"Gesch\u00e4tzte Lesezeit":"2\u00a0Minuten"},"schema":{"@context":"https:\/\/schema.org","@graph":[{"@type":"WebPage","@id":"https:\/\/www.whiskey-and-more.de\/Shop\/produkt\/speyside-m-2011-2026-14-y-o-signatory-small-batch-edition-20\/","url":"https:\/\/www.whiskey-and-more.de\/Shop\/produkt\/speyside-m-2011-2026-14-y-o-signatory-small-batch-edition-20\/","name":"Speyside M 2011\/2026 - 14 y.o. - Signatory Small Batch Edition #20 - W&amp;M Shop","isPartOf":{"@id":"https:\/\/www.whiskey-and-more.de\/Shop\/#website"},"primaryImageOfPage":{"@id":"https:\/\/www.whiskey-and-more.de\/Shop\/produkt\/speyside-m-2011-2026-14-y-o-signatory-small-batch-edition-20\/#primaryimage"},"image":{"@id":"https:\/\/www.whiskey-and-more.de\/Shop\/produkt\/speyside-m-2011-2026-14-y-o-signatory-small-batch-edition-20\/#primaryimage"},"thumbnailUrl":"https:\/\/www.whiskey-and-more.de\/Shop\/wp-content\/uploads\/2026\/05\/Speyside-M-2011-2026-14-y.o.-Signatory-Small-Batch-Edition-20.jpg","datePublished":"2026-05-05T13:12:56+00:00","dateModified":"2026-05-05T13:21:08+00:00","description":"Speyside M 2011\/2026 - 14 y.o. - Signatory Small Batch Edition #20 bei whisk(e)y and more.de Ihr Onlineshop und Marktplatz f\u00fcr Whisky, Whiskey, Rum, Rhum, Gin und mehr. Sie finden auf whiskey-and-more.de Irish, Schottisch, American, Single Malts, Blended Whiskys bekannter und unbekannter Marken. Wir haben stets Whisky aus Schottland, Irland und der Welt, dauerhaft auf Lager.","breadcrumb":{"@id":"https:\/\/www.whiskey-and-more.de\/Shop\/produkt\/speyside-m-2011-2026-14-y-o-signatory-small-batch-edition-20\/#breadcrumb"},"inLanguage":"de","potentialAction":[{"@type":"ReadAction","target":["https:\/\/www.whiskey-and-more.de\/Shop\/produkt\/speyside-m-2011-2026-14-y-o-signatory-small-batch-edition-20\/"]}]},{"@type":"ImageObject","inLanguage":"de","@id":"https:\/\/www.whiskey-and-more.de\/Shop\/produkt\/speyside-m-2011-2026-14-y-o-signatory-small-batch-edition-20\/#primaryimage","url":"https:\/\/www.whiskey-and-more.de\/Shop\/wp-content\/uploads\/2026\/05\/Speyside-M-2011-2026-14-y.o.-Signatory-Small-Batch-Edition-20.jpg","contentUrl":"https:\/\/www.whiskey-and-more.de\/Shop\/wp-content\/uploads\/2026\/05\/Speyside-M-2011-2026-14-y.o.-Signatory-Small-Batch-Edition-20.jpg","width":"2000","height":"2000","caption":"Speyside M 2011\/2026 - 14 y.o. - Signatory Small Batch Edition #20"},{"@type":"BreadcrumbList","@id":"https:\/\/www.whiskey-and-more.de\/Shop\/produkt\/speyside-m-2011-2026-14-y-o-signatory-small-batch-edition-20\/#breadcrumb","itemListElement":[{"@type":"ListItem","position":1,"name":"Startseite","item":"https:\/\/www.whiskey-and-more.de\/Shop\/"},{"@type":"ListItem","position":2,"name":"Home","item":"https:\/\/www.whiskey-and-more.de\/Shop\/shop\/"},{"@type":"ListItem","position":3,"name":"Whisk(e)y","item":"https:\/\/www.whiskey-and-more.de\/Shop\/produkt-kategorie\/whiskey_whisky\/"},{"@type":"ListItem","position":4,"name":"Speyside M 2011\/2026 &#8211; 14 y.o. &#8211; Signatory Small Batch Edition #20"}]},{"@type":"WebSite","@id":"https:\/\/www.whiskey-and-more.de\/Shop\/#website","url":"https:\/\/www.whiskey-and-more.de\/Shop\/","name":"W&amp;M Shop","description":"Der Online Shop von Whisk(e)y and More. Online Marktplatz f\u00fcr Whiskey, Whisky und mehr.","publisher":{"@id":"https:\/\/www.whiskey-and-more.de\/Shop\/#organization"},"potentialAction":[{"@type":"SearchAction","target":{"@type":"EntryPoint","urlTemplate":"https:\/\/www.whiskey-and-more.de\/Shop\/?s={search_term_string}"},"query-input":{"@type":"PropertyValueSpecification","valueRequired":true,"valueName":"search_term_string"}}],"inLanguage":"de"},{"@type":"Organization","@id":"https:\/\/www.whiskey-and-more.de\/Shop\/#organization","name":"Whisk(e)y and More","url":"https:\/\/www.whiskey-and-more.de\/Shop\/","logo":{"@type":"ImageObject","inLanguage":"de","@id":"https:\/\/www.whiskey-and-more.de\/Shop\/#\/schema\/logo\/image\/","url":"https:\/\/www.whiskey-and-more.de\/Shop\/wp-content\/uploads\/2020\/03\/Logo2.jpg","contentUrl":"https:\/\/www.whiskey-and-more.de\/Shop\/wp-content\/uploads\/2020\/03\/Logo2.jpg","width":470,"height":110,"caption":"Whisk(e)y and More"},"image":{"@id":"https:\/\/www.whiskey-and-more.de\/Shop\/#\/schema\/logo\/image\/"},"sameAs":["https:\/\/de-de.facebook.com\/Whiskey-and-More-Spaden-1072860722859564\/about"]}]}},"jetpack_sharing_enabled":true,"_links":{"self":[{"href":"https:\/\/www.whiskey-and-more.de\/Shop\/wp-json\/wp\/v2\/product\/8150","targetHints":{"allow":["GET"]}}],"collection":[{"href":"https:\/\/www.whiskey-and-more.de\/Shop\/wp-json\/wp\/v2\/product"}],"about":[{"href":"https:\/\/www.whiskey-and-more.de\/Shop\/wp-json\/wp\/v2\/types\/product"}],"replies":[{"embeddable":true,"href":"https:\/\/www.whiskey-and-more.de\/Shop\/wp-json\/wp\/v2\/comments?post=8150"}],"wp:featuredmedia":[{"embeddable":true,"href":"https:\/\/www.whiskey-and-more.de\/Shop\/wp-json\/wp\/v2\/media\/8151"}],"wp:attachment":[{"href":"https:\/\/www.whiskey-and-more.de\/Shop\/wp-json\/wp\/v2\/media?parent=8150"}],"wp:term":[{"taxonomy":"product_brand","embeddable":true,"href":"https:\/\/www.whiskey-and-more.de\/Shop\/wp-json\/wp\/v2\/product_brand?post=8150"},{"taxonomy":"product_cat","embeddable":true,"href":"https:\/\/www.whiskey-and-more.de\/Shop\/wp-json\/wp\/v2\/product_cat?post=8150"},{"taxonomy":"product_tag","embeddable":true,"href":"https:\/\/www.whiskey-and-more.de\/Shop\/wp-json\/wp\/v2\/product_tag?post=8150"}],"curies":[{"name":"wp","href":"https:\/\/api.w.org\/{rel}","templated":true}]}}