{"id":8159,"date":"2026-05-06T17:03:21","date_gmt":"2026-05-06T15:03:21","guid":{"rendered":"https:\/\/www.whiskey-and-more.de\/Shop\/?post_type=product&#038;p=8159"},"modified":"2026-05-06T17:08:31","modified_gmt":"2026-05-06T15:08:31","slug":"riviere-du-mat-arrange-rhum-coco","status":"publish","type":"product","link":"https:\/\/www.whiskey-and-more.de\/Shop\/produkt\/riviere-du-mat-arrange-rhum-coco\/","title":{"rendered":"Riviere du Mat Arrange Rhum Coco"},"content":{"rendered":"<div class=\"wrapper_left\">\n<div class=\"wrapper_left\">\n<div class=\"wrapper_left\">\n<div class=\"wrapper_left\">&#8211; Rum Liqueur von La Reunion<\/div>\n<div class=\"wrapper_left\">&#8211; Noix de Coco Torr\u00e9fi\u00e9e<br \/>\n&#8211; abgef\u00fcllt in Trinkst\u00e4rke mit 35 % vol.<\/div>\n<div><\/div>\n<\/div>\n<div>\n<p>Einzigartiger Geschmack f\u00fcr Liebhaber von Rum-Liqueuren.<\/p>\n<h3>Traditionelle Handwerkskunst von der \u00cele de la R\u00e9union<\/h3>\n<p>Die Destillerie Rivi\u00e8re du M\u00e2t bewahrt bereits seit 1886 das fl\u00fcssige Erbe der Insel R\u00e9union. Dieser \u201eArrang\u00e9\u201c basiert auf hochwertigem Rum der Brennerei, in dem <b>ger\u00f6stete Kokosn\u00fcsse<\/b> und sorgsam ausgew\u00e4hlte Gew\u00fcrze mazerieren. Die Verbindung aus langj\u00e4hriger Destillationstradition und der Veredelung durch regionale Rohstoffe spiegelt die lebendige Kultur und die aromatische Vielfalt ihrer Heimat wider.<\/p>\n<h3>Ein Bukett aus tropischer F\u00fclle und feiner R\u00f6stung<\/h3>\n<p>Im Glas pr\u00e4sentiert sich die Spezialit\u00e4t in einem warmen, einladenden <b>Bernsteinton<\/b>. Das Aroma erinnert an cremiges Kokosnusseis, begleitet von reifer Mango und floralen Nuancen wie Flieder und Orangenbl\u00fcte. Am Gaumen entfaltet sich eine harmonische Melange aus honigglasierter Ananas, <b>heller Schokolade<\/b> und einer dezenten Holznote, die durch Nelke und Zimt eine feine W\u00fcrze erh\u00e4lt.<\/p>\n<h3>Exotische Momente pur oder auf Eis<\/h3>\n<p>Mit seinem ausgewogenen Charakter ist dieser Lik\u00f6r eine hervorragende Empfehlung f\u00fcr Genie\u00dfer, die fruchtige und sahnige Profile sch\u00e4tzen. Er \u00fcberzeugt sowohl pur bei Zimmertemperatur als auch als k\u00fchlender Genuss auf einigen W\u00fcrfeln Eis. Besonders als Begleiter zu feinen Desserts oder als hochwertige Basis f\u00fcr tropische Cocktails setzt dieser <b>Rhum Arrang\u00e9<\/b> Akzente, die jeden Moment in eine kleine Auszeit verwandeln.<\/p>\n<\/div>\n<\/div>\n<\/div>\n","protected":false},"excerpt":{"rendered":"<p>&#8211; Rum Liqueur von La Reunion &#8211; Noix de Coco Torr\u00e9fi\u00e9e &#8211; abgef\u00fcllt in Trinkst\u00e4rke mit 35 % vol. Einzigartiger Geschmack f\u00fcr Liebhaber von Rum-Liqueuren. Traditionelle Handwerkskunst von der \u00cele de la R\u00e9union Die Destillerie Rivi\u00e8re du M\u00e2t bewahrt bereits seit 1886 das fl\u00fcssige Erbe der Insel R\u00e9union. Dieser \u201eArrang\u00e9\u201c basiert auf hochwertigem Rum der [&hellip;]<\/p>\n","protected":false},"featured_media":8160,"comment_status":"open","ping_status":"closed","template":"","meta":[],"product_brand":[],"product_cat":[18],"product_tag":[1768,1769,2156],"class_list":{"0":"post-8159","1":"product","2":"type-product","3":"status-publish","4":"has-post-thumbnail","6":"product_cat-rum-und-rumspirituosen","7":"product_tag-au-rhum-de-lile-de-la-reunion","8":"product_tag-liqueuer-au-rhum","9":"product_tag-riviere-du-mat-arrange-rhum-coco","11":"first","12":"instock","13":"taxable","14":"shipping-taxable","15":"purchasable","16":"product-type-simple"},"yoast_head":"<!-- This site is optimized with the Yoast SEO plugin v27.6 - https:\/\/yoast.com\/product\/yoast-seo-wordpress\/ -->\n<title>Riviere du Mat Arrange Rhum Coco - W&amp;M Shop<\/title>\n<meta name=\"description\" content=\"Riviere du Mat Arrange Rhum Coco bei whisk(e)y and more.de Ihr Onlineshop und Marktplatz f\u00fcr Whisky, Whiskey, Rum, Rhum, Gin und mehr. Sie finden auf whiskey-and-more.de Irish, Schottisch, American, Single Malts, Blended Whiskys bekannter und unbekannter Marken. Wir haben stets Whisky aus Schottland, Irland und der Welt, dauerhaft auf Lager.\" \/>\n<meta name=\"robots\" content=\"index, follow, max-snippet:-1, max-image-preview:large, max-video-preview:-1\" \/>\n<link rel=\"canonical\" href=\"https:\/\/www.whiskey-and-more.de\/Shop\/produkt\/riviere-du-mat-arrange-rhum-coco\/\" \/>\n<meta property=\"og:locale\" content=\"de_DE\" \/>\n<meta property=\"og:type\" content=\"article\" \/>\n<meta property=\"og:title\" content=\"Riviere du Mat Arrange Rhum Coco - W&amp;M Shop\" \/>\n<meta property=\"og:description\" content=\"Riviere du Mat Arrange Rhum Coco bei whisk(e)y and more.de Ihr Onlineshop und Marktplatz f\u00fcr Whisky, Whiskey, Rum, Rhum, Gin und mehr. Sie finden auf whiskey-and-more.de Irish, Schottisch, American, Single Malts, Blended Whiskys bekannter und unbekannter Marken. Wir haben stets Whisky aus Schottland, Irland und der Welt, dauerhaft auf Lager.\" \/>\n<meta property=\"og:url\" content=\"https:\/\/www.whiskey-and-more.de\/Shop\/produkt\/riviere-du-mat-arrange-rhum-coco\/\" \/>\n<meta property=\"og:site_name\" content=\"W&amp;M Shop\" \/>\n<meta property=\"article:publisher\" content=\"https:\/\/de-de.facebook.com\/Whiskey-and-More-Spaden-1072860722859564\/about\" \/>\n<meta property=\"article:modified_time\" content=\"2026-05-06T15:08:31+00:00\" \/>\n<meta property=\"og:image\" content=\"https:\/\/www.whiskey-and-more.de\/Shop\/wp-content\/uploads\/2026\/05\/Riviere-du-Mat-Arrange-Rhum-Coco.jpg\" \/>\n\t<meta property=\"og:image:width\" content=\"2000\" \/>\n\t<meta property=\"og:image:height\" content=\"2000\" \/>\n\t<meta property=\"og:image:type\" content=\"image\/jpeg\" \/>\n<meta name=\"twitter:card\" content=\"summary_large_image\" \/>\n<meta name=\"twitter:label1\" content=\"Gesch\u00e4tzte Lesezeit\" \/>\n\t<meta name=\"twitter:data1\" content=\"2\u00a0Minuten\" \/>\n<script type=\"application\/ld+json\" class=\"yoast-schema-graph\">{\"@context\":\"https:\\\/\\\/schema.org\",\"@graph\":[{\"@type\":\"WebPage\",\"@id\":\"https:\\\/\\\/www.whiskey-and-more.de\\\/Shop\\\/produkt\\\/riviere-du-mat-arrange-rhum-coco\\\/\",\"url\":\"https:\\\/\\\/www.whiskey-and-more.de\\\/Shop\\\/produkt\\\/riviere-du-mat-arrange-rhum-coco\\\/\",\"name\":\"Riviere du Mat Arrange Rhum Coco - W&amp;M Shop\",\"isPartOf\":{\"@id\":\"https:\\\/\\\/www.whiskey-and-more.de\\\/Shop\\\/#website\"},\"primaryImageOfPage\":{\"@id\":\"https:\\\/\\\/www.whiskey-and-more.de\\\/Shop\\\/produkt\\\/riviere-du-mat-arrange-rhum-coco\\\/#primaryimage\"},\"image\":{\"@id\":\"https:\\\/\\\/www.whiskey-and-more.de\\\/Shop\\\/produkt\\\/riviere-du-mat-arrange-rhum-coco\\\/#primaryimage\"},\"thumbnailUrl\":\"https:\\\/\\\/www.whiskey-and-more.de\\\/Shop\\\/wp-content\\\/uploads\\\/2026\\\/05\\\/Riviere-du-Mat-Arrange-Rhum-Coco.jpg\",\"datePublished\":\"2026-05-06T15:03:21+00:00\",\"dateModified\":\"2026-05-06T15:08:31+00:00\",\"description\":\"Riviere du Mat Arrange Rhum Coco bei whisk(e)y and more.de Ihr Onlineshop und Marktplatz f\u00fcr Whisky, Whiskey, Rum, Rhum, Gin und mehr. Sie finden auf whiskey-and-more.de Irish, Schottisch, American, Single Malts, Blended Whiskys bekannter und unbekannter Marken. Wir haben stets Whisky aus Schottland, Irland und der Welt, dauerhaft auf Lager.\",\"breadcrumb\":{\"@id\":\"https:\\\/\\\/www.whiskey-and-more.de\\\/Shop\\\/produkt\\\/riviere-du-mat-arrange-rhum-coco\\\/#breadcrumb\"},\"inLanguage\":\"de\",\"potentialAction\":[{\"@type\":\"ReadAction\",\"target\":[\"https:\\\/\\\/www.whiskey-and-more.de\\\/Shop\\\/produkt\\\/riviere-du-mat-arrange-rhum-coco\\\/\"]}]},{\"@type\":\"ImageObject\",\"inLanguage\":\"de\",\"@id\":\"https:\\\/\\\/www.whiskey-and-more.de\\\/Shop\\\/produkt\\\/riviere-du-mat-arrange-rhum-coco\\\/#primaryimage\",\"url\":\"https:\\\/\\\/www.whiskey-and-more.de\\\/Shop\\\/wp-content\\\/uploads\\\/2026\\\/05\\\/Riviere-du-Mat-Arrange-Rhum-Coco.jpg\",\"contentUrl\":\"https:\\\/\\\/www.whiskey-and-more.de\\\/Shop\\\/wp-content\\\/uploads\\\/2026\\\/05\\\/Riviere-du-Mat-Arrange-Rhum-Coco.jpg\",\"width\":\"2000\",\"height\":\"2000\",\"caption\":\"Riviere du Mat Arrange Rhum Coco\"},{\"@type\":\"BreadcrumbList\",\"@id\":\"https:\\\/\\\/www.whiskey-and-more.de\\\/Shop\\\/produkt\\\/riviere-du-mat-arrange-rhum-coco\\\/#breadcrumb\",\"itemListElement\":[{\"@type\":\"ListItem\",\"position\":1,\"name\":\"Startseite\",\"item\":\"https:\\\/\\\/www.whiskey-and-more.de\\\/Shop\\\/\"},{\"@type\":\"ListItem\",\"position\":2,\"name\":\"Home\",\"item\":\"https:\\\/\\\/www.whiskey-and-more.de\\\/Shop\\\/shop\\\/\"},{\"@type\":\"ListItem\",\"position\":3,\"name\":\"Rum\\\/Rumspirituosen\",\"item\":\"https:\\\/\\\/www.whiskey-and-more.de\\\/Shop\\\/produkt-kategorie\\\/rum-und-rumspirituosen\\\/\"},{\"@type\":\"ListItem\",\"position\":4,\"name\":\"Riviere du Mat Arrange Rhum Coco\"}]},{\"@type\":\"WebSite\",\"@id\":\"https:\\\/\\\/www.whiskey-and-more.de\\\/Shop\\\/#website\",\"url\":\"https:\\\/\\\/www.whiskey-and-more.de\\\/Shop\\\/\",\"name\":\"W&amp;M Shop\",\"description\":\"Der Online Shop von Whisk(e)y and More. Online Marktplatz f\u00fcr Whiskey, Whisky und mehr.\",\"publisher\":{\"@id\":\"https:\\\/\\\/www.whiskey-and-more.de\\\/Shop\\\/#organization\"},\"potentialAction\":[{\"@type\":\"SearchAction\",\"target\":{\"@type\":\"EntryPoint\",\"urlTemplate\":\"https:\\\/\\\/www.whiskey-and-more.de\\\/Shop\\\/?s={search_term_string}\"},\"query-input\":{\"@type\":\"PropertyValueSpecification\",\"valueRequired\":true,\"valueName\":\"search_term_string\"}}],\"inLanguage\":\"de\"},{\"@type\":\"Organization\",\"@id\":\"https:\\\/\\\/www.whiskey-and-more.de\\\/Shop\\\/#organization\",\"name\":\"Whisk(e)y and More\",\"url\":\"https:\\\/\\\/www.whiskey-and-more.de\\\/Shop\\\/\",\"logo\":{\"@type\":\"ImageObject\",\"inLanguage\":\"de\",\"@id\":\"https:\\\/\\\/www.whiskey-and-more.de\\\/Shop\\\/#\\\/schema\\\/logo\\\/image\\\/\",\"url\":\"https:\\\/\\\/www.whiskey-and-more.de\\\/Shop\\\/wp-content\\\/uploads\\\/2020\\\/03\\\/Logo2.jpg\",\"contentUrl\":\"https:\\\/\\\/www.whiskey-and-more.de\\\/Shop\\\/wp-content\\\/uploads\\\/2020\\\/03\\\/Logo2.jpg\",\"width\":470,\"height\":110,\"caption\":\"Whisk(e)y and More\"},\"image\":{\"@id\":\"https:\\\/\\\/www.whiskey-and-more.de\\\/Shop\\\/#\\\/schema\\\/logo\\\/image\\\/\"},\"sameAs\":[\"https:\\\/\\\/de-de.facebook.com\\\/Whiskey-and-More-Spaden-1072860722859564\\\/about\"]}]}<\/script>\n<!-- \/ Yoast SEO plugin. -->","yoast_head_json":{"title":"Riviere du Mat Arrange Rhum Coco - W&amp;M Shop","description":"Riviere du Mat Arrange Rhum Coco bei whisk(e)y and more.de Ihr Onlineshop und Marktplatz f\u00fcr Whisky, Whiskey, Rum, Rhum, Gin und mehr. Sie finden auf whiskey-and-more.de Irish, Schottisch, American, Single Malts, Blended Whiskys bekannter und unbekannter Marken. Wir haben stets Whisky aus Schottland, Irland und der Welt, dauerhaft auf Lager.","robots":{"index":"index","follow":"follow","max-snippet":"max-snippet:-1","max-image-preview":"max-image-preview:large","max-video-preview":"max-video-preview:-1"},"canonical":"https:\/\/www.whiskey-and-more.de\/Shop\/produkt\/riviere-du-mat-arrange-rhum-coco\/","og_locale":"de_DE","og_type":"article","og_title":"Riviere du Mat Arrange Rhum Coco - W&amp;M Shop","og_description":"Riviere du Mat Arrange Rhum Coco bei whisk(e)y and more.de Ihr Onlineshop und Marktplatz f\u00fcr Whisky, Whiskey, Rum, Rhum, Gin und mehr. Sie finden auf whiskey-and-more.de Irish, Schottisch, American, Single Malts, Blended Whiskys bekannter und unbekannter Marken. Wir haben stets Whisky aus Schottland, Irland und der Welt, dauerhaft auf Lager.","og_url":"https:\/\/www.whiskey-and-more.de\/Shop\/produkt\/riviere-du-mat-arrange-rhum-coco\/","og_site_name":"W&amp;M Shop","article_publisher":"https:\/\/de-de.facebook.com\/Whiskey-and-More-Spaden-1072860722859564\/about","article_modified_time":"2026-05-06T15:08:31+00:00","og_image":[{"width":2000,"height":2000,"url":"https:\/\/www.whiskey-and-more.de\/Shop\/wp-content\/uploads\/2026\/05\/Riviere-du-Mat-Arrange-Rhum-Coco.jpg","type":"image\/jpeg"}],"twitter_card":"summary_large_image","twitter_misc":{"Gesch\u00e4tzte Lesezeit":"2\u00a0Minuten"},"schema":{"@context":"https:\/\/schema.org","@graph":[{"@type":"WebPage","@id":"https:\/\/www.whiskey-and-more.de\/Shop\/produkt\/riviere-du-mat-arrange-rhum-coco\/","url":"https:\/\/www.whiskey-and-more.de\/Shop\/produkt\/riviere-du-mat-arrange-rhum-coco\/","name":"Riviere du Mat Arrange Rhum Coco - W&amp;M Shop","isPartOf":{"@id":"https:\/\/www.whiskey-and-more.de\/Shop\/#website"},"primaryImageOfPage":{"@id":"https:\/\/www.whiskey-and-more.de\/Shop\/produkt\/riviere-du-mat-arrange-rhum-coco\/#primaryimage"},"image":{"@id":"https:\/\/www.whiskey-and-more.de\/Shop\/produkt\/riviere-du-mat-arrange-rhum-coco\/#primaryimage"},"thumbnailUrl":"https:\/\/www.whiskey-and-more.de\/Shop\/wp-content\/uploads\/2026\/05\/Riviere-du-Mat-Arrange-Rhum-Coco.jpg","datePublished":"2026-05-06T15:03:21+00:00","dateModified":"2026-05-06T15:08:31+00:00","description":"Riviere du Mat Arrange Rhum Coco bei whisk(e)y and more.de Ihr Onlineshop und Marktplatz f\u00fcr Whisky, Whiskey, Rum, Rhum, Gin und mehr. Sie finden auf whiskey-and-more.de Irish, Schottisch, American, Single Malts, Blended Whiskys bekannter und unbekannter Marken. Wir haben stets Whisky aus Schottland, Irland und der Welt, dauerhaft auf Lager.","breadcrumb":{"@id":"https:\/\/www.whiskey-and-more.de\/Shop\/produkt\/riviere-du-mat-arrange-rhum-coco\/#breadcrumb"},"inLanguage":"de","potentialAction":[{"@type":"ReadAction","target":["https:\/\/www.whiskey-and-more.de\/Shop\/produkt\/riviere-du-mat-arrange-rhum-coco\/"]}]},{"@type":"ImageObject","inLanguage":"de","@id":"https:\/\/www.whiskey-and-more.de\/Shop\/produkt\/riviere-du-mat-arrange-rhum-coco\/#primaryimage","url":"https:\/\/www.whiskey-and-more.de\/Shop\/wp-content\/uploads\/2026\/05\/Riviere-du-Mat-Arrange-Rhum-Coco.jpg","contentUrl":"https:\/\/www.whiskey-and-more.de\/Shop\/wp-content\/uploads\/2026\/05\/Riviere-du-Mat-Arrange-Rhum-Coco.jpg","width":"2000","height":"2000","caption":"Riviere du Mat Arrange Rhum Coco"},{"@type":"BreadcrumbList","@id":"https:\/\/www.whiskey-and-more.de\/Shop\/produkt\/riviere-du-mat-arrange-rhum-coco\/#breadcrumb","itemListElement":[{"@type":"ListItem","position":1,"name":"Startseite","item":"https:\/\/www.whiskey-and-more.de\/Shop\/"},{"@type":"ListItem","position":2,"name":"Home","item":"https:\/\/www.whiskey-and-more.de\/Shop\/shop\/"},{"@type":"ListItem","position":3,"name":"Rum\/Rumspirituosen","item":"https:\/\/www.whiskey-and-more.de\/Shop\/produkt-kategorie\/rum-und-rumspirituosen\/"},{"@type":"ListItem","position":4,"name":"Riviere du Mat Arrange Rhum Coco"}]},{"@type":"WebSite","@id":"https:\/\/www.whiskey-and-more.de\/Shop\/#website","url":"https:\/\/www.whiskey-and-more.de\/Shop\/","name":"W&amp;M Shop","description":"Der Online Shop von Whisk(e)y and More. Online Marktplatz f\u00fcr Whiskey, Whisky und mehr.","publisher":{"@id":"https:\/\/www.whiskey-and-more.de\/Shop\/#organization"},"potentialAction":[{"@type":"SearchAction","target":{"@type":"EntryPoint","urlTemplate":"https:\/\/www.whiskey-and-more.de\/Shop\/?s={search_term_string}"},"query-input":{"@type":"PropertyValueSpecification","valueRequired":true,"valueName":"search_term_string"}}],"inLanguage":"de"},{"@type":"Organization","@id":"https:\/\/www.whiskey-and-more.de\/Shop\/#organization","name":"Whisk(e)y and More","url":"https:\/\/www.whiskey-and-more.de\/Shop\/","logo":{"@type":"ImageObject","inLanguage":"de","@id":"https:\/\/www.whiskey-and-more.de\/Shop\/#\/schema\/logo\/image\/","url":"https:\/\/www.whiskey-and-more.de\/Shop\/wp-content\/uploads\/2020\/03\/Logo2.jpg","contentUrl":"https:\/\/www.whiskey-and-more.de\/Shop\/wp-content\/uploads\/2020\/03\/Logo2.jpg","width":470,"height":110,"caption":"Whisk(e)y and More"},"image":{"@id":"https:\/\/www.whiskey-and-more.de\/Shop\/#\/schema\/logo\/image\/"},"sameAs":["https:\/\/de-de.facebook.com\/Whiskey-and-More-Spaden-1072860722859564\/about"]}]}},"jetpack_sharing_enabled":true,"_links":{"self":[{"href":"https:\/\/www.whiskey-and-more.de\/Shop\/wp-json\/wp\/v2\/product\/8159","targetHints":{"allow":["GET"]}}],"collection":[{"href":"https:\/\/www.whiskey-and-more.de\/Shop\/wp-json\/wp\/v2\/product"}],"about":[{"href":"https:\/\/www.whiskey-and-more.de\/Shop\/wp-json\/wp\/v2\/types\/product"}],"replies":[{"embeddable":true,"href":"https:\/\/www.whiskey-and-more.de\/Shop\/wp-json\/wp\/v2\/comments?post=8159"}],"wp:featuredmedia":[{"embeddable":true,"href":"https:\/\/www.whiskey-and-more.de\/Shop\/wp-json\/wp\/v2\/media\/8160"}],"wp:attachment":[{"href":"https:\/\/www.whiskey-and-more.de\/Shop\/wp-json\/wp\/v2\/media?parent=8159"}],"wp:term":[{"taxonomy":"product_brand","embeddable":true,"href":"https:\/\/www.whiskey-and-more.de\/Shop\/wp-json\/wp\/v2\/product_brand?post=8159"},{"taxonomy":"product_cat","embeddable":true,"href":"https:\/\/www.whiskey-and-more.de\/Shop\/wp-json\/wp\/v2\/product_cat?post=8159"},{"taxonomy":"product_tag","embeddable":true,"href":"https:\/\/www.whiskey-and-more.de\/Shop\/wp-json\/wp\/v2\/product_tag?post=8159"}],"curies":[{"name":"wp","href":"https:\/\/api.w.org\/{rel}","templated":true}]}}